{"id":899,"date":"2025-01-30T18:40:05","date_gmt":"2025-01-30T17:40:05","guid":{"rendered":"https:\/\/www.brissago.ch\/sito\/?page_id=899"},"modified":"2025-02-14T14:33:01","modified_gmt":"2025-02-14T13:33:01","slug":"sportello-virtuale","status":"publish","type":"page","link":"https:\/\/www.brissago.ch\/fr\/sportello-virtuale\/","title":{"rendered":"Bureau virtuel"},"content":{"rendered":"<p>Lo <strong>Bureau virtuel<\/strong> est le service en ligne de la municipalit\u00e9 de Brissago qui permet aux citoyens d'acc\u00e9der rapidement et facilement aux informations et aux documents sans avoir \u00e0 se rendre physiquement \u00e0 l'h\u00f4tel de ville.<\/p>\n\n\n\n<p>Gr\u00e2ce \u00e0 cette section, vous pouvez consulter des formulaires, demander des certificats, transmettre des proc\u00e9dures administratives et trouver des r\u00e9ponses aux questions fr\u00e9quemment pos\u00e9es. Le service est disponible 24 heures par jour, offrant une alternative pratique pour g\u00e9rer vos besoins bureaucratiques.<\/p>\n\n\n\n<p>Pour toute demande sp\u00e9cifique, le personnel municipal est disponible pour fournir une assistance et un soutien.<\/p>\n\n\n\n<div class=\"wp-block-mazz-spazio mazz-spazio normale\"><\/div>","protected":false},"excerpt":{"rendered":"<p>Le bureau virtuel est le service en ligne de la municipalit\u00e9 de Brissago qui permet aux citoyens d'acc\u00e9der rapidement et facilement aux informations et aux documents sans avoir \u00e0 se rendre physiquement \u00e0 l'h\u00f4tel de ville. Gr\u00e2ce \u00e0 cette section, vous pouvez consulter des formulaires, demander des certificats, soumettre des dossiers administratifs et trouver des r\u00e9ponses aux questions les plus fr\u00e9quemment pos\u00e9es. Le service est disponible [...]<\/p>","protected":false},"author":1,"featured_media":880,"parent":0,"menu_order":5,"comment_status":"closed","ping_status":"closed","template":"","meta":{"_acf_changed":false,"footnotes":""},"class_list":["post-899","page","type-page","status-publish","has-post-thumbnail","hentry"],"acf":[],"_links":{"self":[{"href":"https:\/\/www.brissago.ch\/fr\/wp-json\/wp\/v2\/pages\/899","targetHints":{"allow":["GET"]}}],"collection":[{"href":"https:\/\/www.brissago.ch\/fr\/wp-json\/wp\/v2\/pages"}],"about":[{"href":"https:\/\/www.brissago.ch\/fr\/wp-json\/wp\/v2\/types\/page"}],"author":[{"embeddable":true,"href":"https:\/\/www.brissago.ch\/fr\/wp-json\/wp\/v2\/users\/1"}],"replies":[{"embeddable":true,"href":"https:\/\/www.brissago.ch\/fr\/wp-json\/wp\/v2\/comments?post=899"}],"version-history":[{"count":0,"href":"https:\/\/www.brissago.ch\/fr\/wp-json\/wp\/v2\/pages\/899\/revisions"}],"wp:featuredmedia":[{"embeddable":true,"href":"https:\/\/www.brissago.ch\/fr\/wp-json\/wp\/v2\/media\/880"}],"wp:attachment":[{"href":"https:\/\/www.brissago.ch\/fr\/wp-json\/wp\/v2\/media?parent=899"}],"curies":[{"name":"wp","href":"https:\/\/api.w.org\/{rel}","templated":true}]}}