{"id":895,"date":"2025-01-30T18:30:57","date_gmt":"2025-01-30T17:30:57","guid":{"rendered":"https:\/\/www.brissago.ch\/sito\/?page_id=895"},"modified":"2026-04-07T14:36:43","modified_gmt":"2026-04-07T12:36:43","slug":"contatti","status":"publish","type":"page","link":"https:\/\/www.brissago.ch\/fr\/contatti\/","title":{"rendered":"Contacts"},"content":{"rendered":"<p>La municipalit\u00e9 de Brissago est \u00e0 votre disposition pour information et soutien. Vous pouvez nous contacter par t\u00e9l\u00e9phone, e-mail ou vous rendre directement \u00e0 nos bureaux pendant les heures d'ouverture. Pour des demandes sp\u00e9cifiques, nous vous invitons \u00e0 consulter les r\u00e9f\u00e9rences des diff\u00e9rents services municipaux.<\/p>\n\n\n\n<p>Place de l'H\u00f4tel de Ville 1<br>6614 Brissago<\/p>\n\n\n\n<p>T\u00e9l. : +41 91 786 81 50<br>T\u00e9l\u00e9copieur:\u00a0+41 91 786 81 61<a href=\"mailto:cancelleria@brissago.ch\"><br>cancelleria@brissago.ch<\/a><\/p>\n\n\n\n<p><a href=\"https:\/\/www.whatsapp.com\/channel\/0029Vaew8h2DDmFMA1MXrJ1E\" target=\"_blank\" rel=\"noreferrer noopener\">Cha\u00eene de Whatsapp<\/a><br><a href=\"https:\/\/www.brissago.ch\/it\/newsletter\">Abonnement \u00e0 la newsletter<\/a><\/p>\n\n\n\n<h3 class=\"wp-block-heading\">Administration et Chancellerie \u2013 Secr\u00e9taire municipal<\/h3>\n\n\n\n<p>Responsable : Avv. Giuseppe Cotti<br>T\u00e9l. : +41 91 786 81 60<br><a href=\"mailto:cancelleria@brissago.ch\">cancelleria@brissago.ch<\/a><\/p>\n\n\n\n<h3 class=\"wp-block-heading\">Coordinateur de l'\u00e9v\u00e9nement et Palazzo Branca-Baccal\u00e0<\/h3>\n\n\n\n<p>Eva Curatitoli<br>T\u00e9l\u00e9phone: +41 91786 81 69<br><a href=\"mailto:e.curatitoli@brissago.ch\">e.curatitoli@brissago.ch<\/a><br>Web : <a href=\"https:\/\/palazzobranca.ch\/\" target=\"_blank\" rel=\"noopener\">palazzobranca.ch\/<\/a><\/p>\n\n\n\n<h3 class=\"wp-block-heading\">Finances<\/h3>\n\n\n\n<p>Responsable : Geo Gallotti<br>T\u00e9l. : +41 91 786 81 55<br><a href=\"mailto:g.gallotti@brissago.ch\">g.gallotti@brissago.ch<\/a><\/p>\n\n\n\n<h3 class=\"wp-block-heading\">Contr\u00f4le des habitants<\/h3>\n\n\n\n<p>Responsable : Daniela De Gol<br>T\u00e9l. : +41 91 786 81 52<br><a href=\"mailto:d.degol@brissago.ch\">d.degol@brissago.ch<\/a><\/p>\n\n\n\n<h3 class=\"wp-block-heading\">S\u00e9curit\u00e9 sociale<\/h3>\n\n\n\n<p>Responsable : Deborah Prato<br>T\u00e9l. : +41 91 786 81 50<br><a href=\"mailto:d.prato@brissago.ch\">d.prato@brissago.ch<\/a><\/p>\n\n\n\n<h3 class=\"wp-block-heading\">Travailleur social<\/h3>\n\n\n\n<p>Responsable : Vita-Malia Jauneau<br>T\u00e9l. : +41 91 786 81 78 (mercredi apr\u00e8s-midi uniquement)<br><a href=\"mailto:operatore.sociale@brissago.ch\">operatore.sociale@brissago.ch<\/a><\/p>\n\n\n\n<h3 class=\"wp-block-heading\">Bureau de la police<\/h3>\n\n\n\n<p>Assistant de police: Mauro Berri<br>T\u00e9l. : +41 79 346 91 76<br><a href=\"mailto:m.berri@brissago.ch\">m.berri@brissago.ch<\/a><\/p>\n\n\n\n<h3 class=\"wp-block-heading\">Tableau de distribution \u2013 Point d\u2019information<\/h3>\n\n\n\n<p>Responsable : Deborah Prato<br>T\u00e9l. : +41 91 786 81 50<br><a href=\"mailto:cancelleria@brissago.ch\">cancelleria@brissago.ch<\/a><\/p>\n\n\n\n<h3 class=\"wp-block-heading\">Bureau technique municipal<\/h3>\n\n\n\n<p>Secr\u00e9taire: Davide Perazzi<br>T\u00e9l. : +41 91 786 81 70<br><a href=\"mailto:utc@brissago.ch\">utc@brissago.ch<\/a><\/p>\n\n\n\n<h3 class=\"wp-block-heading\">UTC \u2013 B\u00e2timent priv\u00e9<\/h3>\n\n\n\n<p>Responsable : Une arche. Ivano Bondietti<br>T\u00e9l. : +41 91 786 81 75<br><a href=\"mailto:i.bondietti@brissago.ch\">i.bondietti@brissago.ch<\/a><\/p>\n\n\n\n<h3 class=\"wp-block-heading\">Picket Services externes<\/h3>\n\n\n\n<p>Mobile : +41 79 240 17 13<\/p>\n\n\n\n<h3 class=\"wp-block-heading\">UTC \u2013 Travaux publics<\/h3>\n\n\n\n<p>Responsable : Giacomo Fiscalini<br>T\u00e9l. : +41 91 786 81 74<br><a href=\"mailto:g.fiscalini@brissago.ch\">g.fiscalini@brissago.ch<\/a><\/p>\n\n\n\n<h3 class=\"wp-block-heading\">Immobilier et services externes<\/h3>\n\n\n\n<p>Responsable :\u00a0Simone Gambetta<br>T\u00e9l. : +41 91 793 43 75<br><a href=\"mailto:s.gambetta@brissago.ch\">s.gambetta@brissago.ch<\/a><\/p>\n\n\n\n<h3 class=\"wp-block-heading\">\u00c9quipe externe<\/h3>\n\n\n\n<p>Coordinateur:\u00a0Davide Perazzi<br>T\u00e9l. :\u00a0+41 91 786 81 72<br><a href=\"mailto:d.perazzi@brissago.ch\">d.perazzi@brissago.ch<\/a>&nbsp;<\/p>\n\n\n\n<h3 class=\"wp-block-heading\">Service d'approvisionnement en eau potable<\/h3>\n\n\n\n<p>Gestionnaire de la qualit\u00e9 de l'eau: Giacomo Fiscalini<br>T\u00e9l. : +41 91 786 81 74<br><a href=\"mailto:g.fiscalini@brissago.ch\">g.fiscalini@brissago.ch<\/a><\/p>\n\n\n\n<p>piquet de gr\u00e8ve:<br>T\u00e9l\u00e9phone portable +41 91 780 92 10<br><a href=\"mailto:aap@brissago.ch\">aap@brissago.ch<\/a><\/p>\n\n\n\n<h3 class=\"wp-block-heading\">Service des ports municipaux<\/h3>\n\n\n\n<p>Directeur: Ivano Bondietti<br>T\u00e9l. : +41 91 786 81 75<br><a href=\"mailto:i.bondietti@brissago.ch\">i.bondietti@brissago.ch<\/a><\/p>\n\n\n\n<p>D\u00e9tenteur: Simone Gambetta<br>T\u00e9l. +41 91 793 43 75<br><a href=\"mailto:s.gambetta@brissago.ch\">s.gambetta@brissago.ch<\/a><\/p>\n\n\n\n<h3 class=\"wp-block-heading\">\u00c9cole<\/h3>\n\n\n\n<p>Directeur: Alexandra Lanini<br>T\u00e9l. +41 91 793 21 55&nbsp;<br><a href=\"mailto:a.lanini@brissago.ch\" target=\"_blank\" rel=\"noreferrer noopener\">a.lanini@brissago.ch<\/a><\/p>\n\n\n\n<p>Secr\u00e9tariat : Deborah Prato<br>T\u00e9l. +41 91 786 81 50<br><a href=\"mailto:d.prato@brissago.ch\">d.prato@brissago.ch<\/a><\/p>","protected":false},"excerpt":{"rendered":"<p>La municipalit\u00e9 de Brissago est \u00e0 votre disposition pour information et soutien. Vous pouvez nous contacter par t\u00e9l\u00e9phone, e-mail ou vous rendre directement \u00e0 nos bureaux pendant les heures d'ouverture. Pour des demandes sp\u00e9cifiques, nous vous invitons \u00e0 consulter les r\u00e9f\u00e9rences des diff\u00e9rents services municipaux. Place de l'H\u00f4tel de Ville 16614 Brissago T\u00e9l.: +41 91 786 81 50T\u00e9l\u00e9copieur:\u00a0+41 91 786 81 [...]<\/p>","protected":false},"author":1,"featured_media":874,"parent":0,"menu_order":5,"comment_status":"closed","ping_status":"closed","template":"","meta":{"_acf_changed":false,"footnotes":""},"class_list":["post-895","page","type-page","status-publish","has-post-thumbnail","hentry"],"acf":[],"_links":{"self":[{"href":"https:\/\/www.brissago.ch\/fr\/wp-json\/wp\/v2\/pages\/895","targetHints":{"allow":["GET"]}}],"collection":[{"href":"https:\/\/www.brissago.ch\/fr\/wp-json\/wp\/v2\/pages"}],"about":[{"href":"https:\/\/www.brissago.ch\/fr\/wp-json\/wp\/v2\/types\/page"}],"author":[{"embeddable":true,"href":"https:\/\/www.brissago.ch\/fr\/wp-json\/wp\/v2\/users\/1"}],"replies":[{"embeddable":true,"href":"https:\/\/www.brissago.ch\/fr\/wp-json\/wp\/v2\/comments?post=895"}],"version-history":[{"count":3,"href":"https:\/\/www.brissago.ch\/fr\/wp-json\/wp\/v2\/pages\/895\/revisions"}],"predecessor-version":[{"id":6011,"href":"https:\/\/www.brissago.ch\/fr\/wp-json\/wp\/v2\/pages\/895\/revisions\/6011"}],"wp:featuredmedia":[{"embeddable":true,"href":"https:\/\/www.brissago.ch\/fr\/wp-json\/wp\/v2\/media\/874"}],"wp:attachment":[{"href":"https:\/\/www.brissago.ch\/fr\/wp-json\/wp\/v2\/media?parent=895"}],"curies":[{"name":"wp","href":"https:\/\/api.w.org\/{rel}","templated":true}]}}