{"id":888,"date":"2025-01-30T18:21:03","date_gmt":"2025-01-30T17:21:03","guid":{"rendered":"https:\/\/www.brissago.ch\/sito\/?page_id=888"},"modified":"2025-03-18T09:57:42","modified_gmt":"2025-03-18T08:57:42","slug":"scopri-brissago","status":"publish","type":"page","link":"https:\/\/www.brissago.ch\/fr\/turismo-tempo-libero\/scopri-brissago\/","title":{"rendered":"D\u00e9couvrez Brissago"},"content":{"rendered":"<h2 class=\"wp-block-heading\">Des \u00eeles aux Alpes: la r\u00e9gion Brissago<\/h2>\n\n\n\n<p>La r\u00e9gion de Brissago offre un panorama unique, caract\u00e9ris\u00e9 par des contrastes surprenants. D'une part, le lac avec son charme relaxant, d'autre part, les montagnes qui invitent \u00e0 l'aventure.<\/p>\n\n\n\n<p>Pour les amoureux des lacs, les opportunit\u00e9s abondent: le magnifique parc botanique des \u00eeles Brissago, les \u00e9tablissements baln\u00e9aires, les \u00e9coles de voile et de surf, ainsi que les excursions en bateau publiques et priv\u00e9es.<\/p>\n\n\n\n<p>Ceux qui pr\u00e9f\u00e8rent les montagnes peuvent explorer un r\u00e9seau de sentiers bien balis\u00e9s, qui m\u00e8nent au mont Ghiridone (2 190 m) et \u00e0 la Capanna al Legn. La r\u00e9gion poss\u00e8de \u00e9galement un riche patrimoine historique et culturel, avec des monuments importants et des \u0153uvres architecturales, telles que les \u00e9glises de la Renaissance de la SS. Pierre et Paul et Notre-Dame de Ponte. Il convient \u00e9galement de noter les contributions des architectes Livio Vacchini et Luigi Snozzi \u00e0 la restauration de b\u00e2timents historiques.<\/p>\n\n\n\n<p><\/p>","protected":false},"excerpt":{"rendered":"<p>Des \u00eeles aux Alpes: La r\u00e9gion de Brissago offre un panorama unique, caract\u00e9ris\u00e9 par des contrastes surprenants. D'une part, le lac avec son charme relaxant, d'autre part, les montagnes qui invitent \u00e0 l'aventure. Pour les amoureux des lacs, les opportunit\u00e9s abondent: le magnifique parc botanique des \u00eeles Brissago, [...]<\/p>","protected":false},"author":1,"featured_media":878,"parent":720,"menu_order":1,"comment_status":"closed","ping_status":"closed","template":"","meta":{"_acf_changed":false,"footnotes":""},"class_list":["post-888","page","type-page","status-publish","has-post-thumbnail","hentry"],"acf":[],"_links":{"self":[{"href":"https:\/\/www.brissago.ch\/fr\/wp-json\/wp\/v2\/pages\/888","targetHints":{"allow":["GET"]}}],"collection":[{"href":"https:\/\/www.brissago.ch\/fr\/wp-json\/wp\/v2\/pages"}],"about":[{"href":"https:\/\/www.brissago.ch\/fr\/wp-json\/wp\/v2\/types\/page"}],"author":[{"embeddable":true,"href":"https:\/\/www.brissago.ch\/fr\/wp-json\/wp\/v2\/users\/1"}],"replies":[{"embeddable":true,"href":"https:\/\/www.brissago.ch\/fr\/wp-json\/wp\/v2\/comments?post=888"}],"version-history":[{"count":0,"href":"https:\/\/www.brissago.ch\/fr\/wp-json\/wp\/v2\/pages\/888\/revisions"}],"up":[{"embeddable":true,"href":"https:\/\/www.brissago.ch\/fr\/wp-json\/wp\/v2\/pages\/720"}],"wp:featuredmedia":[{"embeddable":true,"href":"https:\/\/www.brissago.ch\/fr\/wp-json\/wp\/v2\/media\/878"}],"wp:attachment":[{"href":"https:\/\/www.brissago.ch\/fr\/wp-json\/wp\/v2\/media?parent=888"}],"curies":[{"name":"wp","href":"https:\/\/api.w.org\/{rel}","templated":true}]}}