{"id":729,"date":"2025-01-28T12:20:21","date_gmt":"2025-01-28T11:20:21","guid":{"rendered":"https:\/\/www.brissago.ch\/sito\/?page_id=729"},"modified":"2026-01-29T15:31:47","modified_gmt":"2026-01-29T14:31:47","slug":"area-sosta-camper","status":"publish","type":"page","link":"https:\/\/www.brissago.ch\/fr\/turismo-tempo-libero\/area-sosta-camper\/","title":{"rendered":"Aire de stationnement pour camping-cars"},"content":{"rendered":"<p>Non loin du centre-ville, le parking RV propose aux touristes passant par un endroit bien \u00e9quip\u00e9 de s'arr\u00eater jusqu'\u00e0 24 heures pour un co\u00fbt de CHF 25.-.<\/p>\n\n\n\n<p>Du c\u00f4t\u00e9 de la route cantonale, la zone des camping-cars garantit <strong>quatre stalles<\/strong>&nbsp;reposer avec de l'eau potable, des eaux grises et de l'eau noire. A 100 m\u00e8tres il y a aussi un service public.<\/p>\n\n\n\n<p>Compte tenu de la proximit\u00e9 du centre-ville, d'ici, vous pouvez facilement rejoindre les magasins, les restaurants et les principaux points de paysage et d'int\u00e9r\u00eat culturel dans la r\u00e9gion.<\/p>\n\n\n\n<figure class=\"wp-block-mazz-immagine mazz-immagine\"><a href=\"https:\/\/www.brissago.ch\/sito\/wp-content\/uploads\/2025\/02\/area_sosta_camper-768x1024.jpg\" data-lightbox=\"gallery\" data-title=\"Area di sosta camper\"><picture><source srcset=\"https:\/\/www.brissago.ch\/sito\/wp-content\/uploads\/2025\/02\/area_sosta_camper-600x800.jpg\" media=\"(max-width: 600px)\"\/><source srcset=\"https:\/\/www.brissago.ch\/sito\/wp-content\/uploads\/2025\/02\/area_sosta_camper-768x1024.jpg\" media=\"(min-width: 601px)\"\/><img decoding=\"async\" src=\"https:\/\/www.brissago.ch\/sito\/wp-content\/uploads\/2025\/02\/area_sosta_camper-768x1024.jpg\" alt=\"\" title=\"\"><\/picture><\/a><figcaption class=\"mazz-immagine-didascalia\"><span>Aire de repos du campeur<\/span><\/figcaption><\/figure>\n\n\n\n<p><strong>Adresse :<\/strong> Via Ruggero Leoncavallo 64 \u2013 6614 Brissago (<a href=\"https:\/\/maps.app.goo.gl\/Nx8mctTSCyK2Uh9JA\" target=\"_blank\" rel=\"noreferrer noopener\">Google Maps<\/a>)<br><strong>Coordonn\u00e9es :<\/strong> 46.1141, 8.7060 (lat, lng)<br>N 46\u00b06'50.832\u2032\u2032 E 8\u00b042'21.7584\u2032\u2032<br><strong>Emplacements:<\/strong> 4 stalles (3,20 x 8 m)<br><strong>Co\u00fbt :<\/strong> CHF 25.\u2013\/jour (max. 24 h)<br><strong>\u00c9quipement :<\/strong> eau douce et \u00e9limination gratuite des d\u00e9chets, r\u00e9ception Internet 3G\/4G, station-service et toilettes publiques au coin de la rue. Bain public 100 m ouvert 24h\/24.<\/p>\n\n\n\n<p><\/p>","protected":false},"excerpt":{"rendered":"<p>Non loin du centre-ville, le parking RV propose aux touristes passant par un endroit bien \u00e9quip\u00e9 de s'arr\u00eater jusqu'\u00e0 24 heures pour un co\u00fbt de CHF 25.-. \u00c0 c\u00f4t\u00e9 de la route cantonale, la zone des camping-cars fournit quatre stands d'eau potable, d'eau grise et d'eau noire. \u00c0 100 m\u00e8tres, vous trouverez [...]<\/p>","protected":false},"author":1,"featured_media":1109,"parent":720,"menu_order":7,"comment_status":"closed","ping_status":"closed","template":"","meta":{"_acf_changed":false,"footnotes":""},"class_list":["post-729","page","type-page","status-publish","has-post-thumbnail","hentry"],"acf":[],"_links":{"self":[{"href":"https:\/\/www.brissago.ch\/fr\/wp-json\/wp\/v2\/pages\/729","targetHints":{"allow":["GET"]}}],"collection":[{"href":"https:\/\/www.brissago.ch\/fr\/wp-json\/wp\/v2\/pages"}],"about":[{"href":"https:\/\/www.brissago.ch\/fr\/wp-json\/wp\/v2\/types\/page"}],"author":[{"embeddable":true,"href":"https:\/\/www.brissago.ch\/fr\/wp-json\/wp\/v2\/users\/1"}],"replies":[{"embeddable":true,"href":"https:\/\/www.brissago.ch\/fr\/wp-json\/wp\/v2\/comments?post=729"}],"version-history":[{"count":1,"href":"https:\/\/www.brissago.ch\/fr\/wp-json\/wp\/v2\/pages\/729\/revisions"}],"predecessor-version":[{"id":5793,"href":"https:\/\/www.brissago.ch\/fr\/wp-json\/wp\/v2\/pages\/729\/revisions\/5793"}],"up":[{"embeddable":true,"href":"https:\/\/www.brissago.ch\/fr\/wp-json\/wp\/v2\/pages\/720"}],"wp:featuredmedia":[{"embeddable":true,"href":"https:\/\/www.brissago.ch\/fr\/wp-json\/wp\/v2\/media\/1109"}],"wp:attachment":[{"href":"https:\/\/www.brissago.ch\/fr\/wp-json\/wp\/v2\/media?parent=729"}],"curies":[{"name":"wp","href":"https:\/\/api.w.org\/{rel}","templated":true}]}}