{"id":720,"date":"2025-01-28T11:15:03","date_gmt":"2025-01-28T10:15:03","guid":{"rendered":"https:\/\/www.brissago.ch\/sito\/?page_id=720"},"modified":"2025-02-05T17:14:47","modified_gmt":"2025-02-05T16:14:47","slug":"turismo-tempo-libero","status":"publish","type":"page","link":"https:\/\/www.brissago.ch\/fr\/turismo-tempo-libero\/","title":{"rendered":"Tourisme et loisirs"},"content":{"rendered":"<p>Brissago, surplombant les rives du lac Majeur et entour\u00e9 d'une nature luxuriante, offre un large \u00e9ventail d'activit\u00e9s de loisirs. Des promenades au bord du lac \u00e0 la randonn\u00e9e en montagne, des sports nautiques \u00e0 la d\u00e9tente dans ses installations d'h\u00e9bergement, le village est une destination id\u00e9ale pour ceux qui recherchent la nature, la culture et le bien-\u00eatre.<\/p>\n\n\n\n<p>Le <strong>\u00celes de Brissago<\/strong>, avec leur parc botanique subtropical, offrent une exp\u00e9rience unique entre plantes exotiques et vues panoramiques. Le <strong>le Lido Municipal<\/strong> C'est l'endroit id\u00e9al pour se rafra\u00eechir dans les eaux du lac, tandis que ceux qui aiment la voile et la planche \u00e0 voile trouveront de nombreuses occasions de pratiquer des sports nautiques.<\/p>\n\n\n\n<p>Pour les randonneurs, un r\u00e9seau de sentiers serpente \u00e0 travers les bois et les p\u00e2turages, menant au <strong>du mont Ghiridone<\/strong>, d'o\u00f9 vous pourrez profiter d'une vue spectaculaire sur le lac et les vall\u00e9es environnantes. Le centre historique et les \u00e9glises de la Renaissance, telles que le <strong>\u00c9glise de la SS. Pierre et Paul<\/strong>, Ils racontent l'histoire et l'identit\u00e9 culturelle du village.<\/p>\n\n\n\n<p>Qu'il s'agisse d'une journ\u00e9e de d\u00e9tente, d'une randonn\u00e9e dans la nature ou d'un plongeon dans la culture locale, Brissago peut offrir des moments uniques \u00e0 chaque visiteur.<\/p>\n\n\n\n<div class=\"wp-block-mazz-spazio mazz-spazio normale\"><\/div>","protected":false},"excerpt":{"rendered":"<p>Brissago, surplombant les rives du lac Majeur et entour\u00e9 d'une nature luxuriante, offre un large \u00e9ventail d'activit\u00e9s de loisirs. Des promenades au bord du lac aux excursions en montagne, des sports nautiques \u00e0 la d\u00e9tente dans ses installations d'h\u00e9bergement, le village est une destination id\u00e9ale pour ceux qui recherchent la nature, la culture et le bien-\u00eatre. Les \u00eeles de [...]<\/p>","protected":false},"author":1,"featured_media":873,"parent":0,"menu_order":3,"comment_status":"closed","ping_status":"closed","template":"","meta":{"_acf_changed":false,"footnotes":""},"class_list":["post-720","page","type-page","status-publish","has-post-thumbnail","hentry"],"acf":[],"_links":{"self":[{"href":"https:\/\/www.brissago.ch\/fr\/wp-json\/wp\/v2\/pages\/720","targetHints":{"allow":["GET"]}}],"collection":[{"href":"https:\/\/www.brissago.ch\/fr\/wp-json\/wp\/v2\/pages"}],"about":[{"href":"https:\/\/www.brissago.ch\/fr\/wp-json\/wp\/v2\/types\/page"}],"author":[{"embeddable":true,"href":"https:\/\/www.brissago.ch\/fr\/wp-json\/wp\/v2\/users\/1"}],"replies":[{"embeddable":true,"href":"https:\/\/www.brissago.ch\/fr\/wp-json\/wp\/v2\/comments?post=720"}],"version-history":[{"count":0,"href":"https:\/\/www.brissago.ch\/fr\/wp-json\/wp\/v2\/pages\/720\/revisions"}],"wp:featuredmedia":[{"embeddable":true,"href":"https:\/\/www.brissago.ch\/fr\/wp-json\/wp\/v2\/media\/873"}],"wp:attachment":[{"href":"https:\/\/www.brissago.ch\/fr\/wp-json\/wp\/v2\/media?parent=720"}],"curies":[{"name":"wp","href":"https:\/\/api.w.org\/{rel}","templated":true}]}}