{"id":714,"date":"2025-01-31T10:21:03","date_gmt":"2025-01-31T09:21:03","guid":{"rendered":"https:\/\/www.brissago.ch\/sito\/?page_id=714"},"modified":"2026-02-19T10:28:20","modified_gmt":"2026-02-19T09:28:20","slug":"polizia","status":"publish","type":"page","link":"https:\/\/www.brissago.ch\/fr\/servizi-cittadino\/polizia\/","title":{"rendered":"Police"},"content":{"rendered":"<p>Le <strong>Police municipale de Brissago<\/strong>, en coop\u00e9ration avec le <strong>Police municipale d'Ascona<\/strong>, assure la s\u00e9curit\u00e9 et l\u2019ordre public sur le territoire municipal. Cette convention, sign\u00e9e en 2011, garantit une couverture efficace et des services de qualit\u00e9 pour les citoyens.<\/p>\n\n\n\n<h2 class=\"wp-block-heading\">Services offerts<\/h2>\n\n\n\n<ul class=\"wp-block-list\">\n<li><strong>Premi\u00e8re intervention:<\/strong> la protection des traces, des lieux et des personnes; la pr\u00e9vention de la criminalit\u00e9.<\/li>\n\n\n\n<li><strong>Circulation routi\u00e8re:<\/strong> la d\u00e9tection des accidents, le contr\u00f4le de la circulation, la poursuite des infractions, les contr\u00f4les de vitesse, les saisies de v\u00e9hicules et de permis, l\u2019\u00e9ducation routi\u00e8re.<\/li>\n\n\n\n<li><strong>Protection de l'ordre public:<\/strong> contr\u00f4les d'identit\u00e9, maintien de l'ordre lors d'\u00e9v\u00e9nements et de manifestations.<\/li>\n\n\n\n<li><strong>Contr\u00f4le des drogues:<\/strong> Enqu\u00eate sur les violations de la Loi f\u00e9d\u00e9rale sur les drogues.<\/li>\n\n\n\n<li><strong>Activit\u00e9s administratives:<\/strong> r\u00e9ception des plaintes concernant la perte ou le vol d'objets et de documents, traitement des plaintes, notifications officielles, ex\u00e9cution des expulsions, contr\u00f4les pour le compte des autorit\u00e9s cantonales, d\u00e9livrance de divers permis et licences.<\/li>\n<\/ul>\n\n\n\n<h2 class=\"wp-block-heading\">Documents d\u00e9livr\u00e9s<\/h2>\n\n\n\n<ul class=\"wp-block-list\">\n<li>Permis de chasse et de p\u00eache<\/li>\n\n\n\n<li>Cartes de stationnement<\/li>\n\n\n\n<li>Demandes d'occupation de terres publiques<\/li>\n\n\n\n<li>Enregistrement et remplacement des documents pour les cyclomoteurs<\/li>\n\n\n\n<li>Autorisations de conduite<\/li>\n\n\n\n<li>Questions pour jeux, loteries, tombole<\/li>\n\n\n\n<li>Gestion des objets perdus et trouv\u00e9s<\/li>\n\n\n\n<li>Taxes sur les chiens<\/li>\n\n\n\n<li>R\u00e9imprimer les plaques d'immatriculation des v\u00e9hicules<\/li>\n\n\n\n<li>Remboursement des abonnements d'autobus (AVS)<\/li>\n\n\n\n<li>Autorisations de vol en h\u00e9licopt\u00e8re<\/li>\n<\/ul>","protected":false},"excerpt":{"rendered":"<p>La police municipale de Brissago, en coop\u00e9ration avec la police municipale d'Ascona, assure la s\u00e9curit\u00e9 et l'ordre public dans la municipalit\u00e9. Cette convention, sign\u00e9e en 2011, garantit une couverture efficace et des services de qualit\u00e9 pour les citoyens. Services offerts Documents \u00e9mis<\/p>","protected":false},"author":1,"featured_media":3487,"parent":697,"menu_order":7,"comment_status":"closed","ping_status":"closed","template":"","meta":{"_acf_changed":false,"footnotes":""},"class_list":["post-714","page","type-page","status-publish","has-post-thumbnail","hentry"],"acf":[],"_links":{"self":[{"href":"https:\/\/www.brissago.ch\/fr\/wp-json\/wp\/v2\/pages\/714","targetHints":{"allow":["GET"]}}],"collection":[{"href":"https:\/\/www.brissago.ch\/fr\/wp-json\/wp\/v2\/pages"}],"about":[{"href":"https:\/\/www.brissago.ch\/fr\/wp-json\/wp\/v2\/types\/page"}],"author":[{"embeddable":true,"href":"https:\/\/www.brissago.ch\/fr\/wp-json\/wp\/v2\/users\/1"}],"replies":[{"embeddable":true,"href":"https:\/\/www.brissago.ch\/fr\/wp-json\/wp\/v2\/comments?post=714"}],"version-history":[{"count":3,"href":"https:\/\/www.brissago.ch\/fr\/wp-json\/wp\/v2\/pages\/714\/revisions"}],"predecessor-version":[{"id":5865,"href":"https:\/\/www.brissago.ch\/fr\/wp-json\/wp\/v2\/pages\/714\/revisions\/5865"}],"up":[{"embeddable":true,"href":"https:\/\/www.brissago.ch\/fr\/wp-json\/wp\/v2\/pages\/697"}],"wp:featuredmedia":[{"embeddable":true,"href":"https:\/\/www.brissago.ch\/fr\/wp-json\/wp\/v2\/media\/3487"}],"wp:attachment":[{"href":"https:\/\/www.brissago.ch\/fr\/wp-json\/wp\/v2\/media?parent=714"}],"curies":[{"name":"wp","href":"https:\/\/api.w.org\/{rel}","templated":true}]}}