{"id":712,"date":"2025-01-31T10:21:03","date_gmt":"2025-01-31T09:21:03","guid":{"rendered":"https:\/\/www.brissago.ch\/sito\/?page_id=712"},"modified":"2025-05-19T17:02:31","modified_gmt":"2025-05-19T15:02:31","slug":"ufficio-tecnico","status":"publish","type":"page","link":"https:\/\/www.brissago.ch\/fr\/servizi-cittadino\/ufficio-tecnico\/","title":{"rendered":"Bureau technique"},"content":{"rendered":"<p>Le<strong>Bureau technique<\/strong> La municipalit\u00e9 de Brissago est responsable de la gestion et de l'entretien des infrastructures et des services techniques de la municipalit\u00e9. Il coordonne les activit\u00e9s essentielles au fonctionnement quotidien de la communaut\u00e9, notamment:<\/p>\n\n\n\n<ul class=\"wp-block-list\">\n<li><strong>Collecte des d\u00e9chets:<\/strong> Organisation et gestion du service de collecte et d'\u00e9limination des d\u00e9chets municipaux.<\/li>\n\n\n\n<li><strong>Entretien des infrastructures:<\/strong> Entretien et entretien des routes, des espaces verts, des jardins publics, des terrains de jeux et du cimeti\u00e8re municipal.<\/li>\n\n\n\n<li><strong>Gestion immobili\u00e8re:<\/strong> Supervision et contr\u00f4le des activit\u00e9s de construction sur le territoire municipal, en veillant au respect de la r\u00e9glementation en vigueur.<\/li>\n\n\n\n<li><strong>Conseils techniques:<\/strong> Fourniture d'informations et de soutien aux citoyens et aux professionnels concernant le plan r\u00e9glementaire, les canalisations et d'autres aspects techniques municipaux.<\/li>\n<\/ul>\n\n\n\n<h2 class=\"wp-block-heading\">Secteurs du Bureau technique<\/h2>\n\n\n\n<p>Compte tenu de la multiplicit\u00e9 des t\u00e2ches et des fonctions qui lui sont assign\u00e9es et pour une gestion efficace, le Bureau technique municipal est divis\u00e9 en plusieurs domaines:<\/p>\n\n\n\n<ul class=\"wp-block-list\">\n<li><strong>B\u00e2timent priv\u00e9:<\/strong> gestion des pratiques de construction priv\u00e9e.<\/li>\n\n\n\n<li><strong>Travaux publics:<\/strong> la planification et la mise en \u0153uvre de projets publics.<\/li>\n\n\n\n<li><strong>Am\u00e9nagement du territoire:<\/strong> l'\u00e9laboration et la mise \u00e0 jour du plan r\u00e9glementaire et de la gestion de l'utilisation des terres.<\/li>\n\n\n\n<li><strong>Services externes:<\/strong> l'entretien des infrastructures municipales et la gestion des \u00e9quipes op\u00e9rationnelles sur le terrain.<\/li>\n\n\n\n<li><strong>Collecte des d\u00e9chets:<\/strong> organisation et gestion du service de collecte et d'\u00e9limination des d\u00e9chets.<\/li>\n\n\n\n<li><strong>Service d'approvisionnement en eau potable:<\/strong> gestion du r\u00e9seau municipal d'eau, assurant l'approvisionnement en eau potable de qualit\u00e9.<\/li>\n\n\n\n<li><strong>Service des ports municipaux:<\/strong> gestion et entretien des installations portuaires de la municipalit\u00e9.<\/li>\n<\/ul>","protected":false},"excerpt":{"rendered":"<p>Le bureau technique municipal de Brissago est responsable de la gestion et de l\u2019entretien des infrastructures et des services techniques de la municipalit\u00e9. Il coordonne les activit\u00e9s essentielles au fonctionnement quotidien de la communaut\u00e9, notamment: Secteurs du Bureau technique Compte tenu de la multiplicit\u00e9 des t\u00e2ches et des fonctions qui lui sont assign\u00e9es et pour une gestion efficace, le Bureau technique municipal est subdivis\u00e9 en [...]<\/p>","protected":false},"author":1,"featured_media":3371,"parent":697,"menu_order":4,"comment_status":"closed","ping_status":"closed","template":"","meta":{"_acf_changed":false,"footnotes":""},"class_list":["post-712","page","type-page","status-publish","has-post-thumbnail","hentry"],"acf":[],"_links":{"self":[{"href":"https:\/\/www.brissago.ch\/fr\/wp-json\/wp\/v2\/pages\/712","targetHints":{"allow":["GET"]}}],"collection":[{"href":"https:\/\/www.brissago.ch\/fr\/wp-json\/wp\/v2\/pages"}],"about":[{"href":"https:\/\/www.brissago.ch\/fr\/wp-json\/wp\/v2\/types\/page"}],"author":[{"embeddable":true,"href":"https:\/\/www.brissago.ch\/fr\/wp-json\/wp\/v2\/users\/1"}],"replies":[{"embeddable":true,"href":"https:\/\/www.brissago.ch\/fr\/wp-json\/wp\/v2\/comments?post=712"}],"version-history":[{"count":0,"href":"https:\/\/www.brissago.ch\/fr\/wp-json\/wp\/v2\/pages\/712\/revisions"}],"up":[{"embeddable":true,"href":"https:\/\/www.brissago.ch\/fr\/wp-json\/wp\/v2\/pages\/697"}],"wp:featuredmedia":[{"embeddable":true,"href":"https:\/\/www.brissago.ch\/fr\/wp-json\/wp\/v2\/media\/3371"}],"wp:attachment":[{"href":"https:\/\/www.brissago.ch\/fr\/wp-json\/wp\/v2\/media?parent=712"}],"curies":[{"name":"wp","href":"https:\/\/api.w.org\/{rel}","templated":true}]}}