{"id":710,"date":"2025-01-31T10:21:03","date_gmt":"2025-01-31T09:21:03","guid":{"rendered":"https:\/\/www.brissago.ch\/sito\/?page_id=710"},"modified":"2025-05-19T17:09:26","modified_gmt":"2025-05-19T15:09:26","slug":"previdenza-sociale","status":"publish","type":"page","link":"https:\/\/www.brissago.ch\/fr\/servizi-cittadino\/previdenza-sociale\/","title":{"rendered":"S\u00e9curit\u00e9 sociale"},"content":{"rendered":"<p>Le<strong>Bureau de la s\u00e9curit\u00e9 sociale<\/strong> La municipalit\u00e9 de Brissago offre un soutien aux citoyens dans le domaine de la protection sociale et de la s\u00e9curit\u00e9 sociale.<\/p>\n\n\n\n<h2 class=\"wp-block-heading\">Services offerts<\/h2>\n\n\n\n<ul class=\"wp-block-list\">\n<li><strong>Assistance \u00e9conomique:<\/strong> la gestion des situations de pauvret\u00e9 \u00e9conomique, en assurant les moyens de subsistance n\u00e9cessaires et en offrant une assistance approfondie lors de l'enseignement des pratiques.<\/li>\n\n\n\n<li><strong>Insertion professionnelle:<\/strong> Proposer des programmes de travail sous forme de stages pour faciliter la r\u00e9insertion sur le march\u00e9 du travail.<\/li>\n\n\n\n<li><strong>Agence municipale AVS\/AI\/IPG:<\/strong> l'ex\u00e9cution des t\u00e2ches li\u00e9es aux lois f\u00e9d\u00e9rales et cantonales sur l'AVS et les allocations familiales, en plus du contr\u00f4le primaire de la couverture obligatoire de base de l'assurance maladie.<\/li>\n<\/ul>\n\n\n\n<h2 class=\"wp-block-heading\">Travailleur social<\/h2>\n\n\n\n<p>La Municipalit\u00e9, en collaboration avec la Ville de Locarno, met \u00e0 disposition une travailleuse sociale, Vita-Malia Jauneau, qui est pr\u00e9sente tous les mercredis apr\u00e8s-midi \u00e0 l'H\u00f4tel de Ville. Il offre des conseils, de l'aide et de l'accompagnement aux personnes domicili\u00e9es dans la municipalit\u00e9 qui en ont besoin, agissant comme point de r\u00e9f\u00e9rence pour les situations de difficult\u00e9s socio-\u00e9conomiques et s'orientant vers des services sp\u00e9cialis\u00e9s, si n\u00e9cessaire.<\/p>","protected":false},"excerpt":{"rendered":"<p>Le Bureau de la s\u00e9curit\u00e9 sociale de la municipalit\u00e9 de Brissago offre un soutien aux citoyens dans le domaine de la protection sociale et de la s\u00e9curit\u00e9 sociale. La Municipalit\u00e9, en collaboration avec la Ville de Locarno, met \u00e0 disposition une travailleuse sociale, Vita-Malia Jauneau, qui est pr\u00e9sente tous les mercredis apr\u00e8s-midi \u00e0 l'H\u00f4tel de Ville. Il offre des conseils, de l'aide et de l'accompagnement aux personnes domicili\u00e9es [...]<\/p>","protected":false},"author":1,"featured_media":3374,"parent":697,"menu_order":6,"comment_status":"closed","ping_status":"closed","template":"","meta":{"_acf_changed":false,"footnotes":""},"class_list":["post-710","page","type-page","status-publish","has-post-thumbnail","hentry"],"acf":[],"_links":{"self":[{"href":"https:\/\/www.brissago.ch\/fr\/wp-json\/wp\/v2\/pages\/710","targetHints":{"allow":["GET"]}}],"collection":[{"href":"https:\/\/www.brissago.ch\/fr\/wp-json\/wp\/v2\/pages"}],"about":[{"href":"https:\/\/www.brissago.ch\/fr\/wp-json\/wp\/v2\/types\/page"}],"author":[{"embeddable":true,"href":"https:\/\/www.brissago.ch\/fr\/wp-json\/wp\/v2\/users\/1"}],"replies":[{"embeddable":true,"href":"https:\/\/www.brissago.ch\/fr\/wp-json\/wp\/v2\/comments?post=710"}],"version-history":[{"count":0,"href":"https:\/\/www.brissago.ch\/fr\/wp-json\/wp\/v2\/pages\/710\/revisions"}],"up":[{"embeddable":true,"href":"https:\/\/www.brissago.ch\/fr\/wp-json\/wp\/v2\/pages\/697"}],"wp:featuredmedia":[{"embeddable":true,"href":"https:\/\/www.brissago.ch\/fr\/wp-json\/wp\/v2\/media\/3374"}],"wp:attachment":[{"href":"https:\/\/www.brissago.ch\/fr\/wp-json\/wp\/v2\/media?parent=710"}],"curies":[{"name":"wp","href":"https:\/\/api.w.org\/{rel}","templated":true}]}}