{"id":704,"date":"2025-01-28T11:08:30","date_gmt":"2025-01-28T10:08:30","guid":{"rendered":"https:\/\/www.brissago.ch\/sito\/?page_id=704"},"modified":"2025-05-19T16:45:24","modified_gmt":"2025-05-19T14:45:24","slug":"cancelleria-comunale","status":"publish","type":"page","link":"https:\/\/www.brissago.ch\/fr\/servizi-cittadino\/cancelleria-comunale\/","title":{"rendered":"Chancellerie municipale"},"content":{"rendered":"<p>La Chancellerie Municipale de Brissago agit comme un lien entre les diff\u00e9rents bureaux municipaux et les citoyens, assurant une communication efficace et transparente.<\/p>\n\n\n\n<h2 class=\"wp-block-heading\">Documents d\u00e9livr\u00e9s<\/h2>\n\n\n\n<ul class=\"wp-block-list\">\n<li><strong>Extrait conforme:<\/strong> copie certifi\u00e9e conforme d'une d\u00e9cision de l'h\u00f4tel de ville ou du conseil municipal<\/li>\n\n\n\n<li><strong>Authentification de signature:<\/strong> certification de l'authenticit\u00e9 d'une signature en pr\u00e9sence du secr\u00e9taire municipal<\/li>\n\n\n\n<li><strong>Certificat municipal:<\/strong> pour l'admission \u00e0 l'aide juridictionnelle<\/li>\n\n\n\n<li><strong>Cartes quotidiennes Savings Common:<\/strong> billets journaliers pour les transports en commun \u00e0 un tarif r\u00e9duit (<a href=\"https:\/\/cartagiornaliera-comune.ch\/it\" target=\"_blank\" rel=\"noreferrer noopener\">paperjournal-comune.ch<\/a>)<\/li>\n<\/ul>","protected":false},"excerpt":{"rendered":"<p>La Chancellerie Municipale de Brissago agit comme un lien entre les diff\u00e9rents bureaux municipaux et les citoyens, assurant une communication efficace et transparente. Documents d\u00e9livr\u00e9s<\/p>","protected":false},"author":1,"featured_media":3365,"parent":697,"menu_order":1,"comment_status":"closed","ping_status":"closed","template":"","meta":{"_acf_changed":false,"footnotes":""},"class_list":["post-704","page","type-page","status-publish","has-post-thumbnail","hentry"],"acf":[],"_links":{"self":[{"href":"https:\/\/www.brissago.ch\/fr\/wp-json\/wp\/v2\/pages\/704","targetHints":{"allow":["GET"]}}],"collection":[{"href":"https:\/\/www.brissago.ch\/fr\/wp-json\/wp\/v2\/pages"}],"about":[{"href":"https:\/\/www.brissago.ch\/fr\/wp-json\/wp\/v2\/types\/page"}],"author":[{"embeddable":true,"href":"https:\/\/www.brissago.ch\/fr\/wp-json\/wp\/v2\/users\/1"}],"replies":[{"embeddable":true,"href":"https:\/\/www.brissago.ch\/fr\/wp-json\/wp\/v2\/comments?post=704"}],"version-history":[{"count":0,"href":"https:\/\/www.brissago.ch\/fr\/wp-json\/wp\/v2\/pages\/704\/revisions"}],"up":[{"embeddable":true,"href":"https:\/\/www.brissago.ch\/fr\/wp-json\/wp\/v2\/pages\/697"}],"wp:featuredmedia":[{"embeddable":true,"href":"https:\/\/www.brissago.ch\/fr\/wp-json\/wp\/v2\/media\/3365"}],"wp:attachment":[{"href":"https:\/\/www.brissago.ch\/fr\/wp-json\/wp\/v2\/media?parent=704"}],"curies":[{"name":"wp","href":"https:\/\/api.w.org\/{rel}","templated":true}]}}