{"id":697,"date":"2025-01-28T11:05:02","date_gmt":"2025-01-28T10:05:02","guid":{"rendered":"https:\/\/www.brissago.ch\/sito\/?page_id=697"},"modified":"2025-02-06T10:28:56","modified_gmt":"2025-02-06T09:28:56","slug":"servizi-cittadino","status":"publish","type":"page","link":"https:\/\/www.brissago.ch\/fr\/servizi-cittadino\/","title":{"rendered":"Services au citoyen"},"content":{"rendered":"<p>Bienvenue dans la section \u00abServices aux citoyens\u00bb de la municipalit\u00e9 de Brissago.<br>Ici vous pouvez trouver toutes les informations sur les services municipaux, tels que le <strong>Papeterie<\/strong>, qui d\u00e9livre des certificats et documents officiels ou <strong>Services financiers<\/strong>, responsable de la gestion des imp\u00f4ts et pr\u00e9l\u00e8vements.<br>Le <strong>Contr\u00f4le des habitants<\/strong> est responsable de l'enregistrement de la population r\u00e9sidente, tandis que le Bureau de <strong>S\u00e9curit\u00e9 sociale<\/strong> fournit un soutien aux services sociaux et de protection sociale. Le<strong>Bureau technique<\/strong> g\u00e8re les pratiques de construction et l'am\u00e9nagement du territoire, tandis que <strong>Police<\/strong> garantit la s\u00e9curit\u00e9 publique.<br>La ville administre \u00e9galement le <strong>Ports municipaux<\/strong> Il fournit des informations sur: <strong>services scolaires<\/strong> pour les familles.<br>Pour plus d'informations, voir les diff\u00e9rentes sections.<\/p>\n\n\n\n<div class=\"wp-block-mazz-spazio mazz-spazio normale\"><\/div>","protected":false},"excerpt":{"rendered":"<p>Bienvenue dans la section \u00abServices aux citoyens\u00bb de la municipalit\u00e9 de Brissago. Vous trouverez ici toutes les informations sur les services municipaux, tels que la chancellerie, qui d\u00e9livre les certificats et documents officiels, ou les services financiers, qui sont charg\u00e9s de g\u00e9rer les imp\u00f4ts et les pr\u00e9l\u00e8vements.Le contr\u00f4le des habitants porte sur l\u2019enregistrement de la population r\u00e9sidente, tandis que le bureau de la s\u00e9curit\u00e9 sociale offre un soutien pour [...]<\/p>","protected":false},"author":1,"featured_media":878,"parent":0,"menu_order":2,"comment_status":"closed","ping_status":"closed","template":"","meta":{"_acf_changed":false,"footnotes":""},"class_list":["post-697","page","type-page","status-publish","has-post-thumbnail","hentry"],"acf":[],"_links":{"self":[{"href":"https:\/\/www.brissago.ch\/fr\/wp-json\/wp\/v2\/pages\/697","targetHints":{"allow":["GET"]}}],"collection":[{"href":"https:\/\/www.brissago.ch\/fr\/wp-json\/wp\/v2\/pages"}],"about":[{"href":"https:\/\/www.brissago.ch\/fr\/wp-json\/wp\/v2\/types\/page"}],"author":[{"embeddable":true,"href":"https:\/\/www.brissago.ch\/fr\/wp-json\/wp\/v2\/users\/1"}],"replies":[{"embeddable":true,"href":"https:\/\/www.brissago.ch\/fr\/wp-json\/wp\/v2\/comments?post=697"}],"version-history":[{"count":0,"href":"https:\/\/www.brissago.ch\/fr\/wp-json\/wp\/v2\/pages\/697\/revisions"}],"wp:featuredmedia":[{"embeddable":true,"href":"https:\/\/www.brissago.ch\/fr\/wp-json\/wp\/v2\/media\/878"}],"wp:attachment":[{"href":"https:\/\/www.brissago.ch\/fr\/wp-json\/wp\/v2\/media?parent=697"}],"curies":[{"name":"wp","href":"https:\/\/api.w.org\/{rel}","templated":true}]}}