{"id":694,"date":"2025-01-28T10:40:37","date_gmt":"2025-01-28T09:40:37","guid":{"rendered":"https:\/\/www.brissago.ch\/sito\/?page_id=694"},"modified":"2025-03-18T16:37:36","modified_gmt":"2025-03-18T15:37:36","slug":"commissione-eventi","status":"publish","type":"page","link":"https:\/\/www.brissago.ch\/fr\/comune\/commissione-eventi\/","title":{"rendered":"Comit\u00e9 \u00e9v\u00e9nementiel"},"content":{"rendered":"<p>Tout au long de l'ann\u00e9e, le comit\u00e9 des \u00e9v\u00e9nements de la municipalit\u00e9 de Brissago organise des \u00e9v\u00e9nements, des cours et des activit\u00e9s con\u00e7us pour impliquer les r\u00e9sidents et les touristes, en promouvant la vie communautaire et la r\u00e9gion.<\/p>\n\n\n\n<h2 class=\"wp-block-heading\">Propositions culturelles<\/h2>\n\n\n\n<h3 class=\"wp-block-heading\">Sur le seuil de Brissago \u2013 itin\u00e9raire historique et paysager<\/h3>\n\n\n\n<p>Cet itin\u00e9raire de paysage historique veut mettre en valeur les beaut\u00e9s architecturales et paysag\u00e8res de Brissago. Il raconte \u00e9galement l'histoire et les \u00e9v\u00e9nements des illustres personnes qui y ont v\u00e9cu et passe en revue les \u00e9v\u00e9nements importants et \/ ou curieux qui s'y sont produits. Le texte introductif invite le visiteur \u00e0 se d\u00e9tendre, \u00e0 m\u00e9diter, \u00e0 se d\u00e9tacher du stress quotidien, \u00e0 s'immerger dans les beaut\u00e9s environnantes. Au seuil de Brissago, un visiteur peut d\u00e9couvrir un village avec toutes ses particularit\u00e9s et s'y red\u00e9couvrir.<\/p>\n\n\n\n<p>La randonn\u00e9e circulaire couvre 5 km avec une diff\u00e9rence de hauteur de 170 m et un temps de trajet de 1,5 \u00e0 2 heures.<\/p>\n\n\n\n<ul class=\"wp-block-list\">\n<li><a href=\"https:\/\/www.brissago.ch\/fr\/files\/Brissago_-_Libretto_-_IT.pdf\/\" target=\"_blank\" rel=\"noreferrer noopener\">Brissago \u2013 Brochure \u2013 IT<\/a><\/li>\n\n\n\n<li><a href=\"https:\/\/www.brissago.ch\/fr\/files\/Brissago_-_Libretto_-_DE.pdf\/\" target=\"_blank\" rel=\"noreferrer noopener\">Brissago \u2013 Livret \u2013 DE<\/a><\/li>\n<\/ul>\n\n\n\n<div class=\"wp-block-mazz-spazio mazz-spazio minimo\"><\/div>\n\n\n\n<h3 class=\"wp-block-heading\">Tr\u00e9sors de Brissago \u2013 chasse au tr\u00e9sor<\/h3>\n\n\n\n<p>Vous devez savoir qu'il y a de nombreuses ann\u00e9es, Brissago n'\u00e9tait pas le village calme et joli que nous connaissons aujourd'hui. Situ\u00e9 entre les possessions des conf\u00e9d\u00e9r\u00e9s et le duch\u00e9 de Milan, le territoire de Brissago \u00e9tait la terre des raids de bandits et du d\u00e9barquement des pirates, luttant toujours pour s'emparer des grandes richesses que ces terres avaient comme dot.<br>Un jour, cependant, la l\u00e9gende raconte qu'un diable espi\u00e8gle a vol\u00e9 des pi\u00e8ces d'un tr\u00e9sor de pirates et les a dispers\u00e9es dans tout le village. Parmi les personnages anciens et les cr\u00e9atures myst\u00e9rieuses, c'est maintenant \u00e0 vous d'explorer Brissago pour trouver les pi\u00e8ces de monnaie et comprendre o\u00f9 se cache le myst\u00e9rieux coffre au tr\u00e9sor: Que la chasse commence!<br><br>Pour commencer la recherche, t\u00e9l\u00e9chargez l'application imm\u00e9diatement depuis l'App Store ou Google Play et r\u00e9cup\u00e9rez la carte papier au bar de r\u00e9union devant l'h\u00f4tel de ville (co\u00fbt CHF 5), apr\u00e8s la chasse, chaque carte compl\u00e9t\u00e9e aura droit \u00e0 un beau prix.<br><br>Dur\u00e9e: 1,5 h<br>Distance : 2,5 km<br>Diff\u00e9rence de niveau: 115 m<br><br>La chasse au tr\u00e9sor est amusante et int\u00e9ressante pour toute la famille. Les enfants (\u00e2g\u00e9s de 4 ans et plus) l'appr\u00e9cieront particuli\u00e8rement et c'est une excellente occasion d'explorer l'int\u00e9rieur du village et les pentes de montagne.<\/p>\n\n\n\n<p><strong>Heures de prise en charge de la carte:&nbsp;<\/strong> tous les jours de 8h00 \u00e0 20h00 au Meeting Bar<\/p>\n\n\n\n<p>T\u00e9l\u00e9charger l'application sur&nbsp;<strong><a href=\"https:\/\/apps.apple.com\/ch\/app\/i-tesori-di-brissago\/id1626981513?l=en\" target=\"_blank\" rel=\"noreferrer noopener\">App Store<\/a><\/strong>&nbsp;o&nbsp;<strong><a href=\"https:\/\/play.google.com\/store\/apps\/details?id=com.macaco.TesoriDiBrissago\" target=\"_blank\" rel=\"noreferrer noopener\">Google Play<\/a><\/strong>.<\/p>\n\n\n\n<div class=\"wp-block-mazz-spazio mazz-spazio minimo\"><\/div>\n\n\n\n<h2 class=\"wp-block-heading\">Projets en cours<\/h2>\n\n\n\n<h3 class=\"wp-block-heading\">Brissago \u2013 Analyse des destinations et \u00e9tude sur le d\u00e9veloppement du tourisme<\/h3>\n\n\n\n<ul class=\"wp-block-list\">\n<li><a href=\"https:\/\/www.brissago.ch\/fr\/files\/Analisi_parte_1.pdf\/\" target=\"_blank\" rel=\"noreferrer noopener\">Partie 1<\/a><\/li>\n\n\n\n<li><a href=\"https:\/\/www.brissago.ch\/fr\/files\/Analisi_parte_2.pdf\/\" target=\"_blank\" rel=\"noreferrer noopener\">Partie 2<\/a><\/li>\n<\/ul>\n\n\n\n<h2 class=\"wp-block-heading\">Informations utiles<\/h2>\n\n\n\n<ul class=\"wp-block-list\">\n<li><a href=\"https:\/\/www.brissago.ch\/fr\/files\/Spazi_culturali_Locarnese_e_Valli_2022-06-13_21-54_3.pdf\/\" target=\"_blank\" rel=\"noreferrer noopener\">Liste des espaces culturels du Locarno et des vall\u00e9es<\/a><\/li>\n<\/ul>","protected":false},"excerpt":{"rendered":"<p>Tout au long de l'ann\u00e9e, le comit\u00e9 des \u00e9v\u00e9nements de la municipalit\u00e9 de Brissago organise des \u00e9v\u00e9nements, des cours et des activit\u00e9s con\u00e7us pour impliquer les r\u00e9sidents et les touristes, en promouvant la vie communautaire et la r\u00e9gion. Propositions culturelles Au seuil de Brissago - itin\u00e9raire historique-paysage Cet itin\u00e9raire historique-paysage vise \u00e0 mettre en valeur les beaut\u00e9s architecturales et paysag\u00e8res de Brissago. Il narre [...]<\/p>","protected":false},"author":1,"featured_media":0,"parent":2,"menu_order":4,"comment_status":"closed","ping_status":"closed","template":"","meta":{"_acf_changed":false,"footnotes":""},"class_list":["post-694","page","type-page","status-publish","hentry"],"acf":[],"_links":{"self":[{"href":"https:\/\/www.brissago.ch\/fr\/wp-json\/wp\/v2\/pages\/694","targetHints":{"allow":["GET"]}}],"collection":[{"href":"https:\/\/www.brissago.ch\/fr\/wp-json\/wp\/v2\/pages"}],"about":[{"href":"https:\/\/www.brissago.ch\/fr\/wp-json\/wp\/v2\/types\/page"}],"author":[{"embeddable":true,"href":"https:\/\/www.brissago.ch\/fr\/wp-json\/wp\/v2\/users\/1"}],"replies":[{"embeddable":true,"href":"https:\/\/www.brissago.ch\/fr\/wp-json\/wp\/v2\/comments?post=694"}],"version-history":[{"count":0,"href":"https:\/\/www.brissago.ch\/fr\/wp-json\/wp\/v2\/pages\/694\/revisions"}],"up":[{"embeddable":true,"href":"https:\/\/www.brissago.ch\/fr\/wp-json\/wp\/v2\/pages\/2"}],"wp:attachment":[{"href":"https:\/\/www.brissago.ch\/fr\/wp-json\/wp\/v2\/media?parent=694"}],"curies":[{"name":"wp","href":"https:\/\/api.w.org\/{rel}","templated":true}]}}