{"id":692,"date":"2025-01-28T11:00:55","date_gmt":"2025-01-28T10:00:55","guid":{"rendered":"https:\/\/www.brissago.ch\/sito\/?page_id=692"},"modified":"2025-02-25T17:43:52","modified_gmt":"2025-02-25T16:43:52","slug":"enti-associazioni","status":"publish","type":"page","link":"https:\/\/www.brissago.ch\/fr\/comune\/enti-associazioni\/","title":{"rendered":"Organismes et associations"},"content":{"rendered":"<!-- RISULTATI -->\n    <div id=\"mazz-elenco\" class=\"\">\n        \t<div class=\"mazz_num_post\">29 r\u00e9sultats trouv\u00e9s.<\/div><div class=\"mazz_post attivita\">\n\t<div class=\"mazz_post_generico\">\n\t\t\n\t\t<span class=\"post_txt\">\n\t\t\t<span class=\"info_box\">\n\t\t\t\t<span class=\"info_posttype\"><\/span>\n\t\t\t<\/span>\n\t\t\t<h3 class=\"titolo\">Amis Casa San Giorgio<\/h3>\n\t\t\t<span class=\"descrizione\"><!-- wp:paragraph -->\n<p>c\/o Lamberti Patrizia<br>Via R. Leoncavallo 50A<br>6614 Brissago<\/p>\n<!-- \/wp:paragraph --><\/span>\n\t\t<\/span>\n\t<\/div>\n<\/div><div class=\"mazz_post attivita\">\n\t<div class=\"mazz_post_generico\">\n\t\t\n\t\t<span class=\"post_txt\">\n\t\t\t<span class=\"info_box\">\n\t\t\t\t<span class=\"info_posttype\"><\/span>\n\t\t\t<\/span>\n\t\t\t<h3 class=\"titolo\">Les Amis de la Montagne<\/h3>\n\t\t\t<span class=\"descrizione\"><!-- wp:paragraph -->\n<p>c\/o Cagna Michele<br>Via Porbetto 6<br>6614 Brissago<br>Courrier \u00e9lectronique: <a href=\"mailto:info@cagnamichele.ch\">info@cagnamichele.ch<\/a><br>Web : <a href=\"https:\/\/www.legn.ch\/\" target=\"_blank\" rel=\"noopener\">legn.ch<\/a><\/p>\n<!-- \/wp:paragraph --><\/span>\n\t\t<\/span>\n\t<\/div>\n<\/div><div class=\"mazz_post attivita\">\n\t<div class=\"mazz_post_generico\">\n\t\t\n\t\t<span class=\"post_txt\">\n\t\t\t<span class=\"info_box\">\n\t\t\t\t<span class=\"info_posttype\"><\/span>\n\t\t\t<\/span>\n\t\t\t<h3 class=\"titolo\">Anfrigola et Gatt Band<\/h3>\n\t\t\t<span class=\"descrizione\">c\/o Gissler Angela Via R. Simen 18 6600 Locarno Courriel: info@anfrigolaegatt.ch Web: anfrigolaegatt.ch<\/span>\n\t\t<\/span>\n\t<\/div>\n<\/div><div class=\"mazz_post attivita\">\n\t<div class=\"mazz_post_generico\">\n\t\t\n\t\t<span class=\"post_txt\">\n\t\t\t<span class=\"info_box\">\n\t\t\t\t<span class=\"info_posttype\"><\/span>\n\t\t\t<\/span>\n\t\t\t<h3 class=\"titolo\">Association des Amis du Mus\u00e9e R. Leoncavallo<\/h3>\n\t\t\t<span class=\"descrizione\"><!-- wp:paragraph -->\n<p>Bo\u00eete postale 502<br>6614 Brissago<\/p>\n<!-- \/wp:paragraph --><\/span>\n\t\t<\/span>\n\t<\/div>\n<\/div><div class=\"mazz_post attivita\">\n\t<div class=\"mazz_post_generico\">\n\t\t\n\t\t<span class=\"post_txt\">\n\t\t\t<span class=\"info_box\">\n\t\t\t\t<span class=\"info_posttype\"><\/span>\n\t\t\t<\/span>\n\t\t\t<h3 class=\"titolo\">Associazione Amici dell\u2019Arte<\/h3>\n\t\t\t<span class=\"descrizione\">Via Pioda 5 6614 Brissago T\u00e9l.: +41 76 298 09 57 Courriel: gallery@amiciartebrissago.ch Web: amiciartebrissago.ch<\/span>\n\t\t<\/span>\n\t<\/div>\n<\/div><div class=\"mazz_post attivita\">\n\t<div class=\"mazz_post_generico\">\n\t\t\n\t\t<span class=\"post_txt\">\n\t\t\t<span class=\"info_box\">\n\t\t\t\t<span class=\"info_posttype\"><\/span>\n\t\t\t<\/span>\n\t\t\t<h3 class=\"titolo\">l' Association des a\u00een\u00e9s Brissago<\/h3>\n\t\t\t<span class=\"descrizione\"><p>Pr\u00e9sident(e): Veronica Marcacci Rossi<br \/>6614 Brissago<br \/>Courrier \u00e9lectronique: v.marcaccirossi@brissago.ch<\/p>\n\n<!-- wp:paragraph -->\n<p><\/p>\n<!-- \/wp:paragraph --><\/span>\n\t\t<\/span>\n\t<\/div>\n<\/div><div class=\"mazz_post attivita\">\n\t<div class=\"mazz_post_generico\">\n\t\t\n\t\t<span class=\"post_txt\">\n\t\t\t<span class=\"info_box\">\n\t\t\t\t<span class=\"info_posttype\"><\/span>\n\t\t\t<\/span>\n\t\t\t<h3 class=\"titolo\">l' Association Avanti Brissago<\/h3>\n\t\t\t<span class=\"descrizione\"><!-- wp:paragraph -->\n<p>c\/o Fabio Zanini<br>Via Costa di Mezzo 92<br>6614 Brissago<br>Courrier \u00e9lectronique: <a href=\"mailto:info@avantibrissago.ch\">info@avantibrissago.ch<\/a><\/p>\n<!-- \/wp:paragraph --><\/span>\n\t\t<\/span>\n\t<\/div>\n<\/div><div class=\"mazz_post attivita\">\n\t<div class=\"mazz_post_generico\">\n\t\t\n\t\t<span class=\"post_txt\">\n\t\t\t<span class=\"info_box\">\n\t\t\t\t<span class=\"info_posttype\"><\/span>\n\t\t\t<\/span>\n\t\t\t<h3 class=\"titolo\">l' Association football de Brissago<\/h3>\n\t\t\t<span class=\"descrizione\"><!-- wp:paragraph -->\n<p>Pr\u00e9s. Gallotti Davide<br>Via Filagna 5<br>6614 Brissago<br>Courrier \u00e9lectronique: <a href=\"mailto:dgallotti@ticino.com\">dgallotti@ticino.com<\/a><br>Web : <a href=\"http:\/\/www.acbrissago.ch\/\" target=\"_blank\" rel=\"noopener\">acbrissago.ch<\/a><\/p>\n<!-- \/wp:paragraph --><\/span>\n\t\t<\/span>\n\t<\/div>\n<\/div><div class=\"mazz_post attivita\">\n\t<div class=\"mazz_post_generico\">\n\t\t\n\t\t<span class=\"post_txt\">\n\t\t\t<span class=\"info_box\">\n\t\t\t\t<span class=\"info_posttype\"><\/span>\n\t\t\t<\/span>\n\t\t\t<h3 class=\"titolo\">Association des m\u00e8res et des enfants ALBEROMAGICO<\/h3>\n\t\t\t<span class=\"descrizione\"><!-- wp:paragraph -->\n<p>Mur des octaves 8<br>6614 Brissago<\/p>\n<!-- \/wp:paragraph --><\/span>\n\t\t<\/span>\n\t<\/div>\n<\/div><div class=\"mazz_post attivita\">\n\t<div class=\"mazz_post_generico\">\n\t\t\n\t\t<span class=\"post_txt\">\n\t\t\t<span class=\"info_box\">\n\t\t\t\t<span class=\"info_posttype\"><\/span>\n\t\t\t<\/span>\n\t\t\t<h3 class=\"titolo\">le comit\u00e9 \u00e9v\u00e9nements<\/h3>\n\t\t\t<span class=\"descrizione\"><!-- wp:paragraph -->\n<p>c\/o Mairie de Brissago<br>\u00e0 Mme Eva Curatitoli<br>Place de l'H\u00f4tel de Ville 1<br>6614 Brissago<br>T\u00e9l\u00e9phone: +41 91 793 02 42<br>Courrier \u00e9lectronique: <a href=\"mailto:e.curatitoli@brissago.ch\">e.curatitoli@brissago.ch<\/a> <\/p>\n<!-- \/wp:paragraph --><\/span>\n\t\t<\/span>\n\t<\/div>\n<\/div><div class=\"mazz_post attivita\">\n\t<div class=\"mazz_post_generico\">\n\t\t\n\t\t<span class=\"post_txt\">\n\t\t\t<span class=\"info_box\">\n\t\t\t\t<span class=\"info_posttype\"><\/span>\n\t\t\t<\/span>\n\t\t\t<h3 class=\"titolo\">le conseil paroissial<\/h3>\n\t\t\t<span class=\"descrizione\"><!-- wp:paragraph -->\n<p>Pr\u00e9s. Solari Fabio<br>Bo\u00eete postale<br>6614 Brissago<br>T\u00e9l. +41 91 793 14 58<br>Courrier \u00e9lectronique: <a href=\"mailto:parrocchiabrissago@gmail.com\">parrocchiabrissago@gmail.com<\/a><br>Web : <a href=\"https:\/\/www.parrocchiabrissago.com\/\" target=\"_blank\" rel=\"noopener\">parishbrissago.com<\/a><\/p>\n<!-- \/wp:paragraph --><\/span>\n\t\t<\/span>\n\t<\/div>\n<\/div><div class=\"mazz_post attivita\">\n\t<div class=\"mazz_post_generico\">\n\t\t\n\t\t<span class=\"post_txt\">\n\t\t\t<span class=\"info_box\">\n\t\t\t\t<span class=\"info_posttype\"><\/span>\n\t\t\t<\/span>\n\t\t\t<h3 class=\"titolo\">l' Orchestre philharmonique Brissaghese<\/h3>\n\t\t\t<span class=\"descrizione\"><!-- wp:paragraph -->\n<p>c\/o Patrizia Lamberti<br>Via R. Leoncavallo 50A<br>6614 Brissago<br>Courrier \u00e9lectronique: <a href=\"mailto:info@filarmonicabrissaghese.ch\">info@filarmonicabrissaghese.ch<\/a><br>Web : <a href=\"https:\/\/filarmonicabrissaghese.ch\/\" target=\"_blank\" rel=\"noopener\">philharmonicabrissaghese.ch<\/a><\/p>\n<!-- \/wp:paragraph --><\/span>\n\t\t<\/span>\n\t<\/div>\n<\/div><div class=\"mazz_post attivita\">\n\t<div class=\"mazz_post_generico\">\n\t\t\n\t\t<span class=\"post_txt\">\n\t\t\t<span class=\"info_box\">\n\t\t\t\t<span class=\"info_posttype\"><\/span>\n\t\t\t<\/span>\n\t\t\t<h3 class=\"titolo\">la Fondation Ruggero Leoncavallo<\/h3>\n\t\t\t<span class=\"descrizione\"><!-- wp:paragraph -->\n<p>Mme Regula Kuchler<br>Bo\u00eete postale 502<br>6614 Brissago<br>Courrier \u00e9lectronique: <a href=\"mailto:n.lyushina@brissago.ch\">n.lyushina@brissago.ch<\/a><br>Web : <a href=\"https:\/\/leoncavallo.ch\/\" target=\"_blank\" rel=\"noopener\">leoncavallo.ch<\/a><\/p>\n<!-- \/wp:paragraph --><\/span>\n\t\t<\/span>\n\t<\/div>\n<\/div><div class=\"mazz_post attivita\">\n\t<div class=\"mazz_post_generico\">\n\t\t\n\t\t<span class=\"post_txt\">\n\t\t\t<span class=\"info_box\">\n\t\t\t\t<span class=\"info_posttype\"><\/span>\n\t\t\t<\/span>\n\t\t\t<h3 class=\"titolo\">Groupe des parents<\/h3>\n\t\t\t<span class=\"descrizione\"><!-- wp:paragraph -->\n<p>c\/o Pagani Samanta<br>Via Porbetto 41<br>6614 Brissago<br>Courrier \u00e9lectronique: <a href=\"mailto:misshope80@hotmail.com\">misshope80@hotmail.com<\/a><\/p>\n<!-- \/wp:paragraph --><\/span>\n\t\t<\/span>\n\t<\/div>\n<\/div><div class=\"mazz_post attivita\">\n\t<div class=\"mazz_post_generico\">\n\t\t\n\t\t<span class=\"post_txt\">\n\t\t\t<span class=\"info_box\">\n\t\t\t\t<span class=\"info_posttype\"><\/span>\n\t\t\t<\/span>\n\t\t\t<h3 class=\"titolo\">Groupe jeunesse BGA<\/h3>\n\t\t\t<span class=\"descrizione\">c\/o Graf Remy Incella 12 6614 Brissago Courriel: mergugn@hotmail.com<\/span>\n\t\t<\/span>\n\t<\/div>\n<\/div><div class=\"mazz_post attivita\">\n\t<div class=\"mazz_post_generico\">\n\t\t\n\t\t<span class=\"post_txt\">\n\t\t\t<span class=\"info_box\">\n\t\t\t\t<span class=\"info_posttype\"><\/span>\n\t\t\t<\/span>\n\t\t\t<h3 class=\"titolo\">Le Pitoc de Brisag<\/h3>\n\t\t\t<span class=\"descrizione\"><!-- wp:paragraph -->\n<p>Chemin vers le lac 2<br>6614 Brissago<br>Courrier \u00e9lectronique: <a href=\"mailto:ipitocdibrissago@gmail.com\"><a href=\"mailto:info@ipitocdibrissago.com\">info@ipitocdibrissago.com<\/a><\/a><br>Web : <a href=\"https:\/\/www.ipitocdibrissago.com\/\" target=\"_blank\" rel=\"noopener\">ipitocdibrissago.com<\/a><\/p>\n<!-- \/wp:paragraph --><\/span>\n\t\t<\/span>\n\t<\/div>\n<\/div><div class=\"mazz_post conimg attivita\">\n\t<div class=\"mazz_post_generico\">\n\t\t<img fetchpriority=\"high\" decoding=\"async\" width=\"280\" height=\"180\" src=\"https:\/\/www.brissago.ch\/sito\/wp-content\/uploads\/2026\/01\/download.png\" class=\"attachment-medium size-medium wp-post-image\" alt=\"\" srcset=\"https:\/\/www.brissago.ch\/sito\/wp-content\/uploads\/2026\/01\/download.png 280w, https:\/\/www.brissago.ch\/sito\/wp-content\/uploads\/2026\/01\/download-18x12.png 18w\" sizes=\"(max-width: 280px) 100vw, 280px\" title=\"\">\n\t\t<span class=\"post_txt\">\n\t\t\t<span class=\"info_box\">\n\t\t\t\t<span class=\"info_posttype\"><\/span>\n\t\t\t<\/span>\n\t\t\t<h3 class=\"titolo\">Info Associations<\/h3>\n\t\t\t<span class=\"descrizione\"><!-- wp:mazz\/link {\"url\":\"https:\/\/infoassociazioni.ch\/\"} -->\n<div class=\"wp-block-mazz-link mazz-link external\"><a href=\"https:\/\/infoassociazioni.ch\/\" class=\"mazz-anchor external\" target=\"_blank\" rel=\"noopener noreferrer\"><i>\n    <svg class=\"mazz_icon link_ext\" xmlns=\"http:\/\/www.w3.org\/2000\/svg\" viewbox=\"0 0 30 30\"><path d=\"M24,11.06c-.28,0-.5.22-.5.5v8.87c0,1.69-1.37,3.06-3.06,3.06h-10.87c-1.69,0-3.06-1.38-3.06-3.06v-10.87c0-1.69,1.37-3.06,3.06-3.06h8.87c.28,0,.5-.22.5-.5s-.22-.5-.5-.5h-8.87c-2.24,0-4.06,1.82-4.06,4.06v10.87c0,2.24,1.82,4.06,4.06,4.06h10.87c2.24,0,4.06-1.82,4.06-4.06v-8.87c0-.28-.22-.5-.5-.5Z\"><\/path><path d=\"M29.2,1.37c-.1-.25-.3-.44-.54-.54-.12-.05-.25-.08-.38-.08h-13.4c-.55,0-1,.45-1,1s.45,1,1,1h10.99l-14.66,14.66c-.39.39-.39,1.02,0,1.41.2.2.45.29.71.29s.51-.1.71-.29l14.66-14.66v10.99c0,.55.45,1,1,1s1-.45,1-1V1.76c0-.13-.03-.26-.08-.38Z\"><\/path><\/svg><\/i>Ouvrir le lien<\/a><\/div>\n<!-- \/wp:mazz\/link -->\n\n<!-- wp:paragraph -->\n<p><\/p>\n<!-- \/wp:paragraph --><\/span>\n\t\t<\/span>\n\t<\/div>\n<\/div><div class=\"mazz_post attivita\">\n\t<div class=\"mazz_post_generico\">\n\t\t\n\t\t<span class=\"post_txt\">\n\t\t\t<span class=\"info_box\">\n\t\t\t\t<span class=\"info_posttype\"><\/span>\n\t\t\t<\/span>\n\t\t\t<h3 class=\"titolo\">Krav Maga Locarno<\/h3>\n\t\t\t<span class=\"descrizione\"><!-- wp:paragraph -->\n<p>c\/o Schlub Davide<br>Via Costa di Mezzo 68a<br>6614 Brissago<br>De la mafia. +41 79 821 53 52<br>Courrier \u00e9lectronique: <a href=\"mailto:kravmaga.locarno@gmail.com\">kravmaga.locarno@gmail.com<\/a><br>Web : <a href=\"https:\/\/www.kravmagalocarno.ch\/\" target=\"_blank\" rel=\"noopener\">kravmagalocarno.ch<\/a><\/p>\n<!-- \/wp:paragraph --><\/span>\n\t\t<\/span>\n\t<\/div>\n<\/div><div class=\"mazz_post attivita\">\n\t<div class=\"mazz_post_generico\">\n\t\t\n\t\t<span class=\"post_txt\">\n\t\t\t<span class=\"info_box\">\n\t\t\t\t<span class=\"info_posttype\"><\/span>\n\t\t\t<\/span>\n\t\t\t<h3 class=\"titolo\">Patriciat de Brissago<\/h3>\n\t\t\t<span class=\"descrizione\"><!-- wp:paragraph -->\n<p><strong>l' Office Patritial<\/strong><br>c\/o l'H\u00f4tel de Ville (rez-de-chauss\u00e9e), Place de l'H\u00f4tel de Ville<br>T\u00e9l. : +41 79 315 83 80<br><strong>Secr\u00e9tariat<\/strong><br>Via Costa di Mezzo 70<br>6614 Brissago<br>Courrier \u00e9lectronique: <a href=\"mailto:info@patriziatobrissago.ch\">info@patriziatobrissago.ch<\/a><br>Web : <a href=\"https:\/\/www.patriziatobrissago.ch\" target=\"_blank\" rel=\"noreferrer noopener\">www.patriziatobrissago.ch<\/a><\/p>\n<!-- \/wp:paragraph --><\/span>\n\t\t<\/span>\n\t<\/div>\n<\/div><div class=\"mazz_post attivita\">\n\t<div class=\"mazz_post_generico\">\n\t\t\n\t\t<span class=\"post_txt\">\n\t\t\t<span class=\"info_box\">\n\t\t\t\t<span class=\"info_posttype\"><\/span>\n\t\t\t<\/span>\n\t\t\t<h3 class=\"titolo\">Ski Club Brissago<\/h3>\n\t\t\t<span class=\"descrizione\"><!-- wp:paragraph -->\n<p>c\/o Repetti Reto<br>Rue de J\u00e9rusalem 9<br>6614 Brissago<br>Courrier \u00e9lectronique: <a href=\"mailto:sciclubbrissago@gmail.com\">sciclubbrissago@gmail.com<\/a><br>Web : <a href=\"https:\/\/sciclubbrissago.ch\/\" target=\"_blank\" rel=\"noopener\">sciclubbrissago.ch<\/a><\/p>\n<!-- \/wp:paragraph --><\/span>\n\t\t<\/span>\n\t<\/div>\n<\/div><div class=\"mazz_post attivita\">\n\t<div class=\"mazz_post_generico\">\n\t\t\n\t\t<span class=\"post_txt\">\n\t\t\t<span class=\"info_box\">\n\t\t\t\t<span class=\"info_posttype\"><\/span>\n\t\t\t<\/span>\n\t\t\t<h3 class=\"titolo\">SFG Brissago<\/h3>\n\t\t\t<span class=\"descrizione\"><!-- wp:paragraph -->\n<p>Case postale 754<br>6614 Brissago<br>Courrier \u00e9lectronique: <a href=\"mailto:sfgbrissago@gmail.com\">sfgbrissago@gmail.com<\/a><br>Web : <a href=\"https:\/\/ginnasticabrissago.ch\/\" target=\"_blank\" rel=\"noopener\">gymnasticbrissago.ch<\/a><\/p>\n<!-- \/wp:paragraph --><\/span>\n\t\t<\/span>\n\t<\/div>\n<\/div><div class=\"mazz_post attivita\">\n\t<div class=\"mazz_post_generico\">\n\t\t\n\t\t<span class=\"post_txt\">\n\t\t\t<span class=\"info_box\">\n\t\t\t\t<span class=\"info_posttype\"><\/span>\n\t\t\t<\/span>\n\t\t\t<h3 class=\"titolo\">la soci\u00e9t\u00e9 Bocciofila Brissago<\/h3>\n\t\t\t<span class=\"descrizione\"><!-- wp:paragraph -->\n<p>Via Al Lago 2<br>6614 Brissago<br>T\u00e9l. : +41 91 793 10 16<br>Courrier \u00e9lectronique: <a href=\"mailto:bocciabrissago@yahoo.com\">bocciabrissago@yahoo.com<\/a><br>Web : <a href=\"https:\/\/bocciofilabrissago.ch\/\" target=\"_blank\" rel=\"noopener\">bocciofilabrissago.ch<\/a><\/p>\n<!-- \/wp:paragraph --><\/span>\n\t\t<\/span>\n\t<\/div>\n<\/div><div class=\"mazz_post attivita\">\n\t<div class=\"mazz_post_generico\">\n\t\t\n\t\t<span class=\"post_txt\">\n\t\t\t<span class=\"info_box\">\n\t\t\t\t<span class=\"info_posttype\"><\/span>\n\t\t\t<\/span>\n\t\t\t<h3 class=\"titolo\">Soci\u00e9t\u00e9 des tireurs des \u00eeles<\/h3>\n\t\t\t<span class=\"descrizione\"><!-- wp:paragraph -->\n<p>c\/o Silvano Cod<br>Via Costa di Mezzo 15<br>6614 Brissago<br>Courrier \u00e9lectronique: <a href=\"mailto:s.baccala@bluewin.ch\">s.baccal\u00e0@bluewin.ch<\/a><\/p>\n<!-- \/wp:paragraph --><\/span>\n\t\t<\/span>\n\t<\/div>\n<\/div><div class=\"mazz_post attivita\">\n\t<div class=\"mazz_post_generico\">\n\t\t\n\t\t<span class=\"post_txt\">\n\t\t\t<span class=\"info_box\">\n\t\t\t\t<span class=\"info_posttype\"><\/span>\n\t\t\t<\/span>\n\t\t\t<h3 class=\"titolo\">Suisse Shotokan Karat\u00e9 Dojo Brissago<\/h3>\n\t\t\t<span class=\"descrizione\"><!-- wp:paragraph -->\n<p>c\/o Di Resta Giorgio<br>Via R. Leoncavallo 13<br>6614 Brissago<br>Courrier \u00e9lectronique: <a href=\"mailto:giorgiodiresta60@gmail.com\">giorgiodiresta60@gmail.com<\/a><\/p>\n<!-- \/wp:paragraph --><\/span>\n\t\t<\/span>\n\t<\/div>\n<\/div><div class=\"mazz_post attivita\">\n\t<div class=\"mazz_post_generico\">\n\t\t\n\t\t<span class=\"post_txt\">\n\t\t\t<span class=\"info_box\">\n\t\t\t\t<span class=\"info_posttype\"><\/span>\n\t\t\t<\/span>\n\t\t\t<h3 class=\"titolo\">Tennis Club Brissago<\/h3>\n\t\t\t<span class=\"descrizione\"><!-- wp:paragraph -->\n<p>Case postale 740<br>6614 Brissago<br>Courrier \u00e9lectronique: <a href=\"mailto:tcbrissago@gmail.com\">tcbrissago@gmail.com<\/a><br>Web : <a href=\"https:\/\/www.tcbrissago.com\/\" target=\"_blank\" rel=\"noopener\">tcbrissago.ch<\/a><\/p>\n<!-- \/wp:paragraph --><\/span>\n\t\t<\/span>\n\t<\/div>\n<\/div><div class=\"mazz_post attivita\">\n\t<div class=\"mazz_post_generico\">\n\t\t\n\t\t<span class=\"post_txt\">\n\t\t\t<span class=\"info_box\">\n\t\t\t\t<span class=\"info_posttype\"><\/span>\n\t\t\t<\/span>\n\t\t\t<h3 class=\"titolo\">Uni BrissaGolino Dragons<\/h3>\n\t\t\t<span class=\"descrizione\"><!-- wp:paragraph -->\n<p>c\/o Franconi Simone<br>Via Costa di Fuori 7<br>6614 Brissago<br>Courrier \u00e9lectronique: <a href=\"mailto:uni.brissagolino@gmail.com\">uni.brissagolino@gmail.com<\/a><\/p>\n<!-- \/wp:paragraph --><\/span>\n\t\t<\/span>\n\t<\/div>\n<\/div><div class=\"mazz_post attivita\">\n\t<div class=\"mazz_post_generico\">\n\t\t\n\t\t<span class=\"post_txt\">\n\t\t\t<span class=\"info_box\">\n\t\t\t\t<span class=\"info_posttype\"><\/span>\n\t\t\t<\/span>\n\t\t\t<h3 class=\"titolo\">Velo Club Brissago<\/h3>\n\t\t\t<span class=\"descrizione\"><!-- wp:paragraph -->\n<p>C.P. 630<br>6614 Brissago<\/p>\n<!-- \/wp:paragraph --><\/span>\n\t\t<\/span>\n\t<\/div>\n<\/div><div class=\"mazz_post attivita\">\n\t<div class=\"mazz_post_generico\">\n\t\t\n\t\t<span class=\"post_txt\">\n\t\t\t<span class=\"info_box\">\n\t\t\t\t<span class=\"info_posttype\"><\/span>\n\t\t\t<\/span>\n\t\t\t<h3 class=\"titolo\">Verbano Sub Brissago<\/h3>\n\t\t\t<span class=\"descrizione\"><!-- wp:paragraph -->\n<p>Pr\u00e9s. Arrigoni Aris<br>Chemin vers le lac 4<br>6614 Brissago<br>Courrier \u00e9lectronique: <a href=\"mailto:vsb@salvataggio-brissago.ch\">vsb@salvataggio-brissago.ch<\/a><br>Web : <a href=\"https:\/\/www.salvataggio-brissago.ch\/\" target=\"_blank\" rel=\"noopener\">Rescue-brissago.ch<\/a><\/p>\n<!-- \/wp:paragraph --><\/span>\n\t\t<\/span>\n\t<\/div>\n<\/div><div class=\"mazz_post attivita\">\n\t<div class=\"mazz_post_generico\">\n\t\t\n\t\t<span class=\"post_txt\">\n\t\t\t<span class=\"info_box\">\n\t\t\t\t<span class=\"info_posttype\"><\/span>\n\t\t\t<\/span>\n\t\t\t<h3 class=\"titolo\">Yacht Club Brissago<\/h3>\n\t\t\t<span class=\"descrizione\"><!-- wp:paragraph -->\n<p>Case postale 705<br>6614 Brissago<br>De la mafia. +41 79 425 49 33<br>Courrier \u00e9lectronique: <a href=\"mailto:segeln@ycbrissago.ch\">segeln@ycbrissago.ch<\/a><br>Web : <a href=\"https:\/\/www.ycbrissago.ch\/\" target=\"_blank\" rel=\"noopener\">ycbrissago.ch<\/a><\/p>\n<!-- \/wp:paragraph --><\/span>\n\t\t<\/span>\n\t<\/div>\n<\/div><div class=\"mazz-pagination\"><\/div>    <\/div>","protected":false},"excerpt":{"rendered":"","protected":false},"author":1,"featured_media":0,"parent":2,"menu_order":5,"comment_status":"closed","ping_status":"closed","template":"","meta":{"_acf_changed":false,"footnotes":""},"class_list":["post-692","page","type-page","status-publish","hentry"],"acf":[],"_links":{"self":[{"href":"https:\/\/www.brissago.ch\/fr\/wp-json\/wp\/v2\/pages\/692","targetHints":{"allow":["GET"]}}],"collection":[{"href":"https:\/\/www.brissago.ch\/fr\/wp-json\/wp\/v2\/pages"}],"about":[{"href":"https:\/\/www.brissago.ch\/fr\/wp-json\/wp\/v2\/types\/page"}],"author":[{"embeddable":true,"href":"https:\/\/www.brissago.ch\/fr\/wp-json\/wp\/v2\/users\/1"}],"replies":[{"embeddable":true,"href":"https:\/\/www.brissago.ch\/fr\/wp-json\/wp\/v2\/comments?post=692"}],"version-history":[{"count":0,"href":"https:\/\/www.brissago.ch\/fr\/wp-json\/wp\/v2\/pages\/692\/revisions"}],"up":[{"embeddable":true,"href":"https:\/\/www.brissago.ch\/fr\/wp-json\/wp\/v2\/pages\/2"}],"wp:attachment":[{"href":"https:\/\/www.brissago.ch\/fr\/wp-json\/wp\/v2\/media?parent=692"}],"curies":[{"name":"wp","href":"https:\/\/api.w.org\/{rel}","templated":true}]}}