{"id":686,"date":"2025-01-28T10:20:40","date_gmt":"2025-01-28T09:20:40","guid":{"rendered":"https:\/\/www.brissago.ch\/sito\/?page_id=686"},"modified":"2025-05-19T16:18:18","modified_gmt":"2025-05-19T14:18:18","slug":"frazioni","status":"publish","type":"page","link":"https:\/\/www.brissago.ch\/fr\/turismo-tempo-libero\/scopri-brissago\/frazioni\/","title":{"rendered":"Cat\u00e9gorie: Village de Brissago"},"content":{"rendered":"<h2 class=\"wp-block-heading\">Vierge de Ponte et Caregnano<\/h2>\n\n\n\n<figure class=\"wp-block-mazz-immagine mazz-immagine\"><a href=\"https:\/\/www.brissago.ch\/sito\/wp-content\/uploads\/2025\/05\/Madonna_di_Ponte_Caregnano.jpg\" data-lightbox=\"gallery\" data-title=\"\"><picture><source srcset=\"https:\/\/www.brissago.ch\/sito\/wp-content\/uploads\/2025\/05\/Madonna_di_Ponte_Caregnano-800x400.jpg\" media=\"(max-width: 600px)\"\/><source srcset=\"https:\/\/www.brissago.ch\/sito\/wp-content\/uploads\/2025\/05\/Madonna_di_Ponte_Caregnano.jpg\" media=\"(min-width: 601px)\"\/><img decoding=\"async\" src=\"https:\/\/www.brissago.ch\/sito\/wp-content\/uploads\/2025\/05\/Madonna_di_Ponte_Caregnano.jpg\" alt=\"\" title=\"\"><\/picture><\/a><\/figure>\n\n\n\n<p>L'\u00e9glise de la Madonna del Ponte a \u00e9t\u00e9 construite sur le site de l'\u00e9glise du cimeti\u00e8re m\u00e9di\u00e9val, probablement biabsidata. L'architecte \u00e9tait Giovanni Beretta (1526-1528: presbyt\u00e8re, tiburium, ch\u0153ur; 1574-1600 nef). \u00c0 partir de 1590, son fils Pietro ach\u00e8ve la construction avec ses propres plans pour la fa\u00e7ade principale. Le clocher a \u00e9t\u00e9 construit vers 1545 et achev\u00e9 vers 1666; Le mur et le portique du cimeti\u00e8re remontent au d\u00e9but du XVIIe si\u00e8cle (avec une plaque comm\u00e9morative pour Roger et Berthe Leoncavallo, 1996).<\/p>\n\n\n\n<h2 class=\"wp-block-heading\">Piodina<\/h2>\n\n\n\n<figure class=\"wp-block-mazz-immagine mazz-immagine\"><a href=\"https:\/\/www.brissago.ch\/sito\/wp-content\/uploads\/2025\/05\/Piodina-Noveledo-Cadogno-Incella.jpg\" data-lightbox=\"gallery\" data-title=\"\"><picture><source srcset=\"https:\/\/www.brissago.ch\/sito\/wp-content\/uploads\/2025\/05\/Piodina-Noveledo-Cadogno-Incella-800x404.jpg\" media=\"(max-width: 600px)\"\/><source srcset=\"https:\/\/www.brissago.ch\/sito\/wp-content\/uploads\/2025\/05\/Piodina-Noveledo-Cadogno-Incella.jpg\" media=\"(min-width: 601px)\"\/><img decoding=\"async\" src=\"https:\/\/www.brissago.ch\/sito\/wp-content\/uploads\/2025\/05\/Piodina-Noveledo-Cadogno-Incella.jpg\" alt=\"\" title=\"\"><\/picture><\/a><\/figure>\n\n\n\n<p>Le noyau est organis\u00e9 autour de la petite place\/sagrato de l'oratoire de San Macario, avec une croix de granit donn\u00e9e en 1831 par la soci\u00e9t\u00e9 d'\u00e9migrants Piodina. Ce charmant \u00abpoggiolo\u00bb est accessible par une petite route flanqu\u00e9e de grands b\u00e2timents qui s\u2019\u00e9l\u00e8vent par \u00e9tapes sur un terrain tr\u00e8s raide. Il convient de noter les maisons \u00abdegli Angeli\u00bb (1709 et 1728) et Borrani, aujourd\u2019hui Ponti (XVIIIe si\u00e8cle), exemples significatifs d\u2019architecture vallonn\u00e9e du XVIIIe si\u00e8cle.<\/p>\n\n\n\n<h2 class=\"wp-block-heading\">Noveledo<\/h2>\n\n\n\n<p>M\u00eame ce hameau, encore intact jusqu'\u00e0 il y a quelques ann\u00e9es, aurait pu devenir un mus\u00e9e vivant de l'architecture m\u00e9di\u00e9vale de montagne. La structure du village est typique de la r\u00e9gion: En terrasse, avec des ruelles irr\u00e9guli\u00e8rement parall\u00e8les \u00e0 la contradella principale, reli\u00e9es par un terrain dense de rues et d'escaliers qui contournent les maisons pour desservir les diff\u00e9rentes entr\u00e9es.<\/p>\n\n\n\n<h2 class=\"wp-block-heading\">Cadogno<\/h2>\n\n\n\n<p>Cadogno se pr\u00e9sente au visiteur avec une fresque de la fin du XVe ou du d\u00e9but du XVIe si\u00e8cle, visible sur l'une de ses premi\u00e8res maisons. Elle repr\u00e9sente une Vierge intronis\u00e9e entre les saints Antonio Abate et Sebastiano, \u0153uvre qui ne semble appartenir \u00e0 aucun des ateliers des \u00abmadonneri\u00bb rustiques qui travaillaient alors \u00e0 Locarno.<\/p>\n\n\n\n<h2 class=\"wp-block-heading\">Incella<\/h2>\n\n\n\n<figure class=\"wp-block-mazz-immagine mazz-immagine\"><a href=\"https:\/\/www.brissago.ch\/sito\/wp-content\/uploads\/2025\/05\/incella.jpg\" data-lightbox=\"gallery\" data-title=\"\"><picture><source srcset=\"https:\/\/www.brissago.ch\/sito\/wp-content\/uploads\/2025\/05\/incella-800x404.jpg\" media=\"(max-width: 600px)\"\/><source srcset=\"https:\/\/www.brissago.ch\/sito\/wp-content\/uploads\/2025\/05\/incella.jpg\" media=\"(min-width: 601px)\"\/><img decoding=\"async\" src=\"https:\/\/www.brissago.ch\/sito\/wp-content\/uploads\/2025\/05\/incella.jpg\" alt=\"\" title=\"\"><\/picture><\/a><\/figure>\n\n\n\n<p>C'est l'un des hameaux les plus int\u00e9ressants, en particulier dans sa partie centrale, qui pr\u00e9serve les aspects m\u00e9di\u00e9vaux. Ici, il y a de grands b\u00e2timents en pierre et des ruelles \u00e9troites, avec des passages souterrains et des balcons sur de grandes \u00e9tag\u00e8res. L'oratoire des Saints Rocco et Sebastiano est situ\u00e9 dans une position clairement visible dans la courbe de la route et remonte \u00e0 1645-1668. La structure simple, une salle rectangulaire \u00e9troite avec des vo\u00fbtes en croix et des vo\u00fbtes en berceau, contient le tabernacle d'un bel autel en bois du XVIIe si\u00e8cle, sculpt\u00e9 et dor\u00e9, provenant de Madonna di Ponte.<\/p>\n\n\n\n<h2 class=\"wp-block-heading\">Tecetto et Piazza<\/h2>\n\n\n\n<p>En continuant vers la montagne, vous pouvez voir un autre groupe impressionnant de maisons, construites avec des marches en belle pierre brute ferrugineuse dans un cadre angulaire solide, avec des fen\u00eatres et des portes trilithiques de type m\u00e9di\u00e9val tardif.<\/p>\n\n\n\n<h2 class=\"wp-block-heading\">Nevedone<\/h2>\n\n\n\n<figure class=\"wp-block-mazz-immagine mazz-immagine\"><a href=\"https:\/\/www.brissago.ch\/sito\/wp-content\/uploads\/2025\/05\/Nevedone.jpg\" data-lightbox=\"gallery\" data-title=\"\"><picture><source srcset=\"https:\/\/www.brissago.ch\/sito\/wp-content\/uploads\/2025\/05\/Nevedone-800x404.jpg\" media=\"(max-width: 600px)\"\/><source srcset=\"https:\/\/www.brissago.ch\/sito\/wp-content\/uploads\/2025\/05\/Nevedone.jpg\" media=\"(min-width: 601px)\"\/><img decoding=\"async\" src=\"https:\/\/www.brissago.ch\/sito\/wp-content\/uploads\/2025\/05\/Nevedone.jpg\" alt=\"\" title=\"\"><\/picture><\/a><\/figure>\n\n\n\n<p>Nevedone est le premier village que vous rencontrez lorsque vous remontez la c\u00f4te depuis la route ext\u00e9rieure qui commence un peu apr\u00e8s Porto Ronco. Vous pouvez \u00e9galement l'atteindre depuis la route qui monte du centre de Brissago et qui suit l'ancienne piste muleti\u00e8re.<\/p>\n\n\n\n<h2 class=\"wp-block-heading\">Rossorino<\/h2>\n\n\n\n<p>La valeur architecturale urbaine de cette petite ville vallonn\u00e9e r\u00e9side dans son noyau central, autour d'une place miniature avec quatre chemins et des rampes aux coins.<\/p>\n\n\n\n<h2 class=\"wp-block-heading\">Porte<\/h2>\n\n\n\n<p>Le hameau s'\u00e9tend en amont du petit plateau sur lequel l'oratoire de San Bartolomeo a \u00e9t\u00e9 construit au Moyen \u00c2ge. \u00c9galement dans ce village sont encore visibles des traces m\u00e9di\u00e9vales (archives, fen\u00eatres trilithiques, la peinture d'une Madone intronis\u00e9e de la fin du XVe si\u00e8cle).<\/p>\n\n\n\n<h2 class=\"wp-block-heading\">Gadero<\/h2>\n\n\n\n<p>Le petit village lumineux est principalement d'origine du XVIIIe si\u00e8cle, une \u00e9poque encore inadapt\u00e9e dans certains b\u00e2timents \u00e0 c\u00f4t\u00e9 de la place \/ cimeti\u00e8re. L'oratoire de la Madonna delle Grazie remonte au d\u00e9but du XIXe si\u00e8cle et a \u00e9t\u00e9 cr\u00e9\u00e9 comme une fondation priv\u00e9e pour la famille Baccal\u00e0, qui poss\u00e9dait plusieurs maisons et terrains dans la m\u00eame localit\u00e9 \u00e0 l'\u00e9poque.<\/p>\n\n\n\n<h2 class=\"wp-block-heading\">Caccio et Cartogna<\/h2>\n\n\n\n<p>Ce sont deux autres tr\u00e8s jolis petits hameaux situ\u00e9s sur la c\u00f4te int\u00e9rieure.<\/p>\n\n\n\n<h2 class=\"wp-block-heading\">\u00eeles<\/h2>\n\n\n\n<figure class=\"wp-block-mazz-immagine mazz-immagine\"><a href=\"https:\/\/www.brissago.ch\/sito\/wp-content\/uploads\/2025\/05\/isole-brissago.jpg\" data-lightbox=\"gallery\" data-title=\"\"><picture><source srcset=\"https:\/\/www.brissago.ch\/sito\/wp-content\/uploads\/2025\/05\/isole-brissago-800x404.jpg\" media=\"(max-width: 600px)\"\/><source srcset=\"https:\/\/www.brissago.ch\/sito\/wp-content\/uploads\/2025\/05\/isole-brissago.jpg\" media=\"(min-width: 601px)\"\/><img decoding=\"async\" src=\"https:\/\/www.brissago.ch\/sito\/wp-content\/uploads\/2025\/05\/isole-brissago.jpg\" alt=\"\" title=\"\"><\/picture><\/a><\/figure>\n\n\n\n<p>Baign\u00e9es dans les eaux internationales, prot\u00e9g\u00e9es par les montagnes alpines et embrass\u00e9es par le soleil, ces \u00eeles magnifiques permettent au visiteur de faire le tour du monde en quatre \u00e9tapes. Le parc botanique offre plus de 1500 esp\u00e8ces diff\u00e9rentes de fleurs et de plantes de la M\u00e9diterran\u00e9e, de l'Asie subtropicale, de l'Afrique du Sud, du Nord, du Centre, de l'Am\u00e9rique du Sud, de l'Australie et du Japon. Tout cela sur une superficie de seulement 2,5 hectares. Les visites guid\u00e9es vous permettent de vous rapprocher et de d\u00e9couvrir le monde des plantes. <\/p>\n\n\n\n<p>Au deuxi\u00e8me \u00e9tage de la Villa Emden, cependant, vous pouvez suivre des conf\u00e9rences, organiser des banquets, des ap\u00e9ritifs et des mariages, gr\u00e2ce \u00e0 la pr\u00e9sence d'un poste d'amarrage pour bateaux priv\u00e9s.<\/p>\n\n\n\n<p>Pour plus d'informations sur les \u00eeles de Brissago: <a href=\"http:\/\/www.isoledibrissago.ti.ch\" target=\"_blank\" data-type=\"link\" data-id=\"www.isoledibrissago.ti.ch\" rel=\"noreferrer noopener\">www.isoledibrissago.ti.ch<\/a><\/p>","protected":false},"excerpt":{"rendered":"<p>Madonna di Ponte e Caregnano L'\u00e9glise de Madonna del Ponte a \u00e9t\u00e9 construite sur le site de l'\u00e9glise du cimeti\u00e8re m\u00e9di\u00e9val, probablement biabsidata. L'architecte \u00e9tait Giovanni Beretta (1526-1528: presbyt\u00e8re, tiburium, ch\u0153ur; 1574-1600 nef). \u00c0 partir de 1590, son fils Pietro ach\u00e8ve la construction avec ses propres plans pour la fa\u00e7ade principale. Le clocher a \u00e9t\u00e9 construit en [...]<\/p>","protected":false},"author":1,"featured_media":3341,"parent":888,"menu_order":5,"comment_status":"closed","ping_status":"closed","template":"","meta":{"_acf_changed":false,"footnotes":""},"class_list":["post-686","page","type-page","status-publish","has-post-thumbnail","hentry"],"acf":[],"_links":{"self":[{"href":"https:\/\/www.brissago.ch\/fr\/wp-json\/wp\/v2\/pages\/686","targetHints":{"allow":["GET"]}}],"collection":[{"href":"https:\/\/www.brissago.ch\/fr\/wp-json\/wp\/v2\/pages"}],"about":[{"href":"https:\/\/www.brissago.ch\/fr\/wp-json\/wp\/v2\/types\/page"}],"author":[{"embeddable":true,"href":"https:\/\/www.brissago.ch\/fr\/wp-json\/wp\/v2\/users\/1"}],"replies":[{"embeddable":true,"href":"https:\/\/www.brissago.ch\/fr\/wp-json\/wp\/v2\/comments?post=686"}],"version-history":[{"count":0,"href":"https:\/\/www.brissago.ch\/fr\/wp-json\/wp\/v2\/pages\/686\/revisions"}],"up":[{"embeddable":true,"href":"https:\/\/www.brissago.ch\/fr\/wp-json\/wp\/v2\/pages\/888"}],"wp:featuredmedia":[{"embeddable":true,"href":"https:\/\/www.brissago.ch\/fr\/wp-json\/wp\/v2\/media\/3341"}],"wp:attachment":[{"href":"https:\/\/www.brissago.ch\/fr\/wp-json\/wp\/v2\/media?parent=686"}],"curies":[{"name":"wp","href":"https:\/\/api.w.org\/{rel}","templated":true}]}}