{"id":685,"date":"2025-01-28T10:20:06","date_gmt":"2025-01-28T09:20:06","guid":{"rendered":"https:\/\/www.brissago.ch\/sito\/?page_id=685"},"modified":"2025-03-18T16:36:49","modified_gmt":"2025-03-18T15:36:49","slug":"storia-di-brissago","status":"publish","type":"page","link":"https:\/\/www.brissago.ch\/fr\/comune\/storia-di-brissago\/","title":{"rendered":"Histoire de Brissago"},"content":{"rendered":"<h2 class=\"wp-block-heading\">Armoiries<\/h2>\n\n\n\n<figure class=\"wp-block-mazz-immagine mazz-immagine small\"><a href=\"https:\/\/www.brissago.ch\/sito\/wp-content\/uploads\/2025\/03\/stemma_brissago_01.jpg\" data-lightbox=\"gallery\" data-title=\"Blasonatura: D'argento, alla croce di rosso, accompagnata nel canton franco da un San Giorgio al naturale, montato su un cavallo bianco, atterrante un drago di verde.\"><picture><source srcset=\"https:\/\/www.brissago.ch\/sito\/wp-content\/uploads\/2025\/03\/stemma_brissago_01-667x800.jpg\" media=\"(max-width: 600px)\"\/><source srcset=\"https:\/\/www.brissago.ch\/sito\/wp-content\/uploads\/2025\/03\/stemma_brissago_01.jpg\" media=\"(min-width: 601px)\"\/><img decoding=\"async\" src=\"https:\/\/www.brissago.ch\/sito\/wp-content\/uploads\/2025\/03\/stemma_brissago_01.jpg\" alt=\"\" title=\"\"><\/picture><\/a><figcaption class=\"mazz-immagine-didascalia\"><span>Blanking : Argent, \u00e0 la croix rouge, accompagn\u00e9 dans le canton libre par un saint Georges naturel, mont\u00e9 sur un cheval blanc, d\u00e9barquant un dragon vert.<\/span><\/figcaption><\/figure>\n\n\n\n<p>Brissago appartient aux rangs des municipalit\u00e9s qui peuvent se vanter d'une histoire qui leur est propre. Les \u00e9v\u00e9nements du village surplombant la rive droite du Verbano constituent \u00e0 bien des \u00e9gards un cas en soi, un unicum de l'historiographie locale.<\/p>\n\n\n\n<p>Deux des chapitres les plus significatifs de cette histoire sont plac\u00e9s sur la banni\u00e8re adopt\u00e9e par la municipalit\u00e9 en 1903 \u00e0 l'occasion du premier centenaire de l'autonomie du canton du Tessin.<\/p>\n\n\n\n<p>La premi\u00e8re est symbolis\u00e9e par une grande croix rouge: C'est le nom de la municipalit\u00e9 de Milan, dont le domaine Brissago a \u00e9t\u00e9 soumis au Moyen \u00c2ge. En fait, \u00e0 partir du milieu du XIVe si\u00e8cle, les Visconti incluaient les Locarnese dans leur sph\u00e8re d'influence.<\/p>\n\n\n\n<p>Au d\u00e9but du XVIe si\u00e8cle, les Suisses, appel\u00e9s en Italie par les guerres franco-espagnoles, conquirent Locarno, occupant \u00e9galement le village sur le lac Majeur.<\/p>\n\n\n\n<p>Alors que le bailliage de Locarno a finalement \u00e9t\u00e9 reconnu aux Suisses en 1516, des ann\u00e9es d'incertitude ont encore suivi pour la R\u00e9publique de Brissago. Les doutes ont \u00e9t\u00e9 dissip\u00e9s le jour de la Saint-Georges (24 avril) en 1521, lorsque Brissago a d\u00e9cid\u00e9 de se mettre sous la protection des douze cantons suisses. Cet acte de d\u00e9vouement volontaire a marqu\u00e9 le destin historique de la communaut\u00e9: avec raison, donc, les armoiries municipales montrent la figure de Saint-Georges, qui rappelle le jour o\u00f9 Brissago a quitt\u00e9 l'orbite milanaise pour entrer d\u00e9finitivement dans l'orbite suisse.<\/p>\n\n\n\n<div class=\"wp-block-mazz-spazio mazz-spazio minimo\"><\/div>\n\n\n\n<h2 class=\"wp-block-heading\">Histoire<\/h2>\n\n\n\n<p>D\u00e9j\u00e0 vers l'an 1000 avant JC, \u00e0 Brissago, nous trouvons la premi\u00e8re intervention humaine dans le travail de terrassement du territoire. Parmi les populations qui, dans les temps anciens, habitaient cette r\u00e9gion, nous pouvons compter les Liguriens et les Celtes, qui avaient des \u00e9tablissements humains d'une certaine importance. Avec les Romains, il y a eu un changement de civilisation et l'introduction de cultures (vin, ch\u00e2taigne, noix, ...) qui ont ensuite profond\u00e9ment d\u00e9termin\u00e9 l'\u00e9conomie du pays.<\/p>\n\n\n\n<p>Au d\u00e9but du Moyen \u00c2ge, sur le mod\u00e8le de ce qui s'est pass\u00e9 dans la Padanie voisine, des formes de gouvernement ont \u00e9t\u00e9 cr\u00e9\u00e9es sur le mod\u00e8le de celles des municipalit\u00e9s italiennes.<\/p>\n\n\n\n<p>Avec l'\u00e2ge f\u00e9odal et la municipalit\u00e9 rustique, Brissago s'est donn\u00e9 ses premi\u00e8res structures juridiques (statuts rustiques) et religieuses (s\u00e9paration de la Pieve di Cannobio). La propri\u00e9t\u00e9 et l'exploitation de la terre (quartier) \u00e9taient collectives, respectivement la d\u00e9signation des dirigeants politiques (la podest\u00e0, les consuls, la croyance) a eu lieu sur rendez-vous d'en bas. Bien qu'il existe des liens \u00e9troits avec la Pieve Ambrosiana di Cannobio, l'autonomie juridique et institutionnelle est garantie par les statuts.<\/p>\n\n\n\n<p>La naissance d'une premi\u00e8re bourgeoisie locale a donn\u00e9 une forte impulsion au commerce, \u00e0 la fabrication, \u00e0 l'art et \u00e0 la culture. Ce d\u00e9veloppement rapide des activit\u00e9s \u00e9conomiques du village ne manquait pas de nouveaux d\u00e9bouch\u00e9s en direction des march\u00e9s de Milan.<\/p>\n\n\n\n<p>Au XVIe si\u00e8cle, avec l'effondrement des Sforza et \u00e0 la suite des guerres d'Italie, deux fractions rivales ont \u00e9t\u00e9 cr\u00e9\u00e9es \u00e0 Brissago: le parti milanais et le parti suisse.<\/p>\n\n\n\n<p>Avec le vide de pouvoir laiss\u00e9 par le duch\u00e9 de Milan en plein d\u00e9clin, Brissago ouvrit la possibilit\u00e9 de se donner des ordres r\u00e9publicains (1515-1521). Malheureusement, les dures luttes intestines, habilement foment\u00e9es par ceux qui voulaient subjuguer la communaut\u00e9 de Brissaghese, ont conduit \u00e0 de graves destructions et \u00e0 de nombreux deuils.<\/p>\n\n\n\n<p>Pour mettre fin \u00e0 cette situation difficile, le jour de la Saint-Georges en 1521, les Brissaghesi pr\u00eat\u00e8rent all\u00e9geance aux Suisses, qui reconnaissaient \u00e0 leur tour la valeur juridique des statuts du village.<\/p>\n\n\n\n<p>Au XVIIe si\u00e8cle, Brissago, r\u00e9duite au minimum, s'est av\u00e9r\u00e9e \u00eatre une terre s\u00e9par\u00e9e au Bailliage de Locarno. De toute \u00e9vidence, pour des raisons politiques et \u00e9conomiques, l'opposition avec la municipalit\u00e9 de Locarno a commenc\u00e9 \u00e0 se faire sentir. M\u00eame l'administration des Suisses n'\u00e9tait souvent pas la plus heureuse, cr\u00e9ant des querelles et des affrontements avec le p\u00f4le r\u00e9gional. Dans ce contexte, se sont form\u00e9es quelques familles de notaires dont l'engagement administratif a maintenu vivantes les traditions libertaires de la communaut\u00e9 Brissaghese.<\/p>\n\n\n\n<p>Avec le dix-huiti\u00e8me si\u00e8cle, le commerce a pris un nouveau d\u00e9veloppement et \u00e0 la fin du si\u00e8cle, les id\u00e9es de la R\u00e9volution fran\u00e7aise n'ont pas manqu\u00e9 d'enflammer l'esprit de nos citoyens. Cependant, en assembl\u00e9e publique, les Brissaghesi ont d\u00e9cid\u00e9 d\u00e9mocratiquement de rester avec les Suisses.<\/p>\n\n\n\n<p>Le XIXe si\u00e8cle, avec le capitalisme industriel et les premiers d\u00e9veloppements de l'industrie touristique, a ouvert de nouveaux horizons. Apr\u00e8s la naissance et les bouleversements de la R\u00e9publique helv\u00e9tique, en fait, m\u00eame le Tessin (1803) a pris sa disposition moderne de canton.<\/p>\n\n\n\n<p>Avec la naissance de l'\u00c9tat conf\u00e9d\u00e9ral, peu \u00e0 peu, les partis politiques ont commenc\u00e9 \u00e0 s'affirmer.<\/p>\n\n\n\n<p>C'est aussi le temps des grandes \u00e9migrations vers de nouveaux continents, caus\u00e9es par la situation \u00e9conomique difficile. Du point de vue de la politique \u00e9trang\u00e8re, les guerres du Risorgimento italien suscitent non seulement de grandes sympathies (Carbonari et Mazziniani), mais aussi un soutien direct des Brissaghesi aux Garibaldini.<\/p>\n\n\n\n<p>\u00c0 la fin du si\u00e8cle a \u00e9galement \u00e9t\u00e9 fond\u00e9e la Tobacco Factory, une industrie motrice du village, un signe tangible de l'\u00e8re industrielle naissante.<\/p>\n\n\n\n<p>Le XXe si\u00e8cle a vu l'\u00e9mergence de l'industrie h\u00f4teli\u00e8re avec la construction du Grand H\u00f4tel (1907), de l'H\u00f4tel Brenscino (1913), etc., ce qui signifiait que les lieux \u00e9taient tr\u00e8s attrayants pour les touristes.<\/p>\n\n\n\n<p>Sur cette impulsion positive, une vie culturelle s'est d\u00e9velopp\u00e9e qui, chez des gens comme Roger Leoncavallo (citoyen d'honneur en 1904), a trouv\u00e9 l'un de ses dirigeants.<\/p>\n\n\n\n<div class=\"wp-block-mazz-spazio mazz-spazio normale\"><\/div>\n\n\n\n<div class=\"wp-block-mazz-pulsante mazz-pulsante\"><a href=\"https:\/\/www.brissago.ch\/fr\/sito\/turismo-tempo-libero\/scopri-brissago\/\" class=\"mazz-anchor\">D\u00e9couvrez Brissago<\/a><\/div>","protected":false},"excerpt":{"rendered":"<p>Armoiries Brissago appartient aux rangs des municipalit\u00e9s qui peuvent se vanter d'une histoire qui leur est propre. Les \u00e9v\u00e9nements du village surplombant la rive droite du Verbano constituent \u00e0 bien des \u00e9gards un cas en soi, un unicum de l'historiographie locale. Deux chapitres, parmi les plus significatifs, de cette histoire sont cousus sur la banni\u00e8re [...]<\/p>","protected":false},"author":1,"featured_media":0,"parent":2,"menu_order":3,"comment_status":"closed","ping_status":"closed","template":"","meta":{"_acf_changed":false,"footnotes":""},"class_list":["post-685","page","type-page","status-publish","hentry"],"acf":[],"_links":{"self":[{"href":"https:\/\/www.brissago.ch\/fr\/wp-json\/wp\/v2\/pages\/685","targetHints":{"allow":["GET"]}}],"collection":[{"href":"https:\/\/www.brissago.ch\/fr\/wp-json\/wp\/v2\/pages"}],"about":[{"href":"https:\/\/www.brissago.ch\/fr\/wp-json\/wp\/v2\/types\/page"}],"author":[{"embeddable":true,"href":"https:\/\/www.brissago.ch\/fr\/wp-json\/wp\/v2\/users\/1"}],"replies":[{"embeddable":true,"href":"https:\/\/www.brissago.ch\/fr\/wp-json\/wp\/v2\/comments?post=685"}],"version-history":[{"count":0,"href":"https:\/\/www.brissago.ch\/fr\/wp-json\/wp\/v2\/pages\/685\/revisions"}],"up":[{"embeddable":true,"href":"https:\/\/www.brissago.ch\/fr\/wp-json\/wp\/v2\/pages\/2"}],"wp:attachment":[{"href":"https:\/\/www.brissago.ch\/fr\/wp-json\/wp\/v2\/media?parent=685"}],"curies":[{"name":"wp","href":"https:\/\/api.w.org\/{rel}","templated":true}]}}