{"id":675,"date":"2025-01-28T10:00:56","date_gmt":"2025-01-28T09:00:56","guid":{"rendered":"https:\/\/www.brissago.ch\/sito\/?page_id=675"},"modified":"2025-12-18T08:32:59","modified_gmt":"2025-12-18T07:32:59","slug":"consiglio-comunale","status":"publish","type":"page","link":"https:\/\/www.brissago.ch\/fr\/comune\/amministrazione\/consiglio-comunale\/","title":{"rendered":"Conseil municipal (homonymie)"},"content":{"rendered":"<p>Le conseil municipal de Brissago est l'organe l\u00e9gislatif de la municipalit\u00e9 et repr\u00e9sente les citoyens dans les d\u00e9cisions concernant la gestion et le d\u00e9veloppement du territoire. Il traite de l'approbation du budget et des comptes d\u00e9finitifs, des r\u00e8glements municipaux et d'autres questions d'int\u00e9r\u00eat public. Les membres du Conseil sont \u00e9lus par la population et exercent leur mandat conform\u00e9ment \u00e0 la r\u00e9glementation en vigueur. Dans cette section, vous trouverez des informations sur ses comp\u00e9tences, sa composition et ses sessions.<\/p>\n\n\n\n<h2 class=\"wp-block-heading\">Membres du conseil municipal<\/h2>\n\n\n\n<p><strong>Pr\u00e9sident(e):<\/strong> Branchini Taira<\/p>\n\n\n\n<p><strong>Le vice-pr\u00e9sident:<\/strong> Ramoni Stefano<br><strong>Le vice-pr\u00e9sident:<\/strong> Pont de Manuela<\/p>\n\n\n\n<p><strong>L'enqu\u00eateur:<\/strong> Andreoli Clayton<br><strong>II Enqu\u00eateur:<\/strong> Franconi Simone<\/p>\n\n\n\n<p><strong>Membres :<\/strong><br>Bui Brian<br>Catenazzi Francesca<br>Chiappini Michela<br>Mario Courts<br>Dellamora Ivan<br>Gallotti Davide<br>Gallotti Flavio<br>Hofer Roland<br>Jankovic Miodrag<br>Jelmoni Claudio<br>Kuchler Patrick<br>Majno Pietro<br>Pagani Patrick<br>Schoetzau Thomas<br>Wilson Aline<\/p>\n\n\n\n<h2 class=\"wp-block-heading\">Commissions et consortiums<\/h2>\n\n\n\n<h3 class=\"wp-block-heading\">Comit\u00e9 de gestion<\/h3>\n\n\n\n<p>Ponts Manuela (PLR)<br>Gallotti Davide (PLR)<br>Ramoni Stefano (UDC)<br>Branchini Taira (PSB et Green Red Area)<br>Corti Mario (Groupe mixte Le Civic Center-Choice)<\/p>\n\n\n\n<p><strong>Suppl\u00e9ants:<\/strong><br>Hofer Roland (PLR)<br>Schoetzau Thomas (UDC)<br>Pagani Patrick (PSB et Green Red Area)<br>Jankovic Miodrag (Groupe mixte The Civic Center-Choice)<\/p>\n\n\n\n<h3 class=\"wp-block-heading\">Commission de la l\u00e9gislation<\/h3>\n\n\n\n<p>Wilson Aline (PLR)<br>Hofer Roland (PLR)<br>Andreoli Clayton (UDC)<br>Majno Pietro (PSB et Green Red Area)<br>Jelmoni Claudio (Groupe mixte Il Centro-Scelta Civica)<\/p>\n\n\n\n<p><strong>Suppl\u00e9ants:<\/strong><br>Franconi Simone (PLR)<br>Catenazzi Francesca (UDC)<br>Gallotti Flavio (PSB et Green Red Area)<br>Dellamora Ivan (Groupe mixte Le choix du centre civique)<\/p>\n\n\n\n<h3 class=\"wp-block-heading\">Commission de la construction et du plan r\u00e9glementaire<\/h3>\n\n\n\n<p>Franconi Simone (PLR)<br>Bui Brian (PLR)<br>Schoetzau Thomas (UDC)<br>Pagani Patrick (PSB et Green Red Area)<br>Dellamora Ivan (Groupe mixte Le choix du centre civique)<\/p>\n\n\n\n<p><strong>Suppl\u00e9ants:<\/strong><br>Gallotti Davide (PLR)<br>Chiappini Michela (UDC)<br>Zanini Gianfranco (PSB et Red Green Area)<br>Corti Mario (Groupe mixte Le Civic Center-Choice)<\/p>\n\n\n\n<h3 class=\"wp-block-heading\">Consortium de purification de l'eau de Verbano (CDV)<\/h3>\n\n\n\n<p>D\u00e9l\u00e9gu\u00e9: Ramoni Stefano<br>Suppl\u00e9ant: Gallotti Flavio<\/p>\n\n\n\n<h3 class=\"wp-block-heading\">Consortium pour le nettoyage des rives et de la masse d'eau du lac Verbano<\/h3>\n\n\n\n<p>D\u00e9l\u00e9gu\u00e9: Wilson Aline<br>Suppl\u00e9ant: Andreoli Clayton<\/p>\n\n\n\n<h3 class=\"wp-block-heading\">Association d'Assistance et de Soins \u00e0 Domicile de Locarno et Valmaggese (ALVAD)<\/h3>\n\n\n\n<p>D\u00e9l\u00e9gu\u00e9: Jankovic Miodrag<br>Suppl\u00e9ant: Ivanova Milena<\/p>\n\n\n\n<h3 class=\"wp-block-heading\">Service ambulancier de Locarno et Valli (SALVA)<\/h3>\n\n\n\n<p>D\u00e9l\u00e9gu\u00e9: Ivanova Milena<br>Suppl\u00e9ant: Wilson Aline<\/p>\n\n\n\n<h3 class=\"wp-block-heading\">Consortium d'h\u00e9bergement torrent Crodolo<\/h3>\n\n\n\n<p>D\u00e9l\u00e9gu\u00e9: Catenazzi Francesca<br>Suppl\u00e9ant: Hofer Roland<\/p>\n\n\n\n<h3 class=\"wp-block-heading\">le Consortium protection civile Locarno et Vallemaggia<\/h3>\n\n\n\n<p>D\u00e9l\u00e9gu\u00e9: Dellamora Ivan<br>Suppl\u00e9ant: Gallotti Flavio<\/p>\n\n\n\n<h3 class=\"wp-block-heading\">Centre r\u00e9gional de baignade SA (CBR)<\/h3>\n\n\n\n<p>D\u00e9l\u00e9gu\u00e9: Solari Fabio<br>Suppl\u00e9ant: Schoetzau Thomas<\/p>\n\n\n\n<h3 class=\"wp-block-heading\">Cardada Impianti Turistici SA (CIT)<\/h3>\n\n\n\n<p>D\u00e9l\u00e9gu\u00e9: Bellani Isabella<br>Suppl\u00e9ant: Jelmoni Claudio<\/p>\n\n\n\n<h3 class=\"wp-block-heading\">Societ\u00e0 Elettrica Sopracenerina (SES)<\/h3>\n\n\n\n<p>D\u00e9l\u00e9gu\u00e9: Veronica Marcacci Rossi<br>Suppl\u00e9ant: Fabio Solari<\/p>\n\n\n\n<h3 class=\"wp-block-heading\">Kursaal Locarno SA<\/h3>\n\n\n\n<p>D\u00e9l\u00e9gu\u00e9: Schoetzau Thomas<br>Suppl\u00e9ant: Solari Fabio<\/p>","protected":false},"excerpt":{"rendered":"<p>Le conseil municipal est l'organe l\u00e9gislatif qui approuve les r\u00e8glements, les budgets et les d\u00e9cisions strat\u00e9giques de la municipalit\u00e9.<\/p>","protected":false},"author":1,"featured_media":0,"parent":509,"menu_order":2,"comment_status":"closed","ping_status":"closed","template":"","meta":{"_acf_changed":false,"footnotes":""},"class_list":["post-675","page","type-page","status-publish","hentry"],"acf":[],"_links":{"self":[{"href":"https:\/\/www.brissago.ch\/fr\/wp-json\/wp\/v2\/pages\/675","targetHints":{"allow":["GET"]}}],"collection":[{"href":"https:\/\/www.brissago.ch\/fr\/wp-json\/wp\/v2\/pages"}],"about":[{"href":"https:\/\/www.brissago.ch\/fr\/wp-json\/wp\/v2\/types\/page"}],"author":[{"embeddable":true,"href":"https:\/\/www.brissago.ch\/fr\/wp-json\/wp\/v2\/users\/1"}],"replies":[{"embeddable":true,"href":"https:\/\/www.brissago.ch\/fr\/wp-json\/wp\/v2\/comments?post=675"}],"version-history":[{"count":1,"href":"https:\/\/www.brissago.ch\/fr\/wp-json\/wp\/v2\/pages\/675\/revisions"}],"predecessor-version":[{"id":5609,"href":"https:\/\/www.brissago.ch\/fr\/wp-json\/wp\/v2\/pages\/675\/revisions\/5609"}],"up":[{"embeddable":true,"href":"https:\/\/www.brissago.ch\/fr\/wp-json\/wp\/v2\/pages\/509"}],"wp:attachment":[{"href":"https:\/\/www.brissago.ch\/fr\/wp-json\/wp\/v2\/media?parent=675"}],"curies":[{"name":"wp","href":"https:\/\/api.w.org\/{rel}","templated":true}]}}