{"id":5589,"date":"2025-12-10T09:00:07","date_gmt":"2025-12-10T08:00:07","guid":{"rendered":"https:\/\/www.brissago.ch\/?page_id=5589"},"modified":"2026-01-29T13:44:12","modified_gmt":"2026-01-29T12:44:12","slug":"tour-isole-brissago","status":"publish","type":"page","link":"https:\/\/www.brissago.ch\/fr\/mappa\/tour-isole-brissago\/","title":{"rendered":"Tour des \u00eeles de Brissago"},"content":{"rendered":"<p>Si vous n'avez pas \u00e9t\u00e9 automatiquement redirig\u00e9 vers la page de destination, utilisez le lien ci-dessous.<\/p>\n\n\n\n<div class=\"wp-block-mazz-link mazz-link external\"><a href=\"https:\/\/www.isoledibrissago.ti.ch\/it\/attivita-e-eventi\/visite-guidate\" class=\"mazz-anchor external\" target=\"_blank\" rel=\"noopener noreferrer\"><i>\n    <svg class=\"mazz_icon link_ext\" xmlns=\"http:\/\/www.w3.org\/2000\/svg\" viewbox=\"0 0 30 30\"><path d=\"M24,11.06c-.28,0-.5.22-.5.5v8.87c0,1.69-1.37,3.06-3.06,3.06h-10.87c-1.69,0-3.06-1.38-3.06-3.06v-10.87c0-1.69,1.37-3.06,3.06-3.06h8.87c.28,0,.5-.22.5-.5s-.22-.5-.5-.5h-8.87c-2.24,0-4.06,1.82-4.06,4.06v10.87c0,2.24,1.82,4.06,4.06,4.06h10.87c2.24,0,4.06-1.82,4.06-4.06v-8.87c0-.28-.22-.5-.5-.5Z\"><\/path><path d=\"M29.2,1.37c-.1-.25-.3-.44-.54-.54-.12-.05-.25-.08-.38-.08h-13.4c-.55,0-1,.45-1,1s.45,1,1,1h10.99l-14.66,14.66c-.39.39-.39,1.02,0,1.41.2.2.45.29.71.29s.51-.1.71-.29l14.66-14.66v10.99c0,.55.45,1,1,1s1-.45,1-1V1.76c0-.13-.03-.26-.08-.38Z\"><\/path><\/svg><\/i>Visites guid\u00e9es des \u00eeles Brissago<\/a><\/div>","protected":false},"excerpt":{"rendered":"<p>Si vous n'avez pas \u00e9t\u00e9 automatiquement redirig\u00e9 vers la page de destination, utilisez le lien ci-dessous.<\/p>","protected":false},"author":1,"featured_media":5777,"parent":5585,"menu_order":2,"comment_status":"closed","ping_status":"closed","template":"","meta":{"_acf_changed":false,"footnotes":""},"class_list":["post-5589","page","type-page","status-publish","has-post-thumbnail","hentry"],"acf":[],"_links":{"self":[{"href":"https:\/\/www.brissago.ch\/fr\/wp-json\/wp\/v2\/pages\/5589","targetHints":{"allow":["GET"]}}],"collection":[{"href":"https:\/\/www.brissago.ch\/fr\/wp-json\/wp\/v2\/pages"}],"about":[{"href":"https:\/\/www.brissago.ch\/fr\/wp-json\/wp\/v2\/types\/page"}],"author":[{"embeddable":true,"href":"https:\/\/www.brissago.ch\/fr\/wp-json\/wp\/v2\/users\/1"}],"replies":[{"embeddable":true,"href":"https:\/\/www.brissago.ch\/fr\/wp-json\/wp\/v2\/comments?post=5589"}],"version-history":[{"count":3,"href":"https:\/\/www.brissago.ch\/fr\/wp-json\/wp\/v2\/pages\/5589\/revisions"}],"predecessor-version":[{"id":5783,"href":"https:\/\/www.brissago.ch\/fr\/wp-json\/wp\/v2\/pages\/5589\/revisions\/5783"}],"up":[{"embeddable":true,"href":"https:\/\/www.brissago.ch\/fr\/wp-json\/wp\/v2\/pages\/5585"}],"wp:featuredmedia":[{"embeddable":true,"href":"https:\/\/www.brissago.ch\/fr\/wp-json\/wp\/v2\/media\/5777"}],"wp:attachment":[{"href":"https:\/\/www.brissago.ch\/fr\/wp-json\/wp\/v2\/media?parent=5589"}],"curies":[{"name":"wp","href":"https:\/\/api.w.org\/{rel}","templated":true}]}}