{"id":5587,"date":"2025-12-10T09:00:38","date_gmt":"2025-12-10T08:00:38","guid":{"rendered":"https:\/\/www.brissago.ch\/?page_id=5587"},"modified":"2026-01-29T12:43:49","modified_gmt":"2026-01-29T11:43:49","slug":"sulla-soglia-di-brissago","status":"publish","type":"page","link":"https:\/\/www.brissago.ch\/fr\/mappa\/sulla-soglia-di-brissago\/","title":{"rendered":"Au seuil de Brissago"},"content":{"rendered":"<h3 class=\"wp-block-heading\">Itin\u00e9raire historique-paysagiste<\/h3>\n\n\n\n<p>Cet itin\u00e9raire de paysage historique veut mettre en valeur les beaut\u00e9s architecturales et paysag\u00e8res de Brissago. Il raconte \u00e9galement l'histoire et les \u00e9v\u00e9nements des illustres personnes qui y ont v\u00e9cu et passe en revue les \u00e9v\u00e9nements importants et \/ ou curieux qui s'y sont produits. Le texte introductif invite le visiteur \u00e0 se d\u00e9tendre, \u00e0 m\u00e9diter, \u00e0 se d\u00e9tacher du stress quotidien, \u00e0 s'immerger dans les beaut\u00e9s environnantes. Au seuil de Brissago, un visiteur peut d\u00e9couvrir un village avec toutes ses particularit\u00e9s et s'y red\u00e9couvrir.<\/p>\n\n\n\n<blockquote class=\"wp-block-quote is-layout-flow wp-block-quote-is-layout-flow\">\n<p>La randonn\u00e9e circulaire couvre 5 km avec une diff\u00e9rence de hauteur de 170 m et un temps de trajet de 1,5 \u00e0 2 heures.<\/p>\n<\/blockquote>\n\n\n\n<p><strong>T\u00e9l\u00e9chargez le livret de l\u2019itin\u00e9raire \u00ab Au seuil de Brissago \u00bb :<\/strong><\/p>\n\n\n\n<div class=\"wp-block-group is-nowrap is-layout-flex wp-container-core-group-is-layout-6c531013 wp-block-group-is-layout-flex\">\n<div class=\"wp-block-mazz-link mazz-link download\"><a href=\"https:\/\/www.brissago.ch\/fr\/files\/Brissago_-_Libretto_-_IT.pdf\/\" class=\"mazz-anchor download\" target=\"_blank\" rel=\"noopener noreferrer\"><i>\n    <svg class=\"mazz_icon download\" xmlns=\"http:\/\/www.w3.org\/2000\/svg\" viewbox=\"0 0 30 30\"><path d=\"M28,20.26c-.28,0-.5.22-.5.5v2.87c0,1.69-1.38,3.06-3.06,3.06H5.56c-1.69,0-3.06-1.37-3.06-3.06v-2.87c0-.28-.22-.5-.5-.5s-.5.22-.5.5v2.87c0,2.24,1.82,4.06,4.06,4.06h18.87c2.24,0,4.06-1.82,4.06-4.06v-2.87c0-.28-.22-.5-.5-.5Z\"><\/path><path d=\"M14.29,23.6c.09.09.2.17.33.22.12.05.25.08.38.08s.26-.03.38-.08c.12-.05.23-.12.33-.22l9.48-9.48c.39-.39.39-1.02,0-1.41s-1.02-.39-1.41,0l-7.77,7.77V2.75c0-.55-.45-1-1-1s-1,.45-1,1v17.73l-7.77-7.77c-.39-.39-1.02-.39-1.41,0s-.39,1.02,0,1.41l9.48,9.48Z\"><\/path><\/svg><\/i>Italien (IT)<\/a><\/div>\n\n\n\n<div class=\"wp-block-mazz-link mazz-link download\"><a href=\"https:\/\/www.brissago.ch\/fr\/files\/Brissago_-_Libretto_-_DE.pdf\/\" class=\"mazz-anchor download\" target=\"_blank\" rel=\"noopener noreferrer\"><i>\n    <svg class=\"mazz_icon download\" xmlns=\"http:\/\/www.w3.org\/2000\/svg\" viewbox=\"0 0 30 30\"><path d=\"M28,20.26c-.28,0-.5.22-.5.5v2.87c0,1.69-1.38,3.06-3.06,3.06H5.56c-1.69,0-3.06-1.37-3.06-3.06v-2.87c0-.28-.22-.5-.5-.5s-.5.22-.5.5v2.87c0,2.24,1.82,4.06,4.06,4.06h18.87c2.24,0,4.06-1.82,4.06-4.06v-2.87c0-.28-.22-.5-.5-.5Z\"><\/path><path d=\"M14.29,23.6c.09.09.2.17.33.22.12.05.25.08.38.08s.26-.03.38-.08c.12-.05.23-.12.33-.22l9.48-9.48c.39-.39.39-1.02,0-1.41s-1.02-.39-1.41,0l-7.77,7.77V2.75c0-.55-.45-1-1-1s-1,.45-1,1v17.73l-7.77-7.77c-.39-.39-1.02-.39-1.41,0s-.39,1.02,0,1.41l9.48,9.48Z\"><\/path><\/svg><\/i>Allemand (DE)<\/a><\/div>\n<\/div>","protected":false},"excerpt":{"rendered":"<p>Cet itin\u00e9raire de paysage historique veut mettre en valeur les beaut\u00e9s architecturales et paysag\u00e8res de Brissago. Il raconte \u00e9galement l'histoire et les \u00e9v\u00e9nements des illustres personnes qui y ont v\u00e9cu et passe en revue les \u00e9v\u00e9nements importants et \/ ou curieux qui s'y sont produits. Le texte introductif invite le visiteur \u00e0 se d\u00e9tendre, \u00e0 m\u00e9diter, \u00e0 se d\u00e9tacher du stress [...]<\/p>","protected":false},"author":1,"featured_media":5777,"parent":5585,"menu_order":1,"comment_status":"closed","ping_status":"closed","template":"","meta":{"_acf_changed":false,"footnotes":""},"class_list":["post-5587","page","type-page","status-publish","has-post-thumbnail","hentry"],"acf":[],"_links":{"self":[{"href":"https:\/\/www.brissago.ch\/fr\/wp-json\/wp\/v2\/pages\/5587","targetHints":{"allow":["GET"]}}],"collection":[{"href":"https:\/\/www.brissago.ch\/fr\/wp-json\/wp\/v2\/pages"}],"about":[{"href":"https:\/\/www.brissago.ch\/fr\/wp-json\/wp\/v2\/types\/page"}],"author":[{"embeddable":true,"href":"https:\/\/www.brissago.ch\/fr\/wp-json\/wp\/v2\/users\/1"}],"replies":[{"embeddable":true,"href":"https:\/\/www.brissago.ch\/fr\/wp-json\/wp\/v2\/comments?post=5587"}],"version-history":[{"count":3,"href":"https:\/\/www.brissago.ch\/fr\/wp-json\/wp\/v2\/pages\/5587\/revisions"}],"predecessor-version":[{"id":5779,"href":"https:\/\/www.brissago.ch\/fr\/wp-json\/wp\/v2\/pages\/5587\/revisions\/5779"}],"up":[{"embeddable":true,"href":"https:\/\/www.brissago.ch\/fr\/wp-json\/wp\/v2\/pages\/5585"}],"wp:featuredmedia":[{"embeddable":true,"href":"https:\/\/www.brissago.ch\/fr\/wp-json\/wp\/v2\/media\/5777"}],"wp:attachment":[{"href":"https:\/\/www.brissago.ch\/fr\/wp-json\/wp\/v2\/media?parent=5587"}],"curies":[{"name":"wp","href":"https:\/\/api.w.org\/{rel}","templated":true}]}}