{"id":511,"date":"2025-01-24T11:54:43","date_gmt":"2025-01-24T10:54:43","guid":{"rendered":"https:\/\/www.brissago.ch\/sito\/?page_id=511"},"modified":"2025-03-04T16:35:26","modified_gmt":"2025-03-04T15:35:26","slug":"municipio","status":"publish","type":"page","link":"https:\/\/www.brissago.ch\/fr\/comune\/amministrazione\/municipio\/","title":{"rendered":"H\u00f4tel de ville"},"content":{"rendered":"<!-- RISULTATI -->\n    <div id=\"mazz-elenco\" class=\"\">\n        <div class=\"mazz_post conimg municipale\">\n\t<a href=\"https:\/\/www.brissago.ch\/fr\/municipali\/veronica-marcacci-rossi\/\" class=\"mazz_post_generico\">\n\t\t<img fetchpriority=\"high\" decoding=\"async\" width=\"800\" height=\"800\" src=\"https:\/\/www.brissago.ch\/sito\/wp-content\/uploads\/2025\/02\/veronica_marcacci_rossi.jpg\" class=\"attachment-medium size-medium wp-post-image\" alt=\"\" srcset=\"https:\/\/www.brissago.ch\/sito\/wp-content\/uploads\/2025\/02\/veronica_marcacci_rossi.jpg 800w, https:\/\/www.brissago.ch\/sito\/wp-content\/uploads\/2025\/02\/veronica_marcacci_rossi-150x150.jpg 150w, https:\/\/www.brissago.ch\/sito\/wp-content\/uploads\/2025\/02\/veronica_marcacci_rossi-768x768.jpg 768w\" sizes=\"(max-width: 800px) 100vw, 800px\" title=\"\">\n\t\t<span class=\"post_txt\">\n\t\t\t<h3 class=\"titolo\">Veronica Marcacci Rossi<\/h3>\n\t\t\t<span class=\"info_box\">\n\t\t\t\t<span class=\"info_ruolo\">maire<\/span>\n\t\t\t\t<span class=\"info_dicastero\"><span class=\"titolo\">Dicast\u00e8res<\/span><span>Administration g\u00e9n\u00e9rale et \u00e9ducation<\/span><\/span>\n\t\t\t<\/span>\n\t\t\t<span class=\"mazz_button2 small\">En savoir plus <i><svg xmlns=\"http:\/\/www.w3.org\/2000\/svg\" class=\"mazz_icon freccia_lunga\" viewbox=\"0 0 30 30\"><path d=\"M29.61,15.38c.05-.12.08-.25.08-.38s-.03-.26-.08-.38c-.05-.12-.12-.23-.22-.32L16.51,1.41c-.39-.39-1.02-.39-1.41,0s-.39,1.02,0,1.41l11.18,11.18H1.31c-.55,0-1,.45-1,1s.45,1,1,1h24.97l-11.18,11.18c-.39.39-.39,1.02,0,1.41.2.2.45.29.71.29s.51-.1.71-.29l12.89-12.89c.09-.09.17-.2.22-.32Z\"><\/path><\/svg><\/i><\/span>\n\t\t<\/span>\n\t<\/a>\n<\/div><div class=\"mazz_post conimg municipale\">\n\t<a href=\"https:\/\/www.brissago.ch\/fr\/municipali\/fabio-solari\/\" class=\"mazz_post_generico\">\n\t\t<img decoding=\"async\" width=\"800\" height=\"800\" src=\"https:\/\/www.brissago.ch\/sito\/wp-content\/uploads\/2025\/02\/fabio_solari.jpg\" class=\"attachment-medium size-medium wp-post-image\" alt=\"\" srcset=\"https:\/\/www.brissago.ch\/sito\/wp-content\/uploads\/2025\/02\/fabio_solari.jpg 800w, https:\/\/www.brissago.ch\/sito\/wp-content\/uploads\/2025\/02\/fabio_solari-150x150.jpg 150w, https:\/\/www.brissago.ch\/sito\/wp-content\/uploads\/2025\/02\/fabio_solari-768x768.jpg 768w\" sizes=\"(max-width: 800px) 100vw, 800px\" title=\"\">\n\t\t<span class=\"post_txt\">\n\t\t\t<h3 class=\"titolo\">Fabio Solari<\/h3>\n\t\t\t<span class=\"info_box\">\n\t\t\t\t<span class=\"info_ruolo\">adjoint au maire<\/span>\n\t\t\t\t<span class=\"info_dicastero\"><span class=\"titolo\">Dicast\u00e8res<\/span><span>D\u00e9veloppement \u00e9conomique et finances<\/span><\/span>\n\t\t\t<\/span>\n\t\t\t<span class=\"mazz_button2 small\">En savoir plus <i><svg xmlns=\"http:\/\/www.w3.org\/2000\/svg\" class=\"mazz_icon freccia_lunga\" viewbox=\"0 0 30 30\"><path d=\"M29.61,15.38c.05-.12.08-.25.08-.38s-.03-.26-.08-.38c-.05-.12-.12-.23-.22-.32L16.51,1.41c-.39-.39-1.02-.39-1.41,0s-.39,1.02,0,1.41l11.18,11.18H1.31c-.55,0-1,.45-1,1s.45,1,1,1h24.97l-11.18,11.18c-.39.39-.39,1.02,0,1.41.2.2.45.29.71.29s.51-.1.71-.29l12.89-12.89c.09-.09.17-.2.22-.32Z\"><\/path><\/svg><\/i><\/span>\n\t\t<\/span>\n\t<\/a>\n<\/div><div class=\"mazz_post conimg municipale\">\n\t<a href=\"https:\/\/www.brissago.ch\/fr\/municipali\/reto-repetti\/\" class=\"mazz_post_generico\">\n\t\t<img decoding=\"async\" width=\"800\" height=\"800\" src=\"https:\/\/www.brissago.ch\/sito\/wp-content\/uploads\/2025\/02\/reto_repetti.jpg\" class=\"attachment-medium size-medium wp-post-image\" alt=\"\" srcset=\"https:\/\/www.brissago.ch\/sito\/wp-content\/uploads\/2025\/02\/reto_repetti.jpg 800w, https:\/\/www.brissago.ch\/sito\/wp-content\/uploads\/2025\/02\/reto_repetti-150x150.jpg 150w, https:\/\/www.brissago.ch\/sito\/wp-content\/uploads\/2025\/02\/reto_repetti-768x768.jpg 768w\" sizes=\"(max-width: 800px) 100vw, 800px\" title=\"\">\n\t\t<span class=\"post_txt\">\n\t\t\t<h3 class=\"titolo\">R\u00e9seau respectif<\/h3>\n\t\t\t<span class=\"info_box\">\n\t\t\t\t<span class=\"info_ruolo\">Municipalit\u00e9<\/span>\n\t\t\t\t<span class=\"info_dicastero\"><span class=\"titolo\">Dicast\u00e8res<\/span><span>Territoire, Approvisionnement en eau et services informatiques<\/span><\/span>\n\t\t\t<\/span>\n\t\t\t<span class=\"mazz_button2 small\">En savoir plus <i><svg xmlns=\"http:\/\/www.w3.org\/2000\/svg\" class=\"mazz_icon freccia_lunga\" viewbox=\"0 0 30 30\"><path d=\"M29.61,15.38c.05-.12.08-.25.08-.38s-.03-.26-.08-.38c-.05-.12-.12-.23-.22-.32L16.51,1.41c-.39-.39-1.02-.39-1.41,0s-.39,1.02,0,1.41l11.18,11.18H1.31c-.55,0-1,.45-1,1s.45,1,1,1h24.97l-11.18,11.18c-.39.39-.39,1.02,0,1.41.2.2.45.29.71.29s.51-.1.71-.29l12.89-12.89c.09-.09.17-.2.22-.32Z\"><\/path><\/svg><\/i><\/span>\n\t\t<\/span>\n\t<\/a>\n<\/div><div class=\"mazz_post conimg municipale\">\n\t<a href=\"https:\/\/www.brissago.ch\/fr\/municipali\/alessio-franconi\/\" class=\"mazz_post_generico\">\n\t\t<img loading=\"lazy\" decoding=\"async\" width=\"800\" height=\"800\" src=\"https:\/\/www.brissago.ch\/sito\/wp-content\/uploads\/2025\/02\/alessio_franconi.jpg\" class=\"attachment-medium size-medium wp-post-image\" alt=\"\" srcset=\"https:\/\/www.brissago.ch\/sito\/wp-content\/uploads\/2025\/02\/alessio_franconi.jpg 800w, https:\/\/www.brissago.ch\/sito\/wp-content\/uploads\/2025\/02\/alessio_franconi-150x150.jpg 150w, https:\/\/www.brissago.ch\/sito\/wp-content\/uploads\/2025\/02\/alessio_franconi-768x768.jpg 768w\" sizes=\"(max-width: 800px) 100vw, 800px\" title=\"\">\n\t\t<span class=\"post_txt\">\n\t\t\t<h3 class=\"titolo\">Alessio Franconi<\/h3>\n\t\t\t<span class=\"info_box\">\n\t\t\t\t<span class=\"info_ruolo\">Municipalit\u00e9<\/span>\n\t\t\t\t<span class=\"info_dicastero\"><span class=\"titolo\">Dicast\u00e8res<\/span><span>B\u00e2timent priv\u00e9, Sports et \u00c9v\u00e9nements<\/span><\/span>\n\t\t\t<\/span>\n\t\t\t<span class=\"mazz_button2 small\">En savoir plus <i><svg xmlns=\"http:\/\/www.w3.org\/2000\/svg\" class=\"mazz_icon freccia_lunga\" viewbox=\"0 0 30 30\"><path d=\"M29.61,15.38c.05-.12.08-.25.08-.38s-.03-.26-.08-.38c-.05-.12-.12-.23-.22-.32L16.51,1.41c-.39-.39-1.02-.39-1.41,0s-.39,1.02,0,1.41l11.18,11.18H1.31c-.55,0-1,.45-1,1s.45,1,1,1h24.97l-11.18,11.18c-.39.39-.39,1.02,0,1.41.2.2.45.29.71.29s.51-.1.71-.29l12.89-12.89c.09-.09.17-.2.22-.32Z\"><\/path><\/svg><\/i><\/span>\n\t\t<\/span>\n\t<\/a>\n<\/div><div class=\"mazz_post conimg municipale\">\n\t<a href=\"https:\/\/www.brissago.ch\/fr\/municipali\/ottavio-palmieri\/\" class=\"mazz_post_generico\">\n\t\t<img loading=\"lazy\" decoding=\"async\" width=\"800\" height=\"800\" src=\"https:\/\/www.brissago.ch\/sito\/wp-content\/uploads\/2025\/02\/ottavio_palmieri.jpg\" class=\"attachment-medium size-medium wp-post-image\" alt=\"\" srcset=\"https:\/\/www.brissago.ch\/sito\/wp-content\/uploads\/2025\/02\/ottavio_palmieri.jpg 800w, https:\/\/www.brissago.ch\/sito\/wp-content\/uploads\/2025\/02\/ottavio_palmieri-150x150.jpg 150w, https:\/\/www.brissago.ch\/sito\/wp-content\/uploads\/2025\/02\/ottavio_palmieri-768x768.jpg 768w\" sizes=\"(max-width: 800px) 100vw, 800px\" title=\"\">\n\t\t<span class=\"post_txt\">\n\t\t\t<h3 class=\"titolo\">Ottavio Palmieri<\/h3>\n\t\t\t<span class=\"info_box\">\n\t\t\t\t<span class=\"info_ruolo\">Municipalit\u00e9<\/span>\n\t\t\t\t<span class=\"info_dicastero\"><span class=\"titolo\">Dicast\u00e8res<\/span><span>Culture et s\u00e9curit\u00e9<\/span><\/span>\n\t\t\t<\/span>\n\t\t\t<span class=\"mazz_button2 small\">En savoir plus <i><svg xmlns=\"http:\/\/www.w3.org\/2000\/svg\" class=\"mazz_icon freccia_lunga\" viewbox=\"0 0 30 30\"><path d=\"M29.61,15.38c.05-.12.08-.25.08-.38s-.03-.26-.08-.38c-.05-.12-.12-.23-.22-.32L16.51,1.41c-.39-.39-1.02-.39-1.41,0s-.39,1.02,0,1.41l11.18,11.18H1.31c-.55,0-1,.45-1,1s.45,1,1,1h24.97l-11.18,11.18c-.39.39-.39,1.02,0,1.41.2.2.45.29.71.29s.51-.1.71-.29l12.89-12.89c.09-.09.17-.2.22-.32Z\"><\/path><\/svg><\/i><\/span>\n\t\t<\/span>\n\t<\/a>\n<\/div><div class=\"mazz_post conimg municipale\">\n\t<a href=\"https:\/\/www.brissago.ch\/fr\/municipali\/giovanni-chiappini\/\" class=\"mazz_post_generico\">\n\t\t<img loading=\"lazy\" decoding=\"async\" width=\"800\" height=\"800\" src=\"https:\/\/www.brissago.ch\/sito\/wp-content\/uploads\/2025\/02\/giovanni_chiappini.jpg\" class=\"attachment-medium size-medium wp-post-image\" alt=\"\" srcset=\"https:\/\/www.brissago.ch\/sito\/wp-content\/uploads\/2025\/02\/giovanni_chiappini.jpg 800w, https:\/\/www.brissago.ch\/sito\/wp-content\/uploads\/2025\/02\/giovanni_chiappini-150x150.jpg 150w, https:\/\/www.brissago.ch\/sito\/wp-content\/uploads\/2025\/02\/giovanni_chiappini-768x768.jpg 768w\" sizes=\"(max-width: 800px) 100vw, 800px\" title=\"\">\n\t\t<span class=\"post_txt\">\n\t\t\t<h3 class=\"titolo\">Giovanni Chiappini<\/h3>\n\t\t\t<span class=\"info_box\">\n\t\t\t\t<span class=\"info_ruolo\">Municipalit\u00e9<\/span>\n\t\t\t\t<span class=\"info_dicastero\"><span class=\"titolo\">Dicast\u00e8res<\/span><span>Planification et socialit\u00e9<\/span><\/span>\n\t\t\t<\/span>\n\t\t\t<span class=\"mazz_button2 small\">En savoir plus <i><svg xmlns=\"http:\/\/www.w3.org\/2000\/svg\" class=\"mazz_icon freccia_lunga\" viewbox=\"0 0 30 30\"><path d=\"M29.61,15.38c.05-.12.08-.25.08-.38s-.03-.26-.08-.38c-.05-.12-.12-.23-.22-.32L16.51,1.41c-.39-.39-1.02-.39-1.41,0s-.39,1.02,0,1.41l11.18,11.18H1.31c-.55,0-1,.45-1,1s.45,1,1,1h24.97l-11.18,11.18c-.39.39-.39,1.02,0,1.41.2.2.45.29.71.29s.51-.1.71-.29l12.89-12.89c.09-.09.17-.2.22-.32Z\"><\/path><\/svg><\/i><\/span>\n\t\t<\/span>\n\t<\/a>\n<\/div><div class=\"mazz_post conimg municipale\">\n\t<a href=\"https:\/\/www.brissago.ch\/fr\/municipali\/loris-de-gol\/\" class=\"mazz_post_generico\">\n\t\t<img loading=\"lazy\" decoding=\"async\" width=\"800\" height=\"800\" src=\"https:\/\/www.brissago.ch\/sito\/wp-content\/uploads\/2025\/02\/loris_de_gol.jpg\" class=\"attachment-medium size-medium wp-post-image\" alt=\"\" srcset=\"https:\/\/www.brissago.ch\/sito\/wp-content\/uploads\/2025\/02\/loris_de_gol.jpg 800w, https:\/\/www.brissago.ch\/sito\/wp-content\/uploads\/2025\/02\/loris_de_gol-150x150.jpg 150w, https:\/\/www.brissago.ch\/sito\/wp-content\/uploads\/2025\/02\/loris_de_gol-768x768.jpg 768w\" sizes=\"(max-width: 800px) 100vw, 800px\" title=\"\">\n\t\t<span class=\"post_txt\">\n\t\t\t<h3 class=\"titolo\">Loris de Gol<\/h3>\n\t\t\t<span class=\"info_box\">\n\t\t\t\t<span class=\"info_ruolo\">Municipalit\u00e9<\/span>\n\t\t\t\t<span class=\"info_dicastero\"><span class=\"titolo\">Dicast\u00e8res<\/span><span>Service des travaux publics et des ports municipaux<\/span><\/span>\n\t\t\t<\/span>\n\t\t\t<span class=\"mazz_button2 small\">En savoir plus <i><svg xmlns=\"http:\/\/www.w3.org\/2000\/svg\" class=\"mazz_icon freccia_lunga\" viewbox=\"0 0 30 30\"><path d=\"M29.61,15.38c.05-.12.08-.25.08-.38s-.03-.26-.08-.38c-.05-.12-.12-.23-.22-.32L16.51,1.41c-.39-.39-1.02-.39-1.41,0s-.39,1.02,0,1.41l11.18,11.18H1.31c-.55,0-1,.45-1,1s.45,1,1,1h24.97l-11.18,11.18c-.39.39-.39,1.02,0,1.41.2.2.45.29.71.29s.51-.1.71-.29l12.89-12.89c.09-.09.17-.2.22-.32Z\"><\/path><\/svg><\/i><\/span>\n\t\t<\/span>\n\t<\/a>\n<\/div><div class=\"mazz-pagination\"><\/div>    <\/div>","protected":false},"excerpt":{"rendered":"<p>La municipalit\u00e9 de Brissago est l'organe ex\u00e9cutif municipal responsable de l'administration et des d\u00e9cisions op\u00e9rationnelles.<\/p>","protected":false},"author":1,"featured_media":0,"parent":509,"menu_order":1,"comment_status":"closed","ping_status":"closed","template":"","meta":{"_acf_changed":false,"footnotes":""},"class_list":["post-511","page","type-page","status-publish","hentry"],"acf":[],"_links":{"self":[{"href":"https:\/\/www.brissago.ch\/fr\/wp-json\/wp\/v2\/pages\/511","targetHints":{"allow":["GET"]}}],"collection":[{"href":"https:\/\/www.brissago.ch\/fr\/wp-json\/wp\/v2\/pages"}],"about":[{"href":"https:\/\/www.brissago.ch\/fr\/wp-json\/wp\/v2\/types\/page"}],"author":[{"embeddable":true,"href":"https:\/\/www.brissago.ch\/fr\/wp-json\/wp\/v2\/users\/1"}],"replies":[{"embeddable":true,"href":"https:\/\/www.brissago.ch\/fr\/wp-json\/wp\/v2\/comments?post=511"}],"version-history":[{"count":0,"href":"https:\/\/www.brissago.ch\/fr\/wp-json\/wp\/v2\/pages\/511\/revisions"}],"up":[{"embeddable":true,"href":"https:\/\/www.brissago.ch\/fr\/wp-json\/wp\/v2\/pages\/509"}],"wp:attachment":[{"href":"https:\/\/www.brissago.ch\/fr\/wp-json\/wp\/v2\/media?parent=511"}],"curies":[{"name":"wp","href":"https:\/\/api.w.org\/{rel}","templated":true}]}}