{"id":4746,"date":"2025-07-04T09:44:45","date_gmt":"2025-07-04T07:44:45","guid":{"rendered":"https:\/\/www.brissago.ch\/?page_id=4746"},"modified":"2025-07-04T11:11:07","modified_gmt":"2025-07-04T09:11:07","slug":"campo-da-tennis","status":"publish","type":"page","link":"https:\/\/www.brissago.ch\/fr\/turismo-tempo-libero\/campo-da-tennis\/","title":{"rendered":"Terrain de tennis"},"content":{"rendered":"<p>Situ\u00e9 \u00e0 quelques m\u00e8tres des rives du lac, le court de tennis de Brissago offre une exp\u00e9rience unique: une vue imprenable, encadr\u00e9e par les montagnes et surplombant les c\u00e9l\u00e8bres \u00eeles de Brissago. Avec son manteau synth\u00e9tique de derni\u00e8re g\u00e9n\u00e9ration (similaire \u00e0 la terre rouge), r\u00e9nov\u00e9 en 2015, il assure des jeux de haute qualit\u00e9 et un look toujours soign\u00e9.<\/p>\n\n\n\n<figure class=\"wp-block-mazz-immagine mazz-immagine\"><a href=\"https:\/\/www.brissago.ch\/sito\/wp-content\/uploads\/2025\/07\/campo2-002.jpg\" data-lightbox=\"gallery\" data-title=\"\"><picture><source srcset=\"https:\/\/www.brissago.ch\/sito\/wp-content\/uploads\/2025\/07\/campo2-002.jpg\" media=\"(max-width: 600px)\"\/><source srcset=\"https:\/\/www.brissago.ch\/sito\/wp-content\/uploads\/2025\/07\/campo2-002.jpg\" media=\"(min-width: 601px)\"\/><img decoding=\"async\" src=\"https:\/\/www.brissago.ch\/sito\/wp-content\/uploads\/2025\/07\/campo2-002.jpg\" alt=\"\" title=\"\"><\/picture><\/a><\/figure>\n\n\n\n<p>Notre court de tennis n'est pas seulement un endroit pour faire du sport, mais aussi un point de rencontre pour les amateurs, les r\u00e9sidents et les touristes. Son atmosph\u00e8re \u00e9vocatrice, surplombant le lac et immerg\u00e9e dans le paysage unique de Brissago, en fait un v\u00e9ritable joyau de la r\u00e9gion.<\/p>\n\n\n\n<p>Pour plus d'informations, inscriptions, r\u00e9servations et mises \u00e0 jour sur les \u00e9v\u00e9nements et activit\u00e9s, veuillez consulter le site officiel: <u><a href=\"http:\/\/www.tcbrissago.com\/\" target=\"_blank\" rel=\"noopener\">www.tcbrissago.com<\/a><\/u>.<\/p>\n\n\n\n<p><\/p>","protected":false},"excerpt":{"rendered":"<p>Situ\u00e9 \u00e0 quelques m\u00e8tres des rives du lac, le court de tennis de Brissago offre une exp\u00e9rience unique: une vue imprenable, encadr\u00e9e par les montagnes et surplombant les c\u00e9l\u00e8bres \u00eeles de Brissago. Avec son manteau synth\u00e9tique de derni\u00e8re g\u00e9n\u00e9ration (similaire \u00e0 la terre rouge), r\u00e9nov\u00e9 en 2015, il assure des jeux de haute qualit\u00e9 et un look toujours soign\u00e9. [...]<\/p>","protected":false},"author":2,"featured_media":4748,"parent":720,"menu_order":8,"comment_status":"closed","ping_status":"closed","template":"","meta":{"_acf_changed":false,"footnotes":""},"class_list":["post-4746","page","type-page","status-publish","has-post-thumbnail","hentry"],"acf":[],"_links":{"self":[{"href":"https:\/\/www.brissago.ch\/fr\/wp-json\/wp\/v2\/pages\/4746","targetHints":{"allow":["GET"]}}],"collection":[{"href":"https:\/\/www.brissago.ch\/fr\/wp-json\/wp\/v2\/pages"}],"about":[{"href":"https:\/\/www.brissago.ch\/fr\/wp-json\/wp\/v2\/types\/page"}],"author":[{"embeddable":true,"href":"https:\/\/www.brissago.ch\/fr\/wp-json\/wp\/v2\/users\/2"}],"replies":[{"embeddable":true,"href":"https:\/\/www.brissago.ch\/fr\/wp-json\/wp\/v2\/comments?post=4746"}],"version-history":[{"count":0,"href":"https:\/\/www.brissago.ch\/fr\/wp-json\/wp\/v2\/pages\/4746\/revisions"}],"up":[{"embeddable":true,"href":"https:\/\/www.brissago.ch\/fr\/wp-json\/wp\/v2\/pages\/720"}],"wp:featuredmedia":[{"embeddable":true,"href":"https:\/\/www.brissago.ch\/fr\/wp-json\/wp\/v2\/media\/4748"}],"wp:attachment":[{"href":"https:\/\/www.brissago.ch\/fr\/wp-json\/wp\/v2\/media?parent=4746"}],"curies":[{"name":"wp","href":"https:\/\/api.w.org\/{rel}","templated":true}]}}