{"id":4464,"date":"2025-06-18T16:24:16","date_gmt":"2025-06-18T14:24:16","guid":{"rendered":"https:\/\/www.brissago.ch\/sito\/?page_id=4464"},"modified":"2025-06-18T17:38:14","modified_gmt":"2025-06-18T15:38:14","slug":"credits","status":"publish","type":"page","link":"https:\/\/www.brissago.ch\/fr\/credits\/","title":{"rendered":"cr\u00e9dits"},"content":{"rendered":"<h2 class=\"wp-block-heading\"><strong>Conception<\/strong><\/h2>\n\n\n\n<p>Municipalit\u00e9 de Brissago<\/p>\n\n\n\n<h2 class=\"wp-block-heading\"><strong>Conception et d\u00e9veloppement<\/strong><\/h2>\n\n\n\n<p><a href=\"https:\/\/mazzantini.com\" target=\"_blank\" rel=\"noreferrer noopener\">Mazzantini &amp; Associ\u00e9s SA<\/a><\/p>\n\n\n\n<h2 class=\"wp-block-heading\"><strong>Contenu<\/strong><\/h2>\n\n\n\n<p>Chancellerie municipale&nbsp;<\/p>\n\n\n\n<h2 class=\"wp-block-heading\"><strong>Photos et vid\u00e9os<\/strong><\/h2>\n\n\n\n<p>Mazzantini &amp; Associ\u00e9s + Divers Auteurs<\/p>\n\n\n\n<p><\/p>","protected":false},"excerpt":{"rendered":"<p>Design Municipalit\u00e9 de Brissago Conception et d\u00e9veloppement Mazzantini &amp; Associates SA Table des mati\u00e8res Chancellerie Municipale Photos et vid\u00e9os Mazzantini &amp; Associates + Divers auteurs<\/p>","protected":false},"author":1,"featured_media":0,"parent":0,"menu_order":21,"comment_status":"closed","ping_status":"closed","template":"","meta":{"_acf_changed":false,"footnotes":""},"class_list":["post-4464","page","type-page","status-publish","hentry"],"acf":[],"_links":{"self":[{"href":"https:\/\/www.brissago.ch\/fr\/wp-json\/wp\/v2\/pages\/4464","targetHints":{"allow":["GET"]}}],"collection":[{"href":"https:\/\/www.brissago.ch\/fr\/wp-json\/wp\/v2\/pages"}],"about":[{"href":"https:\/\/www.brissago.ch\/fr\/wp-json\/wp\/v2\/types\/page"}],"author":[{"embeddable":true,"href":"https:\/\/www.brissago.ch\/fr\/wp-json\/wp\/v2\/users\/1"}],"replies":[{"embeddable":true,"href":"https:\/\/www.brissago.ch\/fr\/wp-json\/wp\/v2\/comments?post=4464"}],"version-history":[{"count":0,"href":"https:\/\/www.brissago.ch\/fr\/wp-json\/wp\/v2\/pages\/4464\/revisions"}],"wp:attachment":[{"href":"https:\/\/www.brissago.ch\/fr\/wp-json\/wp\/v2\/media?parent=4464"}],"curies":[{"name":"wp","href":"https:\/\/api.w.org\/{rel}","templated":true}]}}