{"id":4459,"date":"2025-06-18T16:18:39","date_gmt":"2025-06-18T14:18:39","guid":{"rendered":"https:\/\/www.brissago.ch\/sito\/?page_id=4459"},"modified":"2025-06-18T16:21:01","modified_gmt":"2025-06-18T14:21:01","slug":"note-legali","status":"publish","type":"page","link":"https:\/\/www.brissago.ch\/fr\/note-legali\/","title":{"rendered":"Mentions l\u00e9gales"},"content":{"rendered":"<h2 class=\"wp-block-heading\"><strong>Informations publi\u00e9es<\/strong><\/h2>\n\n\n\n<p>Toutes les donn\u00e9es publi\u00e9es sur le site&nbsp;<a href=\"https:\/\/www.brissago.ch\/fr\/\">www.brissago.ch<\/a>&nbsp;sont de nature g\u00e9n\u00e9rale et font l'objet de mises \u00e0 jour p\u00e9riodiques. Si vous souhaitez recevoir des informations d\u00e9taill\u00e9es et contraignantes, veuillez envoyer vos questions par \u00e9crit aux bureaux concern\u00e9s.<\/p>\n\n\n\n<h2 class=\"wp-block-heading\"><strong>L\u00e9gislation municipale<\/strong><\/h2>\n\n\n\n<p>Sur le site web&nbsp;<a href=\"https:\/\/www.brissago.ch\/fr\/\">www.brissago.ch<\/a>&nbsp;les r\u00e8glements et ordonnances \u00e9mis par la municipalit\u00e9 de Brissago sont publi\u00e9s.<\/p>\n\n\n\n<p>Les textes publi\u00e9s n'ont aucune valeur juridique. La publication d'un texte sur le site ou son exclusion ne sont donc pas pertinentes du profil de leur validit\u00e9.<\/p>\n\n\n\n<h2 class=\"wp-block-heading\"><strong>Registre municipal<\/strong><\/h2>\n\n\n\n<p>Le site&nbsp;<a href=\"https:\/\/www.brissago.ch\/fr\/\">www.brissago.ch<\/a>&nbsp;Il fournit un acc\u00e8s en ligne aux publications affich\u00e9es dans le registre municipal. Les publications en ligne sont \u00e0 titre informatif seulement. En cas de divergence, seules les publications publi\u00e9es sur papier dans le registre municipal de la municipalit\u00e9 de Brissago sont incluses.<\/p>\n\n\n\n<h2 class=\"wp-block-heading\"><strong>Droit d'auteur<\/strong><\/h2>\n\n\n\n<p>Toutes les informations publi\u00e9es sur le site&nbsp;<a href=\"https:\/\/www.brissago.ch\/fr\/\">www.brissago.ch<\/a>&nbsp;sont la propri\u00e9t\u00e9 exclusive de la municipalit\u00e9 de Brissago.<\/p>\n\n\n\n<p>La municipalit\u00e9 de Brissago autorise l'utilisation, la reproduction et la distribution \u00e0 des fins non commerciales des informations contenues sur son site Web, \u00e0 condition que la source soit explicitement indiqu\u00e9e.&nbsp;<\/p>\n\n\n\n<p>L'utilisation d'images photographiques est soumise au paiement de redevances aux auteurs.<\/p>\n\n\n\n<p>Les droits intangibles des tiers restent r\u00e9serv\u00e9s.<\/p>\n\n\n\n<h2 class=\"wp-block-heading\"><strong>Responsabilit\u00e9 pour les hyperliens<\/strong><\/h2>\n\n\n\n<p>La Municipalit\u00e9 de Brissago n'assume aucune responsabilit\u00e9 quant au contenu et aux modifications des sites auxquels les hyperliens renvoient.<\/p>\n\n\n\n<p><\/p>","protected":false},"excerpt":{"rendered":"<p>Toutes les donn\u00e9es publi\u00e9es sur le site www.brissago.ch sont de nature g\u00e9n\u00e9rale et font l'objet de mises \u00e0 jour p\u00e9riodiques. Si vous souhaitez recevoir des informations d\u00e9taill\u00e9es et contraignantes, veuillez envoyer vos questions par \u00e9crit aux bureaux concern\u00e9s. Les r\u00e8glements et ordonnances \u00e9mis par la Municipalit\u00e9 de Brissago sont publi\u00e9s sur le site www.brissago.ch. Les textes publi\u00e9s [...]<\/p>","protected":false},"author":1,"featured_media":0,"parent":0,"menu_order":20,"comment_status":"closed","ping_status":"closed","template":"","meta":{"_acf_changed":false,"footnotes":""},"class_list":["post-4459","page","type-page","status-publish","hentry"],"acf":[],"_links":{"self":[{"href":"https:\/\/www.brissago.ch\/fr\/wp-json\/wp\/v2\/pages\/4459","targetHints":{"allow":["GET"]}}],"collection":[{"href":"https:\/\/www.brissago.ch\/fr\/wp-json\/wp\/v2\/pages"}],"about":[{"href":"https:\/\/www.brissago.ch\/fr\/wp-json\/wp\/v2\/types\/page"}],"author":[{"embeddable":true,"href":"https:\/\/www.brissago.ch\/fr\/wp-json\/wp\/v2\/users\/1"}],"replies":[{"embeddable":true,"href":"https:\/\/www.brissago.ch\/fr\/wp-json\/wp\/v2\/comments?post=4459"}],"version-history":[{"count":0,"href":"https:\/\/www.brissago.ch\/fr\/wp-json\/wp\/v2\/pages\/4459\/revisions"}],"wp:attachment":[{"href":"https:\/\/www.brissago.ch\/fr\/wp-json\/wp\/v2\/media?parent=4459"}],"curies":[{"name":"wp","href":"https:\/\/api.w.org\/{rel}","templated":true}]}}