{"id":3231,"date":"2025-05-12T11:29:04","date_gmt":"2025-05-12T09:29:04","guid":{"rendered":"https:\/\/www.brissago.ch\/sito\/?page_id=3231"},"modified":"2025-09-30T15:08:35","modified_gmt":"2025-09-30T13:08:35","slug":"vivere-brissago","status":"publish","type":"page","link":"https:\/\/www.brissago.ch\/fr\/vivere-brissago\/","title":{"rendered":"Vivre \u00e0 Brissago"},"content":{"rendered":"<p>Imaginez un endroit o\u00f9 la beaut\u00e9 du lac Majeur se m\u00eale \u00e0 des services de qualit\u00e9, un climat doux et une communaut\u00e9 accueillante. Bienvenue \u00e0 Brissago, le joyau du Lac Majeur o\u00f9 vivre signifie respirer le bien-\u00eatre au quotidien.<\/p>\n\n\n\n<h2 class=\"wp-block-heading\">Pourquoi choisir Brissago pour votre famille?<\/h2>\n\n\n\n<div class=\"wp-block-mazz-spazio mazz-spazio normale\"><\/div>\n\n\n\n<figure class=\"wp-block-mazz-immagine mazz-immagine hero\"><a href=\"https:\/\/www.brissago.ch\/sito\/wp-content\/uploads\/2025\/03\/istruzione_04.jpg\" data-lightbox=\"gallery\" data-title=\"Un sostegno concreto alle famiglie\"><picture><source srcset=\"https:\/\/www.brissago.ch\/sito\/wp-content\/uploads\/2025\/03\/istruzione_04-800x311.jpg\" media=\"(max-width: 600px)\"\/><source srcset=\"https:\/\/www.brissago.ch\/sito\/wp-content\/uploads\/2025\/03\/istruzione_04.jpg\" media=\"(min-width: 601px)\"\/><img decoding=\"async\" src=\"https:\/\/www.brissago.ch\/sito\/wp-content\/uploads\/2025\/03\/istruzione_04.jpg\" alt=\"\" title=\"\"><\/picture><\/a><figcaption class=\"mazz-immagine-didascalia\"><span>Un soutien concret pour les familles<\/span><\/figcaption><\/figure>\n\n\n\n<div class=\"wp-block-group mazz_icon is-vertical is-layout-flex wp-container-core-group-is-layout-0a6e6e4a wp-block-group-is-layout-flex\">\n<h3 class=\"wp-block-heading\">Services de garde d'enfants<\/h3>\n\n\n\n<p>\u00c0 Brissago, la famille est au c\u0153ur des politiques municipales. Depuis d\u00e9cembre 2024, une <strong>Nid d'enfant<\/strong> Il accueille les enfants de 0 \u00e0 48 mois, situ\u00e9 au rez-de-chauss\u00e9e de l'\u00e9cole municipale, avec acc\u00e8s \u00e0 un grand jardin. La municipalit\u00e9 couvre les frais d'inscription et offre une contribution de 30% sur la redevance mensuelle pour les personnes domicili\u00e9es.<\/p>\n\n\n\n<p>En outre, le centre extrascolaire \u00abMira\u00bb accueille des enfants \u00e2g\u00e9s de 4 \u00e0 15 ans, tant \u00e0 l\u2019\u00e9cole que pendant les vacances, offrant un environnement stimulant et s\u00fbr.<\/p>\n\n\n\n<div class=\"wp-block-mazz-pulsante mazz-pulsante\"><a href=\"https:\/\/www.brissago.ch\/fr\/sito\/servizi-cittadino\/istruzione\/\" class=\"mazz-anchor\">En savoir plus sur l'\u00e9ducation et la socialit\u00e9<\/a><\/div>\n<\/div>\n\n\n\n<div class=\"wp-block-mazz-spazio mazz-spazio normale\"><\/div>\n\n\n\n<div class=\"wp-block-group mazz_icon is-vertical is-layout-flex wp-container-core-group-is-layout-fe9cc265 wp-block-group-is-layout-flex\">\n<h3 class=\"wp-block-heading\">Un engagement pour l'avenir<\/h3>\n\n\n\n<p>Brissago promeut activement le<strong>efficacit\u00e9 \u00e9nerg\u00e9tique<\/strong> et l'utilisation de <strong>\u00e9nergies renouvelables<\/strong>. \u00c0 travers le <strong>Bureau de l'\u00e9nergie<\/strong>, les r\u00e9sidents peuvent b\u00e9n\u00e9ficier d\u2019incitations pour:<\/p>\n\n\n\n<ul class=\"wp-block-list\">\n<li>Installation de syst\u00e8mes photovolta\u00efques et solaires thermiques<\/li>\n\n\n\n<li>Achat d'appareils \u00e9lectriques et de v\u00e9hicules \u00e9lectriques<\/li>\n\n\n\n<li>R\u00e9novation \u00e9nerg\u00e9tique des b\u00e2timents<\/li>\n<\/ul>\n\n\n\n<p>La municipalit\u00e9 a adopt\u00e9 un plan \u00e9nerg\u00e9tique municipal (PECo) pour guider ces initiatives.<\/p>\n\n\n\n<div class=\"wp-block-mazz-pulsante mazz-pulsante\"><a href=\"https:\/\/www.brissago.ch\/fr\/sito\/sportello-virtuale\/sportello-energia\/\" class=\"mazz-anchor\">En savoir plus sur le Energy Desk<\/a><\/div>\n<\/div>\n\n\n\n<div class=\"wp-block-mazz-spazio mazz-spazio normale\"><\/div>\n\n\n\n<div class=\"wp-block-group mazz_icon is-vertical is-layout-flex wp-container-core-group-is-layout-fe9cc265 wp-block-group-is-layout-flex\">\n<h3 class=\"wp-block-heading\">Avantages exclusifs pour les r\u00e9sidents avec la Brissago Card<\/h3>\n\n\n\n<p>Le <strong>Carte de Brissago<\/strong> est le passeport pour d\u00e9couvrir les merveilles de notre territoire. R\u00e9serv\u00e9 aux r\u00e9sidents, il offre de nombreuses r\u00e9ductions sur les activit\u00e9s culturelles, sportives et r\u00e9cr\u00e9atives locales. Une fa\u00e7on de vivre pleinement la communaut\u00e9, en \u00e9conomisant de l'argent.<\/p>\n\n\n\n<div class=\"wp-block-mazz-pulsante mazz-pulsante\"><a href=\"https:\/\/www.brissago.ch\/fr\/sito\/sportello-virtuale\/brissago-card\/\" class=\"mazz-anchor\">En savoir plus sur la carte Brissago<\/a><\/div>\n<\/div>\n\n\n\n<div class=\"wp-block-mazz-spazio mazz-spazio grande\"><\/div>\n\n\n\n<figure class=\"wp-block-mazz-immagine mazz-immagine hero\"><a href=\"https:\/\/www.brissago.ch\/sito\/wp-content\/uploads\/2025\/03\/isole-brissago_02.jpg\" data-lightbox=\"gallery\" data-title=\"Un paradiso tra lago e montagna\"><picture><source srcset=\"https:\/\/www.brissago.ch\/sito\/wp-content\/uploads\/2025\/03\/isole-brissago_02-800x350.jpg\" media=\"(max-width: 600px)\"\/><source srcset=\"https:\/\/www.brissago.ch\/sito\/wp-content\/uploads\/2025\/03\/isole-brissago_02.jpg\" media=\"(min-width: 601px)\"\/><img decoding=\"async\" src=\"https:\/\/www.brissago.ch\/sito\/wp-content\/uploads\/2025\/03\/isole-brissago_02.jpg\" alt=\"\" title=\"\"><\/picture><\/a><figcaption class=\"mazz-immagine-didascalia\"><span>Un paradis entre lac et montagne<\/span><\/figcaption><\/figure>\n\n\n\n<div class=\"wp-block-group mazz_icon is-vertical is-layout-flex wp-container-core-group-is-layout-fe9cc265 wp-block-group-is-layout-flex\">\n<h3 class=\"wp-block-heading\">Vivre en contact avec la nature<\/h3>\n\n\n\n<p>Brissago est un coin de paradis o\u00f9 la nature s'exprime dans toute sa beaut\u00e9. Le <strong>\u00celes de Brissago<\/strong>, Situ\u00e9s dans le lac Majeur, ils abritent un jardin botanique avec plus de 1 700 esp\u00e8ces de plantes exotiques, gr\u00e2ce au climat doux qui caract\u00e9rise la r\u00e9gion. Les activit\u00e9s sur le lac, telles que la voile, la natation et la p\u00eache, offrent des moments de d\u00e9tente et de plaisir pour toute la famille. Pour les amateurs de randonn\u00e9e, les sentiers panoramiques entre bois et collines vous permettent de d\u00e9couvrir des paysages \u00e0 couper le souffle et une biodiversit\u00e9 unique.<\/p>\n<\/div>\n\n\n\n<div class=\"wp-block-mazz-spazio mazz-spazio normale\"><\/div>\n\n\n\n<div class=\"wp-block-group mazz_icon is-vertical is-layout-flex wp-container-core-group-is-layout-fe9cc265 wp-block-group-is-layout-flex\">\n<h3 class=\"wp-block-heading\">Une touche de M\u00e9diterran\u00e9e en Suisse<\/h3>\n\n\n\n<p>Brissago b\u00e9n\u00e9ficie d'un <strong>climat particuli\u00e8rement doux<\/strong>, C'est l'un des plus agr\u00e9ables de Suisse. Gr\u00e2ce \u00e0 sa position privil\u00e9gi\u00e9e sur le lac Majeur et \u00e0 l'influence des courants lacustres, les temp\u00e9ratures restent douces m\u00eame en hiver, tandis que les \u00e9t\u00e9s sont ensoleill\u00e9s mais venteux. Ce microclimat permet de cultiver des plantes subtropicales, telles que les palmiers et les agrumes, et vous permet de vivre \u00e0 l'ext\u00e9rieur la majeure partie de l'ann\u00e9e, y compris des promenades, des sports et des moments de d\u00e9tente dans la nature.<\/p>\n\n\n\n<div class=\"wp-block-mazz-pulsante mazz-pulsante\"><a href=\"https:\/\/www.brissago.ch\/fr\/sito\/turismo-tempo-libero\/scopri-brissago\/\" class=\"mazz-anchor\">En savoir plus sur le territoire de Brissago<\/a><\/div>\n<\/div>\n\n\n\n<div class=\"wp-block-mazz-spazio mazz-spazio grande\"><\/div>\n\n\n\n<figure class=\"wp-block-mazz-immagine mazz-immagine hero\"><a href=\"https:\/\/www.brissago.ch\/sito\/wp-content\/uploads\/2025\/03\/Museo_Leoncavallo_08.jpg\" data-lightbox=\"gallery\" data-title=\"Comunit\u00e0 e Cultura\"><picture><source srcset=\"https:\/\/www.brissago.ch\/sito\/wp-content\/uploads\/2025\/03\/Museo_Leoncavallo_08-800x400.jpg\" media=\"(max-width: 600px)\"\/><source srcset=\"https:\/\/www.brissago.ch\/sito\/wp-content\/uploads\/2025\/03\/Museo_Leoncavallo_08.jpg\" media=\"(min-width: 601px)\"\/><img decoding=\"async\" src=\"https:\/\/www.brissago.ch\/sito\/wp-content\/uploads\/2025\/03\/Museo_Leoncavallo_08.jpg\" alt=\"\" title=\"\"><\/picture><\/a><figcaption class=\"mazz-immagine-didascalia\"><span>Communaut\u00e9 et culture<\/span><\/figcaption><\/figure>\n\n\n\n<div class=\"wp-block-group mazz_icon is-vertical is-layout-flex wp-container-core-group-is-layout-fe9cc265 wp-block-group-is-layout-flex\">\n<h3 class=\"wp-block-heading\">Un calendrier plein d'\u00e9motions<\/h3>\n\n\n\n<p>La vie culturelle de Brissago est vivante et engageante. Le <strong>le mus\u00e9e Ruggero Leoncavallo<\/strong>, D\u00e9di\u00e9 au c\u00e9l\u00e8bre compositeur qui a v\u00e9cu \u00e0 Brissago, il offre une immersion dans l'histoire de la musique et de la culture locales. Au cours de l'ann\u00e9e, le <strong>La municipalit\u00e9 organise de nombreux \u00e9v\u00e9nements<\/strong>, tels que des concerts, des expositions d\u2019art et des manifestations traditionnelles, qui animent les places et impliquent les citoyens et les visiteurs. Ces initiatives contribuent \u00e0 cr\u00e9er un sentiment de communaut\u00e9 et \u00e0 renforcer les traditions locales.<\/p>\n\n\n\n<div class=\"wp-block-mazz-pulsante mazz-pulsante\"><a href=\"https:\/\/www.brissago.ch\/fr\/sito\/turismo-tempo-libero\/eventi\/\" class=\"mazz-anchor\">D\u00e9couvrez les \u00e9v\u00e9nements<\/a><\/div>\n<\/div>\n\n\n\n<div class=\"wp-block-mazz-spazio mazz-spazio normale\"><\/div>\n\n\n\n<div class=\"wp-block-group mazz_icon is-vertical is-layout-flex wp-container-core-group-is-layout-fe9cc265 wp-block-group-is-layout-flex\">\n<h3 class=\"wp-block-heading\">Communaut\u00e9s et associations: un r\u00e9seau de solidarit\u00e9<\/h3>\n\n\n\n<p>Brissago poss\u00e8de une communaut\u00e9 active et solidaire, avec de nombreuses associations op\u00e9rant dans diff\u00e9rents domaines, du social au sport, de la culture \u00e0 l'environnement. Ces r\u00e9alit\u00e9s offrent des possibilit\u00e9s de participation et de b\u00e9n\u00e9volat, favorisant l'int\u00e9gration et le sentiment d'appartenance. En outre, la municipalit\u00e9 encourage les initiatives visant \u00e0 impliquer les citoyens dans la vie publique et \u00e0 soutenir les couches les plus faibles de la population.<\/p>\n\n\n\n<div class=\"wp-block-mazz-pulsante mazz-pulsante\"><a href=\"https:\/\/www.brissago.ch\/fr\/sito\/comune\/enti-associazioni\/\" class=\"mazz-anchor\">En savoir plus sur les organisations et associations<\/a><\/div>\n<\/div>\n\n\n\n<div class=\"wp-block-mazz-spazio mazz-spazio normale\"><\/div>\n\n\n\n<div class=\"wp-block-group mazz_icon is-vertical is-layout-flex wp-container-core-group-is-layout-e1300cac wp-block-group-is-layout-flex\">\n<h3 class=\"wp-block-heading\">Services : tout \u00e0 port\u00e9e de main<\/h3>\n\n\n\n<p>Vivre \u00e0 Brissago signifie avoir acc\u00e8s \u00e0 tous les services essentiels sans renoncer \u00e0 la tranquillit\u00e9 d'une petite ville. Il y a des banques, des bureaux de poste, des supermarch\u00e9s, des magasins de toutes sortes, des bars et des restaurants qui offrent des produits locaux et une cuisine typique. Des transports en commun efficaces relient Brissago aux principales villes du Tessin, facilitant les d\u00e9placements pour le travail ou les loisirs. En outre, la municipalit\u00e9 est \u00e9quip\u00e9e d'installations \u00e9ducatives, sanitaires et sportives qui garantissent une qualit\u00e9 de vie \u00e9lev\u00e9e pour tous les \u00e2ges.<\/p>\n\n\n\n<div class=\"wp-block-mazz-pulsante mazz-pulsante\"><a href=\"https:\/\/www.brissago.ch\/fr\/sito\/turismo-tempo-libero\/negozi-servizi\/\" class=\"mazz-anchor\">En savoir plus sur les magasins et les services<\/a><\/div>\n<\/div>\n\n\n\n<div class=\"wp-block-mazz-spazio mazz-spazio normale\"><\/div>\n\n\n\n<div class=\"wp-block-group mazz_icon is-vertical is-layout-flex wp-container-core-group-is-layout-fe9cc265 wp-block-group-is-layout-flex\">\n<h3 class=\"wp-block-heading\">Vous cherchez une maison? Nous vous aiderons!<\/h3>\n\n\n\n<p>La Chancellerie Municipale est \u00e0 votre disposition pour vous accompagner dans la recherche d'appartements ou de maisons \u00e0 louer ou \u00e0 vendre \u00e0 Brissago. Un service con\u00e7u pour rendre votre transfert aussi facile et paisible que possible.<\/p>\n<\/div>\n\n\n\n<div class=\"wp-block-mazz-spazio mazz-spazio normale\"><\/div>\n\n\n\n<h2 class=\"wp-block-heading\">Choisissez la qualit\u00e9 de vie, choisissez de vivre \u00e0 Brissago!<\/h2>\n\n\n\n<h3 class=\"wp-block-heading\">Contactez-nous d\u00e8s aujourd'hui et d\u00e9couvrez \u00e0 quel point il peut \u00eatre facile de se sentir chez soi<\/h3>\n\n\n\n<p>Pour plus d'informations ou pour prendre rendez-vous, n'h\u00e9sitez pas \u00e0 nous contacter:<\/p>\n\n\n\n<ul class=\"wp-block-list\">\n<li><strong>Num\u00e9ro de t\u00e9l\u00e9phone<\/strong>: +41 91 786 81 50<\/li>\n\n\n\n<li><strong>Courriel<\/strong>: <a href=\"mailto:cancelleria@brissago.ch\">cancelleria@brissago.ch<\/a><\/li>\n\n\n\n<li><strong>Heures d'ouverture<\/strong>: Lun\u2013vendredi, de 8 h 30 \u00e0 11 h 30 \/ de 14 heures \u00e0 16 heures<\/li>\n<\/ul>\n\n\n\n<p>Brissago vous attend avec des opportunit\u00e9s, la tranquillit\u00e9 et un style de vie adapt\u00e9 \u00e0 vous et votre famille.<\/p>\n\n\n\n<p><\/p>","protected":false},"excerpt":{"rendered":"<p>Imaginez un endroit o\u00f9 la beaut\u00e9 du lac Majeur se m\u00eale \u00e0 des services de qualit\u00e9, un climat doux et une communaut\u00e9 accueillante. Bienvenue \u00e0 Brissago, le joyau du Lac Majeur o\u00f9 vivre signifie respirer le bien-\u00eatre au quotidien. Pourquoi choisir Brissago pour votre famille? Garde d'enfants \u00c0 Brissago, la famille est au c\u0153ur de la [...]<\/p>","protected":false},"author":1,"featured_media":4389,"parent":0,"menu_order":4,"comment_status":"closed","ping_status":"closed","template":"","meta":{"_acf_changed":false,"footnotes":""},"class_list":["post-3231","page","type-page","status-publish","has-post-thumbnail","hentry"],"acf":[],"_links":{"self":[{"href":"https:\/\/www.brissago.ch\/fr\/wp-json\/wp\/v2\/pages\/3231","targetHints":{"allow":["GET"]}}],"collection":[{"href":"https:\/\/www.brissago.ch\/fr\/wp-json\/wp\/v2\/pages"}],"about":[{"href":"https:\/\/www.brissago.ch\/fr\/wp-json\/wp\/v2\/types\/page"}],"author":[{"embeddable":true,"href":"https:\/\/www.brissago.ch\/fr\/wp-json\/wp\/v2\/users\/1"}],"replies":[{"embeddable":true,"href":"https:\/\/www.brissago.ch\/fr\/wp-json\/wp\/v2\/comments?post=3231"}],"version-history":[{"count":0,"href":"https:\/\/www.brissago.ch\/fr\/wp-json\/wp\/v2\/pages\/3231\/revisions"}],"wp:featuredmedia":[{"embeddable":true,"href":"https:\/\/www.brissago.ch\/fr\/wp-json\/wp\/v2\/media\/4389"}],"wp:attachment":[{"href":"https:\/\/www.brissago.ch\/fr\/wp-json\/wp\/v2\/media?parent=3231"}],"curies":[{"name":"wp","href":"https:\/\/api.w.org\/{rel}","templated":true}]}}