{"id":2982,"date":"2025-05-05T14:18:36","date_gmt":"2025-05-05T12:18:36","guid":{"rendered":"https:\/\/www.brissago.ch\/sito\/?page_id=2982"},"modified":"2025-05-21T15:36:33","modified_gmt":"2025-05-21T13:36:33","slug":"centro-extrascolastico-e-mensa-mira","status":"publish","type":"page","link":"https:\/\/www.brissago.ch\/fr\/servizi-cittadino\/istruzione\/centro-extrascolastico-e-mensa-mira\/","title":{"rendered":"Centre extrascolaire et cantine Mira"},"content":{"rendered":"<div class=\"wp-block-mazz-spazio mazz-spazio minimo\"><\/div>\n\n\n\n<p>Le <strong>Centre extrascolaire Mira<\/strong> Brissago, g\u00e9r\u00e9 par le <strong><a href=\"https:\/\/zerosedici.ch\/\" target=\"_blank\" data-type=\"link\" data-id=\"https:\/\/zerosedici.ch\/\" rel=\"noreferrer noopener\">la Fondation Zerosedici<\/a><\/strong>, offre un service d\u2019\u00e9ducation et d\u2019accueil pour les enfants \u00e2g\u00e9s de 4 \u00e0 15 ans, en aidant les familles \u00e0 concilier vie professionnelle et vie familiale. Situ\u00e9 dans le b\u00e2timent de l'\u00e9cole primaire, le centre offre un environnement accueillant et stimulant, avec des activit\u00e9s con\u00e7ues pour promouvoir la socialisation et le d\u00e9veloppement personnel des enfants.<\/p>\n\n\n\n<h2 class=\"wp-block-heading\">Services offerts<\/h2>\n\n\n\n<ul class=\"wp-block-list\">\n<li><strong>Pr\u00e9scolaire (07:00-08:30):<\/strong> R\u00e9ception du matin avec accompagnement des enfants dans leurs \u00e9coles respectives.<\/li>\n\n\n\n<li><strong>cantine scolaire (11 h 30-13 h 30):<\/strong> service de restauration \u00e9galement actif le mercredi, avec des repas \u00e9quilibr\u00e9s et adapt\u00e9s aux besoins des enfants.<\/li>\n\n\n\n<li><strong>Apr\u00e8s l'\u00e9cole (15h30-19h00):<\/strong> activit\u00e9s \u00e9ducatives et r\u00e9cr\u00e9atives post-scolaires, avec un soutien dans l'ex\u00e9cution des t\u00e2ches et des moments de jeu.<\/li>\n\n\n\n<li><strong>Mercredi apr\u00e8s-midi (13 h 30-19 h 00):<\/strong> des programmes th\u00e9matiques, tels que l\u2019\u00ab\u00e9cole dans la for\u00eat\u00bb de Gordevio, pour apprendre au contact de la nature.<\/li>\n\n\n\n<li><strong>Vacances scolaires (07:00-19:00):<\/strong> des programmes th\u00e9matiques hebdomadaires pendant les pauses scolaires, avec des activit\u00e9s r\u00e9cr\u00e9atives et de formation.<\/li>\n<\/ul>\n\n\n\n<div class=\"wp-block-mazz-spazio mazz-spazio normale\"><\/div>\n\n\n\n<div class=\"wp-block-mazz-gallery mazz_gallery swiper\"><div class=\"swiper-wrapper\"><div class=\"mazz_item swiper-slide\"><figure><a href=\"https:\/\/www.brissago.ch\/sito\/wp-content\/uploads\/2025\/03\/istruzione_14.jpg\" data-lightbox=\"gallery\" data-title=\"\"><picture><source srcset=\"https:\/\/www.brissago.ch\/sito\/wp-content\/uploads\/2025\/03\/istruzione_14-800x350.jpg\" media=\"(max-width: 600px)\"\/><source srcset=\"https:\/\/www.brissago.ch\/sito\/wp-content\/uploads\/2025\/03\/istruzione_14.jpg\" media=\"(min-width: 601px)\"\/><img decoding=\"async\" src=\"https:\/\/www.brissago.ch\/sito\/wp-content\/uploads\/2025\/03\/istruzione_14.jpg\" alt=\"\" title=\"\"><\/picture><\/a><\/figure><\/div><div class=\"mazz_item swiper-slide\"><figure><a href=\"https:\/\/www.brissago.ch\/sito\/wp-content\/uploads\/2025\/03\/mensa-scolastica_mira.jpg\" data-lightbox=\"gallery\" data-title=\"\"><picture><source srcset=\"https:\/\/www.brissago.ch\/sito\/wp-content\/uploads\/2025\/03\/mensa-scolastica_mira-800x350.jpg\" media=\"(max-width: 600px)\"\/><source srcset=\"https:\/\/www.brissago.ch\/sito\/wp-content\/uploads\/2025\/03\/mensa-scolastica_mira.jpg\" media=\"(min-width: 601px)\"\/><img decoding=\"async\" src=\"https:\/\/www.brissago.ch\/sito\/wp-content\/uploads\/2025\/03\/mensa-scolastica_mira.jpg\" alt=\"\" title=\"\"><\/picture><\/a><\/figure><\/div><div class=\"mazz_item swiper-slide\"><figure><a href=\"https:\/\/www.brissago.ch\/sito\/wp-content\/uploads\/2025\/03\/istruzione_13.jpg\" data-lightbox=\"gallery\" data-title=\"\"><picture><source srcset=\"https:\/\/www.brissago.ch\/sito\/wp-content\/uploads\/2025\/03\/istruzione_13-800x350.jpg\" media=\"(max-width: 600px)\"\/><source srcset=\"https:\/\/www.brissago.ch\/sito\/wp-content\/uploads\/2025\/03\/istruzione_13.jpg\" media=\"(min-width: 601px)\"\/><img decoding=\"async\" src=\"https:\/\/www.brissago.ch\/sito\/wp-content\/uploads\/2025\/03\/istruzione_13.jpg\" alt=\"\" title=\"\"><\/picture><\/a><\/figure><\/div><\/div><div class=\"mazz_slider-pagination\"><\/div><div class=\"mazz_slider-next\">\n    <svg class=\"mazz_icon freccia_lunga\" xmlns=\"http:\/\/www.w3.org\/2000\/svg\" viewbox=\"0 0 30 30\"><path d=\"M29.61,15.38c.05-.12.08-.25.08-.38s-.03-.26-.08-.38c-.05-.12-.12-.23-.22-.32L16.51,1.41c-.39-.39-1.02-.39-1.41,0s-.39,1.02,0,1.41l11.18,11.18H1.31c-.55,0-1,.45-1,1s.45,1,1,1h24.97l-11.18,11.18c-.39.39-.39,1.02,0,1.41.2.2.45.29.71.29s.51-.1.71-.29l12.89-12.89c.09-.09.17-.2.22-.32Z\"\/><\/svg><\/div><div class=\"mazz_slider-prev\">\n    <svg class=\"mazz_icon freccia_lunga\" xmlns=\"http:\/\/www.w3.org\/2000\/svg\" viewbox=\"0 0 30 30\"><path d=\"M29.61,15.38c.05-.12.08-.25.08-.38s-.03-.26-.08-.38c-.05-.12-.12-.23-.22-.32L16.51,1.41c-.39-.39-1.02-.39-1.41,0s-.39,1.02,0,1.41l11.18,11.18H1.31c-.55,0-1,.45-1,1s.45,1,1,1h24.97l-11.18,11.18c-.39.39-.39,1.02,0,1.41.2.2.45.29.71.29s.51-.1.71-.29l12.89-12.89c.09-.09.17-.2.22-.32Z\"\/><\/svg><\/div><\/div>\n\n\n\n<p>Les activit\u00e9s du Centre extrascolaire Mira sont dirig\u00e9es par une \u00e9quipe d'\u00e9ducateurs qualifi\u00e9s, dans un environnement intime et familial qui valorise la libert\u00e9 d'expression, la cr\u00e9ativit\u00e9 et la comparaison entre les enfants d'\u00e2ges diff\u00e9rents.<\/p>\n\n\n\n<p>En plus de la libert\u00e9 de jeu et de l'autonomie cr\u00e9ative, les enfants peuvent \u00eatre accompagn\u00e9s, si n\u00e9cessaire, pour surmonter les difficult\u00e9s \u00e9ducatives. Ce contexte privil\u00e9gi\u00e9 favorise le d\u00e9veloppement de comp\u00e9tences \u00e9motionnelles et relationnelles, en encourageant les liens d'amiti\u00e9 m\u00eame entre enfants de cultures et d'ethnies diff\u00e9rentes, au profit d'un processus d'int\u00e9gration harmonieux et durable.<\/p>\n\n\n\n<p>Excursions, activit\u00e9s de plein air, ateliers cr\u00e9atifs et manuels sont r\u00e9guli\u00e8rement propos\u00e9s pendant l'ann\u00e9e scolaire et pendant les p\u00e9riodes de vacances, con\u00e7us pour stimuler la curiosit\u00e9 et un esprit de collaboration.<\/p>\n\n\n\n<p>Le centre extrascolaire Mira di Brissago (actif depuis 2021) est situ\u00e9 \u00e0 l'int\u00e9rieur de l'\u00e9cole municipale. Il dispose d'une salle de classe au 1er \u00e9tage pour les activit\u00e9s \u00e9ducatives et d'une grande cantine au rez-de-chauss\u00e9e, meubl\u00e9e pour accueillir jusqu'\u00e0 30 enfants. Les espaces au 1er \u00e9tage sont adapt\u00e9s pendant le d\u00e9jeuner pour permettre aux \u00e9tudiants de 1<sup>a<\/sup> et 2<sup>a<\/sup> \u00e9l\u00e9mentaire pour consommer le repas dans un environnement calme et collect\u00e9.<\/p>\n\n\n\n<div class=\"wp-block-mazz-link mazz-link external\"><a href=\"https:\/\/zerosedici.ch\/centro-extrascolastico-mira\/\" class=\"mazz-anchor external\" target=\"_blank\" rel=\"noopener noreferrer\"><i>\n    <svg class=\"mazz_icon link_ext\" xmlns=\"http:\/\/www.w3.org\/2000\/svg\" viewbox=\"0 0 30 30\"><path d=\"M24,11.06c-.28,0-.5.22-.5.5v8.87c0,1.69-1.37,3.06-3.06,3.06h-10.87c-1.69,0-3.06-1.38-3.06-3.06v-10.87c0-1.69,1.37-3.06,3.06-3.06h8.87c.28,0,.5-.22.5-.5s-.22-.5-.5-.5h-8.87c-2.24,0-4.06,1.82-4.06,4.06v10.87c0,2.24,1.82,4.06,4.06,4.06h10.87c2.24,0,4.06-1.82,4.06-4.06v-8.87c0-.28-.22-.5-.5-.5Z\"><\/path><path d=\"M29.2,1.37c-.1-.25-.3-.44-.54-.54-.12-.05-.25-.08-.38-.08h-13.4c-.55,0-1,.45-1,1s.45,1,1,1h10.99l-14.66,14.66c-.39.39-.39,1.02,0,1.41.2.2.45.29.71.29s.51-.1.71-.29l14.66-14.66v10.99c0,.55.45,1,1,1s1-.45,1-1V1.76c0-.13-.03-.26-.08-.38Z\"><\/path><\/svg><\/i>Plus d'informations sur Zerosedici.ch<\/a><\/div>","protected":false},"excerpt":{"rendered":"<p>Le centre extrascolaire Mira di Brissago, g\u00e9r\u00e9 par la Fondation Zerosedici, offre un service \u00e9ducatif et d'accueil pour les enfants de 4 \u00e0 15 ans, en aidant les familles \u00e0 concilier vie professionnelle et vie familiale. Situ\u00e9 dans le b\u00e2timent de l'\u00e9cole primaire, le centre offre un environnement accueillant et stimulant, avec des activit\u00e9s visant \u00e0 promouvoir [...]<\/p>","protected":false},"author":1,"featured_media":2698,"parent":717,"menu_order":3,"comment_status":"closed","ping_status":"closed","template":"","meta":{"_acf_changed":false,"footnotes":""},"class_list":["post-2982","page","type-page","status-publish","has-post-thumbnail","hentry"],"acf":[],"_links":{"self":[{"href":"https:\/\/www.brissago.ch\/fr\/wp-json\/wp\/v2\/pages\/2982","targetHints":{"allow":["GET"]}}],"collection":[{"href":"https:\/\/www.brissago.ch\/fr\/wp-json\/wp\/v2\/pages"}],"about":[{"href":"https:\/\/www.brissago.ch\/fr\/wp-json\/wp\/v2\/types\/page"}],"author":[{"embeddable":true,"href":"https:\/\/www.brissago.ch\/fr\/wp-json\/wp\/v2\/users\/1"}],"replies":[{"embeddable":true,"href":"https:\/\/www.brissago.ch\/fr\/wp-json\/wp\/v2\/comments?post=2982"}],"version-history":[{"count":0,"href":"https:\/\/www.brissago.ch\/fr\/wp-json\/wp\/v2\/pages\/2982\/revisions"}],"up":[{"embeddable":true,"href":"https:\/\/www.brissago.ch\/fr\/wp-json\/wp\/v2\/pages\/717"}],"wp:featuredmedia":[{"embeddable":true,"href":"https:\/\/www.brissago.ch\/fr\/wp-json\/wp\/v2\/media\/2698"}],"wp:attachment":[{"href":"https:\/\/www.brissago.ch\/fr\/wp-json\/wp\/v2\/media?parent=2982"}],"curies":[{"name":"wp","href":"https:\/\/api.w.org\/{rel}","templated":true}]}}