{"id":2980,"date":"2025-05-05T14:09:20","date_gmt":"2025-05-05T12:09:20","guid":{"rendered":"https:\/\/www.brissago.ch\/sito\/?page_id=2980"},"modified":"2025-09-05T14:24:32","modified_gmt":"2025-09-05T12:24:32","slug":"istituto-scolastico-comunale","status":"publish","type":"page","link":"https:\/\/www.brissago.ch\/fr\/servizi-cittadino\/istruzione\/istituto-scolastico-comunale\/","title":{"rendered":"\u00c9cole municipale"},"content":{"rendered":"<div class=\"wp-block-mazz-spazio mazz-spazio minimo\"><\/div>\n\n\n\n<p>Le<strong>\u00c9cole municipale de Brissago<\/strong> Il offre un environnement accueillant et stimulant pour les enfants et les jeunes, en les accompagnant dans leur parcours \u00e9ducatif de l'\u00e9cole maternelle \u00e0 l'\u00e9cole primaire. L'Institut se distingue par son accent mis sur la croissance individuelle, le bien-\u00eatre des \u00e9l\u00e8ves et la collaboration avec les familles.<\/p>\n\n\n\n<div class=\"wp-block-mazz-spazio mazz-spazio minimo\"><\/div>\n\n\n\n<div class=\"wp-block-mazz-gallery mazz_gallery swiper\"><div class=\"swiper-wrapper\"><div class=\"mazz_item swiper-slide\"><figure><a href=\"https:\/\/www.brissago.ch\/sito\/wp-content\/uploads\/2025\/03\/istruzione_01-1920x768.jpg\" data-lightbox=\"gallery\" data-title=\"\"><picture><source srcset=\"https:\/\/www.brissago.ch\/sito\/wp-content\/uploads\/2025\/03\/istruzione_01-800x320.jpg\" media=\"(max-width: 600px)\"\/><source srcset=\"https:\/\/www.brissago.ch\/sito\/wp-content\/uploads\/2025\/03\/istruzione_01-1920x768.jpg\" media=\"(min-width: 601px)\"\/><img decoding=\"async\" src=\"https:\/\/www.brissago.ch\/sito\/wp-content\/uploads\/2025\/03\/istruzione_01-1920x768.jpg\" alt=\"\" title=\"\"><\/picture><\/a><\/figure><\/div><div class=\"mazz_item swiper-slide\"><figure><a href=\"https:\/\/www.brissago.ch\/sito\/wp-content\/uploads\/2025\/03\/istruzione_15.jpg\" data-lightbox=\"gallery\" data-title=\"\"><picture><source srcset=\"https:\/\/www.brissago.ch\/sito\/wp-content\/uploads\/2025\/03\/istruzione_15-800x534.jpg\" media=\"(max-width: 600px)\"\/><source srcset=\"https:\/\/www.brissago.ch\/sito\/wp-content\/uploads\/2025\/03\/istruzione_15.jpg\" media=\"(min-width: 601px)\"\/><img decoding=\"async\" src=\"https:\/\/www.brissago.ch\/sito\/wp-content\/uploads\/2025\/03\/istruzione_15.jpg\" alt=\"\" title=\"\"><\/picture><\/a><\/figure><\/div><div class=\"mazz_item swiper-slide\"><figure><a href=\"https:\/\/www.brissago.ch\/sito\/wp-content\/uploads\/2025\/03\/istruzione_03.jpg\" data-lightbox=\"gallery\" data-title=\"\"><picture><source srcset=\"https:\/\/www.brissago.ch\/sito\/wp-content\/uploads\/2025\/03\/istruzione_03-800x534.jpg\" media=\"(max-width: 600px)\"\/><source srcset=\"https:\/\/www.brissago.ch\/sito\/wp-content\/uploads\/2025\/03\/istruzione_03.jpg\" media=\"(min-width: 601px)\"\/><img decoding=\"async\" src=\"https:\/\/www.brissago.ch\/sito\/wp-content\/uploads\/2025\/03\/istruzione_03.jpg\" alt=\"\" title=\"\"><\/picture><\/a><\/figure><\/div><div class=\"mazz_item swiper-slide\"><figure><a href=\"https:\/\/www.brissago.ch\/sito\/wp-content\/uploads\/2025\/03\/istruzione_11.jpg\" data-lightbox=\"gallery\" data-title=\"\"><picture><source srcset=\"https:\/\/www.brissago.ch\/sito\/wp-content\/uploads\/2025\/03\/istruzione_11-800x534.jpg\" media=\"(max-width: 600px)\"\/><source srcset=\"https:\/\/www.brissago.ch\/sito\/wp-content\/uploads\/2025\/03\/istruzione_11.jpg\" media=\"(min-width: 601px)\"\/><img decoding=\"async\" src=\"https:\/\/www.brissago.ch\/sito\/wp-content\/uploads\/2025\/03\/istruzione_11.jpg\" alt=\"\" title=\"\"><\/picture><\/a><\/figure><\/div><div class=\"mazz_item swiper-slide\"><figure><a href=\"https:\/\/www.brissago.ch\/sito\/wp-content\/uploads\/2025\/03\/istruzione_10.jpg\" data-lightbox=\"gallery\" data-title=\"\"><picture><source srcset=\"https:\/\/www.brissago.ch\/sito\/wp-content\/uploads\/2025\/03\/istruzione_10-800x380.jpg\" media=\"(max-width: 600px)\"\/><source srcset=\"https:\/\/www.brissago.ch\/sito\/wp-content\/uploads\/2025\/03\/istruzione_10.jpg\" media=\"(min-width: 601px)\"\/><img decoding=\"async\" src=\"https:\/\/www.brissago.ch\/sito\/wp-content\/uploads\/2025\/03\/istruzione_10.jpg\" alt=\"\" title=\"\"><\/picture><\/a><\/figure><\/div><div class=\"mazz_item swiper-slide\"><figure><a href=\"https:\/\/www.brissago.ch\/sito\/wp-content\/uploads\/2025\/03\/istruzione_02.jpg\" data-lightbox=\"gallery\" data-title=\"\"><picture><source srcset=\"https:\/\/www.brissago.ch\/sito\/wp-content\/uploads\/2025\/03\/istruzione_02-800x350.jpg\" media=\"(max-width: 600px)\"\/><source srcset=\"https:\/\/www.brissago.ch\/sito\/wp-content\/uploads\/2025\/03\/istruzione_02.jpg\" media=\"(min-width: 601px)\"\/><img decoding=\"async\" src=\"https:\/\/www.brissago.ch\/sito\/wp-content\/uploads\/2025\/03\/istruzione_02.jpg\" alt=\"\" title=\"\"><\/picture><\/a><\/figure><\/div><div class=\"mazz_item swiper-slide\"><figure><a href=\"https:\/\/www.brissago.ch\/sito\/wp-content\/uploads\/2025\/03\/istruzione_16.jpg\" data-lightbox=\"gallery\" data-title=\"\"><picture><source srcset=\"https:\/\/www.brissago.ch\/sito\/wp-content\/uploads\/2025\/03\/istruzione_16-800x534.jpg\" media=\"(max-width: 600px)\"\/><source srcset=\"https:\/\/www.brissago.ch\/sito\/wp-content\/uploads\/2025\/03\/istruzione_16.jpg\" media=\"(min-width: 601px)\"\/><img decoding=\"async\" src=\"https:\/\/www.brissago.ch\/sito\/wp-content\/uploads\/2025\/03\/istruzione_16.jpg\" alt=\"\" title=\"\"><\/picture><\/a><\/figure><\/div><\/div><div class=\"mazz_slider-pagination\"><\/div><div class=\"mazz_slider-next\">\n    <svg class=\"mazz_icon freccia_lunga\" xmlns=\"http:\/\/www.w3.org\/2000\/svg\" viewbox=\"0 0 30 30\"><path d=\"M29.61,15.38c.05-.12.08-.25.08-.38s-.03-.26-.08-.38c-.05-.12-.12-.23-.22-.32L16.51,1.41c-.39-.39-1.02-.39-1.41,0s-.39,1.02,0,1.41l11.18,11.18H1.31c-.55,0-1,.45-1,1s.45,1,1,1h24.97l-11.18,11.18c-.39.39-.39,1.02,0,1.41.2.2.45.29.71.29s.51-.1.71-.29l12.89-12.89c.09-.09.17-.2.22-.32Z\"\/><\/svg><\/div><div class=\"mazz_slider-prev\">\n    <svg class=\"mazz_icon freccia_lunga\" xmlns=\"http:\/\/www.w3.org\/2000\/svg\" viewbox=\"0 0 30 30\"><path d=\"M29.61,15.38c.05-.12.08-.25.08-.38s-.03-.26-.08-.38c-.05-.12-.12-.23-.22-.32L16.51,1.41c-.39-.39-1.02-.39-1.41,0s-.39,1.02,0,1.41l11.18,11.18H1.31c-.55,0-1,.45-1,1s.45,1,1,1h24.97l-11.18,11.18c-.39.39-.39,1.02,0,1.41.2.2.45.29.71.29s.51-.1.71-.29l12.89-12.89c.09-.09.17-.2.22-.32Z\"\/><\/svg><\/div><\/div>\n\n\n\n<p>L'\u00e9cole abrite plusieurs services compl\u00e9mentaires:<\/p>\n\n\n\n<ul class=\"wp-block-list\">\n<li>le\u00a0<strong>Gymnase municipal<\/strong>, utilis\u00e9 \u00e0 la fois par les salles de classe pendant les heures de classe et par les clubs sportifs locaux pour les activit\u00e9s parascolaires<\/li>\n\n\n\n<li>le&nbsp;<strong><a href=\"https:\/\/www.brissago.ch\/fr\/sito\/servizi-cittadino\/istruzione\/nido-infanzia-cucciolo\/\" data-type=\"page\" data-id=\"2978\">Nid d'enfance Chiot<\/a><\/strong><\/li>\n\n\n\n<li>le\u00a0<strong><a href=\"https:\/\/www.brissago.ch\/fr\/sito\/servizi-cittadino\/istruzione\/centro-extrascolastico-e-mensa-mira\/\" data-type=\"page\" data-id=\"2982\">service parascolaire<\/a><\/strong>\u00a0et la\u00a0<strong><a href=\"https:\/\/www.brissago.ch\/fr\/sito\/servizi-cittadino\/istruzione\/centro-extrascolastico-e-mensa-mira\/\" data-type=\"page\" data-id=\"2982\">cantine scolaire<\/a><\/strong>, g\u00e9r\u00e9e par le\u00a0<strong>la Fondation Zerosedici<\/strong>, qui offrent un soutien pr\u00e9cieux aux familles locales<\/li>\n<\/ul>\n\n\n\n<p>\u00c0 l'ext\u00e9rieur du b\u00e2timent, il y a un\u00a0<strong>grand terrain de sport<\/strong>, utilis\u00e9 pour les activit\u00e9s motrices et r\u00e9cr\u00e9atives des \u00e9l\u00e8ves, ainsi que pour des manifestations sportives et des initiatives communautaires.<\/p>\n\n\n\n<div class=\"wp-block-mazz-spazio mazz-spazio normale\"><\/div>\n\n\n\n<h2 class=\"wp-block-heading\">Assembl\u00e9e des parents de Brissago<\/h2>\n\n\n\n<p>L\u2019assembl\u00e9e des parents collabore activement avec la direction de l\u2019\u00e9cole en organisant diverses activit\u00e9s au cours de l\u2019ann\u00e9e scolaire.<\/p>\n\n\n\n<ul class=\"wp-block-list\">\n<li><strong>Pr\u00e9sident(e):<\/strong> Pagani Samantha<\/li>\n<\/ul>\n\n\n\n<div class=\"wp-block-mazz-spazio mazz-spazio normale\"><\/div>","protected":false},"excerpt":{"rendered":"<p>L'\u00e9cole municipale de Brissago offre un environnement accueillant et stimulant pour les enfants et les jeunes, en les accompagnant dans leur parcours \u00e9ducatif de l'\u00e9cole maternelle \u00e0 l'\u00e9cole primaire. L'Institut se distingue par son accent mis sur la croissance individuelle, le bien-\u00eatre des \u00e9l\u00e8ves et la collaboration avec les familles. L'\u00e9cole abrite plusieurs services compl\u00e9mentaires: \u00c0 l'ext\u00e9rieur [...]<\/p>","protected":false},"author":1,"featured_media":2687,"parent":717,"menu_order":1,"comment_status":"closed","ping_status":"closed","template":"","meta":{"_acf_changed":false,"footnotes":""},"class_list":["post-2980","page","type-page","status-publish","has-post-thumbnail","hentry"],"acf":[],"_links":{"self":[{"href":"https:\/\/www.brissago.ch\/fr\/wp-json\/wp\/v2\/pages\/2980","targetHints":{"allow":["GET"]}}],"collection":[{"href":"https:\/\/www.brissago.ch\/fr\/wp-json\/wp\/v2\/pages"}],"about":[{"href":"https:\/\/www.brissago.ch\/fr\/wp-json\/wp\/v2\/types\/page"}],"author":[{"embeddable":true,"href":"https:\/\/www.brissago.ch\/fr\/wp-json\/wp\/v2\/users\/1"}],"replies":[{"embeddable":true,"href":"https:\/\/www.brissago.ch\/fr\/wp-json\/wp\/v2\/comments?post=2980"}],"version-history":[{"count":0,"href":"https:\/\/www.brissago.ch\/fr\/wp-json\/wp\/v2\/pages\/2980\/revisions"}],"up":[{"embeddable":true,"href":"https:\/\/www.brissago.ch\/fr\/wp-json\/wp\/v2\/pages\/717"}],"wp:featuredmedia":[{"embeddable":true,"href":"https:\/\/www.brissago.ch\/fr\/wp-json\/wp\/v2\/media\/2687"}],"wp:attachment":[{"href":"https:\/\/www.brissago.ch\/fr\/wp-json\/wp\/v2\/media?parent=2980"}],"curies":[{"name":"wp","href":"https:\/\/api.w.org\/{rel}","templated":true}]}}