{"id":2892,"date":"2025-04-07T16:00:44","date_gmt":"2025-04-07T14:00:44","guid":{"rendered":"https:\/\/www.brissago.ch\/sito\/?page_id=2892"},"modified":"2025-12-09T09:09:23","modified_gmt":"2025-12-09T08:09:23","slug":"giorgino","status":"publish","type":"page","link":"https:\/\/www.brissago.ch\/fr\/giorgino\/","title":{"rendered":"Giorgino"},"content":{"rendered":"<div data-elementor-type=\"wp-page\" data-elementor-id=\"2892\" class=\"elementor elementor-2892\" data-elementor-post-type=\"page\">\n\t\t\t\t<div class=\"elementor-element elementor-element-a93a072 mazz_breadcrumb e-flex e-con-boxed e-con e-parent\" data-id=\"a93a072\" data-element_type=\"container\" data-e-type=\"container\">\n\t\t\t\t\t<div class=\"e-con-inner\">\n\t\t\t\t<div class=\"elementor-element elementor-element-89f91e1 elementor-widget__width-initial elementor-widget elementor-widget-shortcode\" data-id=\"89f91e1\" data-element_type=\"widget\" data-e-type=\"widget\" data-widget_type=\"shortcode.default\">\n\t\t\t\t<div class=\"elementor-widget-container\">\n\t\t\t\t\t\t\t<div class=\"elementor-shortcode\"><nav aria-label=\"chapelure\" class=\"rank-math-breadcrumb\"><p><span class=\"last\">Page d'accueil<\/span><\/p><\/nav><\/div>\n\t\t\t\t\t\t<\/div>\n\t\t\t\t<\/div>\n\t\t\t\t<div class=\"elementor-element elementor-element-575e66a mazz_tool_box elementor-widget elementor-widget-html\" data-id=\"575e66a\" data-element_type=\"widget\" data-e-type=\"widget\" data-widget_type=\"html.default\">\n\t\t\t\t<div class=\"elementor-widget-container\">\n\t\t\t\t\t<div id=\"mazz_tool_share\" class=\"mazz_tool share\">\n    <svg class=\"mazz_icon share\" xmlns=\"http:\/\/www.w3.org\/2000\/svg\" viewbox=\"0 0 30 30\"><path d=\"M22.5,1.77c-3.46,0-6.28,2.82-6.28,6.28,0,.8.16,1.57.43,2.27l-7.19,3.48c-.71-1.09-1.94-1.82-3.34-1.82-2.2,0-3.99,1.79-3.99,3.99s1.79,3.99,3.99,3.99c1.16,0,2.19-.5,2.93-1.3,0,0,0,0,0,0l4.01,2.86c-.4.7-.64,1.5-.64,2.36,0,2.65,2.16,4.81,4.81,4.81s4.81-2.16,4.81-4.81-2.16-4.81-4.81-4.81c-1.43,0-2.71.64-3.59,1.64l-4.01-2.86s0,0-.01,0c.31-.56.49-1.2.49-1.89,0-.45-.09-.87-.23-1.27l7.21-3.48c1.09,1.86,3.11,3.11,5.41,3.11,3.46,0,6.28-2.82,6.28-6.28s-2.82-6.28-6.28-6.28ZM17.22,21.08c1.55,0,2.81,1.26,2.81,2.81s-1.26,2.81-2.81,2.81-2.81-1.26-2.81-2.81,1.26-2.81,2.81-2.81ZM6.11,17.96c-1.1,0-1.99-.89-1.99-1.99s.89-1.99,1.99-1.99,1.99.89,1.99,1.99-.89,1.99-1.99,1.99ZM22.5,12.33c-2.36,0-4.28-1.92-4.28-4.28s1.92-4.28,4.28-4.28,4.28,1.92,4.28,4.28-1.92,4.28-4.28,4.28Z\"\/><\/svg>\n<\/div>\n<div id=\"mazz_tool_text\" class=\"mazz_tool text\">\n    <svg class=\"mazz_icon text\" xmlns=\"http:\/\/www.w3.org\/2000\/svg\" viewbox=\"0 0 30 30\"><path class=\"text_small\" d=\"M4.77,12.97c.1-.31.32-.47.64-.47h.83c.32,0,.54.16.64.47l4.02,11.12c.07.2.06.36-.03.48-.09.12-.23.18-.44.18h-.59c-.32,0-.54-.16-.64-.47l-1.09-3.05H3.5l-1.08,3.05c-.09.31-.3.47-.62.47h-.59c-.22,0-.37-.06-.45-.18-.08-.12-.09-.28-.02-.48l4.02-11.12ZM7.67,19.81l-1.35-3.89c-.06-.16-.11-.34-.16-.53-.05-.19-.1-.38-.15-.56-.05-.21-.1-.42-.16-.64h-.04c-.07.22-.13.43-.17.64-.06.19-.11.37-.16.56-.05.19-.1.37-.16.53l-1.37,3.89h3.71Z\"\/><path class=\"text_big\" d=\"M18.76,6.18c.22-.62.65-.93,1.29-.93h1.76c.68,0,1.11.31,1.29.93l6.1,17.25c.15.4.13.72-.04.96-.17.24-.47.36-.89.36h-1.26c-.68,0-1.11-.31-1.29-.93l-1.37-4.06h-6.84l-1.35,4.04c-.18.64-.61.96-1.29.96h-1.26c-.42,0-.72-.12-.89-.36-.17-.24-.19-.56-.04-.96l6.1-17.25ZM23.46,16.87l-1.73-5.22c-.09-.27-.18-.59-.27-.93-.09-.35-.17-.68-.25-.99-.09-.35-.17-.71-.25-1.1h-.05c-.11.38-.2.75-.27,1.1-.09.31-.17.64-.25.99-.07.35-.16.66-.25.93l-1.76,5.22h5.08Z\"\/><\/svg>\n<\/div>\n<div id=\"mazz_tool_print\" class=\"mazz_tool print\">\n    <svg class=\"mazz_icon print\" xmlns=\"http:\/\/www.w3.org\/2000\/svg\" viewbox=\"0 0 30 30\"><path d=\"M26.34,7.77h-3.47V1.96c0-.28-.22-.5-.5-.5H7.63c-.28,0-.5.22-.5.5v5.81h-3.47c-1.49,0-2.7,1.21-2.7,2.7v11.35c0,1.49,1.21,2.7,2.7,2.7h.63c.55,0,1-.45,1-1s-.45-1-1-1h-.63c-.38,0-.7-.31-.7-.7v-11.35c0-.38.31-.7.7-.7h22.68c.38,0,.7.31.7.7v11.35c0,.18-.07.36-.21.49-.13.13-.34.2-.5.2h-.63c-.55,0-1,.45-1,1s.45,1,1,1h.64c.72,0,1.39-.28,1.9-.78.51-.51.79-1.18.8-1.91v-11.35c0-1.49-1.21-2.7-2.7-2.7ZM8.13,2.46h13.74v5.31h-13.74V2.46Z\"\/><path d=\"M11.03,21.44h7.94c.28,0,.5-.22.5-.5s-.22-.5-.5-.5h-7.94c-.28,0-.5.22-.5.5s.22.5.5.5Z\"\/><path d=\"M11.03,24.84h7.94c.28,0,.5-.22.5-.5s-.22-.5-.5-.5h-7.94c-.28,0-.5.22-.5.5s.22.5.5.5Z\"\/><path d=\"M24.9,17.22c0-.28-.22-.5-.5-.5H5.6c-.28,0-.5.22-.5.5s.22.5.5.5h1.05s-.02.07-.02.12v10.21c0,.55.45,1,1,1h14.74c.55,0,1-.45,1-1v-10.21s-.02-.08-.02-.12h1.05c.28,0,.5-.22.5-.5ZM21.37,17.84v9.21h-12.74v-9.21s-.02-.08-.02-.12h12.79s-.02.07-.02.12Z\"\/><path d=\"M24.64,12.66c.28,0,.5-.22.5-.5s-.22-.5-.5-.5h-.57c-.28,0-.5.22-.5.5s.22.5.5.5h.57Z\"\/><path d=\"M21.24,12.66c.28,0,.5-.22.5-.5s-.22-.5-.5-.5h-.57c-.28,0-.5.22-.5.5s.22.5.5.5h.57Z\"\/><\/svg>\n<\/div>\t\t\t\t<\/div>\n\t\t\t\t<\/div>\n\t\t\t\t\t<\/div>\n\t\t\t\t<\/div>\n\t\t<div class=\"elementor-element elementor-element-39a5176 e-flex e-con-boxed e-con e-parent\" data-id=\"39a5176\" data-element_type=\"container\" data-e-type=\"container\">\n\t\t\t\t\t<div class=\"e-con-inner\">\n\t\t<div class=\"elementor-element elementor-element-415b849 e-con-full e-flex e-con e-child\" data-id=\"415b849\" data-element_type=\"container\" data-e-type=\"container\" data-settings=\"{&quot;sticky&quot;:&quot;top&quot;,&quot;sticky_on&quot;:[&quot;widescreen&quot;,&quot;desktop&quot;,&quot;laptop&quot;],&quot;sticky_offset&quot;:0,&quot;sticky_effects_offset&quot;:0,&quot;sticky_anchor_link_offset&quot;:0}\">\n\t\t\t\t<div class=\"elementor-element elementor-element-da06e5f mazz_avatar elementor-widget elementor-widget-video\" data-id=\"da06e5f\" data-element_type=\"widget\" data-e-type=\"widget\" data-settings=\"{&quot;video_type&quot;:&quot;hosted&quot;,&quot;autoplay&quot;:&quot;yes&quot;,&quot;play_on_mobile&quot;:&quot;yes&quot;,&quot;mute&quot;:&quot;yes&quot;,&quot;loop&quot;:&quot;yes&quot;}\" data-widget_type=\"video.default\">\n\t\t\t\t<div class=\"elementor-widget-container\">\n\t\t\t\t\t\t\t<div class=\"e-hosted-video elementor-wrapper elementor-open-inline\">\n\t\t\t\t\t<video class=\"elementor-video\" src=\"https:\/\/www.brissago.ch\/sito\/wp-content\/uploads\/2025\/05\/Giorgino-avatar-anim-web.mp4\" autoplay=\"\" loop=\"\" muted=\"muted\" playsinline=\"\" controlslist=\"nodownload\" poster=\"https:\/\/www.brissago.ch\/sito\/wp-content\/uploads\/2025\/04\/Giorgino-anim-01_web_cover.jpg\"><\/video>\n\t\t\t\t<\/div>\n\t\t\t\t\t\t<\/div>\n\t\t\t\t<\/div>\n\t\t\t\t<\/div>\n\t\t<div class=\"elementor-element elementor-element-2e854ab e-con-full mazz_text_scale e-flex e-con e-child\" data-id=\"2e854ab\" data-element_type=\"container\" data-e-type=\"container\" id=\"mazz_chatbot\">\n\t\t\t\t<div class=\"elementor-element elementor-element-4b0c958 elementor-widget elementor-widget-html\" data-id=\"4b0c958\" data-element_type=\"widget\" data-e-type=\"widget\" data-widget_type=\"html.default\">\n\t\t\t\t<div class=\"elementor-widget-container\">\n\t\t\t\t\t<div id=\"mazz_gpt\"><div id=\"mazz_gpt_icon\"><div id=\"mazz_gpt_icon_audio\" class=\"gpt_icon audio-off\"><svg  xmlns=\"http:\/\/www.w3.org\/2000\/svg\" viewbox=\"0 0 60 60\"><path d=\"M29.38,46.86c-3.64,0-6.09-2.88-8.25-5.41-1.37-1.61-2.66-3.13-3.89-3.42-3.65-.88-5.34-2.59-5.34-5.38v-5.29c0-2.79,1.7-4.5,5.34-5.38,1.23-.29,2.52-1.81,3.89-3.42,2.16-2.54,4.61-5.42,8.25-5.42,3.1,0,3.75,9.17,3.75,16.86,0,4.2-.25,8.13-.7,11.05-.63,4.07-1.54,5.8-3.05,5.8ZM29.26,15.15c-2.66.07-4.67,2.43-6.61,4.71-1.59,1.86-3.08,3.62-4.94,4.07-3.52.85-3.81,2.21-3.81,3.43v5.29c0,1.22.29,2.59,3.81,3.43,1.86.45,3.36,2.21,4.94,4.07,1.94,2.28,3.95,4.64,6.61,4.71.77-.74,1.86-5.83,1.86-14.86s-1.09-14.12-1.86-14.85ZM43.44,41.57c-.26,0-.52-.1-.72-.31-.38-.4-.37-1.03.03-1.41,2.1-2.02,3.36-5.7,3.36-9.85s-1.25-7.83-3.36-9.85c-.4-.38-.41-1.02-.03-1.41.38-.4,1.02-.41,1.41-.03,3.58,3.45,3.97,9.05,3.97,11.29s-.39,7.84-3.97,11.29c-.19.19-.44.28-.69.28ZM37.95,36.29c-.26,0-.52-.1-.72-.31-.38-.4-.37-1.03.03-1.41.36-.34,1.52-1.69,1.52-4.56s-1.17-4.22-1.52-4.56c-.4-.38-.41-1.02-.03-1.41.38-.4,1.02-.41,1.41-.03.64.62,2.14,2.44,2.14,6.01s-1.5,5.39-2.14,6.01c-.19.19-.44.28-.69.28Z\"\/><\/svg><\/div><div id=\"mazz_gpt_icon_audio_msg\"><div class=\"msg\">De l\u00e0, vous pouvez activer et d\u00e9sactiver la lecture automatique des r\u00e9ponses de Giorgino.<\/div><div id=\"audio_msg_close\"><svg class=\"mazz_icon close\" xmlns=\"http:\/\/www.w3.org\/2000\/svg\" viewbox=\"0 0 30 30\"><path d=\"M16.41,15l8.79-8.79c.39-.39.39-1.02,0-1.41s-1.02-.39-1.41,0l-8.79,8.79L6.21,4.8c-.39-.39-1.02-.39-1.41,0s-.39,1.02,0,1.41l8.79,8.79-8.79,8.79c-.39.39-.39,1.02,0,1.41.2.2.45.29.71.29s.51-.1.71-.29l8.79-8.79,8.79,8.79c.2.2.45.29.71.29s.51-.1.71-.29c.39-.39.39-1.02,0-1.41l-8.79-8.79Z\"><\/path><\/svg><\/div><\/div><\/div><div class='mwai-chatbot-container' data-params='{&quot;aiName&quot;:&quot;Giorgino&quot;,&quot;userName&quot;:&quot;Tu&quot;,&quot;guestName&quot;:&quot;Tu&quot;,&quot;aiAvatar&quot;:1,&quot;userAvatar&quot;:&quot;&quot;,&quot;guestAvatar&quot;:&quot;&quot;,&quot;aiAvatarUrl&quot;:&quot;https:\\\/\\\/www.brissago.ch\\\/sito\\\/wp-content\\\/uploads\\\/mazzantini\\\/giorgino-icon.png&quot;,&quot;textSend&quot;:&quot;Invia&quot;,&quot;textClear&quot;:&quot;Inizia una nuova chat&quot;,&quot;imageUpload&quot;:false,&quot;fileUpload&quot;:false,&quot;multiUpload&quot;:false,&quot;maxUploads&quot;:1,&quot;fileUploads&quot;:0,&quot;mode&quot;:&quot;assistant&quot;,&quot;textInputPlaceholder&quot;:&quot;Scrivi qui...&quot;,&quot;textInputMaxLength&quot;:512,&quot;textCompliance&quot;:&quot;Giorgino \\u00e8 un assistente AI (Ver. 2.0). &lt;a href=\\&quot;privacy-policy\\&quot; target=\\&quot;_blank\\&quot;&gt;Maggiori info&lt;\\\/a&gt; sul suo utilizzo. &lt;a href=\\&quot;#\\&quot; id=\\&quot;open_feedback\\&quot; class=\\&quot;bot_feedback\\&quot;&gt;Invia un feedback&lt;\\\/a&gt;&quot;,&quot;startSentence&quot;:&quot;Ciao! Sono Giorgino, l\\u2019assistente AI del Comune di Brissago. Come posso aiutarti?&quot;,&quot;localMemory&quot;:false,&quot;themeId&quot;:&quot;messages&quot;,&quot;window&quot;:false,&quot;icon&quot;:&quot;&quot;,&quot;iconText&quot;:&quot;&quot;,&quot;iconTextDelay&quot;:1,&quot;iconAlt&quot;:&quot;AI Engine Chatbot&quot;,&quot;iconPosition&quot;:&quot;bottom-right&quot;,&quot;centerOpen&quot;:false,&quot;width&quot;:&quot;&quot;,&quot;openDelay&quot;:&quot;&quot;,&quot;iconBubble&quot;:false,&quot;windowAnimation&quot;:&quot;zoom&quot;,&quot;fullscreen&quot;:false,&quot;copyButton&quot;:false,&quot;headerSubtitle&quot;:&quot;Discuss with&quot;,&quot;containerType&quot;:&quot;standard&quot;,&quot;headerType&quot;:&quot;standard&quot;,&quot;messagesType&quot;:&quot;standard&quot;,&quot;inputType&quot;:&quot;standard&quot;,&quot;footerType&quot;:&quot;standard&quot;}' data-system='{&quot;botId&quot;:&quot;chatbot-giorgino-v2&quot;,&quot;customId&quot;:null,&quot;userData&quot;:null,&quot;sessionId&quot;:&quot;6a01bda2c6fef&quot;,&quot;restNonce&quot;:null,&quot;contextId&quot;:null,&quot;pluginUrl&quot;:&quot;https:\\\/\\\/www.brissago.ch\\\/sito\\\/wp-content\\\/plugins\\\/ai-engine-pro&quot;,&quot;restUrl&quot;:&quot;https:\\\/\\\/www.brissago.ch\\\/fr\\\/wp-json&quot;,&quot;stream&quot;:false,&quot;debugMode&quot;:false,&quot;eventLogs&quot;:false,&quot;speech_recognition&quot;:true,&quot;speech_synthesis&quot;:false,&quot;typewriter&quot;:false,&quot;crossSite&quot;:false,&quot;actions&quot;:[],&quot;blocks&quot;:[{&quot;id&quot;:&quot;mwai_gdpr_6a01bda2c7266&quot;,&quot;type&quot;:&quot;content&quot;,&quot;data&quot;:{&quot;id&quot;:&quot;mwai_gdpr_6a01bda2c7266&quot;,&quot;html&quot;:&quot;&lt;div&gt;\\n                              &lt;p&gt;Utilizzando questo chatbot, acconsenti alla registrazione e all&amp;#039;elaborazione dei tuoi dati da parte del nostro sito web e dei servizi esterni che potrebbe utilizzare (LLM, database vettoriali, ecc.).&lt;\\\/p&gt;\\n                              &lt;div class=\\&quot;mwai-gdpr-buttons\\&quot;&gt;\\n                              &lt;button id=\\&quot;mwai_gdpr_6a01bda2c7266-button\\&quot; type=\\&quot;button\\&quot; style=\\&quot;width: 100%;\\&quot;&gt;Ok, iniziamo a chattare!&lt;\\\/button&gt;\\n                              &lt;\\\/div&gt;\\n                              &lt;\\\/div&gt;&quot;,&quot;script&quot;:&quot;\\n                              (function() {\\n                                    \\\/\\\/ In cross-site mode, the server cannot see the cookie set on the\\n                                    \\\/\\\/ external domain, so check client-side if consent was already given.\\n                                    if (document.cookie.split(\\&quot;;\\&quot;).some(c =&gt; c.trim().startsWith(\\&quot;mwai_gdpr_accepted=1\\&quot;))) {\\n                                      var tryRemove = setInterval(function() {\\n                                        var chatbot = (typeof MwaiAPI !== \\&quot;undefined\\&quot;) ? MwaiAPI.getChatbot(\\&quot;chatbot-giorgino-v2\\&quot;) : null;\\n                                        if (chatbot) {\\n                                          chatbot.removeBlockById(\\&quot;mwai_gdpr_6a01bda2c7266\\&quot;);\\n                                          clearInterval(tryRemove);\\n                                        }\\n                                      }, 100);\\n                                      setTimeout(function() { clearInterval(tryRemove); }, 5000);\\n                                      return;\\n                                    }\\n\\n                                    \\\/\\\/ Handle GDPR consent button click\\n                                    document.addEventListener(\\&quot;click\\&quot;, function(event) {\\n                                      if (event.target.id === \\&quot;mwai_gdpr_6a01bda2c7266-button\\&quot;) {\\n                                        event.preventDefault();\\n                                        \\n                                        \\\/\\\/ Set GDPR acceptance cookie for 1 year\\n                                        const date = new Date();\\n                                        date.setTime(date.getTime() + (365 * 24 * 60 * 60 * 1000));\\n                                        document.cookie = \\&quot;mwai_gdpr_accepted=1; expires=\\&quot; + date.toUTCString() + \\&quot;; path=\\\/\\&quot;;\\n                                        \\n                                        \\\/\\\/ IMPORTANT: When multiple chatbots share the same botId, we must find\\n                                        \\\/\\\/ the specific chatbot instance that contains this GDPR block.\\n                                        \\\/\\\/ MwaiAPI.getChatbot() returns the first match, which may be wrong.\\n                                        let foundChatbot = null;\\n                                        const chatbotsWithSameBotId = MwaiAPI.chatbots.filter(cb =&gt; cb.botId === \\&quot;chatbot-giorgino-v2\\&quot;);\\n                                        \\n                                        \\\/\\\/ Find the chatbot that actually has this GDPR block\\n                                        for (const chatbot of chatbotsWithSameBotId) {\\n                                          const blocks = chatbot.getBlocks ? chatbot.getBlocks() : [];\\n                                          if (blocks.some(block =&gt; block.id === \\&quot;mwai_gdpr_6a01bda2c7266\\&quot;)) {\\n                                            foundChatbot = chatbot;\\n                                            break;\\n                                          }\\n                                        }\\n                                        \\n                                        if (foundChatbot) {\\n                                          foundChatbot.unlock();\\n                                          foundChatbot.removeBlockById(\\&quot;mwai_gdpr_6a01bda2c7266\\&quot;);\\n                                        }\\n                                      }\\n                                    }, true); \\\/\\\/ Use capture phase for better popup\\\/modal support\\n                                    \\n                                    \\\/\\\/ Lock the chatbot when it has this GDPR block\\n                                    \\\/\\\/ Note: Using MwaiAPI.getChatbot() here is fine for locking\\n                                    \\\/\\\/ as we want to lock any chatbot with this botId initially\\n                                    const tryLock = setInterval(function() {\\n                                      const chatbot = MwaiAPI.getChatbot(\\&quot;chatbot-giorgino-v2\\&quot;);\\n                                      if (chatbot &amp;&amp; chatbot.lock) {\\n                                        chatbot.lock();\\n                                        clearInterval(tryLock);\\n                                      }\\n                                    }, 100);\\n                                    \\n                                    \\\/\\\/ Stop trying after 5 seconds\\n                                    setTimeout(function() {\\n                                      clearInterval(tryLock);\\n                                    }, 5000);\\n                                  })();\\n                                &quot;}}],&quot;shortcuts&quot;:[]}' data-theme='{&quot;type&quot;:&quot;internal&quot;,&quot;name&quot;:&quot;Messages&quot;,&quot;themeId&quot;:&quot;messages&quot;,&quot;settings&quot;:{&quot;spacing&quot;:&quot;24px&quot;,&quot;borderRadius&quot;:&quot;12px&quot;,&quot;fontColor&quot;:&quot;#222222&quot;,&quot;fontSize&quot;:&quot;16px&quot;,&quot;backgroundPrimaryColor&quot;:&quot;#ffffff&quot;,&quot;backgroundAiColor&quot;:&quot;#abf4ce&quot;,&quot;backgroundAiSecondaryColor&quot;:&quot;#222222&quot;,&quot;maxHeight&quot;:&quot;100vh&quot;,&quot;width&quot;:&quot;800vh&quot;,&quot;iconTextBackgroundColor&quot;:&quot;#D20727&quot;,&quot;backgroundUserColor&quot;:&quot;#d5eff8&quot;,&quot;bubbleColor&quot;:&quot;#D20727&quot;,&quot;backgroundHeaderColor&quot;:&quot;#D20727&quot;,&quot;iconTextColor&quot;:&quot;#ffffff&quot;},&quot;style&quot;:&quot;&quot;,&quot;cssUrl&quot;:&quot;https:\\\/\\\/www.brissago.ch\\\/sito\\\/wp-content\\\/plugins\\\/ai-engine-pro\\\/themes\\\/messages.css&quot;}'><\/div><\/div>\n\n<style>\n#mazz_gpt_icon {\n    position: fixed;\n    z-index: 8;\n    left: 20%;\n    right: 20%;\n    bottom: 0;\n    padding: 0 20px;\n    height: 0;\n}\n#mazz_gpt_icon_audio {\n    width: 60px;\n    height: 60px;\n    top: -135px;\n    position: relative;\n    font-size: 10px;\n    padding: 5px;\n    display: flex;\n    cursor: pointer;\n    justify-content: center;\n    align-items: center;\n    background-color: #6ff9f6;\n    backdrop-filter: blur(20px);\n    color: #000;\n    fill: #000;\n    border-radius: 50%;\n    transition: background-color .3s ease, opacity .3s ease, padding .3s ease;\n}\n#mazz_gpt_icon_audio.audio-off {\n    padding: 10px;\n    color: #555;\n    fill: #555;\n}\n#mazz_gpt_icon_audio:before {\n    content: \"\";\n    position: absolute;\n    width: 10px;\n    height: 2px;\n    opacity: 0;\n    border-radius: 1px;\n    background-color: #555;\n    transform: rotate(-45deg);\n    transition: opacity .3s ease, width .3s ease;\n}\n#mazz_gpt_icon_audio.audio-off:before {\n    opacity: 1;\n    width: 50px;\n}\n.icona_audio_singolo.loading svg {\n  animation: mazz-audio-spin .8s linear infinite;\n  transform-origin: center center;\n}\n\n\/* keyframes della rotazione *\/\n@keyframes mazz-audio-spin {\n  from {\n    transform: rotate(0deg);\n  }\n  to {\n    transform: rotate(360deg);\n  }\n}\n@media (min-width: 761px) {\n    #mazz_gpt .mwai-messages-theme .mwai-input {\n        padding-left: 100px;\n    }\n}\n@media (max-width: 1366px) {\n    #mazz_gpt_icon {\n        left: 50px;\n        right: 50px;\n    }\n    #mazz_gpt_icon_audio {\n        top: -115px;\n    }\n}\n@media (max-width: 1024px) {\n    #mazz_gpt_icon {\n        left: 30px;\n        right: 30px;\n    }\n    #mazz_gpt_icon_audio {\n        top: -105px;\n    }\n}\n@media (max-width: 760px) {\n    #mazz_gpt .mwai-messages-theme .mwai-footer .mwai-compliance {\n        padding: 0 10px;\n    }\n    #mazz_gpt_icon {\n        left: 0;\n        right: 0;\n    }\n    #mazz_gpt_icon_audio {\n        top: -160px;\n        background-color: #6ff9f688;\n    }\n}\n\n.mwai-messages-theme button.icona_audio_singolo {\n    position: absolute;\n    bottom: 18px;\n    margin: 0;\n    right: -20px;\n    width: 42px;\n    height: 42px;\n    padding: 10px;\n    border-radius: 50%;\n    background-color: #6ff9f6;\n    fill: #222;\n    transition: background-color .3s ease, fill .3s ease;\n}\n.mwai-messages-theme button.icona_audio_singolo:hover {\n    background-color: #0798a6;\n    fill: #fff;\n}\n#mazz_gpt_icon_audio_msg {\n    position: absolute;\n    background-color: #6EF9F6;\n    color: #000;\n    font-size: 1rem;\n    border-radius: 12px;\n    width: 400px;\n    max-width: 80vw;\n    bottom: 150px;\n    left: 0;\n    cursor: default;\n    transform: translateY(20px);\n    opacity: 0;\n    visibility: hidden;\n    transition: transform .5s ease, opacity .5s ease, visibility .5s ease;\n}\n#mazz_gpt_icon_audio_msg.active {\n    transform: translateY(0);\n    opacity: 1;\n    visibility: visible;\n}\n#mazz_gpt_icon_audio_msg:before {\n    content: \"\";\n    width: 16px;\n    height: 16px;\n    background-color: #6EF9F6;\n    display: block;\n    position: absolute;\n    bottom: -2px;\n    left: 40px;\n    transform: rotate(45deg);\n}\n#mazz_gpt_icon_audio_msg .msg {\n    padding: 20px 40px 20px 20px;\n}\n#mazz_gpt_icon_audio_msg #audio_msg_close {\n    position: absolute;\n    top: 0;\n    right: 0;\n    width: 40px;\n    height: 40px;\n    padding: 10px;\n    display: flex;\n    justify-content: center;\n    align-items: center;\n    cursor: pointer;\n    transition: transform .3s ease;\n}\n#mazz_gpt_icon_audio_msg #audio_msg_close:hover {\n    transform: scale(1.2);\n}\n\n\n\n\n<\/style>\n\t\t\t\t<\/div>\n\t\t\t\t<\/div>\n\t\t\t\t<\/div>\n\t\t<div class=\"elementor-element elementor-element-8b41811 e-con-full elementor-hidden-laptop elementor-hidden-tablet elementor-hidden-mobile e-flex e-con e-child\" data-id=\"8b41811\" data-element_type=\"container\" data-e-type=\"container\">\n\t\t\t\t<div class=\"elementor-element elementor-element-76a59fb elementor-widget elementor-widget-html\" data-id=\"76a59fb\" data-element_type=\"widget\" data-e-type=\"widget\" data-widget_type=\"html.default\">\n\t\t\t\t<div class=\"elementor-widget-container\">\n\t\t\t\t\t<script>\nfunction generaTestoFeedbackDaChat() {\n  try {\n    const container = document.querySelector('.mwai-conversation');\n    const messaggi = container ? container.querySelectorAll('.mwai-reply') : [];\n\n    if (!container || messaggi.length === 0) {\n      console.warn('Nessun messaggio trovato.');\n      return;\n    }\n\n    let testoFeedback = '';\n\n    messaggi.forEach((msg) => {\n      const isAI = msg.classList.contains('mwai-ai');\n      const isUser = msg.classList.contains('mwai-user');\n\n      const textWrapper = msg.querySelector('.mwai-text');\n      const testo = textWrapper?.innerText.trim(); \/\/ pi\u00f9 completo, ignora tag ma prende tutto\n\n      if (!testo) return;\n\n      if (isAI) {\n        testoFeedback += 'Giorgino:\\n' + testo + '\\n\\n';\n      } else if (isUser) {\n        testoFeedback += 'Utente:\\n' + testo + '\\n\\n';\n      }\n    });\n\n    const campoFeedback = document.querySelector('#form-field-testo_chatbot');\n    if (campoFeedback) {\n      campoFeedback.value = testoFeedback.trim();\n      console.log('Feedback inserito correttamente.');\n    } else {\n      console.warn('Campo non trovato.');\n    }\n  } catch (error) {\n    console.error('Errore durante la generazione del feedback:', error);\n  }\n  \n  \n}\n\n\/\/ Attiva la funzione al click su #open_feedback, anche se viene caricato dinamicamente\ndocument.addEventListener('DOMContentLoaded', function () {\n  const observer = new MutationObserver((mutations, obs) => {\n    const bottoneFeedback = document.querySelector('#open_feedback');\n    if (bottoneFeedback) {\n      console.log('Bottone rilevato.');\n\n      bottoneFeedback.addEventListener('click', function () {\n        setTimeout(() => {\n          generaTestoFeedbackDaChat();\n        }, 500);\n      });\n\n      obs.disconnect(); \/\/ Una volta trovato, smetti di osservare\n    }\n  });\n\n  observer.observe(document.body, {\n    childList: true,\n    subtree: true\n  });\n});\n<\/script>\t\t\t\t<\/div>\n\t\t\t\t<\/div>\n\t\t\t\t<\/div>\n\t\t\t\t\t<\/div>\n\t\t\t\t<\/div>\n\t\t\t\t<\/div>","protected":false},"excerpt":{"rendered":"<p>https:\/\/www.brissago.ch\/sito\/wp-content\/uploads\/2025\/05\/Giorgino-avatar-anim-web.mp4<\/p>","protected":false},"author":1,"featured_media":0,"parent":0,"menu_order":10,"comment_status":"closed","ping_status":"closed","template":"","meta":{"_acf_changed":false,"footnotes":""},"class_list":["post-2892","page","type-page","status-publish","hentry"],"acf":[],"_links":{"self":[{"href":"https:\/\/www.brissago.ch\/fr\/wp-json\/wp\/v2\/pages\/2892","targetHints":{"allow":["GET"]}}],"collection":[{"href":"https:\/\/www.brissago.ch\/fr\/wp-json\/wp\/v2\/pages"}],"about":[{"href":"https:\/\/www.brissago.ch\/fr\/wp-json\/wp\/v2\/types\/page"}],"author":[{"embeddable":true,"href":"https:\/\/www.brissago.ch\/fr\/wp-json\/wp\/v2\/users\/1"}],"replies":[{"embeddable":true,"href":"https:\/\/www.brissago.ch\/fr\/wp-json\/wp\/v2\/comments?post=2892"}],"version-history":[{"count":3,"href":"https:\/\/www.brissago.ch\/fr\/wp-json\/wp\/v2\/pages\/2892\/revisions"}],"predecessor-version":[{"id":5581,"href":"https:\/\/www.brissago.ch\/fr\/wp-json\/wp\/v2\/pages\/2892\/revisions\/5581"}],"wp:attachment":[{"href":"https:\/\/www.brissago.ch\/fr\/wp-json\/wp\/v2\/media?parent=2892"}],"curies":[{"name":"wp","href":"https:\/\/api.w.org\/{rel}","templated":true}]}}