{"id":2743,"date":"2025-03-18T09:50:58","date_gmt":"2025-03-18T08:50:58","guid":{"rendered":"https:\/\/www.brissago.ch\/sito\/?page_id=2743"},"modified":"2025-05-22T12:02:43","modified_gmt":"2025-05-22T10:02:43","slug":"escursioni-natura","status":"publish","type":"page","link":"https:\/\/www.brissago.ch\/fr\/turismo-tempo-libero\/scopri-brissago\/escursioni-natura\/","title":{"rendered":"Excursions et nature"},"content":{"rendered":"<p>Depuis un certain temps d\u00e9j\u00e0, un grand effort a \u00e9t\u00e9 fait pour am\u00e9liorer les chemins qui relient les diff\u00e9rents endroits et surtout pour faciliter ceux qui m\u00e8nent de la zone de montagne aux sommets, qui se refl\u00e8tent dans le lac. Un <strong>r\u00e9seau complet de sentiers<\/strong> (clairement indiqu\u00e9 sur une carte, con\u00e7ue sp\u00e9cifiquement pour les touristes) serpente \u00e0 travers des bois riants, touchant des endroits entour\u00e9s de verdure.<\/p>\n\n\n\n<p>Dans la zone sup\u00e9rieure, vous pouvez atteindre le <strong>Couronne des Pinci<\/strong>, le <strong>Lion de dentelle<\/strong> et la <strong>Ghiridone<\/strong>, d'o\u00f9 vous pourrez profiter d'une vue magnifique sur le lac et les stations baln\u00e9aires.<\/p>\n\n\n\n<p>Parmi les r\u00e9alisations de ces derni\u00e8res ann\u00e9es, nous soulignons le <strong>Cabane alpine, situ\u00e9e \u00e0 Legn<\/strong>, qui permet aux randonneurs et aux amoureux de la montagne d'organiser des excursions et des s\u00e9jours inoubliables dans un cadre alpin unique. <\/p>\n\n\n\n<p>Le <strong>p\u00e2turages<\/strong> Il \u00e9tait une fois (Naccio, Alpe Cassone, Mergugno, Arolgia, Cortaccio) des vestiges d'un pass\u00e9 paysan, aujourd'hui conserv\u00e9s uniquement dans la m\u00e9moire des personnes \u00e2g\u00e9es. Ici aussi, par le miracle de la nature, se tient le <strong>la for\u00eat sacr\u00e9e<\/strong>, o\u00f9, pendant la floraison du cytisus, il colore une grande zone bois\u00e9e au-dessus du jaune Mergugno.<\/p>\n\n\n\n<h2 class=\"wp-block-heading\">Au seuil de Brissago \u2013 itin\u00e9raire historique et paysager<\/h2>\n\n\n\n<figure class=\"wp-block-mazz-immagine mazz-immagine\"><a href=\"https:\/\/www.brissago.ch\/sito\/wp-content\/uploads\/2025\/05\/brissago-dal-lago_01.jpg\" data-lightbox=\"gallery\" data-title=\"\"><picture><source srcset=\"https:\/\/www.brissago.ch\/sito\/wp-content\/uploads\/2025\/05\/brissago-dal-lago_01-800x250.jpg\" media=\"(max-width: 600px)\"\/><source srcset=\"https:\/\/www.brissago.ch\/sito\/wp-content\/uploads\/2025\/05\/brissago-dal-lago_01.jpg\" media=\"(min-width: 601px)\"\/><img decoding=\"async\" src=\"https:\/\/www.brissago.ch\/sito\/wp-content\/uploads\/2025\/05\/brissago-dal-lago_01.jpg\" alt=\"\" title=\"\"><\/picture><\/a><\/figure>\n\n\n\n<p>Cet itin\u00e9raire de paysage historique veut mettre en valeur les beaut\u00e9s architecturales et paysag\u00e8res de Brissago. Il raconte \u00e9galement l'histoire et les \u00e9v\u00e9nements des illustres personnes qui y ont v\u00e9cu et passe en revue les \u00e9v\u00e9nements importants et \/ ou curieux qui s'y sont produits. Le texte introductif invite le visiteur \u00e0 se d\u00e9tendre, \u00e0 m\u00e9diter, \u00e0 se d\u00e9tacher du stress quotidien, \u00e0 s'immerger dans les beaut\u00e9s environnantes. Au seuil de Brissago, un visiteur peut d\u00e9couvrir un village avec toutes ses particularit\u00e9s et s'y red\u00e9couvrir.<\/p>\n\n\n\n<blockquote class=\"wp-block-quote is-layout-flow wp-block-quote-is-layout-flow\">\n<p>La randonn\u00e9e circulaire couvre 5 km avec une diff\u00e9rence de hauteur de 170 m et un temps de trajet de 1,5 \u00e0 2 heures.<\/p>\n<\/blockquote>\n\n\n\n<p><strong>T\u00e9l\u00e9chargez le livret de l\u2019itin\u00e9raire \u00ab Au seuil de Brissago \u00bb :<\/strong><\/p>\n\n\n\n<div class=\"wp-block-group is-nowrap is-layout-flex wp-container-core-group-is-layout-6c531013 wp-block-group-is-layout-flex\">\n<div class=\"wp-block-mazz-link mazz-link download\"><a href=\"https:\/\/www.brissago.ch\/fr\/files\/Brissago_-_Libretto_-_IT.pdf\/\" class=\"mazz-anchor download\" target=\"_blank\" rel=\"noopener noreferrer\"><i>\n    <svg class=\"mazz_icon download\" xmlns=\"http:\/\/www.w3.org\/2000\/svg\" viewbox=\"0 0 30 30\"><path d=\"M28,20.26c-.28,0-.5.22-.5.5v2.87c0,1.69-1.38,3.06-3.06,3.06H5.56c-1.69,0-3.06-1.37-3.06-3.06v-2.87c0-.28-.22-.5-.5-.5s-.5.22-.5.5v2.87c0,2.24,1.82,4.06,4.06,4.06h18.87c2.24,0,4.06-1.82,4.06-4.06v-2.87c0-.28-.22-.5-.5-.5Z\"><\/path><path d=\"M14.29,23.6c.09.09.2.17.33.22.12.05.25.08.38.08s.26-.03.38-.08c.12-.05.23-.12.33-.22l9.48-9.48c.39-.39.39-1.02,0-1.41s-1.02-.39-1.41,0l-7.77,7.77V2.75c0-.55-.45-1-1-1s-1,.45-1,1v17.73l-7.77-7.77c-.39-.39-1.02-.39-1.41,0s-.39,1.02,0,1.41l9.48,9.48Z\"><\/path><\/svg><\/i>Italien (IT)<\/a><\/div>\n\n\n\n<div class=\"wp-block-mazz-link mazz-link download\"><a href=\"https:\/\/www.brissago.ch\/fr\/files\/Brissago_-_Libretto_-_DE.pdf\/\" class=\"mazz-anchor download\" target=\"_blank\" rel=\"noopener noreferrer\"><i>\n    <svg class=\"mazz_icon download\" xmlns=\"http:\/\/www.w3.org\/2000\/svg\" viewbox=\"0 0 30 30\"><path d=\"M28,20.26c-.28,0-.5.22-.5.5v2.87c0,1.69-1.38,3.06-3.06,3.06H5.56c-1.69,0-3.06-1.37-3.06-3.06v-2.87c0-.28-.22-.5-.5-.5s-.5.22-.5.5v2.87c0,2.24,1.82,4.06,4.06,4.06h18.87c2.24,0,4.06-1.82,4.06-4.06v-2.87c0-.28-.22-.5-.5-.5Z\"><\/path><path d=\"M14.29,23.6c.09.09.2.17.33.22.12.05.25.08.38.08s.26-.03.38-.08c.12-.05.23-.12.33-.22l9.48-9.48c.39-.39.39-1.02,0-1.41s-1.02-.39-1.41,0l-7.77,7.77V2.75c0-.55-.45-1-1-1s-1,.45-1,1v17.73l-7.77-7.77c-.39-.39-1.02-.39-1.41,0s-.39,1.02,0,1.41l9.48,9.48Z\"><\/path><\/svg><\/i>Allemand (DE)<\/a><\/div>\n<\/div>\n\n\n\n<div class=\"wp-block-mazz-spazio mazz-spazio normale\"><\/div>\n\n\n\n<h2 class=\"wp-block-heading\">Tr\u00e9sors de Brissago \u2013 chasse au tr\u00e9sor<\/h2>\n\n\n\n<figure class=\"wp-block-mazz-immagine mazz-immagine\"><a href=\"https:\/\/www.brissago.ch\/sito\/wp-content\/uploads\/2025\/05\/copertina-app.jpg\" data-lightbox=\"gallery\" data-title=\"\"><picture><source srcset=\"https:\/\/www.brissago.ch\/sito\/wp-content\/uploads\/2025\/05\/copertina-app-800x300.jpg\" media=\"(max-width: 600px)\"\/><source srcset=\"https:\/\/www.brissago.ch\/sito\/wp-content\/uploads\/2025\/05\/copertina-app.jpg\" media=\"(min-width: 601px)\"\/><img decoding=\"async\" src=\"https:\/\/www.brissago.ch\/sito\/wp-content\/uploads\/2025\/05\/copertina-app.jpg\" alt=\"\" title=\"\"><\/picture><\/a><\/figure>\n\n\n\n<p>Vous devez savoir qu'il y a de nombreuses ann\u00e9es, Brissago n'\u00e9tait pas le village calme et joli que nous connaissons aujourd'hui. Situ\u00e9 entre les possessions des conf\u00e9d\u00e9r\u00e9s et le duch\u00e9 de Milan, le territoire de Brissago \u00e9tait la terre des raids de bandits et du d\u00e9barquement des pirates, luttant toujours pour s'emparer des grandes richesses que ces terres avaient comme dot.<br>Un jour, cependant, la l\u00e9gende raconte qu'un diable espi\u00e8gle a vol\u00e9 des pi\u00e8ces d'un tr\u00e9sor de pirates et les a dispers\u00e9es dans tout le village. Parmi les personnages anciens et les cr\u00e9atures myst\u00e9rieuses, c'est maintenant \u00e0 vous d'explorer Brissago pour trouver les pi\u00e8ces de monnaie et comprendre o\u00f9 se cache le myst\u00e9rieux coffre au tr\u00e9sor: Que la chasse commence!<\/p>\n\n\n\n<blockquote class=\"wp-block-quote is-layout-flow wp-block-quote-is-layout-flow\">\n<p>Pour commencer la recherche, t\u00e9l\u00e9chargez l'application imm\u00e9diatement depuis l'App Store ou Google Play et r\u00e9cup\u00e9rez la carte papier au bar de r\u00e9union devant l'h\u00f4tel de ville (co\u00fbt CHF 5), apr\u00e8s la chasse, chaque carte compl\u00e9t\u00e9e aura droit \u00e0 un beau prix.<\/p>\n<\/blockquote>\n\n\n\n<ul class=\"wp-block-list\">\n<li>Dur\u00e9e: 1,5 h<\/li>\n\n\n\n<li>Distance : 2,5 km<\/li>\n\n\n\n<li>Diff\u00e9rence de niveau: 115 m<\/li>\n<\/ul>\n\n\n\n<p>La chasse au tr\u00e9sor est amusante et int\u00e9ressante pour toute la famille. Les enfants (\u00e2g\u00e9s de 4 ans et plus) l'appr\u00e9cieront particuli\u00e8rement et c'est une excellente occasion d'explorer l'int\u00e9rieur du village et les pentes de montagne.<\/p>\n\n\n\n<p><strong>Heures de prise en charge de la carte:&nbsp;<\/strong> tous les jours de 8h00 \u00e0 20h00 au Meeting Bar<\/p>\n\n\n\n<p>T\u00e9l\u00e9chargez maintenant l'application sur:<\/p>\n\n\n\n<div class=\"wp-block-group has-medium-font-size is-nowrap is-layout-flex wp-container-core-group-is-layout-6c531013 wp-block-group-is-layout-flex\">\n<figure class=\"wp-block-mazz-immagine mazz-immagine  img_icon\"><a href=\"https:\/\/apps.apple.com\/ch\/app\/i-tesori-di-brissago\/id1626981513?l=en\" target=\"_blank\" rel=\"noopener\"><picture><source srcset=\"https:\/\/www.brissago.ch\/sito\/wp-content\/uploads\/2025\/05\/appstore-icon.png\" media=\"(max-width: 600px)\"\/><source srcset=\"https:\/\/www.brissago.ch\/sito\/wp-content\/uploads\/2025\/05\/appstore-icon.png\" media=\"(min-width: 601px)\"\/><img decoding=\"async\" src=\"https:\/\/www.brissago.ch\/sito\/wp-content\/uploads\/2025\/05\/appstore-icon.png\" alt=\"\" title=\"\"><\/picture><\/a><\/figure>\n\n\n\n<figure class=\"wp-block-mazz-immagine mazz-immagine  img_icon\"><a href=\"https:\/\/play.google.com\/store\/apps\/details?id=com.macaco.TesoriDiBrissago\" target=\"_blank\" rel=\"noopener\"><picture><source srcset=\"https:\/\/www.brissago.ch\/sito\/wp-content\/uploads\/2025\/05\/googleplay-icon.png\" media=\"(max-width: 600px)\"\/><source srcset=\"https:\/\/www.brissago.ch\/sito\/wp-content\/uploads\/2025\/05\/googleplay-icon.png\" media=\"(min-width: 601px)\"\/><img decoding=\"async\" src=\"https:\/\/www.brissago.ch\/sito\/wp-content\/uploads\/2025\/05\/googleplay-icon.png\" alt=\"\" title=\"\"><\/picture><\/a><\/figure>\n<\/div>\n\n\n\n<div class=\"wp-block-mazz-spazio mazz-spazio normale\"><\/div>\n\n\n\n<h2 class=\"wp-block-heading\">Projets en cours<\/h2>\n\n\n\n<h3 class=\"wp-block-heading\">Brissago \u2013 Analyse des destinations et \u00e9tude sur le d\u00e9veloppement du tourisme<\/h3>\n\n\n\n<div class=\"wp-block-mazz-link mazz-link download\"><a href=\"https:\/\/www.brissago.ch\/fr\/files\/Analisi_parte_1.pdf\/\" class=\"mazz-anchor download\" target=\"_blank\" rel=\"noopener noreferrer\"><i>\n    <svg class=\"mazz_icon download\" xmlns=\"http:\/\/www.w3.org\/2000\/svg\" viewbox=\"0 0 30 30\"><path d=\"M28,20.26c-.28,0-.5.22-.5.5v2.87c0,1.69-1.38,3.06-3.06,3.06H5.56c-1.69,0-3.06-1.37-3.06-3.06v-2.87c0-.28-.22-.5-.5-.5s-.5.22-.5.5v2.87c0,2.24,1.82,4.06,4.06,4.06h18.87c2.24,0,4.06-1.82,4.06-4.06v-2.87c0-.28-.22-.5-.5-.5Z\"><\/path><path d=\"M14.29,23.6c.09.09.2.17.33.22.12.05.25.08.38.08s.26-.03.38-.08c.12-.05.23-.12.33-.22l9.48-9.48c.39-.39.39-1.02,0-1.41s-1.02-.39-1.41,0l-7.77,7.77V2.75c0-.55-.45-1-1-1s-1,.45-1,1v17.73l-7.77-7.77c-.39-.39-1.02-.39-1.41,0s-.39,1.02,0,1.41l9.48,9.48Z\"><\/path><\/svg><\/i>Touriste Brissago (partie 1)<\/a><\/div>\n\n\n\n<div class=\"wp-block-mazz-link mazz-link download\"><a href=\"https:\/\/www.brissago.ch\/fr\/files\/Analisi_parte_2.pdf\/\" class=\"mazz-anchor download\" target=\"_blank\" rel=\"noopener noreferrer\"><i>\n    <svg class=\"mazz_icon download\" xmlns=\"http:\/\/www.w3.org\/2000\/svg\" viewbox=\"0 0 30 30\"><path d=\"M28,20.26c-.28,0-.5.22-.5.5v2.87c0,1.69-1.38,3.06-3.06,3.06H5.56c-1.69,0-3.06-1.37-3.06-3.06v-2.87c0-.28-.22-.5-.5-.5s-.5.22-.5.5v2.87c0,2.24,1.82,4.06,4.06,4.06h18.87c2.24,0,4.06-1.82,4.06-4.06v-2.87c0-.28-.22-.5-.5-.5Z\"><\/path><path d=\"M14.29,23.6c.09.09.2.17.33.22.12.05.25.08.38.08s.26-.03.38-.08c.12-.05.23-.12.33-.22l9.48-9.48c.39-.39.39-1.02,0-1.41s-1.02-.39-1.41,0l-7.77,7.77V2.75c0-.55-.45-1-1-1s-1,.45-1,1v17.73l-7.77-7.77c-.39-.39-1.02-.39-1.41,0s-.39,1.02,0,1.41l9.48,9.48Z\"><\/path><\/svg><\/i>Touriste Brissago (partie 2)<\/a><\/div>\n\n\n\n<div class=\"wp-block-mazz-spazio mazz-spazio normale\"><\/div>\n\n\n\n<h2 class=\"wp-block-heading\">Informations utiles<\/h2>\n\n\n\n<div class=\"wp-block-mazz-link mazz-link download\"><a href=\"https:\/\/www.brissago.ch\/fr\/files\/Spazi_culturali_Locarnese_e_Valli_2022-06-13_21-54_3.pdf\/\" class=\"mazz-anchor download\" target=\"_blank\" rel=\"noopener noreferrer\"><i>\n    <svg class=\"mazz_icon download\" xmlns=\"http:\/\/www.w3.org\/2000\/svg\" viewbox=\"0 0 30 30\"><path d=\"M28,20.26c-.28,0-.5.22-.5.5v2.87c0,1.69-1.38,3.06-3.06,3.06H5.56c-1.69,0-3.06-1.37-3.06-3.06v-2.87c0-.28-.22-.5-.5-.5s-.5.22-.5.5v2.87c0,2.24,1.82,4.06,4.06,4.06h18.87c2.24,0,4.06-1.82,4.06-4.06v-2.87c0-.28-.22-.5-.5-.5Z\"><\/path><path d=\"M14.29,23.6c.09.09.2.17.33.22.12.05.25.08.38.08s.26-.03.38-.08c.12-.05.23-.12.33-.22l9.48-9.48c.39-.39.39-1.02,0-1.41s-1.02-.39-1.41,0l-7.77,7.77V2.75c0-.55-.45-1-1-1s-1,.45-1,1v17.73l-7.77-7.77c-.39-.39-1.02-.39-1.41,0s-.39,1.02,0,1.41l9.48,9.48Z\"><\/path><\/svg><\/i>Liste des espaces culturels du Locarno et des vall\u00e9es<\/a><\/div>\n\n\n\n<p><\/p>","protected":false},"excerpt":{"rendered":"<p>Depuis un certain temps d\u00e9j\u00e0, un grand effort a \u00e9t\u00e9 fait pour am\u00e9liorer les chemins qui relient les diff\u00e9rents endroits et surtout pour faciliter ceux qui m\u00e8nent de la zone de montagne aux sommets, qui se refl\u00e8tent dans le lac. Un r\u00e9seau complet de sentiers (clairement indiqu\u00e9 sur une carte, con\u00e7ue sp\u00e9cifiquement pour les touristes) serpente \u00e0 travers les [...]<\/p>","protected":false},"author":1,"featured_media":3537,"parent":888,"menu_order":5,"comment_status":"closed","ping_status":"closed","template":"","meta":{"_acf_changed":false,"footnotes":""},"class_list":["post-2743","page","type-page","status-publish","has-post-thumbnail","hentry"],"acf":[],"_links":{"self":[{"href":"https:\/\/www.brissago.ch\/fr\/wp-json\/wp\/v2\/pages\/2743","targetHints":{"allow":["GET"]}}],"collection":[{"href":"https:\/\/www.brissago.ch\/fr\/wp-json\/wp\/v2\/pages"}],"about":[{"href":"https:\/\/www.brissago.ch\/fr\/wp-json\/wp\/v2\/types\/page"}],"author":[{"embeddable":true,"href":"https:\/\/www.brissago.ch\/fr\/wp-json\/wp\/v2\/users\/1"}],"replies":[{"embeddable":true,"href":"https:\/\/www.brissago.ch\/fr\/wp-json\/wp\/v2\/comments?post=2743"}],"version-history":[{"count":0,"href":"https:\/\/www.brissago.ch\/fr\/wp-json\/wp\/v2\/pages\/2743\/revisions"}],"up":[{"embeddable":true,"href":"https:\/\/www.brissago.ch\/fr\/wp-json\/wp\/v2\/pages\/888"}],"wp:featuredmedia":[{"embeddable":true,"href":"https:\/\/www.brissago.ch\/fr\/wp-json\/wp\/v2\/media\/3537"}],"wp:attachment":[{"href":"https:\/\/www.brissago.ch\/fr\/wp-json\/wp\/v2\/media?parent=2743"}],"curies":[{"name":"wp","href":"https:\/\/api.w.org\/{rel}","templated":true}]}}