{"id":2716,"date":"2025-03-18T09:01:30","date_gmt":"2025-03-18T08:01:30","guid":{"rendered":"https:\/\/www.brissago.ch\/sito\/?page_id=2716"},"modified":"2025-05-19T16:41:23","modified_gmt":"2025-05-19T14:41:23","slug":"attivita-sul-lago","status":"publish","type":"page","link":"https:\/\/www.brissago.ch\/fr\/turismo-tempo-libero\/scopri-brissago\/attivita-sul-lago\/","title":{"rendered":"Activit\u00e9s sur le lac"},"content":{"rendered":"<h2 class=\"wp-block-heading\">Un plongeon dans la nature<\/h2>\n\n\n\n<p>Pendant l'\u00e9t\u00e9, le lac est le protagoniste incontest\u00e9. Le <strong>Lido de Brissago<\/strong>, \u00e0 proximit\u00e9 de l'\u00e9glise de la Madonna di Ponte, offre une exp\u00e9rience de baignade de qualit\u00e9. Les amateurs de voile peuvent fr\u00e9quenter l'\u00e9cole Yacht Club, tandis que les surfeurs trouvent leur point de r\u00e9f\u00e9rence \u00e0 l'\u00e9cole Marenca Surf. Ceux qui aiment les excursions panoramiques en bateau peuvent rejoindre les \u00eeles Borrom\u00e9es.<\/p>\n\n\n\n<div class=\"wp-block-mazz-gallery mazz_gallery swiper\"><div class=\"swiper-wrapper\"><div class=\"mazz_item swiper-slide\"><figure><a href=\"https:\/\/www.brissago.ch\/sito\/wp-content\/uploads\/2025\/03\/Lido-Brissago-dallalto.jpg\" data-lightbox=\"gallery\" data-title=\"\"><picture><source srcset=\"https:\/\/www.brissago.ch\/sito\/wp-content\/uploads\/2025\/03\/Lido-Brissago-dallalto-800x534.jpg\" media=\"(max-width: 600px)\"\/><source srcset=\"https:\/\/www.brissago.ch\/sito\/wp-content\/uploads\/2025\/03\/Lido-Brissago-dallalto.jpg\" media=\"(min-width: 601px)\"\/><img decoding=\"async\" src=\"https:\/\/www.brissago.ch\/sito\/wp-content\/uploads\/2025\/03\/Lido-Brissago-dallalto.jpg\" alt=\"\" title=\"\"><\/picture><\/a><\/figure><\/div><div class=\"mazz_item swiper-slide\"><figure><a href=\"https:\/\/www.brissago.ch\/sito\/wp-content\/uploads\/2025\/03\/isole-brissago_02.jpg\" data-lightbox=\"gallery\" data-title=\"\"><picture><source srcset=\"https:\/\/www.brissago.ch\/sito\/wp-content\/uploads\/2025\/03\/isole-brissago_02-800x350.jpg\" media=\"(max-width: 600px)\"\/><source srcset=\"https:\/\/www.brissago.ch\/sito\/wp-content\/uploads\/2025\/03\/isole-brissago_02.jpg\" media=\"(min-width: 601px)\"\/><img decoding=\"async\" src=\"https:\/\/www.brissago.ch\/sito\/wp-content\/uploads\/2025\/03\/isole-brissago_02.jpg\" alt=\"\" title=\"\"><\/picture><\/a><\/figure><\/div><div class=\"mazz_item swiper-slide\"><figure><a href=\"https:\/\/www.brissago.ch\/sito\/wp-content\/uploads\/2025\/03\/chiesa-madonna-di-ponte.jpg\" data-lightbox=\"gallery\" data-title=\"\"><picture><source srcset=\"https:\/\/www.brissago.ch\/sito\/wp-content\/uploads\/2025\/03\/chiesa-madonna-di-ponte-800x534.jpg\" media=\"(max-width: 600px)\"\/><source srcset=\"https:\/\/www.brissago.ch\/sito\/wp-content\/uploads\/2025\/03\/chiesa-madonna-di-ponte.jpg\" media=\"(min-width: 601px)\"\/><img decoding=\"async\" src=\"https:\/\/www.brissago.ch\/sito\/wp-content\/uploads\/2025\/03\/chiesa-madonna-di-ponte.jpg\" alt=\"\" title=\"\"><\/picture><\/a><\/figure><\/div><div class=\"mazz_item swiper-slide\"><figure><a href=\"https:\/\/www.brissago.ch\/sito\/wp-content\/uploads\/2025\/03\/Lido-foto-zona-A-1920x763.jpg\" data-lightbox=\"gallery\" data-title=\"\"><picture><source srcset=\"https:\/\/www.brissago.ch\/sito\/wp-content\/uploads\/2025\/03\/Lido-foto-zona-A-800x318.jpg\" media=\"(max-width: 600px)\"\/><source srcset=\"https:\/\/www.brissago.ch\/sito\/wp-content\/uploads\/2025\/03\/Lido-foto-zona-A-1920x763.jpg\" media=\"(min-width: 601px)\"\/><img decoding=\"async\" src=\"https:\/\/www.brissago.ch\/sito\/wp-content\/uploads\/2025\/03\/Lido-foto-zona-A-1920x763.jpg\" alt=\"\" title=\"\"><\/picture><\/a><\/figure><\/div><div class=\"mazz_item swiper-slide\"><figure><a href=\"https:\/\/www.brissago.ch\/sito\/wp-content\/uploads\/2025\/05\/Barca-vela.jpg\" data-lightbox=\"gallery\" data-title=\"\"><picture><source srcset=\"https:\/\/www.brissago.ch\/sito\/wp-content\/uploads\/2025\/05\/Barca-vela-800x400.jpg\" media=\"(max-width: 600px)\"\/><source srcset=\"https:\/\/www.brissago.ch\/sito\/wp-content\/uploads\/2025\/05\/Barca-vela.jpg\" media=\"(min-width: 601px)\"\/><img decoding=\"async\" src=\"https:\/\/www.brissago.ch\/sito\/wp-content\/uploads\/2025\/05\/Barca-vela.jpg\" alt=\"\" title=\"\"><\/picture><\/a><\/figure><\/div><div class=\"mazz_item swiper-slide\"><figure><a href=\"https:\/\/www.brissago.ch\/sito\/wp-content\/uploads\/2025\/05\/lido-comunale-brissago-01.jpg\" data-lightbox=\"gallery\" data-title=\"\"><picture><source srcset=\"https:\/\/www.brissago.ch\/sito\/wp-content\/uploads\/2025\/05\/lido-comunale-brissago-01-800x400.jpg\" media=\"(max-width: 600px)\"\/><source srcset=\"https:\/\/www.brissago.ch\/sito\/wp-content\/uploads\/2025\/05\/lido-comunale-brissago-01.jpg\" media=\"(min-width: 601px)\"\/><img decoding=\"async\" src=\"https:\/\/www.brissago.ch\/sito\/wp-content\/uploads\/2025\/05\/lido-comunale-brissago-01.jpg\" alt=\"\" title=\"\"><\/picture><\/a><\/figure><\/div><div class=\"mazz_item swiper-slide\"><figure><a href=\"https:\/\/www.brissago.ch\/sito\/wp-content\/uploads\/2025\/03\/Costa-Piodina-da-drone-781x1024.jpg\" data-lightbox=\"gallery\" data-title=\"\"><picture><source srcset=\"https:\/\/www.brissago.ch\/sito\/wp-content\/uploads\/2025\/03\/Costa-Piodina-da-drone-610x800.jpg\" media=\"(max-width: 600px)\"\/><source srcset=\"https:\/\/www.brissago.ch\/sito\/wp-content\/uploads\/2025\/03\/Costa-Piodina-da-drone-781x1024.jpg\" media=\"(min-width: 601px)\"\/><img decoding=\"async\" src=\"https:\/\/www.brissago.ch\/sito\/wp-content\/uploads\/2025\/03\/Costa-Piodina-da-drone-781x1024.jpg\" alt=\"\" title=\"\"><\/picture><\/a><\/figure><\/div><\/div><div class=\"mazz_slider-pagination\"><\/div><div class=\"mazz_slider-next\">\n    <svg class=\"mazz_icon freccia_lunga\" xmlns=\"http:\/\/www.w3.org\/2000\/svg\" viewbox=\"0 0 30 30\"><path d=\"M29.61,15.38c.05-.12.08-.25.08-.38s-.03-.26-.08-.38c-.05-.12-.12-.23-.22-.32L16.51,1.41c-.39-.39-1.02-.39-1.41,0s-.39,1.02,0,1.41l11.18,11.18H1.31c-.55,0-1,.45-1,1s.45,1,1,1h24.97l-11.18,11.18c-.39.39-.39,1.02,0,1.41.2.2.45.29.71.29s.51-.1.71-.29l12.89-12.89c.09-.09.17-.2.22-.32Z\"\/><\/svg><\/div><div class=\"mazz_slider-prev\">\n    <svg class=\"mazz_icon freccia_lunga\" xmlns=\"http:\/\/www.w3.org\/2000\/svg\" viewbox=\"0 0 30 30\"><path d=\"M29.61,15.38c.05-.12.08-.25.08-.38s-.03-.26-.08-.38c-.05-.12-.12-.23-.22-.32L16.51,1.41c-.39-.39-1.02-.39-1.41,0s-.39,1.02,0,1.41l11.18,11.18H1.31c-.55,0-1,.45-1,1s.45,1,1,1h24.97l-11.18,11.18c-.39.39-.39,1.02,0,1.41.2.2.45.29.71.29s.51-.1.71-.29l12.89-12.89c.09-.09.17-.2.22-.32Z\"\/><\/svg><\/div><\/div>\n\n\n\n<div class=\"wp-block-mazz-link mazz-link external\"><a href=\"https:\/\/www.brissago.ch\/fr\/sito\/turismo-tempo-libero\/lido-comunale\/\" class=\"mazz-anchor external\" target=\"_blank\" rel=\"noopener noreferrer\"><i>\n    <svg class=\"mazz_icon link_ext\" xmlns=\"http:\/\/www.w3.org\/2000\/svg\" viewbox=\"0 0 30 30\"><path d=\"M24,11.06c-.28,0-.5.22-.5.5v8.87c0,1.69-1.37,3.06-3.06,3.06h-10.87c-1.69,0-3.06-1.38-3.06-3.06v-10.87c0-1.69,1.37-3.06,3.06-3.06h8.87c.28,0,.5-.22.5-.5s-.22-.5-.5-.5h-8.87c-2.24,0-4.06,1.82-4.06,4.06v10.87c0,2.24,1.82,4.06,4.06,4.06h10.87c2.24,0,4.06-1.82,4.06-4.06v-8.87c0-.28-.22-.5-.5-.5Z\"><\/path><path d=\"M29.2,1.37c-.1-.25-.3-.44-.54-.54-.12-.05-.25-.08-.38-.08h-13.4c-.55,0-1,.45-1,1s.45,1,1,1h10.99l-14.66,14.66c-.39.39-.39,1.02,0,1.41.2.2.45.29.71.29s.51-.1.71-.29l14.66-14.66v10.99c0,.55.45,1,1,1s1-.45,1-1V1.76c0-.13-.03-.26-.08-.38Z\"><\/path><\/svg><\/i>Plus d'informations sur Lido di Brissago<\/a><\/div>\n\n\n\n<p><\/p>","protected":false},"excerpt":{"rendered":"<p>Un plongeon dans la nature Pendant l'\u00e9t\u00e9, le lac est le protagoniste incontest\u00e9. Le Lido Comunale di Brissago, pr\u00e8s de l'\u00e9glise de la Madonna di Ponte, offre une exp\u00e9rience de plage de qualit\u00e9. Les amateurs de voile peuvent fr\u00e9quenter l'\u00e9cole Yacht Club, tandis que les surfeurs trouvent leur point de r\u00e9f\u00e9rence \u00e0 l'\u00e9cole Marenca Surf. Ceux qui aiment [...]<\/p>","protected":false},"author":1,"featured_media":2723,"parent":888,"menu_order":3,"comment_status":"closed","ping_status":"closed","template":"","meta":{"_acf_changed":false,"footnotes":""},"class_list":["post-2716","page","type-page","status-publish","has-post-thumbnail","hentry"],"acf":[],"_links":{"self":[{"href":"https:\/\/www.brissago.ch\/fr\/wp-json\/wp\/v2\/pages\/2716","targetHints":{"allow":["GET"]}}],"collection":[{"href":"https:\/\/www.brissago.ch\/fr\/wp-json\/wp\/v2\/pages"}],"about":[{"href":"https:\/\/www.brissago.ch\/fr\/wp-json\/wp\/v2\/types\/page"}],"author":[{"embeddable":true,"href":"https:\/\/www.brissago.ch\/fr\/wp-json\/wp\/v2\/users\/1"}],"replies":[{"embeddable":true,"href":"https:\/\/www.brissago.ch\/fr\/wp-json\/wp\/v2\/comments?post=2716"}],"version-history":[{"count":0,"href":"https:\/\/www.brissago.ch\/fr\/wp-json\/wp\/v2\/pages\/2716\/revisions"}],"up":[{"embeddable":true,"href":"https:\/\/www.brissago.ch\/fr\/wp-json\/wp\/v2\/pages\/888"}],"wp:featuredmedia":[{"embeddable":true,"href":"https:\/\/www.brissago.ch\/fr\/wp-json\/wp\/v2\/media\/2723"}],"wp:attachment":[{"href":"https:\/\/www.brissago.ch\/fr\/wp-json\/wp\/v2\/media?parent=2716"}],"curies":[{"name":"wp","href":"https:\/\/api.w.org\/{rel}","templated":true}]}}