{"id":2580,"date":"2025-03-17T11:30:10","date_gmt":"2025-03-17T10:30:10","guid":{"rendered":"https:\/\/www.brissago.ch\/sito\/?page_id=2580"},"modified":"2026-04-09T13:30:20","modified_gmt":"2026-04-09T11:30:20","slug":"museo-ruggero-leoncavallo","status":"publish","type":"page","link":"https:\/\/www.brissago.ch\/fr\/turismo-tempo-libero\/scopri-brissago\/museo-ruggero-leoncavallo\/","title":{"rendered":"le mus\u00e9e Ruggero Leoncavallo"},"content":{"rendered":"<p>Le <strong>le mus\u00e9e Ruggero Leoncavallo<\/strong>, situ\u00e9 \u00e0 Brissago dans <strong><a href=\"https:\/\/www.brissago.ch\/fr\/sito\/comune\/palazzo-branca-baccala\/\" data-type=\"page\" data-id=\"2578\">Palais de Branca-Baccal\u00e0<\/a><\/strong>, est d\u00e9di\u00e9 \u00e0 la vie et \u00e0 l'\u0153uvre du c\u00e9l\u00e8bre compositeur italien, auteur de l'op\u00e9ra <em>Clowns<\/em>, l'un des plus repr\u00e9sent\u00e9s au monde. Cet espace d'exposition c\u00e9l\u00e8bre la figure de Leoncavallo, qui a pass\u00e9 les derni\u00e8res ann\u00e9es de sa vie \u00e0 Brissago, fascin\u00e9 par le paysage et l'atmosph\u00e8re du lac Majeur.<\/p>\n\n\n\n<figure class=\"wp-block-mazz-immagine mazz-immagine\"><a href=\"https:\/\/www.brissago.ch\/sito\/wp-content\/uploads\/2025\/03\/Museo_Leoncavallo_09.jpg\" data-lightbox=\"gallery\" data-title=\"\"><picture><source srcset=\"https:\/\/www.brissago.ch\/sito\/wp-content\/uploads\/2025\/03\/Museo_Leoncavallo_09-800x400.jpg\" media=\"(max-width: 600px)\"\/><source srcset=\"https:\/\/www.brissago.ch\/sito\/wp-content\/uploads\/2025\/03\/Museo_Leoncavallo_09.jpg\" media=\"(min-width: 601px)\"\/><img decoding=\"async\" src=\"https:\/\/www.brissago.ch\/sito\/wp-content\/uploads\/2025\/03\/Museo_Leoncavallo_09.jpg\" alt=\"\" title=\"\"><\/picture><\/a><\/figure>\n\n\n\n<p>Le mus\u00e9e abrite une vaste collection de souvenirs, de manuscrits originaux, de partitions, de photographies anciennes et d'objets personnels du compositeur. Particuli\u00e8rement impressionnante est la section consacr\u00e9e \u00e0 ses succ\u00e8s th\u00e9\u00e2traux, avec des mat\u00e9riaux li\u00e9s \u00e0 ses \u0153uvres les plus c\u00e9l\u00e8bres, y compris <em>La Boh\u00e8me<\/em>, <em>Zaza<\/em> e <em>\u0152dipe roi<\/em>.<\/p>\n\n\n\n<p>L\u2019exposition permet aux visiteurs de s\u2019immerger dans le monde de l\u2019op\u00e9ra au moyen de stations interactives, d\u2019enregistrements d\u2019\u00e9poque et de documents historiques racontant le parcours artistique et personnel de Leoncavallo. Le mus\u00e9e organise \u00e9galement des \u00e9v\u00e9nements, des concerts et des rencontres d\u00e9di\u00e9s \u00e0 la musique d'op\u00e9ra, gardant vivant le lien entre Brissago et le grand ma\u00eetre.<\/p>\n\n\n\n<figure class=\"wp-block-mazz-immagine mazz-immagine\"><a href=\"https:\/\/www.brissago.ch\/sito\/wp-content\/uploads\/2025\/03\/Museo_Leoncavallo_08.jpg\" data-lightbox=\"gallery\" data-title=\"\"><picture><source srcset=\"https:\/\/www.brissago.ch\/sito\/wp-content\/uploads\/2025\/03\/Museo_Leoncavallo_08-800x400.jpg\" media=\"(max-width: 600px)\"\/><source srcset=\"https:\/\/www.brissago.ch\/sito\/wp-content\/uploads\/2025\/03\/Museo_Leoncavallo_08.jpg\" media=\"(min-width: 601px)\"\/><img decoding=\"async\" src=\"https:\/\/www.brissago.ch\/sito\/wp-content\/uploads\/2025\/03\/Museo_Leoncavallo_08.jpg\" alt=\"\" title=\"\"><\/picture><\/a><\/figure>\n\n\n\n<p>En plus d'\u00eatre un centre culturel, le <strong>le mus\u00e9e Ruggero Leoncavallo<\/strong> C'est un lieu de m\u00e9moire et d'inspiration, un hommage \u00e0 un artiste qui a laiss\u00e9 une marque ind\u00e9l\u00e9bile sur l'histoire de l'op\u00e9ra.<\/p>\n\n\n\n<div class=\"wp-block-mazz-gallery mazz_gallery swiper\"><div class=\"swiper-wrapper\"><div class=\"mazz_item swiper-slide\"><figure><a href=\"https:\/\/www.brissago.ch\/sito\/wp-content\/uploads\/2025\/03\/Museo_Leoncavallo_04.jpg\" data-lightbox=\"gallery\" data-title=\"\"><picture><source srcset=\"https:\/\/www.brissago.ch\/sito\/wp-content\/uploads\/2025\/03\/Museo_Leoncavallo_04-800x534.jpg\" media=\"(max-width: 600px)\"\/><source srcset=\"https:\/\/www.brissago.ch\/sito\/wp-content\/uploads\/2025\/03\/Museo_Leoncavallo_04.jpg\" media=\"(min-width: 601px)\"\/><img decoding=\"async\" src=\"https:\/\/www.brissago.ch\/sito\/wp-content\/uploads\/2025\/03\/Museo_Leoncavallo_04.jpg\" alt=\"\" title=\"\"><\/picture><\/a><\/figure><\/div><div class=\"mazz_item swiper-slide\"><figure><a href=\"https:\/\/www.brissago.ch\/sito\/wp-content\/uploads\/2025\/03\/Museo_Leoncavallo_02.jpg\" data-lightbox=\"gallery\" data-title=\"\"><picture><source srcset=\"https:\/\/www.brissago.ch\/sito\/wp-content\/uploads\/2025\/03\/Museo_Leoncavallo_02-800x534.jpg\" media=\"(max-width: 600px)\"\/><source srcset=\"https:\/\/www.brissago.ch\/sito\/wp-content\/uploads\/2025\/03\/Museo_Leoncavallo_02.jpg\" media=\"(min-width: 601px)\"\/><img decoding=\"async\" src=\"https:\/\/www.brissago.ch\/sito\/wp-content\/uploads\/2025\/03\/Museo_Leoncavallo_02.jpg\" alt=\"\" title=\"\"><\/picture><\/a><\/figure><\/div><div class=\"mazz_item swiper-slide\"><figure><a href=\"https:\/\/www.brissago.ch\/sito\/wp-content\/uploads\/2025\/03\/Museo_Leoncavallo_05.jpg\" data-lightbox=\"gallery\" data-title=\"\"><picture><source srcset=\"https:\/\/www.brissago.ch\/sito\/wp-content\/uploads\/2025\/03\/Museo_Leoncavallo_05-800x534.jpg\" media=\"(max-width: 600px)\"\/><source srcset=\"https:\/\/www.brissago.ch\/sito\/wp-content\/uploads\/2025\/03\/Museo_Leoncavallo_05.jpg\" media=\"(min-width: 601px)\"\/><img decoding=\"async\" src=\"https:\/\/www.brissago.ch\/sito\/wp-content\/uploads\/2025\/03\/Museo_Leoncavallo_05.jpg\" alt=\"\" title=\"\"><\/picture><\/a><\/figure><\/div><div class=\"mazz_item swiper-slide\"><figure><a href=\"https:\/\/www.brissago.ch\/sito\/wp-content\/uploads\/2025\/03\/Museo_Leoncavallo_03.jpg\" data-lightbox=\"gallery\" data-title=\"\"><picture><source srcset=\"https:\/\/www.brissago.ch\/sito\/wp-content\/uploads\/2025\/03\/Museo_Leoncavallo_03-800x534.jpg\" media=\"(max-width: 600px)\"\/><source srcset=\"https:\/\/www.brissago.ch\/sito\/wp-content\/uploads\/2025\/03\/Museo_Leoncavallo_03.jpg\" media=\"(min-width: 601px)\"\/><img decoding=\"async\" src=\"https:\/\/www.brissago.ch\/sito\/wp-content\/uploads\/2025\/03\/Museo_Leoncavallo_03.jpg\" alt=\"\" title=\"\"><\/picture><\/a><\/figure><\/div><div class=\"mazz_item swiper-slide\"><figure><a href=\"https:\/\/www.brissago.ch\/sito\/wp-content\/uploads\/2025\/03\/Museo_Leoncavallo_07.jpg\" data-lightbox=\"gallery\" data-title=\"\"><picture><source srcset=\"https:\/\/www.brissago.ch\/sito\/wp-content\/uploads\/2025\/03\/Museo_Leoncavallo_07-800x534.jpg\" media=\"(max-width: 600px)\"\/><source srcset=\"https:\/\/www.brissago.ch\/sito\/wp-content\/uploads\/2025\/03\/Museo_Leoncavallo_07.jpg\" media=\"(min-width: 601px)\"\/><img decoding=\"async\" src=\"https:\/\/www.brissago.ch\/sito\/wp-content\/uploads\/2025\/03\/Museo_Leoncavallo_07.jpg\" alt=\"\" title=\"\"><\/picture><\/a><\/figure><\/div><\/div><div class=\"mazz_slider-pagination\"><\/div><div class=\"mazz_slider-next\">\n    <svg class=\"mazz_icon freccia_lunga\" xmlns=\"http:\/\/www.w3.org\/2000\/svg\" viewbox=\"0 0 30 30\"><path d=\"M29.61,15.38c.05-.12.08-.25.08-.38s-.03-.26-.08-.38c-.05-.12-.12-.23-.22-.32L16.51,1.41c-.39-.39-1.02-.39-1.41,0s-.39,1.02,0,1.41l11.18,11.18H1.31c-.55,0-1,.45-1,1s.45,1,1,1h24.97l-11.18,11.18c-.39.39-.39,1.02,0,1.41.2.2.45.29.71.29s.51-.1.71-.29l12.89-12.89c.09-.09.17-.2.22-.32Z\"\/><\/svg><\/div><div class=\"mazz_slider-prev\">\n    <svg class=\"mazz_icon freccia_lunga\" xmlns=\"http:\/\/www.w3.org\/2000\/svg\" viewbox=\"0 0 30 30\"><path d=\"M29.61,15.38c.05-.12.08-.25.08-.38s-.03-.26-.08-.38c-.05-.12-.12-.23-.22-.32L16.51,1.41c-.39-.39-1.02-.39-1.41,0s-.39,1.02,0,1.41l11.18,11.18H1.31c-.55,0-1,.45-1,1s.45,1,1,1h24.97l-11.18,11.18c-.39.39-.39,1.02,0,1.41.2.2.45.29.71.29s.51-.1.71-.29l12.89-12.89c.09-.09.17-.2.22-.32Z\"\/><\/svg><\/div><\/div>\n\n\n\n<p><strong>Jours et heures d'ouverture<\/strong><\/p>\n\n\n\n<p>Du 1er avril au 31 octobre:<br>Mardi de 14h \u00e0 18h <br>Jeudi de 14h \u00e0 18h<br>Vendredi de 14h \u00e0 18h<br><br>Du 15 juillet au 15 ao\u00fbt \u00e9galement le samedi de 9h00 \u00e0 12h00.<\/p>\n\n\n\n<p><\/p>","protected":false},"excerpt":{"rendered":"<p>Le Museo Ruggero Leoncavallo, situ\u00e9 \u00e0 Brissago \u00e0 l'int\u00e9rieur du Palazzo Branca-Baccal\u00e0, est d\u00e9di\u00e9 \u00e0 la vie et \u00e0 l'\u0153uvre du c\u00e9l\u00e8bre compositeur italien, auteur de l'op\u00e9ra Pagliacci, l'un des plus repr\u00e9sent\u00e9s au monde. Cet espace d'exposition c\u00e9l\u00e8bre la figure de Leoncavallo, qui a pass\u00e9 les derni\u00e8res ann\u00e9es de sa vie \u00e0 Brissago, fascin\u00e9 par le paysage et l'atmosph\u00e8re [...]<\/p>","protected":false},"author":1,"featured_media":2600,"parent":888,"menu_order":2,"comment_status":"closed","ping_status":"closed","template":"","meta":{"_acf_changed":false,"footnotes":""},"class_list":["post-2580","page","type-page","status-publish","has-post-thumbnail","hentry"],"acf":[],"_links":{"self":[{"href":"https:\/\/www.brissago.ch\/fr\/wp-json\/wp\/v2\/pages\/2580","targetHints":{"allow":["GET"]}}],"collection":[{"href":"https:\/\/www.brissago.ch\/fr\/wp-json\/wp\/v2\/pages"}],"about":[{"href":"https:\/\/www.brissago.ch\/fr\/wp-json\/wp\/v2\/types\/page"}],"author":[{"embeddable":true,"href":"https:\/\/www.brissago.ch\/fr\/wp-json\/wp\/v2\/users\/1"}],"replies":[{"embeddable":true,"href":"https:\/\/www.brissago.ch\/fr\/wp-json\/wp\/v2\/comments?post=2580"}],"version-history":[{"count":3,"href":"https:\/\/www.brissago.ch\/fr\/wp-json\/wp\/v2\/pages\/2580\/revisions"}],"predecessor-version":[{"id":6019,"href":"https:\/\/www.brissago.ch\/fr\/wp-json\/wp\/v2\/pages\/2580\/revisions\/6019"}],"up":[{"embeddable":true,"href":"https:\/\/www.brissago.ch\/fr\/wp-json\/wp\/v2\/pages\/888"}],"wp:featuredmedia":[{"embeddable":true,"href":"https:\/\/www.brissago.ch\/fr\/wp-json\/wp\/v2\/media\/2600"}],"wp:attachment":[{"href":"https:\/\/www.brissago.ch\/fr\/wp-json\/wp\/v2\/media?parent=2580"}],"curies":[{"name":"wp","href":"https:\/\/api.w.org\/{rel}","templated":true}]}}