{"id":2,"date":"2025-01-07T14:16:28","date_gmt":"2025-01-07T13:16:28","guid":{"rendered":"https:\/\/www.brissago.ch\/sito\/?page_id=2"},"modified":"2025-02-17T16:59:26","modified_gmt":"2025-02-17T15:59:26","slug":"comune","status":"publish","type":"page","link":"https:\/\/www.brissago.ch\/fr\/comune\/","title":{"rendered":"Municipalit\u00e9"},"content":{"rendered":"<p>Situ\u00e9e sur les rives du lac Majeur, la municipalit\u00e9 de Brissago se distingue par sa riche histoire et sa beaut\u00e9 naturelle. Le territoire municipal comprend le c\u00e9l\u00e8bre <strong>\u00celes de Brissago<\/strong>, Ils sont connus pour leur jardin botanique, qui abrite plus de 1 500 esp\u00e8ces de plantes exotiques. <br>Le centre historique est caract\u00e9ris\u00e9 par des b\u00e2timents de valeur, y compris le <strong>\u00c9glise paroissiale de SS. Pierre et Paul<\/strong>, datant du XVIe si\u00e8cle.<\/p>\n\n\n\n<p>Brissago offre une vari\u00e9t\u00e9 d'activit\u00e9s culturelles et r\u00e9cr\u00e9atives tout au long de l'ann\u00e9e et est une destination id\u00e9ale pour ceux qui souhaitent d\u00e9couvrir les traditions et les beaut\u00e9s du canton du Tessin.<\/p>\n\n\n\n<div class=\"wp-block-mazz-spazio mazz-spazio normale\"><\/div>","protected":false},"excerpt":{"rendered":"<p>Situ\u00e9e sur les rives du lac Majeur, la municipalit\u00e9 de Brissago se distingue par sa riche histoire et sa beaut\u00e9 naturelle. Le territoire municipal comprend les c\u00e9l\u00e8bres \u00eeles de Brissago, connues pour leur jardin botanique qui abrite plus de 1 500 esp\u00e8ces de plantes exotiques. Le centre historique est caract\u00e9ris\u00e9 par des b\u00e2timents prestigieux, dont [...]<\/p>","protected":false},"author":1,"featured_media":881,"parent":0,"menu_order":1,"comment_status":"closed","ping_status":"closed","template":"","meta":{"_acf_changed":false,"footnotes":""},"class_list":["post-2","page","type-page","status-publish","has-post-thumbnail","hentry"],"acf":[],"_links":{"self":[{"href":"https:\/\/www.brissago.ch\/fr\/wp-json\/wp\/v2\/pages\/2","targetHints":{"allow":["GET"]}}],"collection":[{"href":"https:\/\/www.brissago.ch\/fr\/wp-json\/wp\/v2\/pages"}],"about":[{"href":"https:\/\/www.brissago.ch\/fr\/wp-json\/wp\/v2\/types\/page"}],"author":[{"embeddable":true,"href":"https:\/\/www.brissago.ch\/fr\/wp-json\/wp\/v2\/users\/1"}],"replies":[{"embeddable":true,"href":"https:\/\/www.brissago.ch\/fr\/wp-json\/wp\/v2\/comments?post=2"}],"version-history":[{"count":0,"href":"https:\/\/www.brissago.ch\/fr\/wp-json\/wp\/v2\/pages\/2\/revisions"}],"wp:featuredmedia":[{"embeddable":true,"href":"https:\/\/www.brissago.ch\/fr\/wp-json\/wp\/v2\/media\/881"}],"wp:attachment":[{"href":"https:\/\/www.brissago.ch\/fr\/wp-json\/wp\/v2\/media?parent=2"}],"curies":[{"name":"wp","href":"https:\/\/api.w.org\/{rel}","templated":true}]}}