{"id":1687,"date":"2025-02-14T12:50:29","date_gmt":"2025-02-14T11:50:29","guid":{"rendered":"https:\/\/www.brissago.ch\/sito\/?page_id=1687"},"modified":"2025-02-14T14:58:18","modified_gmt":"2025-02-14T13:58:18","slug":"canale-whatsapp","status":"publish","type":"page","link":"https:\/\/www.brissago.ch\/fr\/canale-whatsapp\/","title":{"rendered":"Cha\u00eene WhatsApp"},"content":{"rendered":"<p>La municipalit\u00e9 de Brissago met \u00e0 la disposition des citoyens un <strong>Cha\u00eene WhatsApp officielle<\/strong> recevoir des mises \u00e0 jour en temps r\u00e9el sur les communications institutionnelles, les \u00e9v\u00e9nements, les avis et d'autres informations d'utilit\u00e9 publique.<\/p>\n\n\n\n<p>Gr\u00e2ce \u00e0 ce service, vous pouvez toujours rester inform\u00e9 de l'actualit\u00e9 de la municipalit\u00e9 de mani\u00e8re simple et imm\u00e9diate, directement sur votre smartphone.<\/p>\n\n\n\n<p><strong>Comment s'abonner \u00e0 la cha\u00eene WhatsApp de Brissago<\/strong><\/p>\n\n\n\n<ul class=\"wp-block-list\">\n<li>Cliquez sur le lien d\u00e9di\u00e9 \u00e0 la <a href=\"https:\/\/www.whatsapp.com\/channel\/0029Vaew8h2DDmFMA1MXrJ1E\" target=\"_blank\" rel=\"noreferrer noopener\">Cha\u00eene WhatsApp<\/a><\/li>\n\n\n\n<li>Appuyez sur le bouton \u00abSubscribe\u00bb (en haut \u00e0 droite) pour recevoir les notifications<\/li>\n\n\n\n<li>Restez \u00e0 jour sur les derni\u00e8res communications<\/li>\n<\/ul>\n\n\n\n<p>Le service est gratuit et ne fournit pas d'interactions directes entre les utilisateurs, assurant la confidentialit\u00e9 de ceux qui s'abonnent.<\/p>","protected":false},"excerpt":{"rendered":"<p>La municipalit\u00e9 de Brissago fournit aux citoyens un canal WhatsApp officiel pour recevoir des mises \u00e0 jour en temps r\u00e9el sur les communications institutionnelles, les \u00e9v\u00e9nements, les alertes et d'autres informations publiques. Gr\u00e2ce \u00e0 ce service, vous pouvez toujours rester inform\u00e9 de l'actualit\u00e9 de la municipalit\u00e9 de mani\u00e8re simple et imm\u00e9diate, directement sur votre smartphone. Comment rejoindre la cha\u00eene [...]<\/p>","protected":false},"author":1,"featured_media":879,"parent":0,"menu_order":9,"comment_status":"closed","ping_status":"closed","template":"","meta":{"_acf_changed":false,"footnotes":""},"class_list":["post-1687","page","type-page","status-publish","has-post-thumbnail","hentry"],"acf":[],"_links":{"self":[{"href":"https:\/\/www.brissago.ch\/fr\/wp-json\/wp\/v2\/pages\/1687","targetHints":{"allow":["GET"]}}],"collection":[{"href":"https:\/\/www.brissago.ch\/fr\/wp-json\/wp\/v2\/pages"}],"about":[{"href":"https:\/\/www.brissago.ch\/fr\/wp-json\/wp\/v2\/types\/page"}],"author":[{"embeddable":true,"href":"https:\/\/www.brissago.ch\/fr\/wp-json\/wp\/v2\/users\/1"}],"replies":[{"embeddable":true,"href":"https:\/\/www.brissago.ch\/fr\/wp-json\/wp\/v2\/comments?post=1687"}],"version-history":[{"count":0,"href":"https:\/\/www.brissago.ch\/fr\/wp-json\/wp\/v2\/pages\/1687\/revisions"}],"wp:featuredmedia":[{"embeddable":true,"href":"https:\/\/www.brissago.ch\/fr\/wp-json\/wp\/v2\/media\/879"}],"wp:attachment":[{"href":"https:\/\/www.brissago.ch\/fr\/wp-json\/wp\/v2\/media?parent=1687"}],"curies":[{"name":"wp","href":"https:\/\/api.w.org\/{rel}","templated":true}]}}