{"id":1228,"date":"2025-02-06T13:00:25","date_gmt":"2025-02-06T12:00:25","guid":{"rendered":"https:\/\/www.brissago.ch\/sito\/?page_id=1228"},"modified":"2025-06-02T14:25:36","modified_gmt":"2025-06-02T12:25:36","slug":"approvvigionamento-acqua-potabile","status":"publish","type":"page","link":"https:\/\/www.brissago.ch\/fr\/servizi-cittadino\/ufficio-tecnico\/approvvigionamento-acqua-potabile\/","title":{"rendered":"Approvisionnement en eau potable"},"content":{"rendered":"<p>Le<strong>la compagnie eau potable<\/strong> La municipalit\u00e9 de Brissago garantit l'approvisionnement en eau \u00e0 tous les r\u00e9sidents et personnes domicili\u00e9es, en exer\u00e7ant le droit exclusif de distribution dans toute la municipalit\u00e9. Fonctionnant en tant qu'organisme de droit public, il est g\u00e9r\u00e9 par la mairie et supervis\u00e9 par le conseil municipal.<\/p>\n\n\n\n<p>Les sources situ\u00e9es sur les pentes du mont Ghiridone alimentent les r\u00e9servoirs qui desservent les diff\u00e9rentes zones de la municipalit\u00e9, y compris le noyau du Piano, les hameaux de Madonna di Ponte et Caregnano, ainsi que les zones de Piodina, Incella et Porta. L'eau distribu\u00e9e est exclusivement d'origine printani\u00e8re et r\u00e9pond pleinement aux exigences l\u00e9gales de potabilit\u00e9.<\/p>\n\n\n\n<div class=\"wp-block-mazz-spazio mazz-spazio normale\"><\/div>\n\n\n\n<h2 class=\"wp-block-heading\">Comp\u00e9tences<\/h2>\n\n\n\n<ul class=\"wp-block-list\">\n<li><strong>\u00c9tudes de faisabilit\u00e9:<\/strong> \u00c9valuation pr\u00e9liminaire des projets d'approvisionnement en eau.<\/li>\n\n\n\n<li><strong>Gestion du mandat:<\/strong> coordination directe de t\u00e2ches sp\u00e9cifiques dans le secteur de l'eau.<\/li>\n\n\n\n<li><strong>Conception et conseil:<\/strong> assistance technique aux concepteurs priv\u00e9s pour les interventions sur le r\u00e9seau d'eau.<\/li>\n\n\n\n<li><strong>Gestion des travaux:<\/strong> la supervision des travaux relatifs aux aqueducs et aux infrastructures connexes.<\/li>\n\n\n\n<li><strong>Gestion du cadastre du r\u00e9seau:<\/strong> tenir \u00e0 jour le registre des infrastructures hydrauliques, en offrant un soutien aux professionnels du secteur.<\/li>\n\n\n\n<li><strong>Planification des travaux:<\/strong> \u00e9laboration du plan des travaux li\u00e9s au service de l'eau.<\/li>\n\n\n\n<li><strong>R\u00e9daction des messages municipaux:<\/strong> pr\u00e9paration de documents d'information et de propositions pour l'h\u00f4tel de ville.<\/li>\n\n\n\n<li><strong>Entretien :<\/strong> entretien et r\u00e9paration des aqueducs, du r\u00e9seau de distribution et des installations associ\u00e9es.<\/li>\n<\/ul>","protected":false},"excerpt":{"rendered":"<p>L'Azienda Acqua Potabile de la municipalit\u00e9 de Brissago garantit l'approvisionnement en eau \u00e0 tous les r\u00e9sidents et personnes domicili\u00e9es, en exer\u00e7ant le droit exclusif de distribution dans toute la municipalit\u00e9. Fonctionnant en tant qu'organisme de droit public, il est g\u00e9r\u00e9 par la mairie et supervis\u00e9 par le conseil municipal. Les sources situ\u00e9es sur les pentes du mont Ghiridone alimentent les r\u00e9servoirs qui desservent les diff\u00e9rents [...]<\/p>","protected":false},"author":1,"featured_media":0,"parent":712,"menu_order":6,"comment_status":"closed","ping_status":"closed","template":"","meta":{"_acf_changed":false,"footnotes":""},"class_list":["post-1228","page","type-page","status-publish","hentry"],"acf":[],"_links":{"self":[{"href":"https:\/\/www.brissago.ch\/fr\/wp-json\/wp\/v2\/pages\/1228","targetHints":{"allow":["GET"]}}],"collection":[{"href":"https:\/\/www.brissago.ch\/fr\/wp-json\/wp\/v2\/pages"}],"about":[{"href":"https:\/\/www.brissago.ch\/fr\/wp-json\/wp\/v2\/types\/page"}],"author":[{"embeddable":true,"href":"https:\/\/www.brissago.ch\/fr\/wp-json\/wp\/v2\/users\/1"}],"replies":[{"embeddable":true,"href":"https:\/\/www.brissago.ch\/fr\/wp-json\/wp\/v2\/comments?post=1228"}],"version-history":[{"count":0,"href":"https:\/\/www.brissago.ch\/fr\/wp-json\/wp\/v2\/pages\/1228\/revisions"}],"up":[{"embeddable":true,"href":"https:\/\/www.brissago.ch\/fr\/wp-json\/wp\/v2\/pages\/712"}],"wp:attachment":[{"href":"https:\/\/www.brissago.ch\/fr\/wp-json\/wp\/v2\/media?parent=1228"}],"curies":[{"name":"wp","href":"https:\/\/api.w.org\/{rel}","templated":true}]}}