{"id":1220,"date":"2025-02-06T13:00:11","date_gmt":"2025-02-06T12:00:11","guid":{"rendered":"https:\/\/www.brissago.ch\/sito\/?page_id=1220"},"modified":"2025-05-21T12:46:38","modified_gmt":"2025-05-21T10:46:38","slug":"opere-pubbliche","status":"publish","type":"page","link":"https:\/\/www.brissago.ch\/fr\/servizi-cittadino\/ufficio-tecnico\/opere-pubbliche\/","title":{"rendered":"Travaux publics"},"content":{"rendered":"<p>Le<strong>Bureau des travaux publics<\/strong> La municipalit\u00e9 de Brissago est responsable de la planification, de la construction et de l'entretien des infrastructures publiques, assurant ainsi les services essentiels \u00e0 la communaut\u00e9. <br>Les principales activit\u00e9s sont les suivantes:<\/p>\n\n\n\n<h2 class=\"wp-block-heading\">Comp\u00e9tences<\/h2>\n\n\n\n<ul class=\"wp-block-list\">\n<li><strong>Gestion des travaux de construction et de g\u00e9nie civil:<\/strong> conception et supervision de nouveaux b\u00e2timents publics, routes, chemins, conduits et syst\u00e8mes d'approvisionnement en eau, assurant leur entretien ordinaire et extraordinaire.<\/li>\n\n\n\n<li><strong>Services environnementaux et urbains:<\/strong> l\u2019organisation de la collecte et de l\u2019\u00e9limination des d\u00e9chets, le nettoyage des routes et des sentiers, l\u2019entretien des jardins, des parcs publics et des cimeti\u00e8res, ainsi que la gestion de l\u2019Azienda Acqua Potabile.<\/li>\n\n\n\n<li><strong>R\u00e9glementations et autorisations:<\/strong> la d\u00e9livrance de permis d'occupation de terrains publics, de permis d'installations publicitaires, de gestion de panneaux de signalisation, de noms de lieux et de num\u00e9ros de maisons.<\/li>\n<\/ul>","protected":false},"excerpt":{"rendered":"<p>Le Bureau des travaux publics de la municipalit\u00e9 de Brissago est responsable de la planification, de la construction et de l'entretien des infrastructures publiques, assurant ainsi les services essentiels \u00e0 la collectivit\u00e9. Les principales activit\u00e9s sont les suivantes: Comp\u00e9tences<\/p>","protected":false},"author":1,"featured_media":0,"parent":712,"menu_order":2,"comment_status":"closed","ping_status":"closed","template":"","meta":{"_acf_changed":false,"footnotes":""},"class_list":["post-1220","page","type-page","status-publish","hentry"],"acf":[],"_links":{"self":[{"href":"https:\/\/www.brissago.ch\/fr\/wp-json\/wp\/v2\/pages\/1220","targetHints":{"allow":["GET"]}}],"collection":[{"href":"https:\/\/www.brissago.ch\/fr\/wp-json\/wp\/v2\/pages"}],"about":[{"href":"https:\/\/www.brissago.ch\/fr\/wp-json\/wp\/v2\/types\/page"}],"author":[{"embeddable":true,"href":"https:\/\/www.brissago.ch\/fr\/wp-json\/wp\/v2\/users\/1"}],"replies":[{"embeddable":true,"href":"https:\/\/www.brissago.ch\/fr\/wp-json\/wp\/v2\/comments?post=1220"}],"version-history":[{"count":0,"href":"https:\/\/www.brissago.ch\/fr\/wp-json\/wp\/v2\/pages\/1220\/revisions"}],"up":[{"embeddable":true,"href":"https:\/\/www.brissago.ch\/fr\/wp-json\/wp\/v2\/pages\/712"}],"wp:attachment":[{"href":"https:\/\/www.brissago.ch\/fr\/wp-json\/wp\/v2\/media?parent=1220"}],"curies":[{"name":"wp","href":"https:\/\/api.w.org\/{rel}","templated":true}]}}