{"id":1653,"date":"2025-02-14T10:41:58","date_gmt":"2025-02-14T09:41:58","guid":{"rendered":"https:\/\/www.brissago.ch\/sito\/?page_id=1653"},"modified":"2025-05-19T11:58:42","modified_gmt":"2025-05-19T09:58:42","slug":"news","status":"publish","type":"page","link":"https:\/\/www.brissago.ch\/en\/news\/","title":{"rendered":"News"},"content":{"rendered":"<!-- RISULTATI -->\n    <div id=\"mazz-elenco\" class=\"\">\n        \t<div class=\"mazz_num_post\">45 results found.<\/div><div class=\"mazz_post conimg articolo avvisi\">\n\t<a href=\"https:\/\/www.brissago.ch\/en\/avvisi\/avviso-chiusura-strada-via-naccio\/\" class=\"mazz_post_generico\">\n\t\t<img fetchpriority=\"high\" decoding=\"async\" width=\"280\" height=\"280\" src=\"https:\/\/www.brissago.ch\/sito\/wp-content\/uploads\/2025\/07\/hinweisschild-zur-baustellenkennzeichnung-vorsicht-baustelle.jpg\" class=\"attachment-medium size-medium wp-post-image\" alt=\"\" srcset=\"https:\/\/www.brissago.ch\/sito\/wp-content\/uploads\/2025\/07\/hinweisschild-zur-baustellenkennzeichnung-vorsicht-baustelle.jpg 280w, https:\/\/www.brissago.ch\/sito\/wp-content\/uploads\/2025\/07\/hinweisschild-zur-baustellenkennzeichnung-vorsicht-baustelle-150x150.jpg 150w, https:\/\/www.brissago.ch\/sito\/wp-content\/uploads\/2025\/07\/hinweisschild-zur-baustellenkennzeichnung-vorsicht-baustelle-12x12.jpg 12w\" sizes=\"(max-width: 280px) 100vw, 280px\" title=\"\">\n\t\t<span class=\"post_txt\">\n\t\t\t<span class=\"info_box\">\n\t\t\t\t<span class=\"info_posttype\"><span>Alerts<\/span> <\/span>\n\t\t\t\t<span class=\"info_pubblicazione\">12 May 2026<\/span>\n\t\t\t<\/span>\n\t\t\t<h3 class=\"titolo\">Road closure notice VIA NACCIO<\/h3>\n\t\t\t<span class=\"descrizione\">Si informa la popolazione che, per consentire l\u2019esecuzione di opere forestali, via Naccio rester\u00e0 chiusa al traffico in prossimit\u00e0 del numero civico 49, da luned\u00ec 18 maggio a venerd\u00ec 22 maggio 2026, dalle ore 08.00 alle ore 11.30 e dalle ore 13.00 alle ore 16.00.Durante questo periodo non sar\u00e0 garantito l\u2019accesso ai veicoli privati e [&hellip;]<\/span>\n\t\t\t<span class=\"mazz_button2 small\">Read more <i><svg xmlns=\"http:\/\/www.w3.org\/2000\/svg\" class=\"mazz_icon freccia_lunga\" viewbox=\"0 0 30 30\"><path d=\"M29.61,15.38c.05-.12.08-.25.08-.38s-.03-.26-.08-.38c-.05-.12-.12-.23-.22-.32L16.51,1.41c-.39-.39-1.02-.39-1.41,0s-.39,1.02,0,1.41l11.18,11.18H1.31c-.55,0-1,.45-1,1s.45,1,1,1h24.97l-11.18,11.18c-.39.39-.39,1.02,0,1.41.2.2.45.29.71.29s.51-.1.71-.29l12.89-12.89c.09-.09.17-.2.22-.32Z\"><\/path><\/svg><\/i><\/span>\n\t\t<\/span>\n\t<\/a>\n<\/div><div class=\"mazz_post conimg articolo avvisi\">\n\t<a href=\"https:\/\/www.brissago.ch\/en\/avvisi\/avviso-chiusura-strada-forestale\/\" class=\"mazz_post_generico\">\n\t\t<img decoding=\"async\" width=\"800\" height=\"450\" src=\"https:\/\/www.brissago.ch\/sito\/wp-content\/uploads\/2025\/04\/avviso-800x450.jpg\" class=\"attachment-medium size-medium wp-post-image\" alt=\"\" srcset=\"https:\/\/www.brissago.ch\/sito\/wp-content\/uploads\/2025\/04\/avviso-800x450.jpg 800w, https:\/\/www.brissago.ch\/sito\/wp-content\/uploads\/2025\/04\/avviso-768x432.jpg 768w, https:\/\/www.brissago.ch\/sito\/wp-content\/uploads\/2025\/04\/avviso.jpg 1200w\" sizes=\"(max-width: 800px) 100vw, 800px\" title=\"\">\n\t\t<span class=\"post_txt\">\n\t\t\t<span class=\"info_box\">\n\t\t\t\t<span class=\"info_posttype\"><span>Alerts<\/span> <\/span>\n\t\t\t\t<span class=\"info_pubblicazione\">10 April 2026<\/span>\n\t\t\t<\/span>\n\t\t\t<h3 class=\"titolo\">Notice of closure FOREST ROAD<\/h3>\n\t\t\t<span class=\"descrizione\">For safety reasons, the forest road in Bassuno is closed until further notice.<\/span>\n\t\t\t<span class=\"mazz_button2 small\">Read more <i><svg xmlns=\"http:\/\/www.w3.org\/2000\/svg\" class=\"mazz_icon freccia_lunga\" viewbox=\"0 0 30 30\"><path d=\"M29.61,15.38c.05-.12.08-.25.08-.38s-.03-.26-.08-.38c-.05-.12-.12-.23-.22-.32L16.51,1.41c-.39-.39-1.02-.39-1.41,0s-.39,1.02,0,1.41l11.18,11.18H1.31c-.55,0-1,.45-1,1s.45,1,1,1h24.97l-11.18,11.18c-.39.39-.39,1.02,0,1.41.2.2.45.29.71.29s.51-.1.71-.29l12.89-12.89c.09-.09.17-.2.22-.32Z\"><\/path><\/svg><\/i><\/span>\n\t\t<\/span>\n\t<\/a>\n<\/div><div class=\"mazz_post conimg articolo news\">\n\t<a href=\"https:\/\/www.brissago.ch\/en\/news\/navigazione-gratuita-sul-bacino-svizzero-del-lago-maggiore-confermata-anche-per-il-2026\/\" class=\"mazz_post_generico\">\n\t\t<img decoding=\"async\" width=\"792\" height=\"594\" src=\"https:\/\/www.brissago.ch\/sito\/wp-content\/uploads\/2026\/03\/Navigazione.jpg\" class=\"attachment-medium size-medium wp-post-image\" alt=\"\" srcset=\"https:\/\/www.brissago.ch\/sito\/wp-content\/uploads\/2026\/03\/Navigazione.jpg 792w, https:\/\/www.brissago.ch\/sito\/wp-content\/uploads\/2026\/03\/Navigazione-768x576.jpg 768w, https:\/\/www.brissago.ch\/sito\/wp-content\/uploads\/2026\/03\/Navigazione-16x12.jpg 16w\" sizes=\"(max-width: 792px) 100vw, 792px\" title=\"\">\n\t\t<span class=\"post_txt\">\n\t\t\t<span class=\"info_box\">\n\t\t\t\t<span class=\"info_posttype\"><span>News<\/span> <\/span>\n\t\t\t\t<span class=\"info_pubblicazione\">24 March 2026<\/span>\n\t\t\t<\/span>\n\t\t\t<h3 class=\"titolo\">Free navigation on the Swiss basin of Lake Maggiore confirmed also for 2026<\/h3>\n\t\t\t<span class=\"descrizione\">The Municipality of Brissago is pleased to inform the population that the agreement allowing free navigation on the Swiss basin of Lake Maggiore has also been renewed for the year 2026. This initiative, valid only for persons domiciled in the Municipality of Brissago, aims to promote sustainable mobility, enhance the territory and offer [\u2026]<\/span>\n\t\t\t<span class=\"mazz_button2 small\">Read more <i><svg xmlns=\"http:\/\/www.w3.org\/2000\/svg\" class=\"mazz_icon freccia_lunga\" viewbox=\"0 0 30 30\"><path d=\"M29.61,15.38c.05-.12.08-.25.08-.38s-.03-.26-.08-.38c-.05-.12-.12-.23-.22-.32L16.51,1.41c-.39-.39-1.02-.39-1.41,0s-.39,1.02,0,1.41l11.18,11.18H1.31c-.55,0-1,.45-1,1s.45,1,1,1h24.97l-11.18,11.18c-.39.39-.39,1.02,0,1.41.2.2.45.29.71.29s.51-.1.71-.29l12.89-12.89c.09-.09.17-.2.22-.32Z\"><\/path><\/svg><\/i><\/span>\n\t\t<\/span>\n\t<\/a>\n<\/div><div class=\"mazz_post conimg articolo news\">\n\t<a href=\"https:\/\/www.brissago.ch\/en\/news\/cultura-confronto-e-aggregazione-fiscalini-racconta-il-circolo-di-brissago\/\" class=\"mazz_post_generico\">\n\t\t<img loading=\"lazy\" decoding=\"async\" width=\"784\" height=\"800\" src=\"https:\/\/www.brissago.ch\/sito\/wp-content\/uploads\/2026\/03\/Circolo-784x800.png\" class=\"attachment-medium size-medium wp-post-image\" alt=\"\" srcset=\"https:\/\/www.brissago.ch\/sito\/wp-content\/uploads\/2026\/03\/Circolo-784x800.png 784w, https:\/\/www.brissago.ch\/sito\/wp-content\/uploads\/2026\/03\/Circolo-1004x1024.png 1004w, https:\/\/www.brissago.ch\/sito\/wp-content\/uploads\/2026\/03\/Circolo-768x783.png 768w, https:\/\/www.brissago.ch\/sito\/wp-content\/uploads\/2026\/03\/Circolo-12x12.png 12w, https:\/\/www.brissago.ch\/sito\/wp-content\/uploads\/2026\/03\/Circolo.png 1102w\" sizes=\"(max-width: 784px) 100vw, 784px\" title=\"\">\n\t\t<span class=\"post_txt\">\n\t\t\t<span class=\"info_box\">\n\t\t\t\t<span class=\"info_posttype\"><span>News<\/span> <\/span>\n\t\t\t\t<span class=\"info_pubblicazione\">2 March 2026<\/span>\n\t\t\t<\/span>\n\t\t\t<h3 class=\"titolo\">Culture, confrontation and aggregation. Fiscalini tells the story of the Brissago Circle<\/h3>\n\t\t\t<span class=\"descrizione\">The president of the newly formed association: \u201cWhen you start an experience of this kind, the financial aspect is important, and our goal is precisely to equip ourselves with resources that allow us to grow and to propose interesting and engaging initiatives.\u201d \u201cThe Brissago Club is a space dedicated to the promotion of culture, play and encounter [\u2026]<\/span>\n\t\t\t<span class=\"mazz_button2 small\">Read more <i><svg xmlns=\"http:\/\/www.w3.org\/2000\/svg\" class=\"mazz_icon freccia_lunga\" viewbox=\"0 0 30 30\"><path d=\"M29.61,15.38c.05-.12.08-.25.08-.38s-.03-.26-.08-.38c-.05-.12-.12-.23-.22-.32L16.51,1.41c-.39-.39-1.02-.39-1.41,0s-.39,1.02,0,1.41l11.18,11.18H1.31c-.55,0-1,.45-1,1s.45,1,1,1h24.97l-11.18,11.18c-.39.39-.39,1.02,0,1.41.2.2.45.29.71.29s.51-.1.71-.29l12.89-12.89c.09-.09.17-.2.22-.32Z\"><\/path><\/svg><\/i><\/span>\n\t\t<\/span>\n\t<\/a>\n<\/div><div class=\"mazz_post conimg articolo news\">\n\t<a href=\"https:\/\/www.brissago.ch\/en\/news\/lo-sci-club-brissago-trentanni-di-neve-giovani-e-comunita\/\" class=\"mazz_post_generico\">\n\t\t<img loading=\"lazy\" decoding=\"async\" width=\"800\" height=\"416\" src=\"https:\/\/www.brissago.ch\/sito\/wp-content\/uploads\/2026\/01\/WhatsApp-Image-2026-01-14-at-11.10.59-e1768900322389-800x416.jpeg\" class=\"attachment-medium size-medium wp-post-image\" alt=\"\" srcset=\"https:\/\/www.brissago.ch\/sito\/wp-content\/uploads\/2026\/01\/WhatsApp-Image-2026-01-14-at-11.10.59-e1768900322389-800x416.jpeg 800w, https:\/\/www.brissago.ch\/sito\/wp-content\/uploads\/2026\/01\/WhatsApp-Image-2026-01-14-at-11.10.59-e1768900322389-768x400.jpeg 768w, https:\/\/www.brissago.ch\/sito\/wp-content\/uploads\/2026\/01\/WhatsApp-Image-2026-01-14-at-11.10.59-e1768900322389-18x9.jpeg 18w, https:\/\/www.brissago.ch\/sito\/wp-content\/uploads\/2026\/01\/WhatsApp-Image-2026-01-14-at-11.10.59-e1768900322389.jpeg 1080w\" sizes=\"(max-width: 800px) 100vw, 800px\" title=\"\">\n\t\t<span class=\"post_txt\">\n\t\t\t<span class=\"info_box\">\n\t\t\t\t<span class=\"info_posttype\"><span>News<\/span> <\/span>\n\t\t\t\t<span class=\"info_pubblicazione\">29 January 2026<\/span>\n\t\t\t<\/span>\n\t\t\t<h3 class=\"titolo\">The Ski Club Brissago: Thirty years of snow, young people and communities<\/h3>\n\t\t\t<span class=\"descrizione\">The Brissago Ski Club \u2013 has a long history, but is more alive than ever. We asked the president, the municipal councillor Reto Repetti, to tell us that story and explain how the association works today by promoting the passion for skiing among children and young people. \u201cSo, if we start with history, we have to take quite a few steps [...]<\/span>\n\t\t\t<span class=\"mazz_button2 small\">Read more <i><svg xmlns=\"http:\/\/www.w3.org\/2000\/svg\" class=\"mazz_icon freccia_lunga\" viewbox=\"0 0 30 30\"><path d=\"M29.61,15.38c.05-.12.08-.25.08-.38s-.03-.26-.08-.38c-.05-.12-.12-.23-.22-.32L16.51,1.41c-.39-.39-1.02-.39-1.41,0s-.39,1.02,0,1.41l11.18,11.18H1.31c-.55,0-1,.45-1,1s.45,1,1,1h24.97l-11.18,11.18c-.39.39-.39,1.02,0,1.41.2.2.45.29.71.29s.51-.1.71-.29l12.89-12.89c.09-.09.17-.2.22-.32Z\"><\/path><\/svg><\/i><\/span>\n\t\t<\/span>\n\t<\/a>\n<\/div><div class=\"mazz_post conimg articolo news\">\n\t<a href=\"https:\/\/www.brissago.ch\/en\/news\/quando-il-lago-aiuta-la-montagna\/\" class=\"mazz_post_generico\">\n\t\t<img loading=\"lazy\" decoding=\"async\" width=\"587\" height=\"414\" src=\"https:\/\/www.brissago.ch\/sito\/wp-content\/uploads\/2025\/11\/Immagine-2025-11-13-074733.jpg\" class=\"attachment-medium size-medium wp-post-image\" alt=\"\" srcset=\"https:\/\/www.brissago.ch\/sito\/wp-content\/uploads\/2025\/11\/Immagine-2025-11-13-074733.jpg 587w, https:\/\/www.brissago.ch\/sito\/wp-content\/uploads\/2025\/11\/Immagine-2025-11-13-074733-18x12.jpg 18w\" sizes=\"(max-width: 587px) 100vw, 587px\" title=\"\">\n\t\t<span class=\"post_txt\">\n\t\t\t<span class=\"info_box\">\n\t\t\t\t<span class=\"info_posttype\"><span>News<\/span> <\/span>\n\t\t\t\t<span class=\"info_pubblicazione\">13 November 2025<\/span>\n\t\t\t<\/span>\n\t\t\t<h3 class=\"titolo\">When the lake helps the mountain<\/h3>\n\t\t\t<span class=\"descrizione\">On Sunday 23 November, a group exhibition will open at the Galleria Amici dell\u2019Arte, attended by around 30 artists. A solidarity initiative towards the people affected by the June 2024 disaster The title is: \u2018Artists in Brissago for Alta Vallemaggia\u2019. It is not a film, it is not a book, but, as the word \u201cartists\u201d suggests, it is a [...]<\/span>\n\t\t\t<span class=\"mazz_button2 small\">Read more <i><svg xmlns=\"http:\/\/www.w3.org\/2000\/svg\" class=\"mazz_icon freccia_lunga\" viewbox=\"0 0 30 30\"><path d=\"M29.61,15.38c.05-.12.08-.25.08-.38s-.03-.26-.08-.38c-.05-.12-.12-.23-.22-.32L16.51,1.41c-.39-.39-1.02-.39-1.41,0s-.39,1.02,0,1.41l11.18,11.18H1.31c-.55,0-1,.45-1,1s.45,1,1,1h24.97l-11.18,11.18c-.39.39-.39,1.02,0,1.41.2.2.45.29.71.29s.51-.1.71-.29l12.89-12.89c.09-.09.17-.2.22-.32Z\"><\/path><\/svg><\/i><\/span>\n\t\t<\/span>\n\t<\/a>\n<\/div><div class=\"mazz_post conimg articolo news\">\n\t<a href=\"https:\/\/www.brissago.ch\/en\/news\/brissago-punta-sul-digitale-archivi-piu-sicuri-processi-piu-veloci\/\" class=\"mazz_post_generico\">\n\t\t<img loading=\"lazy\" decoding=\"async\" width=\"800\" height=\"600\" src=\"https:\/\/www.brissago.ch\/sito\/wp-content\/uploads\/2025\/10\/news-digitalizzazione_archivio-800x600.jpg\" class=\"attachment-medium size-medium wp-post-image\" alt=\"\" srcset=\"https:\/\/www.brissago.ch\/sito\/wp-content\/uploads\/2025\/10\/news-digitalizzazione_archivio-800x600.jpg 800w, https:\/\/www.brissago.ch\/sito\/wp-content\/uploads\/2025\/10\/news-digitalizzazione_archivio-768x576.jpg 768w, https:\/\/www.brissago.ch\/sito\/wp-content\/uploads\/2025\/10\/news-digitalizzazione_archivio-16x12.jpg 16w, https:\/\/www.brissago.ch\/sito\/wp-content\/uploads\/2025\/10\/news-digitalizzazione_archivio.jpg 1200w\" sizes=\"(max-width: 800px) 100vw, 800px\" title=\"\">\n\t\t<span class=\"post_txt\">\n\t\t\t<span class=\"info_box\">\n\t\t\t\t<span class=\"info_posttype\"><span>News<\/span> <\/span>\n\t\t\t\t<span class=\"info_pubblicazione\">9 October 2025<\/span>\n\t\t\t<\/span>\n\t\t\t<h3 class=\"titolo\">Brissago focuses on digital: more secure archives, faster processes<\/h3>\n\t\t\t<span class=\"descrizione\">The first phase of the municipal digitalization project has been completed: Historical and current documents available in electronic format Digitization. Not just a word. Rather a mantra of our time. A mantra that tends to have a positive meaning, like terms such as \u2018sustainability\u2019 or \u2018innovation\u2019. But precisely because it is used \u2013 and often abused \u2013 in many [...]<\/span>\n\t\t\t<span class=\"mazz_button2 small\">Read more <i><svg xmlns=\"http:\/\/www.w3.org\/2000\/svg\" class=\"mazz_icon freccia_lunga\" viewbox=\"0 0 30 30\"><path d=\"M29.61,15.38c.05-.12.08-.25.08-.38s-.03-.26-.08-.38c-.05-.12-.12-.23-.22-.32L16.51,1.41c-.39-.39-1.02-.39-1.41,0s-.39,1.02,0,1.41l11.18,11.18H1.31c-.55,0-1,.45-1,1s.45,1,1,1h24.97l-11.18,11.18c-.39.39-.39,1.02,0,1.41.2.2.45.29.71.29s.51-.1.71-.29l12.89-12.89c.09-.09.17-.2.22-.32Z\"><\/path><\/svg><\/i><\/span>\n\t\t<\/span>\n\t<\/a>\n<\/div><div class=\"mazz_post conimg articolo news\">\n\t<a href=\"https:\/\/www.brissago.ch\/en\/news\/polizia-il-comandante-gabriele-gottardi-parola-dordine-prossimita\/\" class=\"mazz_post_generico\">\n\t\t<img loading=\"lazy\" decoding=\"async\" width=\"800\" height=\"800\" src=\"https:\/\/www.brissago.ch\/sito\/wp-content\/uploads\/2025\/08\/foto_Gabriele_Gottardi-800x800.jpg\" class=\"attachment-medium size-medium wp-post-image\" alt=\"\" srcset=\"https:\/\/www.brissago.ch\/sito\/wp-content\/uploads\/2025\/08\/foto_Gabriele_Gottardi-800x800.jpg 800w, https:\/\/www.brissago.ch\/sito\/wp-content\/uploads\/2025\/08\/foto_Gabriele_Gottardi-150x150.jpg 150w, https:\/\/www.brissago.ch\/sito\/wp-content\/uploads\/2025\/08\/foto_Gabriele_Gottardi-768x768.jpg 768w, https:\/\/www.brissago.ch\/sito\/wp-content\/uploads\/2025\/08\/foto_Gabriele_Gottardi-12x12.jpg 12w, https:\/\/www.brissago.ch\/sito\/wp-content\/uploads\/2025\/08\/foto_Gabriele_Gottardi.jpg 960w\" sizes=\"(max-width: 800px) 100vw, 800px\" title=\"\">\n\t\t<span class=\"post_txt\">\n\t\t\t<span class=\"info_box\">\n\t\t\t\t<span class=\"info_posttype\"><span>News<\/span> <\/span>\n\t\t\t\t<span class=\"info_pubblicazione\">26 August 2025<\/span>\n\t\t\t<\/span>\n\t\t\t<h3 class=\"titolo\">Police, Commander Gabriele Gottardi: \u201cWord of order: proximity\u201d<\/h3>\n\t\t\t<span class=\"descrizione\">The thoughts of Mayor Marcacci Rossi and the head of the Palmieri Security Department When it comes to municipal police, the first term that comes to mind is \u2018proximity\u2019. That term, which encompasses concepts linked to the territory and the community \u2013 proximity, presence, knowledge \u2013 is the political shield that local administrators, mayors and municipalities, [...]<\/span>\n\t\t\t<span class=\"mazz_button2 small\">Read more <i><svg xmlns=\"http:\/\/www.w3.org\/2000\/svg\" class=\"mazz_icon freccia_lunga\" viewbox=\"0 0 30 30\"><path d=\"M29.61,15.38c.05-.12.08-.25.08-.38s-.03-.26-.08-.38c-.05-.12-.12-.23-.22-.32L16.51,1.41c-.39-.39-1.02-.39-1.41,0s-.39,1.02,0,1.41l11.18,11.18H1.31c-.55,0-1,.45-1,1s.45,1,1,1h24.97l-11.18,11.18c-.39.39-.39,1.02,0,1.41.2.2.45.29.71.29s.51-.1.71-.29l12.89-12.89c.09-.09.17-.2.22-.32Z\"><\/path><\/svg><\/i><\/span>\n\t\t<\/span>\n\t<\/a>\n<\/div><div class=\"mazz_post conimg articolo avvisi news\">\n\t<a href=\"https:\/\/www.brissago.ch\/en\/avvisi\/campagna-informativa-sul-coleottero-giapponese\/\" class=\"mazz_post_generico\">\n\t\t<img loading=\"lazy\" decoding=\"async\" width=\"800\" height=\"564\" src=\"https:\/\/www.brissago.ch\/sito\/wp-content\/uploads\/2025\/08\/coleottero_giapponese_cover-800x564.jpg\" class=\"attachment-medium size-medium wp-post-image\" alt=\"\" srcset=\"https:\/\/www.brissago.ch\/sito\/wp-content\/uploads\/2025\/08\/coleottero_giapponese_cover-800x564.jpg 800w, https:\/\/www.brissago.ch\/sito\/wp-content\/uploads\/2025\/08\/coleottero_giapponese_cover-768x541.jpg 768w, https:\/\/www.brissago.ch\/sito\/wp-content\/uploads\/2025\/08\/coleottero_giapponese_cover-18x12.jpg 18w, https:\/\/www.brissago.ch\/sito\/wp-content\/uploads\/2025\/08\/coleottero_giapponese_cover.jpg 1200w\" sizes=\"(max-width: 800px) 100vw, 800px\" title=\"\">\n\t\t<span class=\"post_txt\">\n\t\t\t<span class=\"info_box\">\n\t\t\t\t<span class=\"info_posttype\"><span>Alerts<\/span> <span>News<\/span> <\/span>\n\t\t\t\t<span class=\"info_pubblicazione\">1 August 2025<\/span>\n\t\t\t<\/span>\n\t\t\t<h3 class=\"titolo\">Information campaign on the Japanese beetle<\/h3>\n\t\t\t<span class=\"descrizione\">The Municipality of Brissago wishes to inform the population that the Plant Health Service has launched a new information campaign dedicated to the Japanese beetle (Popillia japonica Newman). This initiative, active since June, aims to provide clear and practical indications to recognize and manage the presence of this invasive insect. Discovered for the first time in [...]<\/span>\n\t\t\t<span class=\"mazz_button2 small\">Read more <i><svg xmlns=\"http:\/\/www.w3.org\/2000\/svg\" class=\"mazz_icon freccia_lunga\" viewbox=\"0 0 30 30\"><path d=\"M29.61,15.38c.05-.12.08-.25.08-.38s-.03-.26-.08-.38c-.05-.12-.12-.23-.22-.32L16.51,1.41c-.39-.39-1.02-.39-1.41,0s-.39,1.02,0,1.41l11.18,11.18H1.31c-.55,0-1,.45-1,1s.45,1,1,1h24.97l-11.18,11.18c-.39.39-.39,1.02,0,1.41.2.2.45.29.71.29s.51-.1.71-.29l12.89-12.89c.09-.09.17-.2.22-.32Z\"><\/path><\/svg><\/i><\/span>\n\t\t<\/span>\n\t<\/a>\n<\/div><div class=\"mazz_post conimg articolo news\">\n\t<a href=\"https:\/\/www.brissago.ch\/en\/news\/questestate-e-tutto-un-altro-lido\/\" class=\"mazz_post_generico\">\n\t\t<img loading=\"lazy\" decoding=\"async\" width=\"800\" height=\"450\" src=\"https:\/\/www.brissago.ch\/sito\/wp-content\/uploads\/2025\/06\/news-lido_brissago-800x450.jpg\" class=\"attachment-medium size-medium wp-post-image\" alt=\"\" srcset=\"https:\/\/www.brissago.ch\/sito\/wp-content\/uploads\/2025\/06\/news-lido_brissago-800x450.jpg 800w, https:\/\/www.brissago.ch\/sito\/wp-content\/uploads\/2025\/06\/news-lido_brissago-768x432.jpg 768w, https:\/\/www.brissago.ch\/sito\/wp-content\/uploads\/2025\/06\/news-lido_brissago-18x10.jpg 18w, https:\/\/www.brissago.ch\/sito\/wp-content\/uploads\/2025\/06\/news-lido_brissago.jpg 1200w\" sizes=\"(max-width: 800px) 100vw, 800px\" title=\"\">\n\t\t<span class=\"post_txt\">\n\t\t\t<span class=\"info_box\">\n\t\t\t\t<span class=\"info_posttype\"><span>News<\/span> <\/span>\n\t\t\t\t<span class=\"info_pubblicazione\">30 June 2025<\/span>\n\t\t\t<\/span>\n\t\t\t<h3 class=\"titolo\">This summer is another Lido!<\/h3>\n\t\t\t<span class=\"descrizione\">A concept based on public-private collaboration. New proposals and a lot of enthusiasm. Veronica Marcacci Rossi, Vitor Pinheiro Nunes and Loris De Gol tell the new life of a historic place for the Brissaghese Vitor Pinheiro Nunes, for friends simply Vito, has been Andrea Trinca's travel companion for eight years now. He is in the room and [...]<\/span>\n\t\t\t<span class=\"mazz_button2 small\">Read more <i><svg xmlns=\"http:\/\/www.w3.org\/2000\/svg\" class=\"mazz_icon freccia_lunga\" viewbox=\"0 0 30 30\"><path d=\"M29.61,15.38c.05-.12.08-.25.08-.38s-.03-.26-.08-.38c-.05-.12-.12-.23-.22-.32L16.51,1.41c-.39-.39-1.02-.39-1.41,0s-.39,1.02,0,1.41l11.18,11.18H1.31c-.55,0-1,.45-1,1s.45,1,1,1h24.97l-11.18,11.18c-.39.39-.39,1.02,0,1.41.2.2.45.29.71.29s.51-.1.71-.29l12.89-12.89c.09-.09.17-.2.22-.32Z\"><\/path><\/svg><\/i><\/span>\n\t\t<\/span>\n\t<\/a>\n<\/div><div class=\"mazz_post conimg articolo news\">\n\t<a href=\"https:\/\/www.brissago.ch\/en\/news\/brissago-rinnova-la-sua-identita-visiva-e-digitale-e-con-giorgino-punta-sullai\/\" class=\"mazz_post_generico\">\n\t\t<img loading=\"lazy\" decoding=\"async\" width=\"800\" height=\"450\" src=\"https:\/\/www.brissago.ch\/sito\/wp-content\/uploads\/2025\/06\/news-nuovo_sito-800x450.jpg\" class=\"attachment-medium size-medium wp-post-image\" alt=\"\" srcset=\"https:\/\/www.brissago.ch\/sito\/wp-content\/uploads\/2025\/06\/news-nuovo_sito-800x450.jpg 800w, https:\/\/www.brissago.ch\/sito\/wp-content\/uploads\/2025\/06\/news-nuovo_sito-768x432.jpg 768w, https:\/\/www.brissago.ch\/sito\/wp-content\/uploads\/2025\/06\/news-nuovo_sito-18x10.jpg 18w, https:\/\/www.brissago.ch\/sito\/wp-content\/uploads\/2025\/06\/news-nuovo_sito.jpg 1200w\" sizes=\"(max-width: 800px) 100vw, 800px\" title=\"\">\n\t\t<span class=\"post_txt\">\n\t\t\t<span class=\"info_box\">\n\t\t\t\t<span class=\"info_posttype\"><span>News<\/span> <\/span>\n\t\t\t\t<span class=\"info_pubblicazione\">26 June 2025<\/span>\n\t\t\t<\/span>\n\t\t\t<h3 class=\"titolo\">Brissago renews its visual and digital identity. And with Giorgino he focuses on AI<\/h3>\n\t\t\t<span class=\"descrizione\">Mayor Marcacci Rossi: \u2018With a touch of pride, we can say that we are among the first municipalities to have introduced a chatbot on our site\u2019 The Municipality of Brissago has completed an important process of renewal of its institutional image, culminating in a new visual identity and a completely redesigned website. A project [...]<\/span>\n\t\t\t<span class=\"mazz_button2 small\">Read more <i><svg xmlns=\"http:\/\/www.w3.org\/2000\/svg\" class=\"mazz_icon freccia_lunga\" viewbox=\"0 0 30 30\"><path d=\"M29.61,15.38c.05-.12.08-.25.08-.38s-.03-.26-.08-.38c-.05-.12-.12-.23-.22-.32L16.51,1.41c-.39-.39-1.02-.39-1.41,0s-.39,1.02,0,1.41l11.18,11.18H1.31c-.55,0-1,.45-1,1s.45,1,1,1h24.97l-11.18,11.18c-.39.39-.39,1.02,0,1.41.2.2.45.29.71.29s.51-.1.71-.29l12.89-12.89c.09-.09.17-.2.22-.32Z\"><\/path><\/svg><\/i><\/span>\n\t\t<\/span>\n\t<\/a>\n<\/div><div class=\"mazz_post conimg articolo news\">\n\t<a href=\"https:\/\/www.brissago.ch\/en\/news\/la-motta-una-lunga-storia-daccoglienza-e-damore\/\" class=\"mazz_post_generico\">\n\t\t<img loading=\"lazy\" decoding=\"async\" width=\"800\" height=\"450\" src=\"https:\/\/www.brissago.ch\/sito\/wp-content\/uploads\/2025\/05\/news-la_motta-800x450.jpg\" class=\"attachment-medium size-medium wp-post-image\" alt=\"\" srcset=\"https:\/\/www.brissago.ch\/sito\/wp-content\/uploads\/2025\/05\/news-la_motta-800x450.jpg 800w, https:\/\/www.brissago.ch\/sito\/wp-content\/uploads\/2025\/05\/news-la_motta-768x432.jpg 768w, https:\/\/www.brissago.ch\/sito\/wp-content\/uploads\/2025\/05\/news-la_motta-18x10.jpg 18w, https:\/\/www.brissago.ch\/sito\/wp-content\/uploads\/2025\/05\/news-la_motta.jpg 1200w\" sizes=\"(max-width: 800px) 100vw, 800px\" title=\"\">\n\t\t<span class=\"post_txt\">\n\t\t\t<span class=\"info_box\">\n\t\t\t\t<span class=\"info_posttype\"><span>News<\/span> <\/span>\n\t\t\t\t<span class=\"info_pubblicazione\">23 May 2025<\/span>\n\t\t\t<\/span>\n\t\t\t<h3 class=\"titolo\">La Motta: a long history of hospitality and love<\/h3>\n\t\t\t<span class=\"descrizione\">The director Riccardo L\u00fcthi and the municipal Giovanni Chiappini talk about the sociotherapeutic Institute, its evolution over the years, its relationship with the community of Brissago, and its future, also linked to donations.<\/span>\n\t\t\t<span class=\"mazz_button2 small\">Read more <i><svg xmlns=\"http:\/\/www.w3.org\/2000\/svg\" class=\"mazz_icon freccia_lunga\" viewbox=\"0 0 30 30\"><path d=\"M29.61,15.38c.05-.12.08-.25.08-.38s-.03-.26-.08-.38c-.05-.12-.12-.23-.22-.32L16.51,1.41c-.39-.39-1.02-.39-1.41,0s-.39,1.02,0,1.41l11.18,11.18H1.31c-.55,0-1,.45-1,1s.45,1,1,1h24.97l-11.18,11.18c-.39.39-.39,1.02,0,1.41.2.2.45.29.71.29s.51-.1.71-.29l12.89-12.89c.09-.09.17-.2.22-.32Z\"><\/path><\/svg><\/i><\/span>\n\t\t<\/span>\n\t<\/a>\n<\/div><div class=\"mazz-pagination\"><span aria-current=\"page\" class=\"page-numbers current\">1<\/span>\n<a class=\"page-numbers\" href=\"https:\/\/www.brissago.ch\/en\/wp-json\/wp\/v2\/pages\/1653\/?paged=2\">2<\/a>\n<a class=\"page-numbers\" href=\"https:\/\/www.brissago.ch\/en\/wp-json\/wp\/v2\/pages\/1653\/?paged=3\">3<\/a>\n<a class=\"page-numbers\" href=\"https:\/\/www.brissago.ch\/en\/wp-json\/wp\/v2\/pages\/1653\/?paged=4\">4<\/a>\n<a class=\"next page-numbers\" href=\"https:\/\/www.brissago.ch\/en\/wp-json\/wp\/v2\/pages\/1653\/?paged=2\">Next \u00bb<\/a><\/div>    <\/div>","protected":false},"excerpt":{"rendered":"","protected":false},"author":1,"featured_media":0,"parent":0,"menu_order":6,"comment_status":"closed","ping_status":"closed","template":"","meta":{"_acf_changed":false,"footnotes":""},"class_list":["post-1653","page","type-page","status-publish","hentry"],"acf":[],"_links":{"self":[{"href":"https:\/\/www.brissago.ch\/en\/wp-json\/wp\/v2\/pages\/1653","targetHints":{"allow":["GET"]}}],"collection":[{"href":"https:\/\/www.brissago.ch\/en\/wp-json\/wp\/v2\/pages"}],"about":[{"href":"https:\/\/www.brissago.ch\/en\/wp-json\/wp\/v2\/types\/page"}],"author":[{"embeddable":true,"href":"https:\/\/www.brissago.ch\/en\/wp-json\/wp\/v2\/users\/1"}],"replies":[{"embeddable":true,"href":"https:\/\/www.brissago.ch\/en\/wp-json\/wp\/v2\/comments?post=1653"}],"version-history":[{"count":0,"href":"https:\/\/www.brissago.ch\/en\/wp-json\/wp\/v2\/pages\/1653\/revisions"}],"wp:attachment":[{"href":"https:\/\/www.brissago.ch\/en\/wp-json\/wp\/v2\/media?parent=1653"}],"curies":[{"name":"wp","href":"https:\/\/api.w.org\/{rel}","templated":true}]}}