{"id":906,"date":"2025-01-30T18:43:28","date_gmt":"2025-01-30T17:43:28","guid":{"rendered":"https:\/\/www.brissago.ch\/sito\/?page_id=906"},"modified":"2025-03-04T13:56:30","modified_gmt":"2025-03-04T12:56:30","slug":"portale-e-cittadino","status":"publish","type":"page","link":"https:\/\/www.brissago.ch\/de\/sportello-virtuale\/portale-e-cittadino\/","title":{"rendered":"e-Citizen Portal"},"content":{"rendered":"<p>Dieses neue System erm\u00f6glicht es Ihnen, verschiedene Praktiken unabh\u00e4ngig durchzuf\u00fchren, ohne an den Schalter gehen zu m\u00fcssen, einschlie\u00dflich der Anforderung von Zertifikaten, des Status Ihres Steuerkontos, der Zahlung von Dienstleistungen einschlie\u00dflich der Entsorgung von Pflanzenabf\u00e4llen.<\/p>\n\n\n\n<h2 class=\"wp-block-heading\">So beantragen Sie den Zugang zum Portal<\/h2>\n\n\n\n<p>Verbinden Sie sich mit <a href=\"https:\/\/egov.cce.ch\/login?comune=brissago\" target=\"_blank\" rel=\"noreferrer noopener\">Portal<\/a> und w\u00e4hlen Sie \u201eZugang beantragen\u201c aus. Nachdem Sie Ihren Vor- und Nachnamen, Ihr Geburtsdatum und Ihre AVS-Nummer best\u00e4tigt haben, erhalten Sie den Zugangscode, mit dem Sie Ihr Konto zu Hause per Einschreiben aktivieren k\u00f6nnen.<\/p>\n\n\n\n<h2 class=\"wp-block-heading\">So aktivieren Sie das Konto<\/h2>\n\n\n\n<p>Nach Erhalt der empfohlenen Einreichung melden Sie sich bitte bei der <a href=\"https:\/\/egov.cce.ch\/login?comune=brissago\" target=\"_blank\" rel=\"noreferrer noopener\">Portal<\/a> und w\u00e4hlen Sie \u201eRegistrieren\u201c aus. Geben Sie den per Brief erhaltenen Code, eine E-Mail-Adresse und ein Passwort ein, bei dem es sich um die Anmeldedaten handelt. Die Prozedur ist vorbei und Sie k\u00f6nnen sich jetzt einloggen.<\/p>","protected":false},"excerpt":{"rendered":"<p>Dieses neue System erm\u00f6glicht es Ihnen, verschiedene Praktiken unabh\u00e4ngig durchzuf\u00fchren, ohne an den Schalter gehen zu m\u00fcssen, einschlie\u00dflich der Anforderung von Zertifikaten, des Status Ihres Steuerkontos, der Zahlung von Dienstleistungen einschlie\u00dflich der Entsorgung von Pflanzenabf\u00e4llen. So beantragen Sie den Zugang zum Portal Verbinden Sie sich mit dem Portal und w\u00e4hlen Sie \u201eZugang beantragen\u201c. [...]<\/p>","protected":false},"author":1,"featured_media":0,"parent":899,"menu_order":3,"comment_status":"closed","ping_status":"closed","template":"","meta":{"_acf_changed":false,"footnotes":""},"class_list":["post-906","page","type-page","status-publish","hentry"],"acf":[],"_links":{"self":[{"href":"https:\/\/www.brissago.ch\/de\/wp-json\/wp\/v2\/pages\/906","targetHints":{"allow":["GET"]}}],"collection":[{"href":"https:\/\/www.brissago.ch\/de\/wp-json\/wp\/v2\/pages"}],"about":[{"href":"https:\/\/www.brissago.ch\/de\/wp-json\/wp\/v2\/types\/page"}],"author":[{"embeddable":true,"href":"https:\/\/www.brissago.ch\/de\/wp-json\/wp\/v2\/users\/1"}],"replies":[{"embeddable":true,"href":"https:\/\/www.brissago.ch\/de\/wp-json\/wp\/v2\/comments?post=906"}],"version-history":[{"count":0,"href":"https:\/\/www.brissago.ch\/de\/wp-json\/wp\/v2\/pages\/906\/revisions"}],"up":[{"embeddable":true,"href":"https:\/\/www.brissago.ch\/de\/wp-json\/wp\/v2\/pages\/899"}],"wp:attachment":[{"href":"https:\/\/www.brissago.ch\/de\/wp-json\/wp\/v2\/media?parent=906"}],"curies":[{"name":"wp","href":"https:\/\/api.w.org\/{rel}","templated":true}]}}