{"id":899,"date":"2025-01-30T18:40:05","date_gmt":"2025-01-30T17:40:05","guid":{"rendered":"https:\/\/www.brissago.ch\/sito\/?page_id=899"},"modified":"2025-02-14T14:33:01","modified_gmt":"2025-02-14T13:33:01","slug":"sportello-virtuale","status":"publish","type":"page","link":"https:\/\/www.brissago.ch\/de\/sportello-virtuale\/","title":{"rendered":"Virtueller Schreibtisch"},"content":{"rendered":"<p>Lo <strong>Virtueller Schreibtisch<\/strong> ist der Online-Dienst der Gemeinde Brissago, der es den B\u00fcrgern erm\u00f6glicht, schnell und einfach auf Informationen und Dokumente zuzugreifen, ohne physisch zum Rathaus gehen zu m\u00fcssen.<\/p>\n\n\n\n<p>In diesem Abschnitt k\u00f6nnen Sie Formulare einsehen, Zertifikate anfordern, Verwaltungsverfahren weiterleiten und Antworten auf h\u00e4ufig gestellte Fragen finden. Der Service ist 24 Stunden am Tag verf\u00fcgbar und bietet eine bequeme Alternative, um Ihre b\u00fcrokratischen Anforderungen zu erf\u00fcllen.<\/p>\n\n\n\n<p>F\u00fcr spezifische Anfragen steht das Gemeindepersonal zur Verf\u00fcgung, um Hilfe und Unterst\u00fctzung zu leisten.<\/p>\n\n\n\n<div class=\"wp-block-mazz-spazio mazz-spazio normale\"><\/div>","protected":false},"excerpt":{"rendered":"<p>Der Virtual Desk ist der Online-Service der Gemeinde Brissago, mit dem B\u00fcrger schnell und einfach auf Informationen und Dokumente zugreifen k\u00f6nnen, ohne physisch ins Rathaus gehen zu m\u00fcssen. \u00dcber diesen Abschnitt k\u00f6nnen Sie Formulare einsehen, Zertifikate anfordern, Verwaltungsdateien einreichen und Antworten auf die am h\u00e4ufigsten gestellten Fragen finden. Der Service ist verf\u00fcgbar [...]<\/p>","protected":false},"author":1,"featured_media":880,"parent":0,"menu_order":5,"comment_status":"closed","ping_status":"closed","template":"","meta":{"_acf_changed":false,"footnotes":""},"class_list":["post-899","page","type-page","status-publish","has-post-thumbnail","hentry"],"acf":[],"_links":{"self":[{"href":"https:\/\/www.brissago.ch\/de\/wp-json\/wp\/v2\/pages\/899","targetHints":{"allow":["GET"]}}],"collection":[{"href":"https:\/\/www.brissago.ch\/de\/wp-json\/wp\/v2\/pages"}],"about":[{"href":"https:\/\/www.brissago.ch\/de\/wp-json\/wp\/v2\/types\/page"}],"author":[{"embeddable":true,"href":"https:\/\/www.brissago.ch\/de\/wp-json\/wp\/v2\/users\/1"}],"replies":[{"embeddable":true,"href":"https:\/\/www.brissago.ch\/de\/wp-json\/wp\/v2\/comments?post=899"}],"version-history":[{"count":0,"href":"https:\/\/www.brissago.ch\/de\/wp-json\/wp\/v2\/pages\/899\/revisions"}],"wp:featuredmedia":[{"embeddable":true,"href":"https:\/\/www.brissago.ch\/de\/wp-json\/wp\/v2\/media\/880"}],"wp:attachment":[{"href":"https:\/\/www.brissago.ch\/de\/wp-json\/wp\/v2\/media?parent=899"}],"curies":[{"name":"wp","href":"https:\/\/api.w.org\/{rel}","templated":true}]}}