{"id":888,"date":"2025-01-30T18:21:03","date_gmt":"2025-01-30T17:21:03","guid":{"rendered":"https:\/\/www.brissago.ch\/sito\/?page_id=888"},"modified":"2025-03-18T09:57:42","modified_gmt":"2025-03-18T08:57:42","slug":"scopri-brissago","status":"publish","type":"page","link":"https:\/\/www.brissago.ch\/de\/turismo-tempo-libero\/scopri-brissago\/","title":{"rendered":"Entdecken Sie Brissago"},"content":{"rendered":"<h2 class=\"wp-block-heading\">Von den Inseln in die Alpen: der Brissago Region<\/h2>\n\n\n\n<p>Die Region Brissago bietet ein einzigartiges Panorama, das sich durch \u00fcberraschende Kontraste auszeichnet. Auf der einen Seite der See mit seinem entspannenden Charme, auf der anderen Seite die Berge, die zum Abenteuer einladen.<\/p>\n\n\n\n<p>F\u00fcr Seeliebhaber gibt es viele M\u00f6glichkeiten: Der herrliche botanische Park auf den Brissago-Inseln, Badeanstalten, Segel- und Surfschulen sowie \u00f6ffentliche und private Bootsfahrten.<\/p>\n\n\n\n<p>Diejenigen, die die Berge bevorzugen, k\u00f6nnen ein Netz gut markierter Wanderwege erkunden, die zum Berg Ghiridone (2190 m) und zur Capanna al Legn f\u00fchren. Die Region verf\u00fcgt auch \u00fcber ein reiches historisches und kulturelles Erbe mit wichtigen Denkm\u00e4lern und architektonischen Werken wie den Renaissancekirchen der SS. Petrus und Paulus und Unsere Liebe Frau von Ponte. Bemerkenswert sind auch die Beitr\u00e4ge der Architekten Livio Vacchini und Luigi Snozzi bei der Restaurierung historischer Geb\u00e4ude.<\/p>\n\n\n\n<p><\/p>","protected":false},"excerpt":{"rendered":"<p>Von den Inseln in die Alpen: Die Region Brissago bietet ein einzigartiges Panorama, das sich durch \u00fcberraschende Kontraste auszeichnet. Auf der einen Seite der See mit seinem entspannenden Charme, auf der anderen Seite die Berge, die zum Abenteuer einladen. F\u00fcr Seeliebhaber gibt es viele M\u00f6glichkeiten: Der wundersch\u00f6ne botanische Park auf den Brissago-Inseln, [...]<\/p>","protected":false},"author":1,"featured_media":878,"parent":720,"menu_order":1,"comment_status":"closed","ping_status":"closed","template":"","meta":{"_acf_changed":false,"footnotes":""},"class_list":["post-888","page","type-page","status-publish","has-post-thumbnail","hentry"],"acf":[],"_links":{"self":[{"href":"https:\/\/www.brissago.ch\/de\/wp-json\/wp\/v2\/pages\/888","targetHints":{"allow":["GET"]}}],"collection":[{"href":"https:\/\/www.brissago.ch\/de\/wp-json\/wp\/v2\/pages"}],"about":[{"href":"https:\/\/www.brissago.ch\/de\/wp-json\/wp\/v2\/types\/page"}],"author":[{"embeddable":true,"href":"https:\/\/www.brissago.ch\/de\/wp-json\/wp\/v2\/users\/1"}],"replies":[{"embeddable":true,"href":"https:\/\/www.brissago.ch\/de\/wp-json\/wp\/v2\/comments?post=888"}],"version-history":[{"count":0,"href":"https:\/\/www.brissago.ch\/de\/wp-json\/wp\/v2\/pages\/888\/revisions"}],"up":[{"embeddable":true,"href":"https:\/\/www.brissago.ch\/de\/wp-json\/wp\/v2\/pages\/720"}],"wp:featuredmedia":[{"embeddable":true,"href":"https:\/\/www.brissago.ch\/de\/wp-json\/wp\/v2\/media\/878"}],"wp:attachment":[{"href":"https:\/\/www.brissago.ch\/de\/wp-json\/wp\/v2\/media?parent=888"}],"curies":[{"name":"wp","href":"https:\/\/api.w.org\/{rel}","templated":true}]}}