{"id":729,"date":"2025-01-28T12:20:21","date_gmt":"2025-01-28T11:20:21","guid":{"rendered":"https:\/\/www.brissago.ch\/sito\/?page_id=729"},"modified":"2026-01-29T15:31:47","modified_gmt":"2026-01-29T14:31:47","slug":"area-sosta-camper","status":"publish","type":"page","link":"https:\/\/www.brissago.ch\/de\/turismo-tempo-libero\/area-sosta-camper\/","title":{"rendered":"Wohnmobilstellplatz"},"content":{"rendered":"<p>Unweit des Stadtzentrums bietet der Wohnmobilparkplatz Touristen, die an einem gut ausgestatteten Ort vorbeifahren, bis zu 24 Stunden Halt zum Preis von CHF 25.-.<\/p>\n\n\n\n<p>Auf der Seite der Kantonsstra\u00dfe garantiert der Wohnmobilbereich <strong>vier St\u00e4nde<\/strong>&nbsp;Ausruhen mit Trinkwasser, Grauwasserausfluss und Schwarzwasser. Auf 100 Metern gibt es auch einen \u00f6ffentlichen Dienst.<\/p>\n\n\n\n<p>Aufgrund der N\u00e4he zum Stadtzentrum k\u00f6nnen Sie von hier aus bequem Gesch\u00e4fte, Restaurants und die wichtigsten landschaftlichen und kulturellen Sehensw\u00fcrdigkeiten der Gegend erreichen.<\/p>\n\n\n\n<figure class=\"wp-block-mazz-immagine mazz-immagine\"><a href=\"https:\/\/www.brissago.ch\/sito\/wp-content\/uploads\/2025\/02\/area_sosta_camper-768x1024.jpg\" data-lightbox=\"gallery\" data-title=\"Area di sosta camper\"><picture><source srcset=\"https:\/\/www.brissago.ch\/sito\/wp-content\/uploads\/2025\/02\/area_sosta_camper-600x800.jpg\" media=\"(max-width: 600px)\"\/><source srcset=\"https:\/\/www.brissago.ch\/sito\/wp-content\/uploads\/2025\/02\/area_sosta_camper-768x1024.jpg\" media=\"(min-width: 601px)\"\/><img decoding=\"async\" src=\"https:\/\/www.brissago.ch\/sito\/wp-content\/uploads\/2025\/02\/area_sosta_camper-768x1024.jpg\" alt=\"\" title=\"\"><\/picture><\/a><figcaption class=\"mazz-immagine-didascalia\"><span>Camper-Ruhebereich<\/span><\/figcaption><\/figure>\n\n\n\n<p><strong>Anschrift:<\/strong> Via Ruggero Leoncavallo 64 \u2013 6614 Brissago (<a href=\"https:\/\/maps.app.goo.gl\/Nx8mctTSCyK2Uh9JA\" target=\"_blank\" rel=\"noreferrer noopener\">Google Maps<\/a>)<br><strong>Koordinaten:<\/strong> 46.1141, 8.7060 (lat, lng)<br>N 46\u00b06'50.832\u2032\u2032 E 8\u00b042'21.7584\u2032\u2032<br><strong>Stellpl\u00e4tze:<\/strong> 4 St\u00e4nde (3,20 x 8 m)<br><strong>Kosten:<\/strong> CHF 25.\u2013\/Tag (max. 24 Std.)<br><strong>Ausr\u00fcstung:<\/strong> Frischwasser und kostenlose Abfallentsorgung, 3G\/4G Internet-Empfang, Tankstelle und \u00f6ffentliche Toiletten um die Ecke. \u00d6ffentliches Bad 100 m 24 Stunden am Tag ge\u00f6ffnet.<\/p>\n\n\n\n<p><\/p>","protected":false},"excerpt":{"rendered":"<p>Unweit des Stadtzentrums bietet der Wohnmobilparkplatz Touristen, die an einem gut ausgestatteten Ort vorbeifahren, bis zu 24 Stunden Halt zum Preis von CHF 25.-. Neben der Kantonsstra\u00dfe bietet der Wohnmobilbereich vier St\u00e4nde mit Trinkwasser, Grauwasser und Schwarzwasser. Auf 100 Metern finden Sie [...]<\/p>","protected":false},"author":1,"featured_media":1109,"parent":720,"menu_order":7,"comment_status":"closed","ping_status":"closed","template":"","meta":{"_acf_changed":false,"footnotes":""},"class_list":["post-729","page","type-page","status-publish","has-post-thumbnail","hentry"],"acf":[],"_links":{"self":[{"href":"https:\/\/www.brissago.ch\/de\/wp-json\/wp\/v2\/pages\/729","targetHints":{"allow":["GET"]}}],"collection":[{"href":"https:\/\/www.brissago.ch\/de\/wp-json\/wp\/v2\/pages"}],"about":[{"href":"https:\/\/www.brissago.ch\/de\/wp-json\/wp\/v2\/types\/page"}],"author":[{"embeddable":true,"href":"https:\/\/www.brissago.ch\/de\/wp-json\/wp\/v2\/users\/1"}],"replies":[{"embeddable":true,"href":"https:\/\/www.brissago.ch\/de\/wp-json\/wp\/v2\/comments?post=729"}],"version-history":[{"count":1,"href":"https:\/\/www.brissago.ch\/de\/wp-json\/wp\/v2\/pages\/729\/revisions"}],"predecessor-version":[{"id":5793,"href":"https:\/\/www.brissago.ch\/de\/wp-json\/wp\/v2\/pages\/729\/revisions\/5793"}],"up":[{"embeddable":true,"href":"https:\/\/www.brissago.ch\/de\/wp-json\/wp\/v2\/pages\/720"}],"wp:featuredmedia":[{"embeddable":true,"href":"https:\/\/www.brissago.ch\/de\/wp-json\/wp\/v2\/media\/1109"}],"wp:attachment":[{"href":"https:\/\/www.brissago.ch\/de\/wp-json\/wp\/v2\/media?parent=729"}],"curies":[{"name":"wp","href":"https:\/\/api.w.org\/{rel}","templated":true}]}}