{"id":727,"date":"2025-01-28T12:00:26","date_gmt":"2025-01-28T11:00:26","guid":{"rendered":"https:\/\/www.brissago.ch\/sito\/?page_id=727"},"modified":"2026-01-28T14:14:12","modified_gmt":"2026-01-28T13:14:12","slug":"newsletter","status":"publish","type":"page","link":"https:\/\/www.brissago.ch\/de\/newsletter\/","title":{"rendered":"Newsletter"},"content":{"rendered":"<p>Durch das Abonnieren des Newsletters der Gemeinde Brissago erhalten Sie regelm\u00e4\u00dfig aktuelle Informationen zu kommunalen Aktivit\u00e4ten, n\u00fctzliche Hinweise und Informationen zu Veranstaltungen von besonderer Bedeutung direkt per E-Mail.<\/p>\n\n\n\n<p>Die Registrierung ist einfach und kostenlos: F\u00fcllen Sie einfach das Online-Formular aus oder gehen Sie zur Stadtkanzlei, um das Papierformular auszuf\u00fcllen. Um sicherzustellen, dass Informationen f\u00fcr alle zug\u00e4nglich sind, werden die wichtigsten Mitteilungen auch in deutscher und franz\u00f6sischer Sprache verf\u00fcgbar sein.<\/p>\n\n\n\n<p>Bleiben Sie auf dem Laufenden \u00fcber die Neuigkeiten Ihrer Gemeinde!<\/p>\n\n\n\n<div class=\"wp-block-mazz-spazio mazz-spazio normale\"><\/div>\n\n\n\n<div class=\"wp-block-mazz-template\">\t\t<div data-elementor-type=\"container\" data-elementor-id=\"1119\" class=\"elementor elementor-1119\" data-elementor-post-type=\"elementor_library\">\n\t\t\t\t<div class=\"elementor-element elementor-element-c3ac394 e-flex e-con-boxed e-con e-parent\" data-id=\"c3ac394\" data-element_type=\"container\" data-e-type=\"container\">\n\t\t\t\t\t<div class=\"e-con-inner\">\n\t\t\t\t<div class=\"elementor-element elementor-element-3d93872 elementor-button-align-stretch elementor-widget elementor-widget-form\" data-id=\"3d93872\" data-element_type=\"widget\" data-e-type=\"widget\" data-settings=\"{&quot;step_next_label&quot;:&quot;Successivo&quot;,&quot;step_previous_label&quot;:&quot;Precedente&quot;,&quot;button_width&quot;:&quot;33&quot;,&quot;step_type&quot;:&quot;number_text&quot;,&quot;step_icon_shape&quot;:&quot;circle&quot;}\" data-widget_type=\"form.default\">\n\t\t\t\t<div class=\"elementor-widget-container\">\n\t\t\t\t\t\t\t<form class=\"elementor-form\" method=\"post\" id=\"iscrizione_newsletter\" name=\"Iscrizione Newsletter\" aria-label=\"Newsletter-Abonnement\" action=\"\">\n\t\t\t<input type=\"hidden\" name=\"post_id\" value=\"1119\"\/>\n\t\t\t<input type=\"hidden\" name=\"form_id\" value=\"3d93872\"\/>\n\t\t\t<input type=\"hidden\" name=\"referer_title\" value=\"\" \/>\n\n\t\t\t\n\t\t\t<div class=\"elementor-form-fields-wrapper elementor-labels-above\">\n\t\t\t\t\t\t\t\t<div class=\"elementor-field-type-text elementor-field-group elementor-column elementor-field-group-nome elementor-col-50 elementor-field-required elementor-mark-required\">\n\t\t\t\t\t\t\t\t\t\t\t\t<label for=\"form-field-nome\" class=\"elementor-field-label\">\n\t\t\t\t\t\t\t\tVorname\t\t\t\t\t\t\t<\/label>\n\t\t\t\t\t\t\t\t\t\t\t\t\t\t<input size=\"1\" type=\"text\" name=\"form_fields[nome]\" id=\"form-field-nome\" class=\"elementor-field elementor-size-md  elementor-field-textual\" required=\"required\">\n\t\t\t\t\t\t\t\t\t\t\t<\/div>\n\t\t\t\t\t\t\t\t<div class=\"elementor-field-type-text elementor-field-group elementor-column elementor-field-group-cognome elementor-col-50 elementor-field-required elementor-mark-required\">\n\t\t\t\t\t\t\t\t\t\t\t\t<label for=\"form-field-cognome\" class=\"elementor-field-label\">\n\t\t\t\t\t\t\t\tNachname\t\t\t\t\t\t\t<\/label>\n\t\t\t\t\t\t\t\t\t\t\t\t\t\t<input size=\"1\" type=\"text\" name=\"form_fields[cognome]\" id=\"form-field-cognome\" class=\"elementor-field elementor-size-md  elementor-field-textual\" required=\"required\">\n\t\t\t\t\t\t\t\t\t\t\t<\/div>\n\t\t\t\t\t\t\t\t<div class=\"elementor-field-type-email elementor-field-group elementor-column elementor-field-group-email elementor-col-50 elementor-field-required elementor-mark-required\">\n\t\t\t\t\t\t\t\t\t\t\t\t<label for=\"form-field-email\" class=\"elementor-field-label\">\n\t\t\t\t\t\t\t\tE-Mail\t\t\t\t\t\t\t<\/label>\n\t\t\t\t\t\t\t\t\t\t\t\t\t\t<input size=\"1\" type=\"email\" name=\"form_fields[email]\" id=\"form-field-email\" class=\"elementor-field elementor-size-md  elementor-field-textual\" required=\"required\">\n\t\t\t\t\t\t\t\t\t\t\t<\/div>\n\t\t\t\t\t\t\t\t<div class=\"elementor-field-type-select elementor-field-group elementor-column elementor-field-group-lingua elementor-col-50 elementor-field-required elementor-mark-required\">\n\t\t\t\t\t\t\t\t\t\t\t\t<label for=\"form-field-lingua\" class=\"elementor-field-label\">\n\t\t\t\t\t\t\t\tSprache\t\t\t\t\t\t\t<\/label>\n\t\t\t\t\t\t\t\t<div class=\"elementor-field elementor-select-wrapper remove-before\">\n\t\t\t<div class=\"select-caret-down-wrapper\">\n\t\t\t\t<svg aria-hidden=\"true\" class=\"e-font-icon-svg e-eicon-caret-down\" viewbox=\"0 0 571.4 571.4\" xmlns=\"http:\/\/www.w3.org\/2000\/svg\"><path d=\"M571 393Q571 407 561 418L311 668Q300 679 286 679T261 668L11 418Q0 407 0 393T11 368 36 357H536Q550 357 561 368T571 393Z\"><\/path><\/svg>\t\t\t<\/div>\n\t\t\t<select name=\"form_fields[lingua]\" id=\"form-field-lingua\" class=\"elementor-field-textual elementor-size-md\" required=\"required\">\n\t\t\t\t\t\t\t\t\t<option value=\" it\">Italienisch <\/option>\n\t\t\t\t\t\t\t\t\t<option value=\" de\">Deutsch  <\/option>\n\t\t\t\t\t\t\t\t\t<option value=\" fr\">Fran\u00e7ais  <\/option>\n\t\t\t\t\t\t\t\t\t<option value=\" en\">Englisch  <\/option>\n\t\t\t\t\t\t\t<\/select>\n\t\t<\/div>\n\t\t\t\t\t\t<\/div>\n\t\t\t\t\t\t\t\t<div class=\"elementor-field-type-acceptance elementor-field-group elementor-column elementor-field-group-privacy elementor-col-100 elementor-field-required elementor-mark-required\">\n\t\t\t\t\t\t\t\t\t\t\t\t<label for=\"form-field-privacy\" class=\"elementor-field-label\">\n\t\t\t\t\t\t\t\tAkzeptanz der Privatsph\u00e4re\t\t\t\t\t\t\t<\/label>\n\t\t\t\t\t\t\t\t<div class=\"elementor-field-subgroup\">\n\t\t\t<span class=\"elementor-field-option\">\n\t\t\t\t<input type=\"checkbox\" name=\"form_fields[privacy]\" id=\"form-field-privacy\" class=\"elementor-field elementor-size-md  elementor-acceptance-field\" required=\"required\">\n\t\t\t\t<label for=\"form-field-privacy\">Ich akzeptiere die Verarbeitung meiner personenbezogenen Daten, um Newsletter-Mitteilungen von der Gemeinde Brissago zu erhalten<\/label>\t\t\t<\/span>\n\t\t<\/div>\n\t\t\t\t\t\t<\/div>\n\t\t\t\t\t\t\t\t<div class=\"elementor-field-type-recaptcha_v3 elementor-field-group elementor-column elementor-field-group-recaptcha elementor-col-100 recaptcha_v3-bottomright\">\n\t\t\t\t\t<div class=\"elementor-field\" id=\"form-field-recaptcha\"><div class=\"elementor-g-recaptcha\" data-sitekey=\"6Lcl3WQrAAAAAPpmJeCKuESXZS-RamvmzE6rjCbL\" data-type=\"v3\" data-action=\"Form\" data-badge=\"bottomright\" data-size=\"invisible\"><\/div><\/div>\t\t\t\t<\/div>\n\t\t\t\t\t\t\t\t<div class=\"elementor-field-group elementor-column elementor-field-type-submit elementor-col-33 e-form__buttons\">\n\t\t\t\t\t<button class=\"elementor-button elementor-size-sm\" type=\"submit\">\n\t\t\t\t\t\t<span class=\"elementor-button-content-wrapper\">\n\t\t\t\t\t\t\t\t\t\t\t\t\t\t\t\t\t\t\t\t\t\t<span class=\"elementor-button-text\">Abschicken<\/span>\n\t\t\t\t\t\t\t\t\t\t\t\t\t<\/span>\n\t\t\t\t\t<\/button>\n\t\t\t\t<\/div>\n\t\t\t<\/div>\n\t\t<input type=\"hidden\" name=\"etm-form-language\" value=\"de\"\/><\/form>\n\t\t\t\t\t\t<\/div>\n\t\t\t\t<\/div>\n\t\t\t\t<div class=\"elementor-element elementor-element-d84915c elementor-widget elementor-widget-html\" data-id=\"d84915c\" data-element_type=\"widget\" data-e-type=\"widget\" data-widget_type=\"html.default\">\n\t\t\t\t<div class=\"elementor-widget-container\">\n\t\t\t\t\t<script>\nsetTimeout(function () {\n\tconst form = document.getElementById(\"iscrizione_newsletter\");\n\tif (!form) return;\n\n\tform.addEventListener('submit', function () {\n\t\tsetTimeout(function () {\n\t\t\t\/\/ Attendi che compaia .elementor-message e aggiungi comportamento al click\n\t\t\tconst osservaMessaggio = setInterval(function () {\n\t\t\t\tconst messaggio = document.querySelector('.elementor-message');\n\t\t\t\tif (messaggio) {\n\t\t\t\t\tclearInterval(osservaMessaggio); \/\/ Interrompi il polling\n\t\t\t\t\t\n\t\t\t\t\t\/\/ Aggiungi cursore e interazione\n\t\t\t\t\tmessaggio.style.cursor = 'pointer';\n\t\t\t\t\tmessaggio.title = 'Clicca per chiudere';\n\n\t\t\t\t\tmessaggio.addEventListener('click', function () {\n\t\t\t\t\t\tmessaggio.style.display = 'none';\n\t\t\t\t\t});\n\t\t\t\t}\n\t\t\t}, 200);\n\t\t}, 300); \/\/ Attendi che il submit abbia avuto effetto\n\t});\n}, 1000);\n<\/script>\n\t\t\t\t<\/div>\n\t\t\t\t<\/div>\n\t\t\t\t\t<\/div>\n\t\t\t\t<\/div>\n\t\t\t\t<\/div>\n\t\t<\/div>","protected":false},"excerpt":{"rendered":"<p>Wenn Sie den Newsletter der Gemeinde Brissago abonnieren, erhalten Sie direkt per E-Mail regelm\u00e4\u00dfige Updates zu kommunalen Aktivit\u00e4ten, n\u00fctzliche Hinweise und Informationen zu Veranstaltungen von besonderer Bedeutung. Die Registrierung ist einfach und kostenlos: F\u00fcllen Sie einfach das Online-Formular aus oder gehen Sie zur Gemeindekanzlei, um das Papierformular auszuf\u00fcllen. Um sicherzustellen, dass Informationen f\u00fcr alle zug\u00e4nglich sind, [...]<\/p>","protected":false},"author":1,"featured_media":0,"parent":0,"menu_order":8,"comment_status":"closed","ping_status":"closed","template":"","meta":{"_acf_changed":false,"footnotes":""},"class_list":["post-727","page","type-page","status-publish","hentry"],"acf":[],"_links":{"self":[{"href":"https:\/\/www.brissago.ch\/de\/wp-json\/wp\/v2\/pages\/727","targetHints":{"allow":["GET"]}}],"collection":[{"href":"https:\/\/www.brissago.ch\/de\/wp-json\/wp\/v2\/pages"}],"about":[{"href":"https:\/\/www.brissago.ch\/de\/wp-json\/wp\/v2\/types\/page"}],"author":[{"embeddable":true,"href":"https:\/\/www.brissago.ch\/de\/wp-json\/wp\/v2\/users\/1"}],"replies":[{"embeddable":true,"href":"https:\/\/www.brissago.ch\/de\/wp-json\/wp\/v2\/comments?post=727"}],"version-history":[{"count":1,"href":"https:\/\/www.brissago.ch\/de\/wp-json\/wp\/v2\/pages\/727\/revisions"}],"predecessor-version":[{"id":5736,"href":"https:\/\/www.brissago.ch\/de\/wp-json\/wp\/v2\/pages\/727\/revisions\/5736"}],"wp:attachment":[{"href":"https:\/\/www.brissago.ch\/de\/wp-json\/wp\/v2\/media?parent=727"}],"curies":[{"name":"wp","href":"https:\/\/api.w.org\/{rel}","templated":true}]}}