{"id":720,"date":"2025-01-28T11:15:03","date_gmt":"2025-01-28T10:15:03","guid":{"rendered":"https:\/\/www.brissago.ch\/sito\/?page_id=720"},"modified":"2025-02-05T17:14:47","modified_gmt":"2025-02-05T16:14:47","slug":"turismo-tempo-libero","status":"publish","type":"page","link":"https:\/\/www.brissago.ch\/de\/turismo-tempo-libero\/","title":{"rendered":"Tourismus und Freizeit"},"content":{"rendered":"<p>Brissago, mit Blick auf die Ufer des Lago Maggiore und umgeben von \u00fcppiger Natur, bietet eine breite Palette von Freizeitaktivit\u00e4ten. Von Spazierg\u00e4ngen am See bis zu Wanderungen in den Bergen, von Wassersportarten bis zur Entspannung in seinen Unterk\u00fcnften ist das Dorf ein ideales Ziel f\u00fcr diejenigen, die Natur, Kultur und Wohlbefinden suchen.<\/p>\n\n\n\n<p>Le <strong>Brissago-Inseln<\/strong>, mit ihrem subtropischen botanischen Park, bieten ein einzigartiges Erlebnis zwischen exotischen Pflanzen und Panoramablick. Die <strong>der Gemeinde Lido<\/strong> Es ist der perfekte Ort, um sich im Wasser des Sees abzuk\u00fchlen, w\u00e4hrend diejenigen, die Segeln und Windsurfen lieben, zahlreiche M\u00f6glichkeiten zum Wassersport finden.<\/p>\n\n\n\n<p>F\u00fcr Wanderer schl\u00e4ngelt sich ein Netz von Wanderwegen durch W\u00e4lder und Weiden, die zum <strong>Mount Ghiridone<\/strong>, von dem aus Sie einen spektakul\u00e4ren Blick auf den See und die umliegenden T\u00e4ler genie\u00dfen k\u00f6nnen. Das historische Zentrum und Renaissance-Kirchen, wie die <strong>Kirche von SS. Peter und Paul<\/strong>, Sie erz\u00e4hlen die Geschichte und kulturelle Identit\u00e4t des Dorfes.<\/p>\n\n\n\n<p>Ob ein Tag der Entspannung, eine Wanderung in der Natur oder ein Bad in der lokalen Kultur, Brissago bietet einzigartige Momente f\u00fcr jeden Besucher.<\/p>\n\n\n\n<div class=\"wp-block-mazz-spazio mazz-spazio normale\"><\/div>","protected":false},"excerpt":{"rendered":"<p>Brissago, mit Blick auf das Ufer des Lago Maggiore und umgeben von \u00fcppiger Natur, bietet eine breite Palette von Freizeitaktivit\u00e4ten. Von Spazierg\u00e4ngen am See bis zu Bergausfl\u00fcgen, von Wassersport bis zur Entspannung in seinen Unterk\u00fcnften ist das Dorf ein ideales Ziel f\u00fcr diejenigen, die Natur, Kultur und Wohlbefinden suchen. Die Inseln von [...]<\/p>","protected":false},"author":1,"featured_media":873,"parent":0,"menu_order":3,"comment_status":"closed","ping_status":"closed","template":"","meta":{"_acf_changed":false,"footnotes":""},"class_list":["post-720","page","type-page","status-publish","has-post-thumbnail","hentry"],"acf":[],"_links":{"self":[{"href":"https:\/\/www.brissago.ch\/de\/wp-json\/wp\/v2\/pages\/720","targetHints":{"allow":["GET"]}}],"collection":[{"href":"https:\/\/www.brissago.ch\/de\/wp-json\/wp\/v2\/pages"}],"about":[{"href":"https:\/\/www.brissago.ch\/de\/wp-json\/wp\/v2\/types\/page"}],"author":[{"embeddable":true,"href":"https:\/\/www.brissago.ch\/de\/wp-json\/wp\/v2\/users\/1"}],"replies":[{"embeddable":true,"href":"https:\/\/www.brissago.ch\/de\/wp-json\/wp\/v2\/comments?post=720"}],"version-history":[{"count":0,"href":"https:\/\/www.brissago.ch\/de\/wp-json\/wp\/v2\/pages\/720\/revisions"}],"wp:featuredmedia":[{"embeddable":true,"href":"https:\/\/www.brissago.ch\/de\/wp-json\/wp\/v2\/media\/873"}],"wp:attachment":[{"href":"https:\/\/www.brissago.ch\/de\/wp-json\/wp\/v2\/media?parent=720"}],"curies":[{"name":"wp","href":"https:\/\/api.w.org\/{rel}","templated":true}]}}