{"id":717,"date":"2025-01-31T10:21:03","date_gmt":"2025-01-31T09:21:03","guid":{"rendered":"https:\/\/www.brissago.ch\/sito\/?page_id=717"},"modified":"2025-05-12T10:53:26","modified_gmt":"2025-05-12T08:53:26","slug":"istruzione","status":"publish","type":"page","link":"https:\/\/www.brissago.ch\/de\/servizi-cittadino\/istruzione\/","title":{"rendered":"Bildung und Geselligkeit"},"content":{"rendered":"<div class=\"wp-block-mazz-spazio mazz-spazio minimo\"><\/div>\n\n\n\n<p>In Brissago, der<strong>Bildung und Sozialit\u00e4t<\/strong> Sie sind in einem Bildungssystem verflochten, das Kinder von der fr\u00fchen Kindheit bis ins Schulalter begleitet. Die<strong>St\u00e4dtische Schule<\/strong> bietet eine einladende Umgebung f\u00fcr die <strong>Kindergarten<\/strong> und die <strong>Grundschule<\/strong>, F\u00f6rderung des Lernens und des pers\u00f6nlichen Wachstums.<\/p>\n\n\n\n<p>Die <strong>Mira Extracurricular Centre<\/strong> unterst\u00fctzt Familien mit Vor- und Nachschuldiensten, einschlie\u00dflich der Kantine, und f\u00f6rdert die Vereinbarkeit von Beruf und Familie.<\/p>\n\n\n\n<p>Die <strong>Kindheitsnest Welpe<\/strong> begr\u00fc\u00dft Kinder von 4 Monaten bis 4 Jahren und bietet ein anregendes Umfeld f\u00fcr die Kompetenzentwicklung durch Spiel und soziale Interaktion.<\/p>\n\n\n\n<p>Diese Strukturen, koordiniert durch die <strong>der Zerosedici Stiftung<\/strong>, stellen eine konkrete Verpflichtung der Gemeinde Brissago dar, Bildung und Sozialit\u00e4t von den ersten Lebensjahren an zu unterst\u00fctzen.<\/p>","protected":false},"excerpt":{"rendered":"<p>In Brissago sind Bildung und Sozialit\u00e4t in einem Bildungssystem verflochten, das Kinder von der fr\u00fchen Kindheit bis zum Schulalter begleitet. Die st\u00e4dtische Schule bietet ein einladendes Umfeld f\u00fcr Kindergarten und Grundschule, das Lernen und pers\u00f6nliches Wachstum f\u00f6rdert. Das Extracurricular Center Mira unterst\u00fctzt Familien mit Vor- und Nachschulangeboten, [...]<\/p>","protected":false},"author":1,"featured_media":2680,"parent":697,"menu_order":5,"comment_status":"closed","ping_status":"closed","template":"","meta":{"_acf_changed":false,"footnotes":""},"class_list":["post-717","page","type-page","status-publish","has-post-thumbnail","hentry"],"acf":[],"_links":{"self":[{"href":"https:\/\/www.brissago.ch\/de\/wp-json\/wp\/v2\/pages\/717","targetHints":{"allow":["GET"]}}],"collection":[{"href":"https:\/\/www.brissago.ch\/de\/wp-json\/wp\/v2\/pages"}],"about":[{"href":"https:\/\/www.brissago.ch\/de\/wp-json\/wp\/v2\/types\/page"}],"author":[{"embeddable":true,"href":"https:\/\/www.brissago.ch\/de\/wp-json\/wp\/v2\/users\/1"}],"replies":[{"embeddable":true,"href":"https:\/\/www.brissago.ch\/de\/wp-json\/wp\/v2\/comments?post=717"}],"version-history":[{"count":0,"href":"https:\/\/www.brissago.ch\/de\/wp-json\/wp\/v2\/pages\/717\/revisions"}],"up":[{"embeddable":true,"href":"https:\/\/www.brissago.ch\/de\/wp-json\/wp\/v2\/pages\/697"}],"wp:featuredmedia":[{"embeddable":true,"href":"https:\/\/www.brissago.ch\/de\/wp-json\/wp\/v2\/media\/2680"}],"wp:attachment":[{"href":"https:\/\/www.brissago.ch\/de\/wp-json\/wp\/v2\/media?parent=717"}],"curies":[{"name":"wp","href":"https:\/\/api.w.org\/{rel}","templated":true}]}}