{"id":714,"date":"2025-01-31T10:21:03","date_gmt":"2025-01-31T09:21:03","guid":{"rendered":"https:\/\/www.brissago.ch\/sito\/?page_id=714"},"modified":"2026-02-19T10:28:20","modified_gmt":"2026-02-19T09:28:20","slug":"polizia","status":"publish","type":"page","link":"https:\/\/www.brissago.ch\/de\/servizi-cittadino\/polizia\/","title":{"rendered":"Polizei"},"content":{"rendered":"<p>Die <strong>Stadtpolizei von Brissago<\/strong>, in Zusammenarbeit mit der <strong>Gemeindepolizei von Ascona<\/strong>, sorgt f\u00fcr Sicherheit und \u00f6ffentliche Ordnung im Gemeindegebiet. Dieses \u00dcbereinkommen, das 2011 unterzeichnet wurde, gew\u00e4hrleistet eine effiziente Abdeckung und hochwertige Dienstleistungen f\u00fcr die B\u00fcrgerinnen und B\u00fcrger.<\/p>\n\n\n\n<h2 class=\"wp-block-heading\">Angebotene Dienstleistungen<\/h2>\n\n\n\n<ul class=\"wp-block-list\">\n<li><strong>Erste Ma\u00dfnahme:<\/strong> Schutz von Spuren, Orten und Personen; Verbrechensverh\u00fctung.<\/li>\n\n\n\n<li><strong>Stra\u00dfenverkehr:<\/strong> Erkennung von Unf\u00e4llen, Verkehrskontrolle, Verfolgung von Verst\u00f6\u00dfen, Geschwindigkeitskontrollen, Beschlagnahmen von Fahrzeugen und Lizenzen, Stra\u00dfenerziehung.<\/li>\n\n\n\n<li><strong>Schutz der \u00f6ffentlichen Ordnung:<\/strong> Identit\u00e4tspr\u00fcfungen, Aufrechterhaltung der Ordnung bei Veranstaltungen und Vorf\u00fchrungen.<\/li>\n\n\n\n<li><strong>Drogenkontrollen:<\/strong> Untersuchung von Verst\u00f6\u00dfen gegen das Bundesdrogengesetz.<\/li>\n\n\n\n<li><strong>Verwaltungst\u00e4tigkeiten:<\/strong> Entgegennahme von Beschwerden \u00fcber den Verlust oder Diebstahl von Gegenst\u00e4nden und Dokumenten, Bearbeitung von Beschwerden, beh\u00f6rdliche Mitteilungen, Durchf\u00fchrung von R\u00e4umungen, Kontrollen im Auftrag der kantonalen Beh\u00f6rden, Ausstellung verschiedener Genehmigungen und Lizenzen.<\/li>\n<\/ul>\n\n\n\n<h2 class=\"wp-block-heading\">Ausgestellte Dokumente<\/h2>\n\n\n\n<ul class=\"wp-block-list\">\n<li>Jagd- und Angelschein<\/li>\n\n\n\n<li>Parkkarten<\/li>\n\n\n\n<li>Antr\u00e4ge auf Nutzung von \u00f6ffentlichem Grund und Boden<\/li>\n\n\n\n<li>Registrierung und Austausch von Dokumenten f\u00fcr Mopeds<\/li>\n\n\n\n<li>Lizenzen zum Verhalten<\/li>\n\n\n\n<li>Fragen zu Spielen, Lotterien, Tombola<\/li>\n\n\n\n<li>Verwaltung von verlorenen und gefundenen Gegenst\u00e4nden<\/li>\n\n\n\n<li>Steuern auf Hunde<\/li>\n\n\n\n<li>Fahrzeugkennzeichen nachdrucken<\/li>\n\n\n\n<li>Erstattung von Busabonnements (AVS)<\/li>\n\n\n\n<li>Helikopter-Fluggenehmigungen<\/li>\n<\/ul>","protected":false},"excerpt":{"rendered":"<p>Die Stadtpolizei von Brissago sorgt in Zusammenarbeit mit der Stadtpolizei von Ascona f\u00fcr Sicherheit und \u00f6ffentliche Ordnung in der Gemeinde. Dieses \u00dcbereinkommen, das 2011 unterzeichnet wurde, gew\u00e4hrleistet eine effiziente Abdeckung und hochwertige Dienstleistungen f\u00fcr die B\u00fcrgerinnen und B\u00fcrger. Angebotene Dienstleistungen Ausgestellte Dokumente<\/p>","protected":false},"author":1,"featured_media":3487,"parent":697,"menu_order":7,"comment_status":"closed","ping_status":"closed","template":"","meta":{"_acf_changed":false,"footnotes":""},"class_list":["post-714","page","type-page","status-publish","has-post-thumbnail","hentry"],"acf":[],"_links":{"self":[{"href":"https:\/\/www.brissago.ch\/de\/wp-json\/wp\/v2\/pages\/714","targetHints":{"allow":["GET"]}}],"collection":[{"href":"https:\/\/www.brissago.ch\/de\/wp-json\/wp\/v2\/pages"}],"about":[{"href":"https:\/\/www.brissago.ch\/de\/wp-json\/wp\/v2\/types\/page"}],"author":[{"embeddable":true,"href":"https:\/\/www.brissago.ch\/de\/wp-json\/wp\/v2\/users\/1"}],"replies":[{"embeddable":true,"href":"https:\/\/www.brissago.ch\/de\/wp-json\/wp\/v2\/comments?post=714"}],"version-history":[{"count":3,"href":"https:\/\/www.brissago.ch\/de\/wp-json\/wp\/v2\/pages\/714\/revisions"}],"predecessor-version":[{"id":5865,"href":"https:\/\/www.brissago.ch\/de\/wp-json\/wp\/v2\/pages\/714\/revisions\/5865"}],"up":[{"embeddable":true,"href":"https:\/\/www.brissago.ch\/de\/wp-json\/wp\/v2\/pages\/697"}],"wp:featuredmedia":[{"embeddable":true,"href":"https:\/\/www.brissago.ch\/de\/wp-json\/wp\/v2\/media\/3487"}],"wp:attachment":[{"href":"https:\/\/www.brissago.ch\/de\/wp-json\/wp\/v2\/media?parent=714"}],"curies":[{"name":"wp","href":"https:\/\/api.w.org\/{rel}","templated":true}]}}