{"id":712,"date":"2025-01-31T10:21:03","date_gmt":"2025-01-31T09:21:03","guid":{"rendered":"https:\/\/www.brissago.ch\/sito\/?page_id=712"},"modified":"2025-05-19T17:02:31","modified_gmt":"2025-05-19T15:02:31","slug":"ufficio-tecnico","status":"publish","type":"page","link":"https:\/\/www.brissago.ch\/de\/servizi-cittadino\/ufficio-tecnico\/","title":{"rendered":"Technisches B\u00fcro"},"content":{"rendered":"<p>Die<strong>Technisches B\u00fcro<\/strong> Die Gemeinde Brissago ist f\u00fcr die Verwaltung und Instandhaltung der Infrastruktur und der technischen Dienstleistungen der Gemeinde verantwortlich. Sie koordiniert Aktivit\u00e4ten, die f\u00fcr das t\u00e4gliche Funktionieren der Gemeinschaft von wesentlicher Bedeutung sind, darunter:<\/p>\n\n\n\n<ul class=\"wp-block-list\">\n<li><strong>Abfallsammlung:<\/strong> Organisation und Verwaltung des Sammel- und Entsorgungsdienstes f\u00fcr Siedlungsabf\u00e4lle.<\/li>\n\n\n\n<li><strong>Instandhaltung der Infrastruktur:<\/strong> Pflege und Instandhaltung von Stra\u00dfen, Gr\u00fcnfl\u00e4chen, \u00f6ffentlichen G\u00e4rten, Spielpl\u00e4tzen und dem st\u00e4dtischen Friedhof.<\/li>\n\n\n\n<li><strong>Geb\u00e4udemanagement:<\/strong> \u00dcberwachung und Kontrolle der Baut\u00e4tigkeiten auf dem Gemeindegebiet, um die Einhaltung der geltenden Vorschriften zu gew\u00e4hrleisten.<\/li>\n\n\n\n<li><strong>Technische Beratung:<\/strong> Bereitstellung von Informationen und Unterst\u00fctzung f\u00fcr B\u00fcrger und Fachleute in Bezug auf den Regelungsplan, die Kanalisation und andere kommunale technische Aspekte.<\/li>\n<\/ul>\n\n\n\n<h2 class=\"wp-block-heading\">Bereiche des Technischen B\u00fcros<\/h2>\n\n\n\n<p>Angesichts der Vielzahl der ihm zugewiesenen Aufgaben und Funktionen und f\u00fcr eine effiziente Verwaltung ist das Technische Amt der Gemeinde in folgende Bereiche unterteilt:<\/p>\n\n\n\n<ul class=\"wp-block-list\">\n<li><strong>Privatgeb\u00e4ude:<\/strong> Verwaltung privater Baupraktiken.<\/li>\n\n\n\n<li><strong>\u00d6ffentliche Arbeiten:<\/strong> Planung und Durchf\u00fchrung \u00f6ffentlicher Projekte.<\/li>\n\n\n\n<li><strong>Raumordnung:<\/strong> Entwicklung und Aktualisierung des Regelungsplans und der Bewirtschaftung der Landnutzung.<\/li>\n\n\n\n<li><strong>Externe Dienste:<\/strong> Instandhaltung der kommunalen Infrastruktur und Verwaltung der Einsatzteams vor Ort.<\/li>\n\n\n\n<li><strong>Abfallsammlung:<\/strong> Organisation und Verwaltung des Abfallsammel- und -entsorgungsdienstes.<\/li>\n\n\n\n<li><strong>Trinkwasserversorgung:<\/strong> Verwaltung des kommunalen Wassernetzes, Sicherstellung der Versorgung mit hochwertigem Trinkwasser.<\/li>\n\n\n\n<li><strong>St\u00e4dtischer Hafendienst:<\/strong> Verwaltung und Wartung der Hafenanlagen der Gemeinde.<\/li>\n<\/ul>","protected":false},"excerpt":{"rendered":"<p>Das Technische B\u00fcro der Gemeinde Brissago ist f\u00fcr die Verwaltung und Instandhaltung der Infrastruktur und der technischen Dienste der Gemeinde zust\u00e4ndig. Sie koordiniert Aktivit\u00e4ten, die f\u00fcr das t\u00e4gliche Funktionieren der Gemeinschaft von wesentlicher Bedeutung sind, darunter: Sektoren des Technischen B\u00fcros Angesichts der Vielzahl der ihm zugewiesenen Aufgaben und Funktionen und f\u00fcr eine effiziente Verwaltung ist das Technische B\u00fcro der Stadt in [...]<\/p>","protected":false},"author":1,"featured_media":3371,"parent":697,"menu_order":4,"comment_status":"closed","ping_status":"closed","template":"","meta":{"_acf_changed":false,"footnotes":""},"class_list":["post-712","page","type-page","status-publish","has-post-thumbnail","hentry"],"acf":[],"_links":{"self":[{"href":"https:\/\/www.brissago.ch\/de\/wp-json\/wp\/v2\/pages\/712","targetHints":{"allow":["GET"]}}],"collection":[{"href":"https:\/\/www.brissago.ch\/de\/wp-json\/wp\/v2\/pages"}],"about":[{"href":"https:\/\/www.brissago.ch\/de\/wp-json\/wp\/v2\/types\/page"}],"author":[{"embeddable":true,"href":"https:\/\/www.brissago.ch\/de\/wp-json\/wp\/v2\/users\/1"}],"replies":[{"embeddable":true,"href":"https:\/\/www.brissago.ch\/de\/wp-json\/wp\/v2\/comments?post=712"}],"version-history":[{"count":0,"href":"https:\/\/www.brissago.ch\/de\/wp-json\/wp\/v2\/pages\/712\/revisions"}],"up":[{"embeddable":true,"href":"https:\/\/www.brissago.ch\/de\/wp-json\/wp\/v2\/pages\/697"}],"wp:featuredmedia":[{"embeddable":true,"href":"https:\/\/www.brissago.ch\/de\/wp-json\/wp\/v2\/media\/3371"}],"wp:attachment":[{"href":"https:\/\/www.brissago.ch\/de\/wp-json\/wp\/v2\/media?parent=712"}],"curies":[{"name":"wp","href":"https:\/\/api.w.org\/{rel}","templated":true}]}}