{"id":710,"date":"2025-01-31T10:21:03","date_gmt":"2025-01-31T09:21:03","guid":{"rendered":"https:\/\/www.brissago.ch\/sito\/?page_id=710"},"modified":"2025-05-19T17:09:26","modified_gmt":"2025-05-19T15:09:26","slug":"previdenza-sociale","status":"publish","type":"page","link":"https:\/\/www.brissago.ch\/de\/servizi-cittadino\/previdenza-sociale\/","title":{"rendered":"Soziale Sicherheit"},"content":{"rendered":"<p>Die<strong>Sozialversicherungsamt<\/strong> Die Gemeinde Brissago bietet den B\u00fcrgern Unterst\u00fctzung im Bereich Sozialf\u00fcrsorge und soziale Sicherheit.<\/p>\n\n\n\n<h2 class=\"wp-block-heading\">Angebotene Dienstleistungen<\/h2>\n\n\n\n<ul class=\"wp-block-list\">\n<li><strong>Wirtschaftliche Unterst\u00fctzung:<\/strong> Bew\u00e4ltigung von Situationen wirtschaftlicher Armut, Sicherstellung der notwendigen Mittel zur Bestreitung des Lebensunterhalts und Bereitstellung eingehender Unterst\u00fctzung bei der Vermittlung von Praktiken.<\/li>\n\n\n\n<li><strong>Professioneller Einsatz:<\/strong> Vorschlag von Arbeitsprogrammen in Form von Arbeitsvermittlungen zur Erleichterung der Wiedereingliederung in den Arbeitsmarkt.<\/li>\n\n\n\n<li><strong>Gemeindeagentur AVS\/AI\/IPG:<\/strong> Wahrnehmung von Aufgaben im Zusammenhang mit den Bundes- und Kantonsgesetzen \u00fcber AHV und Familienzulagen, zus\u00e4tzlich zur prim\u00e4ren Kontrolle des obligatorischen Grundversicherungsschutzes.<\/li>\n<\/ul>\n\n\n\n<h2 class=\"wp-block-heading\">Sozialarbeiter<\/h2>\n\n\n\n<p>Die Gemeinde stellt in Zusammenarbeit mit der Stadt Locarno eine Sozialarbeiterin, Vita-Malia Jauneau, zur Verf\u00fcgung, die jeden Mittwochnachmittag im Rathaus anwesend ist. Es bietet Beratung, Hilfe und Begleitung f\u00fcr Menschen mit Wohnsitz in der Gemeinde, die es brauchen, als Bezugspunkt f\u00fcr Situationen sozio\u00f6konomischer Not und Ausrichtung auf spezialisierte Dienstleistungen, falls erforderlich.<\/p>","protected":false},"excerpt":{"rendered":"<p>Das Amt f\u00fcr soziale Sicherheit der Gemeinde Brissago bietet den B\u00fcrgern Unterst\u00fctzung im Bereich Sozialf\u00fcrsorge und soziale Sicherheit. Die Gemeinde stellt in Zusammenarbeit mit der Stadt Locarno eine Sozialarbeiterin, Vita-Malia Jauneau, zur Verf\u00fcgung, die jeden Mittwochnachmittag im Rathaus anwesend ist. Es bietet Beratung, Hilfe und Begleitung f\u00fcr Menschen mit Wohnsitz in der [...]<\/p>","protected":false},"author":1,"featured_media":3374,"parent":697,"menu_order":6,"comment_status":"closed","ping_status":"closed","template":"","meta":{"_acf_changed":false,"footnotes":""},"class_list":["post-710","page","type-page","status-publish","has-post-thumbnail","hentry"],"acf":[],"_links":{"self":[{"href":"https:\/\/www.brissago.ch\/de\/wp-json\/wp\/v2\/pages\/710","targetHints":{"allow":["GET"]}}],"collection":[{"href":"https:\/\/www.brissago.ch\/de\/wp-json\/wp\/v2\/pages"}],"about":[{"href":"https:\/\/www.brissago.ch\/de\/wp-json\/wp\/v2\/types\/page"}],"author":[{"embeddable":true,"href":"https:\/\/www.brissago.ch\/de\/wp-json\/wp\/v2\/users\/1"}],"replies":[{"embeddable":true,"href":"https:\/\/www.brissago.ch\/de\/wp-json\/wp\/v2\/comments?post=710"}],"version-history":[{"count":0,"href":"https:\/\/www.brissago.ch\/de\/wp-json\/wp\/v2\/pages\/710\/revisions"}],"up":[{"embeddable":true,"href":"https:\/\/www.brissago.ch\/de\/wp-json\/wp\/v2\/pages\/697"}],"wp:featuredmedia":[{"embeddable":true,"href":"https:\/\/www.brissago.ch\/de\/wp-json\/wp\/v2\/media\/3374"}],"wp:attachment":[{"href":"https:\/\/www.brissago.ch\/de\/wp-json\/wp\/v2\/media?parent=710"}],"curies":[{"name":"wp","href":"https:\/\/api.w.org\/{rel}","templated":true}]}}