{"id":708,"date":"2025-01-31T10:21:03","date_gmt":"2025-01-31T09:21:03","guid":{"rendered":"https:\/\/www.brissago.ch\/sito\/?page_id=708"},"modified":"2025-05-19T16:54:34","modified_gmt":"2025-05-19T14:54:34","slug":"controllo-abitanti","status":"publish","type":"page","link":"https:\/\/www.brissago.ch\/de\/servizi-cittadino\/controllo-abitanti\/","title":{"rendered":"Kontrolle der Einwohner"},"content":{"rendered":"<p>Das Einwohnerkontrollamt der Gemeinde Brissago verwaltet die Registrierungen der Einwohner und stellt verschiedene amtliche Bescheinigungen zur Verf\u00fcgung. Die B\u00fcrger m\u00fcssen dieses Amt \u00fcber Ank\u00fcnfte, Abfl\u00fcge und Adress\u00e4nderungen innerhalb der Gemeinde informieren.<\/p>\n\n\n\n<h2 class=\"wp-block-heading\">Ausgestellte Dokumente<\/h2>\n\n\n\n<ul class=\"wp-block-list\">\n<li><strong>Bescheinigung \u00fcber den Familienstand:<\/strong> Listen Sie die Familienmitglieder zum Zeitpunkt der Anfrage auf.<\/li>\n\n\n\n<li><strong>Wirtschaftsstaatszeugnis:<\/strong> gibt die Komponenten der Haushaltswirtschaft zum Zeitpunkt des Antrags an.<\/li>\n\n\n\n<li><strong>Wohnsitzbescheinigung:<\/strong> bescheinigt den Wohnsitz des Antragstellers in der Gemeinde unter Angabe des Ankunftsdatums und der m\u00f6glichen Abreise.<\/li>\n\n\n\n<li><strong>Aufenthaltsgenehmigung:<\/strong> best\u00e4tigt den tats\u00e4chlichen Wohnsitz in der Gemeinde und wird verwendet, um den Wohnsitz in einer anderen Gemeinde zu legitimieren.<\/li>\n\n\n\n<li><strong>F\u00fchrungszeugnis:<\/strong> bezeugt die Ehrlichkeit, moralische Integrit\u00e4t und W\u00fcrde einer Person.<\/li>\n\n\n\n<li><strong>Bescheinigung \u00fcber die Rechtsf\u00e4higkeit\/zivile Rechte:<\/strong> bescheinigt die Rechtsf\u00e4higkeit und den Besitz von B\u00fcrgerrechten.<\/li>\n\n\n\n<li><strong>Bescheinigung \u00fcber die Existenz des Lebens:<\/strong> Best\u00e4tigen Sie, dass eine Person zum Zeitpunkt der Anfrage noch am Leben ist.<\/li>\n\n\n\n<li><strong>Einb\u00fcrgerungen und Eheschlie\u00dfungen:<\/strong> Verwaltung der Einb\u00fcrgerungspraktiken und Ausstellung der f\u00fcr die Ehe erforderlichen Bescheinigungen.<\/li>\n<\/ul>","protected":false},"excerpt":{"rendered":"<p>Das Einwohnerkontrollamt der Gemeinde Brissago verwaltet die Registrierungen der Einwohner und stellt verschiedene amtliche Bescheinigungen aus. Die B\u00fcrger m\u00fcssen diese Beh\u00f6rde \u00fcber Ank\u00fcnfte, Abg\u00e4nge und Adress\u00e4nderungen innerhalb der Gemeinde informieren. Ausgestellte Dokumente<\/p>","protected":false},"author":1,"featured_media":3369,"parent":697,"menu_order":3,"comment_status":"closed","ping_status":"closed","template":"","meta":{"_acf_changed":false,"footnotes":""},"class_list":["post-708","page","type-page","status-publish","has-post-thumbnail","hentry"],"acf":[],"_links":{"self":[{"href":"https:\/\/www.brissago.ch\/de\/wp-json\/wp\/v2\/pages\/708","targetHints":{"allow":["GET"]}}],"collection":[{"href":"https:\/\/www.brissago.ch\/de\/wp-json\/wp\/v2\/pages"}],"about":[{"href":"https:\/\/www.brissago.ch\/de\/wp-json\/wp\/v2\/types\/page"}],"author":[{"embeddable":true,"href":"https:\/\/www.brissago.ch\/de\/wp-json\/wp\/v2\/users\/1"}],"replies":[{"embeddable":true,"href":"https:\/\/www.brissago.ch\/de\/wp-json\/wp\/v2\/comments?post=708"}],"version-history":[{"count":0,"href":"https:\/\/www.brissago.ch\/de\/wp-json\/wp\/v2\/pages\/708\/revisions"}],"up":[{"embeddable":true,"href":"https:\/\/www.brissago.ch\/de\/wp-json\/wp\/v2\/pages\/697"}],"wp:featuredmedia":[{"embeddable":true,"href":"https:\/\/www.brissago.ch\/de\/wp-json\/wp\/v2\/media\/3369"}],"wp:attachment":[{"href":"https:\/\/www.brissago.ch\/de\/wp-json\/wp\/v2\/media?parent=708"}],"curies":[{"name":"wp","href":"https:\/\/api.w.org\/{rel}","templated":true}]}}