{"id":704,"date":"2025-01-28T11:08:30","date_gmt":"2025-01-28T10:08:30","guid":{"rendered":"https:\/\/www.brissago.ch\/sito\/?page_id=704"},"modified":"2025-05-19T16:45:24","modified_gmt":"2025-05-19T14:45:24","slug":"cancelleria-comunale","status":"publish","type":"page","link":"https:\/\/www.brissago.ch\/de\/servizi-cittadino\/cancelleria-comunale\/","title":{"rendered":"St\u00e4dtisches Kanzleramt"},"content":{"rendered":"<p>Die Gemeindekanzlei von Brissago fungiert als Bindeglied zwischen den verschiedenen Gemeinde\u00e4mtern und den B\u00fcrgern und sorgt f\u00fcr eine effiziente und transparente Kommunikation.<\/p>\n\n\n\n<h2 class=\"wp-block-heading\">Ausgestellte Dokumente<\/h2>\n\n\n\n<ul class=\"wp-block-list\">\n<li><strong>Konformer Extrakt:<\/strong> beglaubigte Kopie eines Beschlusses des Rathauses oder des Stadtrates<\/li>\n\n\n\n<li><strong>Signaturauthentifizierung:<\/strong> Beglaubigung der Echtheit einer in Anwesenheit des Gemeindesekret\u00e4rs angebrachten Unterschrift<\/li>\n\n\n\n<li><strong>St\u00e4dtische Bescheinigung:<\/strong> f\u00fcr die Zulassung zur Rechtshilfe<\/li>\n\n\n\n<li><strong>T\u00e4gliche Sparkarten H\u00e4ufig:<\/strong> Tageskarten f\u00fcr die \u00f6ffentlichen Verkehrsmittel zu einem erm\u00e4\u00dfigten Preis (<a href=\"https:\/\/cartagiornaliera-comune.ch\/it\" target=\"_blank\" rel=\"noreferrer noopener\">common-daily-paper.ch<\/a>)<\/li>\n<\/ul>","protected":false},"excerpt":{"rendered":"<p>Das St\u00e4dtische Kanzleramt Brissago fungiert als Bindeglied zwischen den verschiedenen st\u00e4dtischen \u00c4mtern und B\u00fcrgern und sorgt f\u00fcr eine effiziente und transparente Kommunikation. Ausgestellte Dokumente<\/p>","protected":false},"author":1,"featured_media":3365,"parent":697,"menu_order":1,"comment_status":"closed","ping_status":"closed","template":"","meta":{"_acf_changed":false,"footnotes":""},"class_list":["post-704","page","type-page","status-publish","has-post-thumbnail","hentry"],"acf":[],"_links":{"self":[{"href":"https:\/\/www.brissago.ch\/de\/wp-json\/wp\/v2\/pages\/704","targetHints":{"allow":["GET"]}}],"collection":[{"href":"https:\/\/www.brissago.ch\/de\/wp-json\/wp\/v2\/pages"}],"about":[{"href":"https:\/\/www.brissago.ch\/de\/wp-json\/wp\/v2\/types\/page"}],"author":[{"embeddable":true,"href":"https:\/\/www.brissago.ch\/de\/wp-json\/wp\/v2\/users\/1"}],"replies":[{"embeddable":true,"href":"https:\/\/www.brissago.ch\/de\/wp-json\/wp\/v2\/comments?post=704"}],"version-history":[{"count":0,"href":"https:\/\/www.brissago.ch\/de\/wp-json\/wp\/v2\/pages\/704\/revisions"}],"up":[{"embeddable":true,"href":"https:\/\/www.brissago.ch\/de\/wp-json\/wp\/v2\/pages\/697"}],"wp:featuredmedia":[{"embeddable":true,"href":"https:\/\/www.brissago.ch\/de\/wp-json\/wp\/v2\/media\/3365"}],"wp:attachment":[{"href":"https:\/\/www.brissago.ch\/de\/wp-json\/wp\/v2\/media?parent=704"}],"curies":[{"name":"wp","href":"https:\/\/api.w.org\/{rel}","templated":true}]}}