{"id":697,"date":"2025-01-28T11:05:02","date_gmt":"2025-01-28T10:05:02","guid":{"rendered":"https:\/\/www.brissago.ch\/sito\/?page_id=697"},"modified":"2025-02-06T10:28:56","modified_gmt":"2025-02-06T09:28:56","slug":"servizi-cittadino","status":"publish","type":"page","link":"https:\/\/www.brissago.ch\/de\/servizi-cittadino\/","title":{"rendered":"Dienstleistungen"},"content":{"rendered":"<p>Willkommen im Bereich \u201eB\u00fcrgerdienstleistungen\u201c der Gemeinde Brissago.<br>Hier finden Sie alle Informationen zu kommunalen Dienstleistungen, wie z.B. <strong>Schreibwaren<\/strong>, die amtliche Bescheinigungen und Dokumente ausstellt oder <strong>Finanzdienstleistungen<\/strong>, zust\u00e4ndig f\u00fcr die Verwaltung von Steuern und Abgaben.<br>Die <strong>Kontrolle der Bewohner<\/strong> ist f\u00fcr die Registrierung der Wohnbev\u00f6lkerung zust\u00e4ndig, w\u00e4hrend das Amt f\u00fcr <strong>Sozialversicherung<\/strong> Unterst\u00fctzung f\u00fcr Wohlfahrts- und Sozialdienste. Die<strong>Technisches B\u00fcro<\/strong> verwaltet die Baupraxis und die Raumplanung, w\u00e4hrend die <strong>Polizei<\/strong> garantiert die \u00f6ffentliche Sicherheit.<br>Die Stadt verwaltet auch die <strong>St\u00e4dtische H\u00e4fen<\/strong> Es bietet Informationen \u00fcber <strong>Schuldienstleistungen<\/strong> f\u00fcr Familien.<br>Weitere Informationen finden Sie in den einzelnen Abschnitten.<\/p>\n\n\n\n<div class=\"wp-block-mazz-spazio mazz-spazio normale\"><\/div>","protected":false},"excerpt":{"rendered":"<p>Willkommen im Bereich \u201eB\u00fcrgerdienstleistungen\u201c der Gemeinde Brissago.Hier finden Sie alle Informationen \u00fcber kommunale Dienstleistungen wie das Kanzleramt, das amtliche Bescheinigungen und Dokumente ausstellt, oder die Finanzdienstleistungen, die f\u00fcr die Verwaltung von Steuern und Abgaben zust\u00e4ndig sind.Die Einwohnerkontrolle befasst sich mit der Registrierung der Wohnbev\u00f6lkerung, w\u00e4hrend das Amt f\u00fcr soziale Sicherheit Unterst\u00fctzung f\u00fcr [...]<\/p>","protected":false},"author":1,"featured_media":878,"parent":0,"menu_order":2,"comment_status":"closed","ping_status":"closed","template":"","meta":{"_acf_changed":false,"footnotes":""},"class_list":["post-697","page","type-page","status-publish","has-post-thumbnail","hentry"],"acf":[],"_links":{"self":[{"href":"https:\/\/www.brissago.ch\/de\/wp-json\/wp\/v2\/pages\/697","targetHints":{"allow":["GET"]}}],"collection":[{"href":"https:\/\/www.brissago.ch\/de\/wp-json\/wp\/v2\/pages"}],"about":[{"href":"https:\/\/www.brissago.ch\/de\/wp-json\/wp\/v2\/types\/page"}],"author":[{"embeddable":true,"href":"https:\/\/www.brissago.ch\/de\/wp-json\/wp\/v2\/users\/1"}],"replies":[{"embeddable":true,"href":"https:\/\/www.brissago.ch\/de\/wp-json\/wp\/v2\/comments?post=697"}],"version-history":[{"count":0,"href":"https:\/\/www.brissago.ch\/de\/wp-json\/wp\/v2\/pages\/697\/revisions"}],"wp:featuredmedia":[{"embeddable":true,"href":"https:\/\/www.brissago.ch\/de\/wp-json\/wp\/v2\/media\/878"}],"wp:attachment":[{"href":"https:\/\/www.brissago.ch\/de\/wp-json\/wp\/v2\/media?parent=697"}],"curies":[{"name":"wp","href":"https:\/\/api.w.org\/{rel}","templated":true}]}}