{"id":694,"date":"2025-01-28T10:40:37","date_gmt":"2025-01-28T09:40:37","guid":{"rendered":"https:\/\/www.brissago.ch\/sito\/?page_id=694"},"modified":"2025-03-18T16:37:36","modified_gmt":"2025-03-18T15:37:36","slug":"commissione-eventi","status":"publish","type":"page","link":"https:\/\/www.brissago.ch\/de\/comune\/commissione-eventi\/","title":{"rendered":"Veranstaltungsausschuss"},"content":{"rendered":"<p>Das Veranstaltungskomitee der Gemeinde Brissago organisiert das ganze Jahr \u00fcber Veranstaltungen, Kurse und Aktivit\u00e4ten, um Anwohner und Touristen einzubeziehen und das Gemeinschaftsleben und die Umgebung zu f\u00f6rdern.<\/p>\n\n\n\n<h2 class=\"wp-block-heading\">Kulturvorschl\u00e4ge<\/h2>\n\n\n\n<h3 class=\"wp-block-heading\">Auf der Brissago-Schwelle \u2013 historischer Landschaftsweg<\/h3>\n\n\n\n<p>Diese historische Landschaftsroute m\u00f6chte die architektonischen und landschaftlichen Sch\u00f6nheiten von Brissago hervorheben. Es erz\u00e4hlt auch die Geschichte und die Ereignisse der ber\u00fchmten Menschen, die dort lebten und rezensiert die wichtigen und \/ oder neugierigen Ereignisse, die dort passiert sind. Der einleitende Text l\u00e4dt den Besucher ein, sich zu entspannen, zu meditieren, sich vom Alltagsstress zu l\u00f6sen und in die umliegenden Sch\u00f6nheiten einzutauchen. An der Schwelle von Brissago kann ein Besucher ein Dorf mit all seinen Besonderheiten entdecken und sich darin wiederentdecken.<\/p>\n\n\n\n<p>Die Rundwanderung erstreckt sich \u00fcber 5 km mit einem H\u00f6henunterschied von 170 m und einer Fahrzeit von 1,5-2 Stunden.<\/p>\n\n\n\n<ul class=\"wp-block-list\">\n<li><a href=\"https:\/\/www.brissago.ch\/de\/files\/Brissago_-_Libretto_-_IT.pdf\/\" target=\"_blank\" rel=\"noreferrer noopener\">Brissago \u2013 Brosch\u00fcre \u2013 IT<\/a><\/li>\n\n\n\n<li><a href=\"https:\/\/www.brissago.ch\/de\/files\/Brissago_-_Libretto_-_DE.pdf\/\" target=\"_blank\" rel=\"noreferrer noopener\">Brissago \u2013 Brosch\u00fcre \u2013 DE<\/a><\/li>\n<\/ul>\n\n\n\n<div class=\"wp-block-mazz-spazio mazz-spazio minimo\"><\/div>\n\n\n\n<h3 class=\"wp-block-heading\">Die Sch\u00e4tze von Brissago \u2013 Schatzsuche<\/h3>\n\n\n\n<p>Sie sollten wissen, dass Brissago vor vielen Jahren nicht das ruhige und h\u00fcbsche Dorf war, das wir heute kennen. Zwischen den Besitzungen der Konf\u00f6derierten und des Herzogtums Mailand gelegen, war das Gebiet von Brissago ein Land der \u00dcberf\u00e4lle von Banditen und Landeplatz von Piraten, die immer darum k\u00e4mpften, die gro\u00dfen Reicht\u00fcmer zu ergreifen, die diese L\u00e4nder als Mitgift hatten.<br>Eines Tages erz\u00e4hlt die Legende jedoch, dass ein schelmischer Teufel einige M\u00fcnzen aus einem Piratenschatz gestohlen und im ganzen Dorf verstreut hat. Unter den uralten Charakteren und mysteri\u00f6sen Kreaturen liegt es nun an Ihnen, Brissago zu erkunden, um die M\u00fcnzen zu finden und zu verstehen, wo sich die mysteri\u00f6se Schatztruhe versteckt: Lasst die Jagd beginnen!<br><br>Um die Suche zu starten, laden Sie die App jetzt im App Store oder Google Play herunter und sammeln Sie die Papierkarte in der Bar Incontro vor dem Rathaus (Kosten CHF 5), sobald die Jagd vorbei ist, hat jede fertige Karte Anspruch auf einen sch\u00f6nen Preis.<br><br>Dauer: 1,5 h<br>Entfernung: 2,5 km<br>H\u00f6henunterschied: 115 m<br><br>Die Schatzsuche macht Spa\u00df und ist interessant f\u00fcr die ganze Familie. Kinder (ab 4 Jahren) werden es besonders m\u00f6gen und es ist auch eine ausgezeichnete Gelegenheit, das Landesinnere und die Bergh\u00e4nge zu erkunden.<\/p>\n\n\n\n<p><strong>Kartenabholzeiten:&nbsp;<\/strong> t\u00e4glich von 8:00 bis 20:00 Uhr an der Bar Incontro<\/p>\n\n\n\n<p>Laden Sie die Anwendung auf&nbsp;<strong><a href=\"https:\/\/apps.apple.com\/ch\/app\/i-tesori-di-brissago\/id1626981513?l=en\" target=\"_blank\" rel=\"noreferrer noopener\">App Store<\/a><\/strong>&nbsp;o&nbsp;<strong><a href=\"https:\/\/play.google.com\/store\/apps\/details?id=com.macaco.TesoriDiBrissago\" target=\"_blank\" rel=\"noreferrer noopener\">Google Play<\/a><\/strong>.<\/p>\n\n\n\n<div class=\"wp-block-mazz-spazio mazz-spazio minimo\"><\/div>\n\n\n\n<h2 class=\"wp-block-heading\">Laufende Projekte<\/h2>\n\n\n\n<h3 class=\"wp-block-heading\">Brissago \u2013 Studie \u00fcber Reisezielanalyse und Tourismusentwicklung<\/h3>\n\n\n\n<ul class=\"wp-block-list\">\n<li><a href=\"https:\/\/www.brissago.ch\/de\/files\/Analisi_parte_1.pdf\/\" target=\"_blank\" rel=\"noreferrer noopener\">Teil 1<\/a><\/li>\n\n\n\n<li><a href=\"https:\/\/www.brissago.ch\/de\/files\/Analisi_parte_2.pdf\/\" target=\"_blank\" rel=\"noreferrer noopener\">Teil 2<\/a><\/li>\n<\/ul>\n\n\n\n<h2 class=\"wp-block-heading\">N\u00fctzliche Informationen<\/h2>\n\n\n\n<ul class=\"wp-block-list\">\n<li><a href=\"https:\/\/www.brissago.ch\/de\/files\/Spazi_culturali_Locarnese_e_Valli_2022-06-13_21-54_3.pdf\/\" target=\"_blank\" rel=\"noreferrer noopener\">Liste der Kulturr\u00e4ume in Locarno und T\u00e4lern<\/a><\/li>\n<\/ul>","protected":false},"excerpt":{"rendered":"<p>Das ganze Jahr \u00fcber organisiert das Veranstaltungskomitee der Gemeinde Brissago Veranstaltungen, Kurse und Aktivit\u00e4ten, die darauf abzielen, Bewohner und Touristen einzubeziehen und das Gemeinschaftsleben und die Umgebung zu f\u00f6rdern. An der Schwelle von Brissago - historische Landschaftsroute Diese historische Landschaftsroute zielt darauf ab, die architektonischen und landschaftlichen Sch\u00f6nheiten von Brissago hervorzuheben. Es erz\u00e4hlt [...]<\/p>","protected":false},"author":1,"featured_media":0,"parent":2,"menu_order":4,"comment_status":"closed","ping_status":"closed","template":"","meta":{"_acf_changed":false,"footnotes":""},"class_list":["post-694","page","type-page","status-publish","hentry"],"acf":[],"_links":{"self":[{"href":"https:\/\/www.brissago.ch\/de\/wp-json\/wp\/v2\/pages\/694","targetHints":{"allow":["GET"]}}],"collection":[{"href":"https:\/\/www.brissago.ch\/de\/wp-json\/wp\/v2\/pages"}],"about":[{"href":"https:\/\/www.brissago.ch\/de\/wp-json\/wp\/v2\/types\/page"}],"author":[{"embeddable":true,"href":"https:\/\/www.brissago.ch\/de\/wp-json\/wp\/v2\/users\/1"}],"replies":[{"embeddable":true,"href":"https:\/\/www.brissago.ch\/de\/wp-json\/wp\/v2\/comments?post=694"}],"version-history":[{"count":0,"href":"https:\/\/www.brissago.ch\/de\/wp-json\/wp\/v2\/pages\/694\/revisions"}],"up":[{"embeddable":true,"href":"https:\/\/www.brissago.ch\/de\/wp-json\/wp\/v2\/pages\/2"}],"wp:attachment":[{"href":"https:\/\/www.brissago.ch\/de\/wp-json\/wp\/v2\/media?parent=694"}],"curies":[{"name":"wp","href":"https:\/\/api.w.org\/{rel}","templated":true}]}}