{"id":686,"date":"2025-01-28T10:20:40","date_gmt":"2025-01-28T09:20:40","guid":{"rendered":"https:\/\/www.brissago.ch\/sito\/?page_id=686"},"modified":"2025-05-19T16:18:18","modified_gmt":"2025-05-19T14:18:18","slug":"frazioni","status":"publish","type":"page","link":"https:\/\/www.brissago.ch\/de\/turismo-tempo-libero\/scopri-brissago\/frazioni\/","title":{"rendered":"Die D\u00f6rfer von Brissago"},"content":{"rendered":"<h2 class=\"wp-block-heading\">Madonna von Ponte und Caregnano<\/h2>\n\n\n\n<figure class=\"wp-block-mazz-immagine mazz-immagine\"><a href=\"https:\/\/www.brissago.ch\/sito\/wp-content\/uploads\/2025\/05\/Madonna_di_Ponte_Caregnano.jpg\" data-lightbox=\"gallery\" data-title=\"\"><picture><source srcset=\"https:\/\/www.brissago.ch\/sito\/wp-content\/uploads\/2025\/05\/Madonna_di_Ponte_Caregnano-800x400.jpg\" media=\"(max-width: 600px)\"\/><source srcset=\"https:\/\/www.brissago.ch\/sito\/wp-content\/uploads\/2025\/05\/Madonna_di_Ponte_Caregnano.jpg\" media=\"(min-width: 601px)\"\/><img decoding=\"async\" src=\"https:\/\/www.brissago.ch\/sito\/wp-content\/uploads\/2025\/05\/Madonna_di_Ponte_Caregnano.jpg\" alt=\"\" title=\"\"><\/picture><\/a><\/figure>\n\n\n\n<p>Die Kirche der Madonna del Ponte wurde an der Stelle der mittelalterlichen Friedhofskirche gebaut, wahrscheinlich biabsidata. Der Architekt war Giovanni Beretta (1526-1528: Presbyterium, Tiburium, Chor; 1574-1600 Schiff). Ab 1590 vollendete sein Sohn Pietro den Bau mit eigenen Pl\u00e4nen f\u00fcr die Hauptfassade. Der Glockenturm wurde um 1545 erbaut und um 1666 fertiggestellt; Die Kirchhofmauer und der Portikus stammen aus dem fr\u00fchen 17. Jahrhundert (mit einer Gedenktafel f\u00fcr Roger und Berthe Leoncavallo, 1996).<\/p>\n\n\n\n<h2 class=\"wp-block-heading\">Piodina<\/h2>\n\n\n\n<figure class=\"wp-block-mazz-immagine mazz-immagine\"><a href=\"https:\/\/www.brissago.ch\/sito\/wp-content\/uploads\/2025\/05\/Piodina-Noveledo-Cadogno-Incella.jpg\" data-lightbox=\"gallery\" data-title=\"\"><picture><source srcset=\"https:\/\/www.brissago.ch\/sito\/wp-content\/uploads\/2025\/05\/Piodina-Noveledo-Cadogno-Incella-800x404.jpg\" media=\"(max-width: 600px)\"\/><source srcset=\"https:\/\/www.brissago.ch\/sito\/wp-content\/uploads\/2025\/05\/Piodina-Noveledo-Cadogno-Incella.jpg\" media=\"(min-width: 601px)\"\/><img decoding=\"async\" src=\"https:\/\/www.brissago.ch\/sito\/wp-content\/uploads\/2025\/05\/Piodina-Noveledo-Cadogno-Incella.jpg\" alt=\"\" title=\"\"><\/picture><\/a><\/figure>\n\n\n\n<p>Der Kern ist um den kleinen Platz \/ Sagrato des Oratoriums von San Macario organisiert, mit einem Granitkreuz, das 1831 von der Auswanderergesellschaft Piodina gestiftet wurde. Zu diesem charmanten \u201ePoggiolo\u201c gelangt man \u00fcber eine kleine Stra\u00dfe, die von hohen Geb\u00e4uden flankiert wird, die sich in Stufen auf dem sehr steilen Gel\u00e4nde erheben. Bemerkenswert sind die H\u00e4user \u201edegli Angeli\u201c (1709 und 1728) und Borrani, heute Ponti (XVIII. Jahrhundert), bedeutende Beispiele f\u00fcr h\u00fcgelige Architektur des 18. Jahrhunderts.<\/p>\n\n\n\n<h2 class=\"wp-block-heading\">Noveledo<\/h2>\n\n\n\n<p>Auch dieser bis vor wenigen Jahren noch intakte Weiler h\u00e4tte zu einem lebendigen Museum mittelalterlicher Bergarchitektur werden k\u00f6nnen. Die Struktur des Dorfes ist typisch f\u00fcr die Region: Terrassen, mit Gassen unregelm\u00e4\u00dfig parallel zu den wichtigsten Contradella, durch ein dichtes Grundst\u00fcck von Stra\u00dfen und Treppen verbunden, die die H\u00e4user umgehen, um die verschiedenen Eing\u00e4nge zu dienen.<\/p>\n\n\n\n<h2 class=\"wp-block-heading\">Cadogno<\/h2>\n\n\n\n<p>Cadogno pr\u00e4sentiert sich dem Besucher mit einem Fresko aus dem sp\u00e4ten f\u00fcnfzehnten oder fr\u00fchen sechzehnten Jahrhundert, das auf einem seiner ersten H\u00e4user zu sehen ist. Es handelt sich um eine Madonna, die zwischen den Heiligen Antonio Abate und Sebastiano thront, ein Werk, das anscheinend keiner der Werkst\u00e4tten der rustikalen \u201eMadonneri\u201c geh\u00f6rt, die damals in Locarno arbeiteten.<\/p>\n\n\n\n<h2 class=\"wp-block-heading\">Incella<\/h2>\n\n\n\n<figure class=\"wp-block-mazz-immagine mazz-immagine\"><a href=\"https:\/\/www.brissago.ch\/sito\/wp-content\/uploads\/2025\/05\/incella.jpg\" data-lightbox=\"gallery\" data-title=\"\"><picture><source srcset=\"https:\/\/www.brissago.ch\/sito\/wp-content\/uploads\/2025\/05\/incella-800x404.jpg\" media=\"(max-width: 600px)\"\/><source srcset=\"https:\/\/www.brissago.ch\/sito\/wp-content\/uploads\/2025\/05\/incella.jpg\" media=\"(min-width: 601px)\"\/><img decoding=\"async\" src=\"https:\/\/www.brissago.ch\/sito\/wp-content\/uploads\/2025\/05\/incella.jpg\" alt=\"\" title=\"\"><\/picture><\/a><\/figure>\n\n\n\n<p>Es ist eines der interessantesten Weiler, vor allem in seinem zentralen Teil, der mittelalterliche Aspekte bewahrt. Hier gibt es hohe Steingeb\u00e4ude und enge Gassen, mit Unterf\u00fchrungen und Balkonen auf gro\u00dfen Regalen. Das Oratorium der Heiligen Rocco und Sebastiano befindet sich in einer gut sichtbaren Position in der Kurve der Stra\u00dfe und stammt aus den Jahren 1645-1668. Die einfache Struktur, ein schmaler rechteckiger Saal mit Kreuzgew\u00f6lben und Tonnengew\u00f6lben, enth\u00e4lt den Tabernakel eines sch\u00f6nen Holzaltars aus dem 17. Jahrhundert, geschnitzt und vergoldet, der von Madonna di Ponte stammt.<\/p>\n\n\n\n<h2 class=\"wp-block-heading\">Tecetto und Piazza<\/h2>\n\n\n\n<p>Weiter in Richtung des Berges k\u00f6nnen Sie eine weitere beeindruckende Gruppe von H\u00e4usern sehen, die mit Stufen aus sch\u00f6nem grobem Eisenstein in einem massiven eckigen Rahmen mit Fenstern und trilithischen T\u00fcren sp\u00e4tmittelalterlichen Typs gebaut wurden.<\/p>\n\n\n\n<h2 class=\"wp-block-heading\">Nevedone<\/h2>\n\n\n\n<figure class=\"wp-block-mazz-immagine mazz-immagine\"><a href=\"https:\/\/www.brissago.ch\/sito\/wp-content\/uploads\/2025\/05\/Nevedone.jpg\" data-lightbox=\"gallery\" data-title=\"\"><picture><source srcset=\"https:\/\/www.brissago.ch\/sito\/wp-content\/uploads\/2025\/05\/Nevedone-800x404.jpg\" media=\"(max-width: 600px)\"\/><source srcset=\"https:\/\/www.brissago.ch\/sito\/wp-content\/uploads\/2025\/05\/Nevedone.jpg\" media=\"(min-width: 601px)\"\/><img decoding=\"async\" src=\"https:\/\/www.brissago.ch\/sito\/wp-content\/uploads\/2025\/05\/Nevedone.jpg\" alt=\"\" title=\"\"><\/picture><\/a><\/figure>\n\n\n\n<p>Nevedone ist das erste Dorf, auf das Sie sto\u00dfen, wenn Sie von der Au\u00dfenstra\u00dfe, die ein wenig nach Porto Ronco beginnt, die K\u00fcste hinaufgehen. Sie k\u00f6nnen es auch von der Stra\u00dfe aus erreichen, die vom Zentrum von Brissago nach oben f\u00fchrt und dem alten Maultierpfad folgt.<\/p>\n\n\n\n<h2 class=\"wp-block-heading\">Rossorino<\/h2>\n\n\n\n<p>Der architektonische Stadtwert dieser kleinen h\u00fcgeligen Stadt liegt in ihrem zentralen Kern, rund um einen Miniaturplatz mit vier Wegen und Rampen an den Ecken.<\/p>\n\n\n\n<h2 class=\"wp-block-heading\">T\u00fcr<\/h2>\n\n\n\n<p>Der Weiler erstreckt sich flussaufw\u00e4rts des kleinen Plateaus, auf dem im Mittelalter das Oratorium von San Bartolomeo erbaut wurde. Auch in diesem Dorf sind noch sichtbare mittelalterliche Spuren (Archive, trilithische Fenster, das Gem\u00e4lde einer Madonna, die Ende des f\u00fcnfzehnten Jahrhunderts thront).<\/p>\n\n\n\n<h2 class=\"wp-block-heading\">Gadero<\/h2>\n\n\n\n<p>Das kleine und helle Dorf ist haupts\u00e4chlich aus dem 18. Jahrhundert, eine Zeit, die in einigen Geb\u00e4uden neben dem Platz \/ Kirchhof noch unpassend ist. Das Oratorium der Madonna delle Grazie stammt aus dem fr\u00fchen 19. Jahrhundert und wurde als private Stiftung f\u00fcr die Familie Baccal\u00e0 geschaffen, die zu dieser Zeit mehrere H\u00e4user und Grundst\u00fccke in derselben Ortschaft besa\u00df.<\/p>\n\n\n\n<h2 class=\"wp-block-heading\">Caccio und Cartogna<\/h2>\n\n\n\n<p>Sie sind zwei weitere sehr h\u00fcbsche kleine Weiler an der Binnenk\u00fcste.<\/p>\n\n\n\n<h2 class=\"wp-block-heading\">Inseln<\/h2>\n\n\n\n<figure class=\"wp-block-mazz-immagine mazz-immagine\"><a href=\"https:\/\/www.brissago.ch\/sito\/wp-content\/uploads\/2025\/05\/isole-brissago.jpg\" data-lightbox=\"gallery\" data-title=\"\"><picture><source srcset=\"https:\/\/www.brissago.ch\/sito\/wp-content\/uploads\/2025\/05\/isole-brissago-800x404.jpg\" media=\"(max-width: 600px)\"\/><source srcset=\"https:\/\/www.brissago.ch\/sito\/wp-content\/uploads\/2025\/05\/isole-brissago.jpg\" media=\"(min-width: 601px)\"\/><img decoding=\"async\" src=\"https:\/\/www.brissago.ch\/sito\/wp-content\/uploads\/2025\/05\/isole-brissago.jpg\" alt=\"\" title=\"\"><\/picture><\/a><\/figure>\n\n\n\n<p>In internationalen Gew\u00e4ssern gebadet, von den alpinen Bergen gesch\u00fctzt und von der Sonne gek\u00fcsst, geben diese herrlichen Inseln dem Besucher die M\u00f6glichkeit, in vier Schritten die \u201eWeltumrundung\u201c zu machen. Der Botanische Park bietet mehr als 1500 verschiedene Blumen- und Pflanzenarten aus dem Mittelmeerraum, dem subtropischen Asien, S\u00fcdafrika, Nord-, Mittel-, S\u00fcdamerika, Australien und Japan. All dies auf einer Fl\u00e4che von nur 2,5 Hektar. Gef\u00fchrte Touren erm\u00f6glichen es Ihnen, n\u00e4her zu kommen und die Welt der Pflanzen zu entdecken. <\/p>\n\n\n\n<p>Im zweiten Stock der Villa Emden k\u00f6nnen Sie jedoch Konferenzen verfolgen, Bankette, Aperitifs und Hochzeiten organisieren, dank der Anwesenheit eines Liegeplatzes f\u00fcr private Boote.<\/p>\n\n\n\n<p>Weitere Informationen zu den Brissago-Inseln: <a href=\"http:\/\/www.isoledibrissago.ti.ch\" target=\"_blank\" data-type=\"link\" data-id=\"www.isoledibrissago.ti.ch\" rel=\"noreferrer noopener\">www.isoledibrissago.ti.ch<\/a><\/p>","protected":false},"excerpt":{"rendered":"<p>Madonna di Ponte e Caregnano Die Kirche Madonna del Ponte wurde an der Stelle der mittelalterlichen Friedhofskirche gebaut, wahrscheinlich biabsidata. Der Architekt war Giovanni Beretta (1526-1528: Presbyterium, Tiburium, Chor; 1574-1600 Schiff). Ab 1590 vollendete sein Sohn Pietro den Bau mit eigenen Pl\u00e4nen f\u00fcr die Hauptfassade. Der Glockenturm wurde in [...]<\/p>","protected":false},"author":1,"featured_media":3341,"parent":888,"menu_order":5,"comment_status":"closed","ping_status":"closed","template":"","meta":{"_acf_changed":false,"footnotes":""},"class_list":["post-686","page","type-page","status-publish","has-post-thumbnail","hentry"],"acf":[],"_links":{"self":[{"href":"https:\/\/www.brissago.ch\/de\/wp-json\/wp\/v2\/pages\/686","targetHints":{"allow":["GET"]}}],"collection":[{"href":"https:\/\/www.brissago.ch\/de\/wp-json\/wp\/v2\/pages"}],"about":[{"href":"https:\/\/www.brissago.ch\/de\/wp-json\/wp\/v2\/types\/page"}],"author":[{"embeddable":true,"href":"https:\/\/www.brissago.ch\/de\/wp-json\/wp\/v2\/users\/1"}],"replies":[{"embeddable":true,"href":"https:\/\/www.brissago.ch\/de\/wp-json\/wp\/v2\/comments?post=686"}],"version-history":[{"count":0,"href":"https:\/\/www.brissago.ch\/de\/wp-json\/wp\/v2\/pages\/686\/revisions"}],"up":[{"embeddable":true,"href":"https:\/\/www.brissago.ch\/de\/wp-json\/wp\/v2\/pages\/888"}],"wp:featuredmedia":[{"embeddable":true,"href":"https:\/\/www.brissago.ch\/de\/wp-json\/wp\/v2\/media\/3341"}],"wp:attachment":[{"href":"https:\/\/www.brissago.ch\/de\/wp-json\/wp\/v2\/media?parent=686"}],"curies":[{"name":"wp","href":"https:\/\/api.w.org\/{rel}","templated":true}]}}