{"id":685,"date":"2025-01-28T10:20:06","date_gmt":"2025-01-28T09:20:06","guid":{"rendered":"https:\/\/www.brissago.ch\/sito\/?page_id=685"},"modified":"2025-03-18T16:36:49","modified_gmt":"2025-03-18T15:36:49","slug":"storia-di-brissago","status":"publish","type":"page","link":"https:\/\/www.brissago.ch\/de\/comune\/storia-di-brissago\/","title":{"rendered":"Geschichte von Brissago"},"content":{"rendered":"<h2 class=\"wp-block-heading\">Wappen<\/h2>\n\n\n\n<figure class=\"wp-block-mazz-immagine mazz-immagine small\"><a href=\"https:\/\/www.brissago.ch\/sito\/wp-content\/uploads\/2025\/03\/stemma_brissago_01.jpg\" data-lightbox=\"gallery\" data-title=\"Blasonatura: D'argento, alla croce di rosso, accompagnata nel canton franco da un San Giorgio al naturale, montato su un cavallo bianco, atterrante un drago di verde.\"><picture><source srcset=\"https:\/\/www.brissago.ch\/sito\/wp-content\/uploads\/2025\/03\/stemma_brissago_01-667x800.jpg\" media=\"(max-width: 600px)\"\/><source srcset=\"https:\/\/www.brissago.ch\/sito\/wp-content\/uploads\/2025\/03\/stemma_brissago_01.jpg\" media=\"(min-width: 601px)\"\/><img decoding=\"async\" src=\"https:\/\/www.brissago.ch\/sito\/wp-content\/uploads\/2025\/03\/stemma_brissago_01.jpg\" alt=\"\" title=\"\"><\/picture><\/a><figcaption class=\"mazz-immagine-didascalia\"><span>Blazonierung: Silber, zum Kreuz aus Rot, begleitet im fr\u00e4nkischen Kanton von einem nat\u00fcrlichen St. George, auf einem wei\u00dfen Pferd montiert, landet ein Drache von Gr\u00fcn.<\/span><\/figcaption><\/figure>\n\n\n\n<p>Brissago geh\u00f6rt zu den Gemeinden, die eine eigene Geschichte vorweisen k\u00f6nnen. Die Ereignisse des Dorfes mit Blick auf das rechte Ufer des Verbano sind in vielerlei Hinsicht ein Fall f\u00fcr sich, eine einzigartige lokale Geschichtsschreibung.<\/p>\n\n\n\n<p>Zwei der bedeutendsten Kapitel dieser Geschichte sind auf das Banner gen\u00e4ht, das die Gemeinde 1903 anl\u00e4sslich des ersten hundertj\u00e4hrigen Jubil\u00e4ums der Autonomie des Kantons Tessin annahm.<\/p>\n\n\n\n<p>Das erste wird durch ein gro\u00dfes rotes Kreuz symbolisiert: ist das Zeichen der Stadt Mailand, deren Herrschaft Brissago im Mittelalter unterworfen war. In der Tat, von der Mitte des 14. Jahrhunderts, die Visconti enthalten Locarnese in ihrem Einflussbereich.<\/p>\n\n\n\n<p>Zu Beginn des 16. Jahrhunderts eroberten die Schweizer, die durch die franz\u00f6sisch-spanischen Kriege nach Italien gerufen wurden, Locarno und besetzten auch das Dorf am Lago Maggiore.<\/p>\n\n\n\n<p>W\u00e4hrend der Gerichtsvollzieher von Locarno den Schweizern 1516 endg\u00fcltig anerkannt wurde, folgten f\u00fcr die Republik Brissago noch Jahre der Ungewissheit. Die Zweifel wurden am St. Georgstag (24. April) 1521 ausger\u00e4umt, als Brissago beschloss, sich unter den Schutz der zw\u00f6lf Schweizer Kantone zu stellen. Dieser Akt der freiwilligen Hingabe kennzeichnete das historische Schicksal der Gemeinschaft: Zu Recht zeigt das Stadtwappen die Figur des Heiligen Georg, die an den Tag erinnert, an dem Brissago den Mail\u00e4nder Orbit verlie\u00df und endg\u00fcltig in den Schweizer Orbit eintrat.<\/p>\n\n\n\n<div class=\"wp-block-mazz-spazio mazz-spazio minimo\"><\/div>\n\n\n\n<h2 class=\"wp-block-heading\">Historischer Hintergrund<\/h2>\n\n\n\n<p>Bereits um das Jahr 1000 vor Christus finden wir in Brissago den ersten menschlichen Eingriff in die Arbeit der Terrassierung des Territoriums. Unter den Populationen, die in der Antike diese Region bewohnten, k\u00f6nnen wir die Ligurier und Kelten einschlie\u00dfen, die menschliche Siedlungen von einiger Bedeutung hatten. Mit den R\u00f6mern gab es einen Zivilisationswandel und die Einf\u00fchrung von Kulturen (Reben, Kastanien, Waln\u00fcsse, ...), die sp\u00e4ter die Wirtschaft des Landes tiefgreifend bestimmten.<\/p>\n\n\n\n<p>Im fr\u00fchen Mittelalter wurden nach dem Vorbild der Ereignisse im nahegelegenen Padania Regierungsformen nach dem Vorbild der italienischen Gemeinden geschaffen.<\/p>\n\n\n\n<p>Mit dem feudalen Zeitalter und der rustikalen Gemeinde gab sich Brissago seine ersten rechtlichen (rustischen Statuten) und religi\u00f6sen Strukturen (Trennung von der Pieve di Cannobio). Das Eigentum und die Ausbeutung des Landes (Vicinia) waren kollektiv, bzw. die Benennung der politischen F\u00fchrer (die Podest\u00e0, die Konsuln, der Glaube) erfolgte durch Ernennung von unten. Obwohl es starke Verbindungen mit der Pieve Ambrosiana di Cannobio gab, wurde die rechtliche und institutionelle Autonomie durch die Statuten garantiert.<\/p>\n\n\n\n<p>Die Geburt einer ersten lokalen Bourgeoisie gab dem Handel, der Produktion, der Kunst und der Kultur starke Impulse. Dieser rasanten Entwicklung der wirtschaftlichen Aktivit\u00e4ten des Dorfes fehlte es nicht an neuen Absatzm\u00f6glichkeiten in Richtung der M\u00e4rkte von Mailand.<\/p>\n\n\n\n<p>Im sechzehnten Jahrhundert, mit dem Zusammenbruch der Sforza und den Nachwirkungen der italienischen Kriege, wurden zwei rivalisierende Fraktionen in Brissago geschaffen: Die Mail\u00e4nder Partei und die Schweizer Partei.<\/p>\n\n\n\n<p>Mit dem Machtvakuum, das vom Herzogtum Mailand in vollem Niedergang gelassen wurde, er\u00f6ffnete Brissago die M\u00f6glichkeit, sich republikanische Befehle zu geben (1515-1521). Leider f\u00fchrten die harten K\u00e4mpfe, die kunstvoll von denen angeheizt wurden, die die Brissago-Gemeinde unterjochen wollten, zu schwerer Zerst\u00f6rung und zahlreicher Trauer.<\/p>\n\n\n\n<p>Um dieser schweren Notlage ein Ende zu setzen, schworen die Brissaghesi an dem Tag, der dem heiligen Georg 1521 gewidmet war, den Schweizern die Treue, die ihrerseits den rechtlichen Wert der Statuten des Dorfes anerkannten.<\/p>\n\n\n\n<p>Im siebzehnten Jahrhundert erwies sich Brissago, auf die Mindestbedingungen reduziert, als separates Land f\u00fcr die Vogtei von Locarno. Offensichtlich begann aus politischen und wirtschaftlichen Gr\u00fcnden die Opposition mit der Gemeinde Locarno zu sp\u00fcren. Oft war sogar die Verwaltung der Schweizer nicht die gl\u00fccklichste, was zu Streitigkeiten und Auseinandersetzungen mit dem regionalen Pol f\u00fchrte. In diesem Zusammenhang wurden einige Notarfamilien gebildet, deren administratives Engagement die libert\u00e4ren Traditionen der Brissaghese-Gemeinde am Leben hielt.<\/p>\n\n\n\n<p>Mit dem achtzehnten Jahrhundert nahm der Handel eine neue Entwicklung an, und am Ende des Jahrhunderts scheiterten die Ideen der Franz\u00f6sischen Revolution nicht daran, die Seelen unserer B\u00fcrger zu entflammen. In der \u00f6ffentlichen Versammlung beschlossen die Brissaghesi jedoch demokratisch, bei den Schweizern zu bleiben.<\/p>\n\n\n\n<p>Das 19. Jahrhundert, mit dem industriellen Kapitalismus und den ersten Entwicklungen in der Tourismusbranche, er\u00f6ffnete neue Horizonte. Nach der Geburt und den Umw\u00e4lzungen der Helvetischen Republik nahm das Tessin (1803) auch seine moderne Struktur des Kantons an.<\/p>\n\n\n\n<p>Mit der Geburt des Konf\u00f6deralstaates begannen sich nach und nach politische Parteien durchzusetzen.<\/p>\n\n\n\n<p>Es ist auch die Zeit der gro\u00dfen Auswanderungen auf neue Kontinente, verursacht durch die schwierige wirtschaftliche Lage. Aus au\u00dfenpolitischer Sicht wecken die Kriege des italienischen Risorgimento nicht nur gro\u00dfe Sympathien (Carbonari und Mazziniani), sondern auch eine direkte Unterst\u00fctzung der Brissaghesi f\u00fcr die Garibaldini.<\/p>\n\n\n\n<p>Am Ende des Jahrhunderts wurde auch die Fabbrica Tabacchi gegr\u00fcndet, die f\u00fchrende Industrie des Dorfes, ein greifbares Zeichen des aufkommenden Industriezeitalters.<\/p>\n\n\n\n<p>Im 20. Jahrhundert entstand die Hotellerie mit dem Bau des Grand Hotels (1907), des Brenscino Hotels (1913) usw., was bedeutete, dass die Orte f\u00fcr Touristen sehr attraktiv waren.<\/p>\n\n\n\n<p>Aus diesem positiven Impuls entwickelte sich dann ein kulturelles Leben, das bei Menschen wie dem aber Ruggero Leoncavallo (Ehrenb\u00fcrger 1904) einen seiner Gipfel fand.<\/p>\n\n\n\n<div class=\"wp-block-mazz-spazio mazz-spazio normale\"><\/div>\n\n\n\n<div class=\"wp-block-mazz-pulsante mazz-pulsante\"><a href=\"https:\/\/www.brissago.ch\/de\/sito\/turismo-tempo-libero\/scopri-brissago\/\" class=\"mazz-anchor\">Entdecken Sie Brissago<\/a><\/div>","protected":false},"excerpt":{"rendered":"<p>Das Wappen von Brissago geh\u00f6rt zu den Gemeinden, die sich einer eigenen Geschichte r\u00fchmen k\u00f6nnen. Die Ereignisse des Dorfes mit Blick auf das rechte Ufer des Verbano bilden in vielerlei Hinsicht einen Fall f\u00fcr sich, ein Unikat der lokalen Geschichtsschreibung. Zwei Kapitel, eines der bedeutendsten dieser Geschichte, sind auf das Banner gen\u00e4ht, dass die [...]<\/p>","protected":false},"author":1,"featured_media":0,"parent":2,"menu_order":3,"comment_status":"closed","ping_status":"closed","template":"","meta":{"_acf_changed":false,"footnotes":""},"class_list":["post-685","page","type-page","status-publish","hentry"],"acf":[],"_links":{"self":[{"href":"https:\/\/www.brissago.ch\/de\/wp-json\/wp\/v2\/pages\/685","targetHints":{"allow":["GET"]}}],"collection":[{"href":"https:\/\/www.brissago.ch\/de\/wp-json\/wp\/v2\/pages"}],"about":[{"href":"https:\/\/www.brissago.ch\/de\/wp-json\/wp\/v2\/types\/page"}],"author":[{"embeddable":true,"href":"https:\/\/www.brissago.ch\/de\/wp-json\/wp\/v2\/users\/1"}],"replies":[{"embeddable":true,"href":"https:\/\/www.brissago.ch\/de\/wp-json\/wp\/v2\/comments?post=685"}],"version-history":[{"count":0,"href":"https:\/\/www.brissago.ch\/de\/wp-json\/wp\/v2\/pages\/685\/revisions"}],"up":[{"embeddable":true,"href":"https:\/\/www.brissago.ch\/de\/wp-json\/wp\/v2\/pages\/2"}],"wp:attachment":[{"href":"https:\/\/www.brissago.ch\/de\/wp-json\/wp\/v2\/media?parent=685"}],"curies":[{"name":"wp","href":"https:\/\/api.w.org\/{rel}","templated":true}]}}