{"id":5587,"date":"2025-12-10T09:00:38","date_gmt":"2025-12-10T08:00:38","guid":{"rendered":"https:\/\/www.brissago.ch\/?page_id=5587"},"modified":"2026-01-29T12:43:49","modified_gmt":"2026-01-29T11:43:49","slug":"sulla-soglia-di-brissago","status":"publish","type":"page","link":"https:\/\/www.brissago.ch\/de\/mappa\/sulla-soglia-di-brissago\/","title":{"rendered":"An der Schwelle von Brissago"},"content":{"rendered":"<h3 class=\"wp-block-heading\">Historische Landschaftsroute<\/h3>\n\n\n\n<p>Diese historische Landschaftsroute m\u00f6chte die architektonischen und landschaftlichen Sch\u00f6nheiten von Brissago hervorheben. Es erz\u00e4hlt auch die Geschichte und die Ereignisse der ber\u00fchmten Menschen, die dort lebten und rezensiert die wichtigen und \/ oder neugierigen Ereignisse, die dort passiert sind. Der einleitende Text l\u00e4dt den Besucher ein, sich zu entspannen, zu meditieren, sich vom Alltagsstress zu l\u00f6sen und in die umliegenden Sch\u00f6nheiten einzutauchen. An der Schwelle von Brissago kann ein Besucher ein Dorf mit all seinen Besonderheiten entdecken und sich darin wiederentdecken.<\/p>\n\n\n\n<blockquote class=\"wp-block-quote is-layout-flow wp-block-quote-is-layout-flow\">\n<p>Die Rundwanderung erstreckt sich \u00fcber 5 km mit einem H\u00f6henunterschied von 170 m und einer Fahrzeit von 1,5-2 Stunden.<\/p>\n<\/blockquote>\n\n\n\n<p><strong>Laden Sie die Brosch\u00fcre f\u00fcr die Route \u201eAn der Schwelle von Brissago\u201c herunter:<\/strong><\/p>\n\n\n\n<div class=\"wp-block-group is-nowrap is-layout-flex wp-container-core-group-is-layout-6c531013 wp-block-group-is-layout-flex\">\n<div class=\"wp-block-mazz-link mazz-link download\"><a href=\"https:\/\/www.brissago.ch\/de\/files\/Brissago_-_Libretto_-_IT.pdf\/\" class=\"mazz-anchor download\" target=\"_blank\" rel=\"noopener noreferrer\"><i>\n    <svg class=\"mazz_icon download\" xmlns=\"http:\/\/www.w3.org\/2000\/svg\" viewbox=\"0 0 30 30\"><path d=\"M28,20.26c-.28,0-.5.22-.5.5v2.87c0,1.69-1.38,3.06-3.06,3.06H5.56c-1.69,0-3.06-1.37-3.06-3.06v-2.87c0-.28-.22-.5-.5-.5s-.5.22-.5.5v2.87c0,2.24,1.82,4.06,4.06,4.06h18.87c2.24,0,4.06-1.82,4.06-4.06v-2.87c0-.28-.22-.5-.5-.5Z\"><\/path><path d=\"M14.29,23.6c.09.09.2.17.33.22.12.05.25.08.38.08s.26-.03.38-.08c.12-.05.23-.12.33-.22l9.48-9.48c.39-.39.39-1.02,0-1.41s-1.02-.39-1.41,0l-7.77,7.77V2.75c0-.55-.45-1-1-1s-1,.45-1,1v17.73l-7.77-7.77c-.39-.39-1.02-.39-1.41,0s-.39,1.02,0,1.41l9.48,9.48Z\"><\/path><\/svg><\/i>Italienisch (IT)<\/a><\/div>\n\n\n\n<div class=\"wp-block-mazz-link mazz-link download\"><a href=\"https:\/\/www.brissago.ch\/de\/files\/Brissago_-_Libretto_-_DE.pdf\/\" class=\"mazz-anchor download\" target=\"_blank\" rel=\"noopener noreferrer\"><i>\n    <svg class=\"mazz_icon download\" xmlns=\"http:\/\/www.w3.org\/2000\/svg\" viewbox=\"0 0 30 30\"><path d=\"M28,20.26c-.28,0-.5.22-.5.5v2.87c0,1.69-1.38,3.06-3.06,3.06H5.56c-1.69,0-3.06-1.37-3.06-3.06v-2.87c0-.28-.22-.5-.5-.5s-.5.22-.5.5v2.87c0,2.24,1.82,4.06,4.06,4.06h18.87c2.24,0,4.06-1.82,4.06-4.06v-2.87c0-.28-.22-.5-.5-.5Z\"><\/path><path d=\"M14.29,23.6c.09.09.2.17.33.22.12.05.25.08.38.08s.26-.03.38-.08c.12-.05.23-.12.33-.22l9.48-9.48c.39-.39.39-1.02,0-1.41s-1.02-.39-1.41,0l-7.77,7.77V2.75c0-.55-.45-1-1-1s-1,.45-1,1v17.73l-7.77-7.77c-.39-.39-1.02-.39-1.41,0s-.39,1.02,0,1.41l9.48,9.48Z\"><\/path><\/svg><\/i>Deutsch (DE)<\/a><\/div>\n<\/div>","protected":false},"excerpt":{"rendered":"<p>Diese historische Landschaftsroute m\u00f6chte die architektonischen und landschaftlichen Sch\u00f6nheiten von Brissago hervorheben. Es erz\u00e4hlt auch die Geschichte und die Ereignisse der illustren Menschen, die dort lebten und \u00fcberpr\u00fcft die wichtigen und \/ oder neugierigen Ereignisse, die dort aufgetreten sind. Der einleitende Text l\u00e4dt den Besucher ein, sich zu entspannen, zu meditieren, sich vom Stress zu l\u00f6sen [...]<\/p>","protected":false},"author":1,"featured_media":5777,"parent":5585,"menu_order":1,"comment_status":"closed","ping_status":"closed","template":"","meta":{"_acf_changed":false,"footnotes":""},"class_list":["post-5587","page","type-page","status-publish","has-post-thumbnail","hentry"],"acf":[],"_links":{"self":[{"href":"https:\/\/www.brissago.ch\/de\/wp-json\/wp\/v2\/pages\/5587","targetHints":{"allow":["GET"]}}],"collection":[{"href":"https:\/\/www.brissago.ch\/de\/wp-json\/wp\/v2\/pages"}],"about":[{"href":"https:\/\/www.brissago.ch\/de\/wp-json\/wp\/v2\/types\/page"}],"author":[{"embeddable":true,"href":"https:\/\/www.brissago.ch\/de\/wp-json\/wp\/v2\/users\/1"}],"replies":[{"embeddable":true,"href":"https:\/\/www.brissago.ch\/de\/wp-json\/wp\/v2\/comments?post=5587"}],"version-history":[{"count":3,"href":"https:\/\/www.brissago.ch\/de\/wp-json\/wp\/v2\/pages\/5587\/revisions"}],"predecessor-version":[{"id":5779,"href":"https:\/\/www.brissago.ch\/de\/wp-json\/wp\/v2\/pages\/5587\/revisions\/5779"}],"up":[{"embeddable":true,"href":"https:\/\/www.brissago.ch\/de\/wp-json\/wp\/v2\/pages\/5585"}],"wp:featuredmedia":[{"embeddable":true,"href":"https:\/\/www.brissago.ch\/de\/wp-json\/wp\/v2\/media\/5777"}],"wp:attachment":[{"href":"https:\/\/www.brissago.ch\/de\/wp-json\/wp\/v2\/media?parent=5587"}],"curies":[{"name":"wp","href":"https:\/\/api.w.org\/{rel}","templated":true}]}}